{"id":29876,"date":"2024-03-27T15:45:42","date_gmt":"2024-03-27T18:45:42","guid":{"rendered":"https:\/\/www.casadainjecao.com.br\/loja\/?post_type=product&#038;p=29876"},"modified":"2026-04-30T18:16:29","modified_gmt":"2026-04-30T21:16:29","slug":"retentor-polia-virabrequim-dianteiro-peugeot","status":"publish","type":"product","link":"https:\/\/www.casadainjecao.com.br\/loja\/autopecas\/motor\/retentor\/retentor-polia-virabrequim-dianteiro-peugeot\/","title":{"rendered":"Retentor Polia Virabrequim Dianteiro Peugeot 40x55x7-ah2358g"},"content":{"rendered":"<h2>Retentor Da Polia Do Virabrequim<\/h2>\n<p><strong>PEUGEOT <\/strong><\/p>\n<p>Peugeot 307 2.0 16v EW<\/p>\n<p>Peugeot 308 2.0 16v EW<\/p>\n<p>Peugeot 408 2.0 16v EW<\/p>\n<p>Peugeot 407 2.0 16v EW<\/p>\n<p>Peugeot 807\u00a0 2.0 16v EW<\/p>\n<p><strong>CITRO\u00cbN <\/strong><\/p>\n<p>Citroen C4 2.0 16v<\/p>\n<p>Citroen C5 2.0 16v<\/p>\n<p>Citroen C8 2.0 16v<\/p>\n<p>Citroen Xsara Picasso 2.0 16v<\/p>\n<p>Citroen Louge 2.0 16v<\/p>\n<h4><span style=\"font-weight: bold;\">C\u00f3digo de Refer\u00eancia:<\/span><\/h4>\n<p>05246BRAGF, AH2358G, 012750<\/p>\n<h4>Especifica\u00e7\u00f5es:<\/h4>\n<p>1 Retentor do virabrequim \/ medidas: (40 x 55 x 7)<\/p>\n<h4><strong>Condi\u00e7\u00f5es:<\/strong><\/h4>\n<p>Produto Novo Paralelo \/ Marca Torken<\/p>\n<h4><strong>Garantia:<\/strong><\/h4>\n<p>3 Meses<\/p>\n<h3>ATEN\u00c7\u00c3O: Antes de efetuar a compra verifique o c\u00f3digo da sua pe\u00e7a que est\u00e1 instalado no seu ve\u00edculo.<\/h3>\n<h4>O que \u00e9 e para que serve o Retentor Comando V\u00e1lvulas?<\/h4>\n<p>O Retentor da Polia do virabrequim \u00e9 uma pe\u00e7a fundamental no sistema de veda\u00e7\u00e3o do motor de um ve\u00edculo. Sua principal fun\u00e7\u00e3o \u00e9 evitar vazamentos de \u00f3leo na extremidade do virabrequim, onde a polia est\u00e1 localizada.<\/p>\n<p>&nbsp;<\/p>\n<p>A Casa da Inje\u00e7\u00e3o oferece total garantia nos produtos comprados em nosso site.<\/p>\n<ol>\n<li>Cada item \u00e9 rigorosamente testado antes do envio<\/li>\n<li>Se os itens estiverem danificados ou parcialmente defeituosos, entre em contato conosco.<\/li>\n<\/ol>\n<p>Se houver qualquer defeito, n\u00f3s lhe enviaremos uma substitui\u00e7\u00e3o ap\u00f3s receber o pacote ou devolvemos seu dinheiro.<\/p>\n<p>Leia nossa\u00a0<span style=\"color: #ff0000;\"><a style=\"color: #ff0000;\" href=\"https:\/\/www.casadainjecao.com.br\/loja\/politica-de-devolucao\">pol\u00edtica de devolu\u00e7\u00e3o aqui<\/a><\/span><\/p>\n<p>\u2014\u2014\u2014\u2014\u2014\u2014\u2014\u2014\u2014\u2014\u2014\u2014\u2014\u2014\u2014\u2014\u2014\u2014\u2014\u2013<\/p>\n<p><strong>Tem alguma d\u00favida?<\/strong><\/p>\n<p>Entre em contato que podemos ajudar!<\/p>\n<p>Confira as informa\u00e7\u00f5es adicionais abaixo:<\/p>\n<ul>\n<li>Todos os nossos produtos s\u00e3o novos, semi-novos, originais e paralelos possuem garantia.<\/li>\n<li>Todos os produtos anunciados est\u00e3o dispon\u00edveis em estoque e s\u00e3o enviados com extrema rapidez.<\/li>\n<li>O frete pode ser simulado antes de efetuar a compra, basta clicar em \u201cver custos de envio\u201d.<\/li>\n<li>Verifique o endere\u00e7o de entrega cadastrado e atualize caso necess\u00e1rio.<\/li>\n<li>Confirme se a pe\u00e7a \u00e9 correta para o seu modelo de ve\u00edculo.<\/li>\n<li>Para pe\u00e7as automotivas, recomendamos a instala\u00e7\u00e3o por um profissional especializado.<\/li>\n<\/ul>\n<p>Caso possua outras d\u00favidas, entre em contato.<\/p>\n","protected":false},"excerpt":{"rendered":"<h2>Retentor Polia Virabrequim Dianteiro Peugeot 40x55x7-ah2358g<\/h2>\n","protected":false},"featured_media":29883,"template":"","meta":{"_seopress_robots_primary_cat":"none","_seopress_titles_title":"","_seopress_titles_desc":"","_seopress_robots_index":"","_joinchat":[]},"product_cat":[22,238,1402],"product_tag":[783,2059,2060,2061,1983,2062,2063,245,251,1689],"berocket_brand":[382,393],"_links":{"self":[{"href":"https:\/\/www.casadainjecao.com.br\/loja\/wp-json\/wp\/v2\/product\/29876"}],"collection":[{"href":"https:\/\/www.casadainjecao.com.br\/loja\/wp-json\/wp\/v2\/product"}],"about":[{"href":"https:\/\/www.casadainjecao.com.br\/loja\/wp-json\/wp\/v2\/types\/product"}],"wp:featuredmedia":[{"embeddable":true,"href":"https:\/\/www.casadainjecao.com.br\/loja\/wp-json\/wp\/v2\/media\/29883"}],"wp:attachment":[{"href":"https:\/\/www.casadainjecao.com.br\/loja\/wp-json\/wp\/v2\/media?parent=29876"}],"wp:term":[{"taxonomy":"product_cat","embeddable":true,"href":"https:\/\/www.casadainjecao.com.br\/loja\/wp-json\/wp\/v2\/product_cat?post=29876"},{"taxonomy":"product_tag","embeddable":true,"href":"https:\/\/www.casadainjecao.com.br\/loja\/wp-json\/wp\/v2\/product_tag?post=29876"},{"taxonomy":"berocket_brand","embeddable":true,"href":"https:\/\/www.casadainjecao.com.br\/loja\/wp-json\/wp\/v2\/berocket_brand?post=29876"}],"curies":[{"name":"wp","href":"https:\/\/api.w.org\/{rel}","templated":true}]}}