{"id":29943,"date":"2024-04-02T08:40:58","date_gmt":"2024-04-02T11:40:58","guid":{"rendered":"https:\/\/www.casadainjecao.com.br\/loja\/?post_type=product&#038;p=29943"},"modified":"2026-03-18T17:30:28","modified_gmt":"2026-03-18T20:30:28","slug":"presilha-plastica-multifuncional-renault-duster-7703179036","status":"publish","type":"product","link":"https:\/\/www.casadainjecao.com.br\/loja\/autopecas\/carroceria\/presilhas-carroceria\/presilha-plastica-multifuncional-renault-duster-7703179036\/","title":{"rendered":"Presilha Plastica Multifuncional Renault Duster &#8211; 7703"},"content":{"rendered":"<h2>Presilha Plastica Multifuncional Clip de Tubula\u00e7\u00e3o<\/h2>\n<p>&nbsp;<\/p>\n<p>Renault Duster Expression, Dynamique flex 1.6 16v 2.0 16v &#8211; 2001 2002 2003 2004 2005 2006 2007 2008 2009 2010 2011 2012 2013 2014 2015 2016 2017 2018<\/p>\n<p>Renault Logan Authentique, Privil\u00e9ge flex, Expression flex 1.016v 1.6 8v 1.6 16v\u00a0 &#8211; 2002 2003 2004 2005 2006 2007 2008 2009 2010 2011 2012 2013<\/p>\n<p>Renault Logan II Authentique, Privil\u00e9ge flex, Sportway, Dynamique flex 1.0 16v 1.6 8v 1.6 16v &#8211; 2013 2014 2015 2016 2017 2018 2019 2020 2021 2022<\/p>\n<p>Renault Sandero Authentique, Privil\u00e9ge flex, Expression flex, Stepway flex, Vibe flex, GT Line 1.016v 1.6 8v 1.6 16v &#8211; 2002 2003 2004 2005 2006 2007 2008 2009 2010 2011 2012\u00a0 2013<\/p>\n<p>Renault Sc\u00e9nic I RT, RXE, RN, Alize, Egeus, Expression, Privil\u00e9ge, Authentique, Privil\u00e9ge flex, Sportway 1.6 16v 2.0 8v 2.0 16v &#8211; 1996 1997 1998 1999 2000 2001 2002 2003 2004 2005 2006 2007 2008 2009 2010 2011 2012 2013 2014 2015 2016\u00a0 2017<\/p>\n<p>Renault Zo\u00e9 El\u00e9trico &#8211; 2001 2002 2003 2004 2005 2006 2007 2008 2009 2010 2011 2012 2013 2014 2015 2016 2017 2018\u00a0 2019<\/p>\n<p>Renault M\u00e9gane I RT, RXE, RN, Alize, Egeus, Expression 1.6 16v 2.0 8v 2.0 16v &#8211; 1995 1996 1997 1998 1999 2000 2001 2002 2003 2004 2005 2006 2007 2008 2009 2010 2011 2012 2013 2014 2015 2016<\/p>\n<p>Renault M\u00e9gane I Sedan RT, RXE, RN, Alize, Privil\u00e9ge 1.6 16v 2.0 8v 2.0 16v &#8211; 1996 1997 1998 1999 2000 2001 2002 2003 2004 2005 2006 2007 2008 2009 2010 2011 2012 2013 2014 2015 2016 2017<\/p>\n<p>Renault Kwid Life, Zen, Intese flex 1.0 &#8211; 2001 2002 2003 2004 2005 2006 2007 2008 2009 2010 2011 2012 2013 2014 2015 2016 2017 2018 2019\u00a0 2020<\/p>\n<p>Renault Sandero II Authentique, Expression flex, Vibe flex, RS flex 1.0 16v 1.0 12v 1.6 8v 1.6 16v 2.0 16v &#8211; 2013 2014 2015 2016 2017 2018 2019 2020 2021 2022<\/p>\n<p>&nbsp;<\/p>\n<h4>C\u00f3digo de Refer\u00eancia:<\/h4>\n<p>7703179036<\/p>\n<h4><strong>Condi\u00e7\u00f5es:<\/strong><\/h4>\n<p>Produto Novo Original \/ Marca Renault<\/p>\n<h4><strong>Garantia:<\/strong><\/h4>\n<p>3 Meses<\/p>\n<h3>ATEN\u00c7\u00c3O: Antes de efetuar a compra verifique o c\u00f3digo da sua pe\u00e7a que est\u00e1 instalado no seu ve\u00edculo.<\/h3>\n<h4>O que \u00e9 e para que serve a Presilha Plastica Multifuncional?<\/h4>\n<p>A Presilha Pl\u00e1stica multifuncional \u00e9 uma pe\u00e7a utilizada em v\u00e1rias aplica\u00e7\u00f5es em ve\u00edculos automotivos e em outros contextos. Sua fun\u00e7\u00e3o pode variar dependendo do local onde \u00e9 empregada, mas geralmente serve para fixar e prender componentes diversos.<\/p>\n<p>&nbsp;<\/p>\n<p>A Casa da Inje\u00e7\u00e3o oferece total garantia nos produtos comprados em nosso site.<\/p>\n<ol>\n<li>Cada item \u00e9 rigorosamente testado antes do envio<\/li>\n<li>Se os itens estiverem danificados ou parcialmente defeituosos, entre em contato conosco.<\/li>\n<\/ol>\n<p>Se houver qualquer defeito, n\u00f3s lhe enviaremos uma substitui\u00e7\u00e3o ap\u00f3s receber o pacote ou devolvemos seu dinheiro.<\/p>\n<p>Leia nossa\u00a0<span style=\"color: #ff0000;\"><a style=\"color: #ff0000;\" href=\"https:\/\/www.casadainjecao.com.br\/loja\/politica-de-devolucao\">pol\u00edtica de devolu\u00e7\u00e3o aqui<\/a><\/span><\/p>\n<p>\u2014\u2014\u2014\u2014\u2014\u2014\u2014\u2014\u2014\u2014\u2014\u2014\u2014\u2014\u2014\u2014\u2014\u2014\u2014\u2013<\/p>\n<p><strong>Tem alguma d\u00favida?<\/strong><\/p>\n<p>Entre em contato que podemos ajudar!<\/p>\n<p>Confira as informa\u00e7\u00f5es adicionais abaixo:<\/p>\n<ul>\n<li>Todos os nossos produtos s\u00e3o novos, semi-novos, originais e paralelos possuem garantia.<\/li>\n<li>Todos os produtos anunciados est\u00e3o dispon\u00edveis em estoque e s\u00e3o enviados com extrema rapidez.<\/li>\n<li>O frete pode ser simulado antes de efetuar a compra, basta clicar em \u201cver custos de envio\u201d.<\/li>\n<li>Verifique o endere\u00e7o de entrega cadastrado e atualize caso necess\u00e1rio.<\/li>\n<li>Confirme se a pe\u00e7a \u00e9 correta para o seu modelo de ve\u00edculo.<\/li>\n<li>Para pe\u00e7as automotivas, recomendamos a instala\u00e7\u00e3o por um profissional especializado.<\/li>\n<\/ul>\n<p>Caso possua outras d\u00favidas, entre em contato.<\/p>\n","protected":false},"excerpt":{"rendered":"<h2>Presilha Plastica Multifuncional Renault Duster &#8211; 7703179036<\/h2>\n","protected":false},"featured_media":29946,"template":"","meta":{"_seopress_robots_primary_cat":"none","_seopress_titles_title":"","_seopress_titles_desc":"","_seopress_robots_index":"","_joinchat":[]},"product_cat":[83,24,223,22,1214,1487,1097],"product_tag":[52,66,91,226],"berocket_brand":[394],"_links":{"self":[{"href":"https:\/\/www.casadainjecao.com.br\/loja\/wp-json\/wp\/v2\/product\/29943"}],"collection":[{"href":"https:\/\/www.casadainjecao.com.br\/loja\/wp-json\/wp\/v2\/product"}],"about":[{"href":"https:\/\/www.casadainjecao.com.br\/loja\/wp-json\/wp\/v2\/types\/product"}],"wp:featuredmedia":[{"embeddable":true,"href":"https:\/\/www.casadainjecao.com.br\/loja\/wp-json\/wp\/v2\/media\/29946"}],"wp:attachment":[{"href":"https:\/\/www.casadainjecao.com.br\/loja\/wp-json\/wp\/v2\/media?parent=29943"}],"wp:term":[{"taxonomy":"product_cat","embeddable":true,"href":"https:\/\/www.casadainjecao.com.br\/loja\/wp-json\/wp\/v2\/product_cat?post=29943"},{"taxonomy":"product_tag","embeddable":true,"href":"https:\/\/www.casadainjecao.com.br\/loja\/wp-json\/wp\/v2\/product_tag?post=29943"},{"taxonomy":"berocket_brand","embeddable":true,"href":"https:\/\/www.casadainjecao.com.br\/loja\/wp-json\/wp\/v2\/berocket_brand?post=29943"}],"curies":[{"name":"wp","href":"https:\/\/api.w.org\/{rel}","templated":true}]}}