{"id":29991,"date":"2024-04-03T10:37:48","date_gmt":"2024-04-03T13:37:48","guid":{"rendered":"https:\/\/www.casadainjecao.com.br\/loja\/?post_type=product&#038;p=29991"},"modified":"2024-12-09T11:18:24","modified_gmt":"2024-12-09T14:18:24","slug":"cobertura-luz-cortesia-do-teto-volkswagen-tiguan-5nn86759101-com-detalhe","status":"publish","type":"product","link":"https:\/\/www.casadainjecao.com.br\/loja\/autopecas\/interior\/luzes-interna\/cobertura-luz-cortesia-do-teto-volkswagen-tiguan-5nn86759101-com-detalhe\/","title":{"rendered":"Cobertura Luz Cortesia do Teto  Volkswagen Tiguan &#8211; 5N"},"content":{"rendered":"<h2>Cobertura do Acabamento Luz Cortesia do Teto Original<\/h2>\n<p><strong>VOLKSWAGEN<\/strong><\/p>\n<p><span class=\"head-bold\" data-v-1227f952=\"\">Volkswagen Taos <\/span><\/p>\n<p><span class=\"head-bold\" data-v-1227f952=\"\">Volkswagen Tiguan<\/span><\/p>\n<h4><strong>C\u00f3digo de refer\u00eancia:\u00a0 <\/strong><\/h4>\n<p>5NN86759101, 5nn867591, 5NN867591RM5,5NN86759102<\/p>\n<h4>Condi\u00e7\u00e3o:<\/h4>\n<p>Produto Novo Original \/ Marca Volkswagen<\/p>\n<h4>Especifica\u00e7\u00f5es:<\/h4>\n<p>1 Cobertura de Acabamento Luz Cortesia do Teto com detalhe conforme fotos<\/p>\n<p><strong>Garantia:<\/strong><\/p>\n<p>3 Meses<\/p>\n<h3>ATEN\u00c7\u00c3O: Antes de efetuar a compra verifique o c\u00f3digo da sua pe\u00e7a que est\u00e1 instalado no seu ve\u00edculo.<\/h3>\n<h4>O que \u00e9 e para que serve a Cobertura Luz Cortesia do Teto?<\/h4>\n<p>A cobertura da luz de cortesia do teto \u00e9 uma pe\u00e7a que cobre a l\u00e2mpada de cortesia localizada no teto do ve\u00edculo. Sua principal fun\u00e7\u00e3o \u00e9 proteger a l\u00e2mpada e o sistema el\u00e9trico adjacente, garantindo que a luz de cortesia funcione adequadamente e permane\u00e7a protegida de danos externos.<\/p>\n<p>&nbsp;<\/p>\n<p>A Casa da Inje\u00e7\u00e3o oferece total garantia nos produtos comprados em nosso site.<\/p>\n<ol>\n<li>Cada item \u00e9 rigorosamente testado antes do envio<\/li>\n<li>Se os itens estiverem danificados ou parcialmente defeituosos, entre em contato conosco.<\/li>\n<\/ol>\n<p>Se houver qualquer defeito, n\u00f3s lhe enviaremos uma substitui\u00e7\u00e3o ap\u00f3s receber o pacote ou devolvemos seu dinheiro.<\/p>\n<p>Leia nossa<span style=\"color: #ff0000;\">\u00a0<a style=\"color: #ff0000;\" href=\"https:\/\/www.casadainjecao.com.br\/loja\/politica-de-devolucao\">pol\u00edtica de devolu\u00e7\u00e3o aqui<\/a><\/span><\/p>\n<p>\u2014\u2014\u2014\u2014\u2014\u2014\u2014\u2014\u2014\u2014\u2014\u2014\u2014\u2014\u2014\u2014\u2014\u2014\u2014\u2013<\/p>\n<p><strong>Tem alguma d\u00favida?<\/strong><\/p>\n<p>Entre em contato que podemos ajudar!<\/p>\n<p>Confira as informa\u00e7\u00f5es adicionais abaixo:<\/p>\n<ul>\n<li>Todos os nossos produtos s\u00e3o novos, semi-novos, originais e paralelos possuem garantia.<\/li>\n<li>Todos os produtos anunciados est\u00e3o dispon\u00edveis em estoque e s\u00e3o enviados com extrema rapidez.<\/li>\n<li>O frete pode ser simulado antes de efetuar a compra, basta clicar em \u201cver custos de envio\u201d.<\/li>\n<li>Verifique o endere\u00e7o de entrega cadastrado e atualize caso necess\u00e1rio.<\/li>\n<li>Confirme se a pe\u00e7a \u00e9 correta para o seu modelo de ve\u00edculo.<\/li>\n<li>Para pe\u00e7as automotivas, recomendamos a instala\u00e7\u00e3o por um profissional especializado.<\/li>\n<\/ul>\n<p>Caso possua outras d\u00favidas, entre em contato.<\/p>\n","protected":false},"excerpt":{"rendered":"<h2>Cobertura Luz Cortesia do Teto Volkswagen Tiguan Original &#8211; 5NN86759101, 5nn867591, 5NN867591RM5<\/h2>\n","protected":false},"featured_media":0,"template":"","meta":{"_seopress_robots_primary_cat":"none","_seopress_titles_title":"","_seopress_titles_desc":"","_seopress_robots_index":"","_joinchat":[]},"product_cat":[24,367,1216,368],"product_tag":[1952,1497],"berocket_brand":[396],"_links":{"self":[{"href":"https:\/\/www.casadainjecao.com.br\/loja\/wp-json\/wp\/v2\/product\/29991"}],"collection":[{"href":"https:\/\/www.casadainjecao.com.br\/loja\/wp-json\/wp\/v2\/product"}],"about":[{"href":"https:\/\/www.casadainjecao.com.br\/loja\/wp-json\/wp\/v2\/types\/product"}],"wp:attachment":[{"href":"https:\/\/www.casadainjecao.com.br\/loja\/wp-json\/wp\/v2\/media?parent=29991"}],"wp:term":[{"taxonomy":"product_cat","embeddable":true,"href":"https:\/\/www.casadainjecao.com.br\/loja\/wp-json\/wp\/v2\/product_cat?post=29991"},{"taxonomy":"product_tag","embeddable":true,"href":"https:\/\/www.casadainjecao.com.br\/loja\/wp-json\/wp\/v2\/product_tag?post=29991"},{"taxonomy":"berocket_brand","embeddable":true,"href":"https:\/\/www.casadainjecao.com.br\/loja\/wp-json\/wp\/v2\/berocket_brand?post=29991"}],"curies":[{"name":"wp","href":"https:\/\/api.w.org\/{rel}","templated":true}]}}