{"id":30063,"date":"2024-04-04T17:32:12","date_gmt":"2024-04-04T20:32:12","guid":{"rendered":"https:\/\/www.casadainjecao.com.br\/loja\/?post_type=product&#038;p=30063"},"modified":"2026-05-07T14:55:52","modified_gmt":"2026-05-07T17:55:52","slug":"sonda-lambda-fiat-fiorino-mobi-nova-strada-46342429","status":"publish","type":"product","link":"https:\/\/www.casadainjecao.com.br\/loja\/autopecas\/injecao-eletronica\/sonda-lambda\/sonda-lambda-fiat-fiorino-mobi-nova-strada-46342429\/","title":{"rendered":"Sonda Lambda Fiat Fiorino Mobi Nova Strada &#8211; 46342429"},"content":{"rendered":"<h2>Sonda Lambda NTK Superior Pr\u00e9 Catalizador Original<\/h2>\n<p>&nbsp;<\/p>\n<p>&nbsp;<\/p>\n<p>Fiat Fiorino 1.4 Fire &#8211; 2022 em Diante<\/p>\n<p>Fiat Strada 1.4 Fire Evo (Nova Strada) \u2013 2020 em diante<\/p>\n<p>Fiat Uno 1.4 Evo \u2013 2015 2016 2017 2018 2019 2020 2021<\/p>\n<p>Mobi 1.0 Fire Evo \u2013 2017 em diante<\/p>\n<p>&nbsp;<\/p>\n<p>&nbsp;<\/p>\n<p>Comprimento total do cabo:\u00a0 \u00a021cm<\/p>\n<p>4 Pinos<\/p>\n<p>4 Fios: 2 Brancos, 1 Preto, 1 Cinza<\/p>\n<p>C\u00f3digo:\u00a0 46342429, OZA603-FA7<\/p>\n<p>Marca:\u00a0 Fiat Mopar<\/p>\n<p>Produto Novo Original<\/p>\n<p>Garantia:\u00a0 3 Meses<\/p>\n<p>MOPAR \u00e9 a marca de pe\u00e7as de reposi\u00e7\u00e3o genu\u00ednas do Grupo Stellantis, respons\u00e1vel pelas marcas Fiat, Jeep, Peugeot, Citro\u00ebn e RAM. As pe\u00e7as e acess\u00f3rios MOPAR\u00a0 s\u00e3o criadas pelas mesmas equipes que projetaram seu ve\u00edculo, atendendo a todos os padr\u00f5es de f\u00e1brica, que garantem excelente desempenho.<\/p>\n<p>Procure um profissional devidamente licenciado para a instala\u00e7\u00e3o e fa\u00e7a revis\u00f5es periodicamente. A empresa n\u00e3o se responsabiliza por problemas oriundos da m\u00e1 instala\u00e7\u00e3o ou com a falta de cuidados peri\u00f3dicos dos componentes.<\/p>\n","protected":false},"excerpt":{"rendered":"<p>Sonda Lambda Fiat Fiorino Mobi Nova Strada &#8211; 46342429<\/p>\n","protected":false},"featured_media":44676,"template":"","meta":{"_seopress_robots_primary_cat":"none","_seopress_titles_title":"","_seopress_titles_desc":"","_seopress_robots_index":"","_seopress_analysis_target_kw":"","_kad_blocks_custom_css":"","_kad_blocks_head_custom_js":"","_kad_blocks_body_custom_js":"","_kad_blocks_footer_custom_js":"","_kadence_starter_templates_imported_post":false,"_joinchat":[]},"product_brand":[],"product_cat":[21,270],"product_tag":[280,298,1715],"berocket_brand":[383],"class_list":{"0":"post-30063","1":"product","2":"type-product","3":"status-publish","4":"has-post-thumbnail","6":"product_cat-injecao-eletronica","7":"product_cat-sonda-lambda","8":"product_tag-fiorino","9":"product_tag-mobi","10":"product_tag-nova-strada","11":"berocket_brand-fiat","12":"thunk-woo-product-list","13":"big-store-woo-hover-zoom","14":"open-single-product-tab-horizontal","15":"open-shadow-","16":"open-shadow-hover-","18":"first","19":"instock","20":"sale","21":"taxable","22":"shipping-taxable","23":"purchasable","24":"product-type-simple"},"taxonomy_info":{"product_cat":[{"value":21,"label":"Inje\u00e7\u00e3o Eletr\u00f4nica"},{"value":270,"label":"Sonda Lambda"}],"product_tag":[{"value":280,"label":"FIORINO"},{"value":298,"label":"Mobi"},{"value":1715,"label":"Nova Strada"}],"berocket_brand":[{"value":383,"label":"Fiat"}]},"featured_image_src_large":["https:\/\/www.casadainjecao.com.br\/loja\/wp-content\/uploads\/2024\/04\/46342429-2-920x920.jpg",640,640,true],"author_info":[],"comment_info":"","_links":{"self":[{"href":"https:\/\/www.casadainjecao.com.br\/loja\/wp-json\/wp\/v2\/product\/30063","targetHints":{"allow":["GET"]}}],"collection":[{"href":"https:\/\/www.casadainjecao.com.br\/loja\/wp-json\/wp\/v2\/product"}],"about":[{"href":"https:\/\/www.casadainjecao.com.br\/loja\/wp-json\/wp\/v2\/types\/product"}],"wp:featuredmedia":[{"embeddable":true,"href":"https:\/\/www.casadainjecao.com.br\/loja\/wp-json\/wp\/v2\/media\/44676"}],"wp:attachment":[{"href":"https:\/\/www.casadainjecao.com.br\/loja\/wp-json\/wp\/v2\/media?parent=30063"}],"wp:term":[{"taxonomy":"product_brand","embeddable":true,"href":"https:\/\/www.casadainjecao.com.br\/loja\/wp-json\/wp\/v2\/product_brand?post=30063"},{"taxonomy":"product_cat","embeddable":true,"href":"https:\/\/www.casadainjecao.com.br\/loja\/wp-json\/wp\/v2\/product_cat?post=30063"},{"taxonomy":"product_tag","embeddable":true,"href":"https:\/\/www.casadainjecao.com.br\/loja\/wp-json\/wp\/v2\/product_tag?post=30063"},{"taxonomy":"berocket_brand","embeddable":true,"href":"https:\/\/www.casadainjecao.com.br\/loja\/wp-json\/wp\/v2\/berocket_brand?post=30063"}],"curies":[{"name":"wp","href":"https:\/\/api.w.org\/{rel}","templated":true}]}}