{"id":30076,"date":"2024-04-04T18:01:42","date_gmt":"2024-04-04T21:01:42","guid":{"rendered":"https:\/\/www.casadainjecao.com.br\/loja\/?post_type=product&#038;p=30076"},"modified":"2026-04-28T10:21:06","modified_gmt":"2026-04-28T13:21:06","slug":"retentor-trambulador-fiat-novo-palio-fire-1-4-55250937","status":"publish","type":"product","link":"https:\/\/www.casadainjecao.com.br\/loja\/autopecas\/motor\/retentor\/retentor-trambulador-fiat-novo-palio-fire-1-4-55250937\/","title":{"rendered":"Retentor Trambulador Fiat Novo Palio Fire 55250937"},"content":{"rendered":"<h1>Retentor Haste Seletora Trambulador\u00a0 (Medidas 20X30X7)<\/h1>\n<h3>Fiat 500 1.4 16v Sport Air 3p 2012\/2013<br \/>\nFiat 500 1.4 16v Sport Air Flex 3p 2014<br \/>\nFiat 500 1.4 Cult Flex 3p 2012\/2015<br \/>\nFiat 500 1.4 Lounge 3p 2010<br \/>\nFiat 500 1.4 Sport 3p 2010<br \/>\nFiat FIAT 500 CULT 1.4 MPI FIRE 8V FLEX 2P 1.4 2012\/2013<br \/>\nFiat FIAT 500 CULT CABRIO 1.4 MPI 8V FLEX 2P 1.4 2014<br \/>\nFiat FIAT 500 CULT CABRIO MT 1.4 MPI 8V FLEX 2P 1.4 2015\/2017<br \/>\nFiat FIAT 500 CULT MT 1.4 MPI 8V FLEX 2P 1.4 2014\/2017<br \/>\nFiat FIAT 500 LOUNGE 1.4 MPI 16V GS 2P 1.4 2010\/2011<br \/>\nFiat FIAT 500 SPORT 1.4 16V FLEX 2P 1.4 2014<br \/>\nFiat FIAT 500 SPORT 1.4 MPI 16V GS 2P 1.4 2010\/2011<br \/>\nFiat FIAT 500 SPORT 1.4 MultiAir 16V GS 2P 1.4 2012\/2013<br \/>\nFiat FIAT 500 SPORT MULTI AIR MT 1.4 MultiAir 16V GS 2P 1.4 2015\/2017<br \/>\nFiat Grand Siena 1.4 Attractive Flex 4p 2012\/2021<br \/>\nFiat Grand Siena 1.4 Tetrafuel 4p Tetra-combustible 2013\/2016<br \/>\nFiat GRAND SIENA ATTRACTIVE 1.4 MPI FIRE 8V FLEX 4P 1.4 2013\/2017<br \/>\nFiat GRAND SIENA ATTRACTIVE 1.4 MPI FIRE 8V TETRAFUEL 4P 1.4 2013\/2017<br \/>\nFiat NOVO PALIO ATTRACTIVE 1.4 MPI 8V FLEX 4P 1.4 2012\/2017<br \/>\nFiat Palio 1.4 Attractive Flex 5p 2012\/2017<br \/>\nFiat PALIO 6 MARCHAS 1.0 MPI 8V GS 2P 1.0 2000<br \/>\nFiat PALIO 6 MARCHAS 1.0 MPI 8V GS 4P 1.0 2000<br \/>\nFiat Palio Weekend 1.0 6 Marchas 5p 1999\/2000<br \/>\nFiat PALIO WEEKEND 6 MARCHAS 1.0 MPI 8V GS 4P 1.0 1999\/2000<br \/>\nFiat Siena 1.0 6 Marchas 4p 1999\/2000<br \/>\nFiat Siena 1.0 Kit 500 4p 2000<br \/>\nFiat SIENA 6 MARCHAS 1.0 MPI 8V GS 4P 1.0 1999\/2000<br \/>\nFiat SIENA 6 MARCHAS 500 ANOS 1.0 MPI 8V GS 4P 1.0 2000<\/h3>\n<h3>Marca Fiat Mopar<\/h3>\n<h3>Medidas 20X30X7<\/h3>\n<h3>Produto Novo Original<\/h3>\n<h3 class=\"ui-pdp-title\">Codigo:-55250937<\/h3>\n<p>MOPAR\u00ae \u00e9 a marca de pe\u00e7as de reposi\u00e7\u00e3o genu\u00ednas do Grupo Stellantis, respons\u00e1vel pelas marcas Fiat, Jeep, Peugeot, Citro\u00ebn e RAM. As pe\u00e7as e acess\u00f3rios MOPAR\u00ae s\u00e3o criadas pelas mesmas equipes que projetaram seu ve\u00edculo, atendendo a todos os padr\u00f5es de f\u00e1brica, que garantem excelente desempenho.<\/p>\n<h4>Condi\u00e7\u00f5es:<\/h4>\n<p>Produto Novo Original \/ Marca Mopar<\/p>\n<h4><strong>Garantia:<\/strong><\/h4>\n<p>3 Meses<\/p>\n<h3>ATEN\u00c7\u00c3O: Antes de efetuar a compra verifique o c\u00f3digo da sua pe\u00e7a que est\u00e1 instalado no seu ve\u00edculo.<\/h3>\n<h4><strong>O que \u00e9 e para que serve o Filtro de Ar <\/strong><\/h4>\n<p>O filtro de ar\u00a0impede que as impurezas existentes na atmosfera entrem e fiquem incrustadas dentro do motor. Essa sujeira pode comprometer a sua for\u00e7a, danificar seus componentes e piorar o consumo. Quanto mais limpo for o conte\u00fado aspirado, mais eficiente ser\u00e1 a queima de combust\u00edvel.<\/p>\n<p>A Casa da Inje\u00e7\u00e3o oferece total garantia nos produtos comprados em nosso site.<\/p>\n<ol>\n<li>Cada item \u00e9 rigorosamente testado antes do envio<\/li>\n<li>Se os itens estiverem danificados ou parcialmente defeituosos, entre em contato conosco.<\/li>\n<li>Procure um profissional devidamente licenciado para a instala\u00e7\u00e3o e fa\u00e7a revis\u00f5es periodicamente. A empresa n\u00e3o se responsabiliza por problemas oriundos da m\u00e1 instala\u00e7\u00e3o ou com a falta de cuidados peri\u00f3dicos dos componentes.<\/li>\n<\/ol>\n<p>Se houver qualquer defeito, n\u00f3s lhe enviaremos uma substitui\u00e7\u00e3o ap\u00f3s receber o pacote ou devolvemos seu dinheiro.<\/p>\n<p>Leia nossa\u00a0<a href=\"https:\/\/www.casadainjecao.com.br\/loja\/politica-de-devolucao\">pol\u00edtica de devolu\u00e7\u00e3o aqui<\/a><\/p>\n<p>\u2014\u2014\u2014\u2014\u2014\u2014\u2014\u2014\u2014\u2014\u2014\u2014\u2014\u2014\u2014\u2014\u2014\u2014\u2014\u2013<\/p>\n<p><strong>Tem alguma d\u00favida?<\/strong><\/p>\n<p>Entre em contato que podemos ajudar!<\/p>\n<p>Confira as informa\u00e7\u00f5es adicionais abaixo:<\/p>\n<ul>\n<li>Todos os nossos produtos s\u00e3o novos, semi-novos, originais e paralelos possuem garantia.<\/li>\n<li>Todos os produtos anunciados est\u00e3o dispon\u00edveis em estoque e s\u00e3o enviados com extrema rapidez.<\/li>\n<li>O frete pode ser simulado antes de efetuar a compra, basta clicar em \u201cver custos de envio\u201d.<\/li>\n<li>Verifique o endere\u00e7o de entrega cadastrado e atualize caso necess\u00e1rio.<\/li>\n<li>Confirme se a pe\u00e7a \u00e9 correta para o seu modelo de ve\u00edculo.<\/li>\n<li>Para pe\u00e7as automotivas, recomendamos a instala\u00e7\u00e3o por um profissional especializado.<\/li>\n<li>Caso possua outras d\u00favidas, entre em contato.<\/li>\n<\/ul>\n<p>&nbsp;<\/p>\n","protected":false},"excerpt":{"rendered":"<h2>Retentor Haste Seletora Trambulador Fiat Novo Palio Fire 1.4 &#8211; 55250937<\/h2>\n","protected":false},"featured_media":30085,"template":"","meta":{"_seopress_robots_primary_cat":"none","_seopress_titles_title":"","_seopress_titles_desc":"","_seopress_robots_index":"","_seopress_analysis_target_kw":"","_kad_blocks_custom_css":"","_kad_blocks_head_custom_js":"","_kad_blocks_body_custom_js":"","_kad_blocks_footer_custom_js":"","_kadence_starter_templates_imported_post":false,"_joinchat":[]},"product_brand":[],"product_cat":[24,22,238,1181],"product_tag":[2064,1855,119,120],"berocket_brand":[383],"class_list":{"0":"post-30076","1":"product","2":"type-product","3":"status-publish","4":"has-post-thumbnail","6":"product_cat-interior","7":"product_cat-motor","8":"product_cat-retentor","9":"product_cat-trambulador","10":"product_tag-fiat-500","11":"product_tag-novo-palio","12":"product_tag-palio","13":"product_tag-siena","14":"berocket_brand-fiat","15":"thunk-woo-product-list","16":"big-store-woo-hover-zoom","17":"open-single-product-tab-horizontal","18":"open-shadow-","19":"open-shadow-hover-","21":"first","22":"instock","23":"sale","24":"taxable","25":"shipping-taxable","26":"purchasable","27":"product-type-simple"},"taxonomy_info":{"product_cat":[{"value":24,"label":"Interior"},{"value":22,"label":"Motor"},{"value":238,"label":"Retentor"},{"value":1181,"label":"Trambulador"}],"product_tag":[{"value":2064,"label":"Fiat 500"},{"value":1855,"label":"Novo Palio"},{"value":119,"label":"Palio"},{"value":120,"label":"Siena"}],"berocket_brand":[{"value":383,"label":"Fiat"}]},"featured_image_src_large":["https:\/\/www.casadainjecao.com.br\/loja\/wp-content\/uploads\/2024\/04\/Retentor-haste-seletora-Trambulador-Novo-Palio-1.4-Fire-original-55250937-920x920.jpg",640,640,true],"author_info":[],"comment_info":"","_links":{"self":[{"href":"https:\/\/www.casadainjecao.com.br\/loja\/wp-json\/wp\/v2\/product\/30076","targetHints":{"allow":["GET"]}}],"collection":[{"href":"https:\/\/www.casadainjecao.com.br\/loja\/wp-json\/wp\/v2\/product"}],"about":[{"href":"https:\/\/www.casadainjecao.com.br\/loja\/wp-json\/wp\/v2\/types\/product"}],"wp:featuredmedia":[{"embeddable":true,"href":"https:\/\/www.casadainjecao.com.br\/loja\/wp-json\/wp\/v2\/media\/30085"}],"wp:attachment":[{"href":"https:\/\/www.casadainjecao.com.br\/loja\/wp-json\/wp\/v2\/media?parent=30076"}],"wp:term":[{"taxonomy":"product_brand","embeddable":true,"href":"https:\/\/www.casadainjecao.com.br\/loja\/wp-json\/wp\/v2\/product_brand?post=30076"},{"taxonomy":"product_cat","embeddable":true,"href":"https:\/\/www.casadainjecao.com.br\/loja\/wp-json\/wp\/v2\/product_cat?post=30076"},{"taxonomy":"product_tag","embeddable":true,"href":"https:\/\/www.casadainjecao.com.br\/loja\/wp-json\/wp\/v2\/product_tag?post=30076"},{"taxonomy":"berocket_brand","embeddable":true,"href":"https:\/\/www.casadainjecao.com.br\/loja\/wp-json\/wp\/v2\/berocket_brand?post=30076"}],"curies":[{"name":"wp","href":"https:\/\/api.w.org\/{rel}","templated":true}]}}