{"id":30119,"date":"2024-04-08T14:49:50","date_gmt":"2024-04-08T17:49:50","guid":{"rendered":"https:\/\/www.casadainjecao.com.br\/loja\/?post_type=product&#038;p=30119"},"modified":"2024-11-21T15:55:43","modified_gmt":"2024-11-21T18:55:43","slug":"moldura-painel-dvd-jac-motors-turin-jac-3-5306150u8010","status":"publish","type":"product","link":"https:\/\/www.casadainjecao.com.br\/loja\/autopecas\/interior\/painel-interior\/moldura-painel-dvd-jac-motors-turin-jac-3-5306150u8010\/","title":{"rendered":"Moldura Painel DVD Jac Motors Turin Jac 3 &#8211; 5306150U80"},"content":{"rendered":"<h2>Moldura Painel Multimidia DVD Black Piano 7 Polegadas Original (Com detalhe)<\/h2>\n<p><strong>JAC<\/strong><\/p>\n<p>Jac J3 Tongyue 2013 em diante<\/p>\n<p>Jac J3 STD Hatch 1.3 16v L4 Gasolina 2011 a 2015<\/p>\n<p>JAc J3 STD Hatch 1.4 16v L4 Gasolina 2010 a 2015<\/p>\n<p>JAc J3 STD Sedan 1.3 16v L4 Gasolina 2012 a 2015<\/p>\n<p>Jac J3 STD Sedan 1.3 16v L4 Gasolina 2010 a 2015<\/p>\n<h4>C\u00f3digo de Refer\u00eancia:<\/h4>\n<p>5306150U8010<\/p>\n<div class=\"ui-pdp-collapsable ui-pdp-description-collapse\">\n<div class=\"ui-pdp-collapsable__container\">\n<div class=\"ui-pdp-description\">\n<h4>Condi\u00e7\u00f5es:<\/h4>\n<p>Produto Novo Original \/ Marca Jac<\/p>\n<h4>Especifica\u00e7\u00f5es:<\/h4>\n<p><span style=\"color: #ff0000;\">Detalhe trava esquerda quebrada no transporte conforme foto\u00a0<\/span><\/p>\n<h4><strong>Garantia<\/strong><strong>:<\/strong><\/h4>\n<p>3 Meses<\/p>\n<h3>ATEN\u00c7\u00c3O: Antes de efetuar a compra verifique o c\u00f3digo da sua pe\u00e7a que est\u00e1 instalado no seu ve\u00edculo.<\/h3>\n<h4><strong>O que \u00e9 e para que serve Moldura Painel DVD?<\/strong><\/h4>\n<\/div>\n<\/div>\n<\/div>\n<div class=\"ui-pdp-collapsable ui-pdp-description-collapse\">\n<div class=\"ui-pdp-collapsable__container\">\n<div class=\"ui-pdp-description\">\n<p>A moldura para painel de DVD \u00e9 um acess\u00f3rio usado em ve\u00edculos para criar uma instala\u00e7\u00e3o limpa e est\u00e9tica de um DVD player ou de uma unidade principal de \u00e1udio e v\u00eddeo no painel do ve\u00edculo.\u00a0A moldura oferece um acabamento profissional \u00e0 instala\u00e7\u00e3o de um DVD player ou de um sistema multim\u00eddia no painel do ve\u00edculo. Ela preenche os espa\u00e7os vazios ao redor da unidade, criando um visual mais integrado e elegante.<\/p>\n<p>&nbsp;<\/p>\n<p>A Casa da Inje\u00e7\u00e3o oferece total garantia nos produtos comprados em nosso site.<\/p>\n<ol>\n<li>Cada item \u00e9 rigorosamente testado antes do envio<\/li>\n<li>Se os itens estiverem danificados ou parcialmente defeituosos, entre em contato conosco.<\/li>\n<\/ol>\n<p>Se houver qualquer defeito, n\u00f3s lhe enviaremos uma substitui\u00e7\u00e3o ap\u00f3s receber o pacote ou devolvemos seu dinheiro.<\/p>\n<p>Leia nossa\u00a0<span style=\"color: #ff0000;\"><a style=\"color: #ff0000;\" href=\"https:\/\/www.casadainjecao.com.br\/loja\/politica-de-devolucao\">pol\u00edtica de devolu\u00e7\u00e3o aqui<\/a><\/span><\/p>\n<p>\u2014\u2014\u2014\u2014\u2014\u2014\u2014\u2014\u2014\u2014\u2014\u2014\u2014\u2014\u2014\u2014\u2014\u2014\u2014\u2013<\/p>\n<p><strong>Tem alguma d\u00favida?<\/strong><\/p>\n<p>Entre em contato que podemos ajudar!<\/p>\n<p>Confira as informa\u00e7\u00f5es adicionais abaixo:<\/p>\n<ul>\n<li>Todos os nossos produtos s\u00e3o novos, semi-novos, originais e paralelos possuem garantia.<\/li>\n<li>Todos os produtos anunciados est\u00e3o dispon\u00edveis em estoque e s\u00e3o enviados com extrema rapidez.<\/li>\n<li>O frete pode ser simulado antes de efetuar a compra, basta clicar em \u201cver custos de envio\u201d.<\/li>\n<li>Verifique o endere\u00e7o de entrega cadastrado e atualize caso necess\u00e1rio.<\/li>\n<li>Confirme se a pe\u00e7a \u00e9 correta para o seu modelo de ve\u00edculo.<\/li>\n<li>Para pe\u00e7as automotivas, recomendamos a instala\u00e7\u00e3o por um profissional especializado.<\/li>\n<\/ul>\n<p>Caso possua outras d\u00favidas, entre em contato.<\/p>\n<\/div>\n<\/div>\n<\/div>\n","protected":false},"excerpt":{"rendered":"<h2>Moldura Painel DVD Jac Motors Jac 3 &#8211; 5306150U8010<\/h2>\n","protected":false},"featured_media":30124,"template":"","meta":{"_seopress_robots_primary_cat":"none","_seopress_titles_title":"","_seopress_titles_desc":"","_seopress_robots_index":"","_joinchat":[]},"product_cat":[24,1216,368],"product_tag":[2065],"berocket_brand":[1134],"_links":{"self":[{"href":"https:\/\/www.casadainjecao.com.br\/loja\/wp-json\/wp\/v2\/product\/30119"}],"collection":[{"href":"https:\/\/www.casadainjecao.com.br\/loja\/wp-json\/wp\/v2\/product"}],"about":[{"href":"https:\/\/www.casadainjecao.com.br\/loja\/wp-json\/wp\/v2\/types\/product"}],"wp:featuredmedia":[{"embeddable":true,"href":"https:\/\/www.casadainjecao.com.br\/loja\/wp-json\/wp\/v2\/media\/30124"}],"wp:attachment":[{"href":"https:\/\/www.casadainjecao.com.br\/loja\/wp-json\/wp\/v2\/media?parent=30119"}],"wp:term":[{"taxonomy":"product_cat","embeddable":true,"href":"https:\/\/www.casadainjecao.com.br\/loja\/wp-json\/wp\/v2\/product_cat?post=30119"},{"taxonomy":"product_tag","embeddable":true,"href":"https:\/\/www.casadainjecao.com.br\/loja\/wp-json\/wp\/v2\/product_tag?post=30119"},{"taxonomy":"berocket_brand","embeddable":true,"href":"https:\/\/www.casadainjecao.com.br\/loja\/wp-json\/wp\/v2\/berocket_brand?post=30119"}],"curies":[{"name":"wp","href":"https:\/\/api.w.org\/{rel}","templated":true}]}}