{"id":30139,"date":"2024-04-08T16:36:54","date_gmt":"2024-04-08T19:36:54","guid":{"rendered":"https:\/\/www.casadainjecao.com.br\/loja\/?post_type=product&#038;p=30139"},"modified":"2025-05-23T16:40:24","modified_gmt":"2025-05-23T19:40:24","slug":"suporte-de-apoio-do-conjunto-mola-amortecedor-sm5094","status":"publish","type":"product","link":"https:\/\/www.casadainjecao.com.br\/loja\/autopecas\/suspencao\/batentes\/suporte-de-apoio-do-conjunto-mola-amortecedor-sm5094\/","title":{"rendered":"Suporte Suspen\u00e7\u00e3o Apoio Mola Amortecedor &#8211; SM5094"},"content":{"rendered":"<p>Suporte Suspen\u00e7\u00e3o Apoio Mola Amortecedor Traseiro<\/p>\n<p>Ford Mazda MX6 1993 a 1999<\/p>\n<p>Codigo:- SM5094 \/ F32Z18192A \/ K9DO28390<\/p>\n","protected":false},"excerpt":{"rendered":"<p>Suporte Suspen\u00e7\u00e3o Apoio Mola Amortecedor &#8211; K9DO28390<\/p>\n","protected":false},"featured_media":30220,"template":"","meta":{"_seopress_robots_primary_cat":"none","_seopress_titles_title":"","_seopress_titles_desc":"","_seopress_robots_index":"","_joinchat":[]},"product_cat":[1160,1150,1104],"product_tag":[2067],"berocket_brand":[384],"_links":{"self":[{"href":"https:\/\/www.casadainjecao.com.br\/loja\/wp-json\/wp\/v2\/product\/30139"}],"collection":[{"href":"https:\/\/www.casadainjecao.com.br\/loja\/wp-json\/wp\/v2\/product"}],"about":[{"href":"https:\/\/www.casadainjecao.com.br\/loja\/wp-json\/wp\/v2\/types\/product"}],"wp:featuredmedia":[{"embeddable":true,"href":"https:\/\/www.casadainjecao.com.br\/loja\/wp-json\/wp\/v2\/media\/30220"}],"wp:attachment":[{"href":"https:\/\/www.casadainjecao.com.br\/loja\/wp-json\/wp\/v2\/media?parent=30139"}],"wp:term":[{"taxonomy":"product_cat","embeddable":true,"href":"https:\/\/www.casadainjecao.com.br\/loja\/wp-json\/wp\/v2\/product_cat?post=30139"},{"taxonomy":"product_tag","embeddable":true,"href":"https:\/\/www.casadainjecao.com.br\/loja\/wp-json\/wp\/v2\/product_tag?post=30139"},{"taxonomy":"berocket_brand","embeddable":true,"href":"https:\/\/www.casadainjecao.com.br\/loja\/wp-json\/wp\/v2\/berocket_brand?post=30139"}],"curies":[{"name":"wp","href":"https:\/\/api.w.org\/{rel}","templated":true}]}}