{"id":30203,"date":"2024-04-10T11:04:50","date_gmt":"2024-04-10T14:04:50","guid":{"rendered":"https:\/\/www.casadainjecao.com.br\/loja\/?post_type=product&#038;p=30203"},"modified":"2026-03-12T08:38:39","modified_gmt":"2026-03-12T11:38:39","slug":"filtro-da-bomba-de-combustivel-flex-bosch-fbc001","status":"publish","type":"product","link":"https:\/\/www.casadainjecao.com.br\/loja\/autopecas\/injecao-eletronica\/bomba-de-combustivel\/filtro-da-bomba-de-combustivel-flex-bosch-fbc001\/","title":{"rendered":"Filtro da Bomba de Combustivel Flex Bosch &#8211; FBC001"},"content":{"rendered":"<h2>Filtro da Bomba de Combustivel Flex<\/h2>\n<p><strong>FIAT<\/strong><\/p>\n<p>FIAT FIORINO FURG\u00c3O 1.5 MPI 1997 A 2002<\/p>\n<p>FIAT FIORINO PICK-UP 1.5 MPI 1997 A 2002<\/p>\n<p>FIAT PALIO 1.0 16V FIASA MPI 1996 A 2003<\/p>\n<p>FIAT PALIO 1.0 16V FIRE MPI 2001 A 2005<\/p>\n<p>FIAT PALIO 1.0 8V FIASA MPI 1996 A 2003<\/p>\n<p>FIAT PALIO 1.0 8V FIRE MPI 2001 A 2005<\/p>\n<p>FIAT PALIO 1.0 MPI 16V 2000 A 2002<\/p>\n<p>FIAT PALIO 1.3 8 V16V FIRE MPI 2001 A 2005<\/p>\n<p>FIAT PALIO 1.5 8V 16V FIASA MPI 1996 A 2003<\/p>\n<p>FIAT PALIO 1.6 8V 16V FIASA MPI 1996 A 2003<\/p>\n<p>FIAT PALIO WEEKEND 1.5 8V 16V MPI 1997 A 2003<\/p>\n<p>FIAT PALIO WEEKEND 1.6 8V MPI 1997 A 2003<\/p>\n<p>FIAT PALIO WEEKEND 1.8 8V MPI 2003 A 2004<\/p>\n<p>FIAT SIENA 1.0 16V FIASA MPI 1996 A 2003<\/p>\n<p>FIAT SIENA 1.08V 16V FIRE MPI 2001 A 2005<\/p>\n<p>FIAT SIENA 1.3 8V 16V FIRE MPI 2001 A 2005<\/p>\n<p>FIAT SIENA 1.5 8V 16V FIASA MPI 1996 A 2003<\/p>\n<p>FIAT SIENA 1.6 8V 16V FIASA MPI 1996 A 2003<\/p>\n<p>FIAT STRADA 1.0 8V 16V FIASA MPI 1996 A 2003<\/p>\n<p>FIAT STRADA 1.0 8V 16V FIRE MPI 2001 A 2005<\/p>\n<p>FIAT STRADA 1.3 8V 16V FIRE MPI 2001 A 2005<\/p>\n<p>FIAT STRADA 1.5 8V 16V FIASA MPI 1996 A 2003<\/p>\n<p>FIAT STRADA 1.6 8V 16V FIASA MPI 1996 A 2003<\/p>\n<p>FIAT UNO 1.0 FIRE MPI 2001 EM DIANTE<\/p>\n<p><strong>FORD<\/strong><\/p>\n<p>FORD ESCORT 1.6 2000 A 2002<\/p>\n<p>FORD ESCORT 1.8 16V 1996 A 2002<\/p>\n<p>FORD ESCORT SEDAN 1.8 16V 1996 A 2002<\/p>\n<p>FORD ESCORT XR3 2.0 1994 A 1996<\/p>\n<p>FORD ROYALE 2.01 1991 A 1996<\/p>\n<p>FORD VERONA 2.01 1994 A 1996<\/p>\n<p>FORD VERSAILLES 2.01 1991 A 1996<\/p>\n<p><strong>CHEVROLET<\/strong><\/p>\n<p>CHEVROLET BLAZER 2.2 MPFI 1997 EM DIANTE<\/p>\n<p>CHEVROLET CORSA 1.0 8v 16V MPFI 1999 EM DIANTE<\/p>\n<p>CHEVROLET CORSA 1.6 8v 16V MPFI 1999 EM DIANTE<\/p>\n<p>CHEVROLET KADETT 2.0 MPFI 1997 EM DIANTE<\/p>\n<p>CHEVROLET S10 2.2 MPFI 1997 EM DIANTE<\/p>\n<p>CHEVORLET MERCEDES-BENZ<\/p>\n<p>CHEVROLET CLASSE A 160 190 1999 a 2005<\/p>\n<p><strong>RENAULT<\/strong><\/p>\n<p>RENAULT R19 RN, RT\u00a0 16S 1.8 1995 EM DIANTE<\/p>\n<p><strong>VOLKSWAGEN<\/strong><\/p>\n<p>VOLKSWAGEN GOL 1.0 MI 16V TURBO 1996 A 2003<\/p>\n<p>VOLKSWAGEN\u00a0GOL 1.8 MI 1996 A 2003<\/p>\n<p>VOLKSWAGEN\u00a0GOL 2.0 MI 16V GTI 1994 A 1999<\/p>\n<p>VOLKSWAGEN\u00a0GOL 2.0 MI 1996 A 2003<\/p>\n<p>VOLKSWAGEN\u00a0GOL 2.01 1994 A 1999<\/p>\n<p>VOLKSWAGEN GOL G2 1.0 8V MI 1996 A 1997<\/p>\n<p>VOLKSWAGEN\u00a0GOL G2 1.0 MI SPECIAL 8V 16V 1999<\/p>\n<p>VOLKSWAGEN GOL G2 1.8 MI 1996 A 2005<\/p>\n<p>VOLKSWAGEN\u00a0GOL G3 1.6 MI 1999 A 2005<\/p>\n<p>VOLKSWAGEN\u00a0GOL G3 1.8 2.0 MI 1999 A 2005<\/p>\n<p>VOLKSWAGEN\u00a0KOMBI 1.6 MI 1997 A 2005<\/p>\n<p>VOLKSWAGEN\u00a0LOGUS 2.01 1994 A 1996<\/p>\n<p>VOLKSWAGEN PARATI 1.6 1.8 MI 1996 A 2004<\/p>\n<p>VOLKSWAGEN 2.0 MI 16V GTI 1994 A 2004<\/p>\n<p>VOLKSWAGEN\u00a0PARATI G2 1.0 1.6 1.8 MI 16V 1996 A 1999<\/p>\n<p>VOLKSWAGEN PARATI G3 1.0 MI 16V\u00a0 TURBO 1996 A 2004<\/p>\n<p>VOLKSWAGEN\u00a0POINTER 2.0I 1995 A 1996<\/p>\n<p>VOLKSWAGEN\u00a0QUANTUM 2.0 MI 1990 A 1996<\/p>\n<p>VOLKSWAGEN\u00a0SANTANA 2.0 I 1990 A 1996<\/p>\n<p>VOLKSWAGEN\u00a0SAVEIRO G2 1.6 1.8 2.0 MI 1997 A 2000<\/p>\n<p>VOLKSWAGEN\u00a0SAVEIRO G3 1.6 1.8 2.0 MI 1999 A 2005<\/p>\n<h4>C\u00f3digo de Refer\u00eancia:<\/h4>\n<p>FBC001 \/ 580454093 \/F000TEO103 \/ O580453471<\/p>\n<h4>Condi\u00e7\u00f5es:<\/h4>\n<p>Produto Novo Original \/ Marca Bosch<\/p>\n<div class=\"ui-pdp-collapsable ui-pdp-description-collapse\">\n<div class=\"ui-pdp-collapsable__container\">\n<div class=\"ui-pdp-description\">\n<h4><strong>Garantia<\/strong><strong>:<\/strong><\/h4>\n<p>3 Meses<\/p>\n<h3>ATEN\u00c7\u00c3O: Antes de efetuar a compra verifique o c\u00f3digo da sua pe\u00e7a que est\u00e1 instalado no seu ve\u00edculo.<\/h3>\n<h4><strong>O que \u00e9 e para que serve o Filtro da Bomba de Combust\u00edvel?<\/strong><\/h4>\n<\/div>\n<\/div>\n<\/div>\n<p>O Filtro da Bomba de combust\u00edvel \u00e9 uma parte essencial do sistema de combust\u00edvel de um ve\u00edculo. Sua principal fun\u00e7\u00e3o \u00e9 filtrar o combust\u00edvel que \u00e9 bombeado do tanque de combust\u00edvel para o motor, removendo impurezas, detritos e contaminantes que possam estar presentes no combust\u00edvel.<\/p>\n<div class=\"ui-pdp-collapsable ui-pdp-description-collapse\">\n<div class=\"ui-pdp-collapsable__container\">\n<div class=\"ui-pdp-description\">\n<p>&nbsp;<\/p>\n<p>A Casa da Inje\u00e7\u00e3o oferece total garantia nos produtos comprados em nosso site.<\/p>\n<ol>\n<li>Cada item \u00e9 rigorosamente testado antes do envio<\/li>\n<li>Se os itens estiverem danificados ou parcialmente defeituosos, entre em contato conosco.<\/li>\n<\/ol>\n<p>Se houver qualquer defeito, n\u00f3s lhe enviaremos uma substitui\u00e7\u00e3o ap\u00f3s receber o pacote ou devolvemos seu dinheiro.<\/p>\n<p>Leia nossa\u00a0<span style=\"color: #ff0000;\"><a style=\"color: #ff0000;\" href=\"https:\/\/www.casadainjecao.com.br\/loja\/politica-de-devolucao\">pol\u00edtica de devolu\u00e7\u00e3o aqui<\/a><\/span><\/p>\n<p>\u2014\u2014\u2014\u2014\u2014\u2014\u2014\u2014\u2014\u2014\u2014\u2014\u2014\u2014\u2014\u2014\u2014\u2014\u2014\u2013<\/p>\n<p><strong>Tem alguma d\u00favida?<\/strong><\/p>\n<p>Entre em contato que podemos ajudar!<\/p>\n<p>Confira as informa\u00e7\u00f5es adicionais abaixo:<\/p>\n<ul>\n<li>Todos os nossos produtos s\u00e3o novos, semi-novos, originais e paralelos possuem garantia.<\/li>\n<li>Todos os produtos anunciados est\u00e3o dispon\u00edveis em estoque e s\u00e3o enviados com extrema rapidez.<\/li>\n<li>O frete pode ser simulado antes de efetuar a compra, basta clicar em \u201cver custos de envio\u201d.<\/li>\n<li>Verifique o endere\u00e7o de entrega cadastrado e atualize caso necess\u00e1rio.<\/li>\n<li>Confirme se a pe\u00e7a \u00e9 correta para o seu modelo de ve\u00edculo.<\/li>\n<li>Para pe\u00e7as automotivas, recomendamos a instala\u00e7\u00e3o por um profissional especializado.<\/li>\n<\/ul>\n<p>Caso possua outras d\u00favidas, entre em contato.<\/p>\n<\/div>\n<\/div>\n<\/div>\n","protected":false},"excerpt":{"rendered":"<h2>Filtro da Bomba de Combustivel Flex Modelo Bosch &#8211; FBC001 \/ 580454093 \/F000TEO103 \/ O580453471<\/h2>\n","protected":false},"featured_media":30384,"template":"","meta":{"_seopress_robots_primary_cat":"none","_seopress_titles_title":"","_seopress_titles_desc":"","_seopress_robots_index":"","_joinchat":[]},"product_cat":[257,260,21],"product_tag":[115,59,119,232,60],"berocket_brand":[1326,381,1644,383,394,396],"_links":{"self":[{"href":"https:\/\/www.casadainjecao.com.br\/loja\/wp-json\/wp\/v2\/product\/30203"}],"collection":[{"href":"https:\/\/www.casadainjecao.com.br\/loja\/wp-json\/wp\/v2\/product"}],"about":[{"href":"https:\/\/www.casadainjecao.com.br\/loja\/wp-json\/wp\/v2\/types\/product"}],"wp:featuredmedia":[{"embeddable":true,"href":"https:\/\/www.casadainjecao.com.br\/loja\/wp-json\/wp\/v2\/media\/30384"}],"wp:attachment":[{"href":"https:\/\/www.casadainjecao.com.br\/loja\/wp-json\/wp\/v2\/media?parent=30203"}],"wp:term":[{"taxonomy":"product_cat","embeddable":true,"href":"https:\/\/www.casadainjecao.com.br\/loja\/wp-json\/wp\/v2\/product_cat?post=30203"},{"taxonomy":"product_tag","embeddable":true,"href":"https:\/\/www.casadainjecao.com.br\/loja\/wp-json\/wp\/v2\/product_tag?post=30203"},{"taxonomy":"berocket_brand","embeddable":true,"href":"https:\/\/www.casadainjecao.com.br\/loja\/wp-json\/wp\/v2\/berocket_brand?post=30203"}],"curies":[{"name":"wp","href":"https:\/\/api.w.org\/{rel}","templated":true}]}}