{"id":30240,"date":"2024-04-12T07:26:37","date_gmt":"2024-04-12T10:26:37","guid":{"rendered":"https:\/\/www.casadainjecao.com.br\/loja\/?post_type=product&#038;p=30240"},"modified":"2026-02-09T11:58:48","modified_gmt":"2026-02-09T14:58:48","slug":"tubo-do-atuador-de-embreagem-gm-novo-corsa-24404353","status":"publish","type":"product","link":"https:\/\/www.casadainjecao.com.br\/loja\/autopecas\/motor\/embreagem-motor\/tubo-do-atuador-de-embreagem-gm-novo-corsa-24404353\/","title":{"rendered":"Tubo do Atuador de Embreagem GM Novo Corsa &#8211; 24404353"},"content":{"rendered":"<h2>Tubo Flexivel Atuador Embreagem Original<\/h2>\n<p><strong>CHEVROLET<\/strong><\/p>\n<p>CHEVROLET CORSA\u00a0 NOVO- HATCH JOY 1.8- FLEX 2005 ate 2007<\/p>\n<p>CHEVROLET CORSA NOVO- HATCH MAXX 1.4- FLEX 2008 ate 2012<\/p>\n<p>CHEVROLET CORSA NOVO- HATCH\u00a0 MAXX 1.8- FLEX 2005 ate 2008<\/p>\n<p>CHEVROLET CORSA\u00a0 NOVO- HATCH PREM. 1.0- FLEX 2005 ate 2007<\/p>\n<p>CHEVROLET CORSA\u00a0 NOVO- HATCH\u00a0 PREMIUM 1.4- FLEX 2008 ate 2010<\/p>\n<p>CHEVROLET CORSA NOVO- HATCH\u00a0 SS 1.8- FLEX 2006 ate 2009<\/p>\n<p>CHEVROLET CORSA\u00a0 NOVO- HATCH 1.0- GASOLINA 2002 ate 2004<\/p>\n<p>CHEVROLET CORSA\u00a0 NOVO- HATCH 1.8- GASOLINA 2002 ate 2003<\/p>\n<p>CHEVROLET CORSA\u00a0 NOVO- JOY 1.0- FLEX 2005 ate 2009<\/p>\n<p>CHEVROLET CORSA\u00a0 NOVO- SEDAN MAXX 1.4- FLEX 2008 ate 2011<\/p>\n<p>CHEVROLET CORSA\u00a0 NOVO- SEDAN MAXX 1.8- FLEX 2005 ate 2007<\/p>\n<p>CHEVROLET CORSA\u00a0 NOVO- SEDAN PREMIUM 1.4- FLEX 2008 ate 2012<\/p>\n<p>CHEVROLET CORSA\u00a0 NOVO- SEDAN PREMIUM 1.8- FLEX 2005 ate 2009<\/p>\n<p>CHEVROLET CORSA NOVO- SEDAN PREMIUM\u00a0 1.0- FLEX 2005 ate 2007<\/p>\n<p>CHEVROLET CORSA\u00a0 NOVO- SEDAN 1.8- GASOLINA 2002 ate 2003<\/p>\n<p>CHEVROLET CORSA\u00a0 NOVO-HATCH 1.8- FLEX 2004 ate 2004<\/p>\n<p>CHEVROLET CORSA\u00a0 NOVO-SEDAN JOY 1.0- FLEX 2005 ate 2007<\/p>\n<p>CHEVROLET CORSA\u00a0 NOVO-SEDAN JOY 1.8 &#8211; FLEX 2005 ate 2007<\/p>\n<p>CHEVROLET CORSA\u00a0 NOVO-SEDAN 1.0- GASOLINA 2002 ate 2004<\/p>\n<p>CHEVROLET CORSA\u00a0 NOVO-SEDAN 1.8- FLEX 2004 ate 2004<\/p>\n<p>CHEVROLET CORSA\u00a0 NOVO- HATCH REMIUM 1.8- FLEX 2005 ate 2007<\/p>\n<p>CHEVROLET CORSA\u00a0 NOVO- SEDAN\u00a0 MAXX 1.0- FLEX 2004 ate 2007<\/p>\n<p>CHEVROLET\u00a0 MERIVA 2004 A 2011<\/p>\n<p>CHEVROLET MONTANA 2004 A 2012<\/p>\n<h4>C\u00f3digo de Refer\u00eancia:<\/h4>\n<p>24404353<\/p>\n<div class=\"ui-pdp-collapsable ui-pdp-description-collapse\">\n<div class=\"ui-pdp-collapsable__container\">\n<div class=\"ui-pdp-description\">\n<h4>Condi\u00e7\u00f5es:<\/h4>\n<p>Produto Novo Original \/ Marca Torken<\/p>\n<h4><strong>Garantia<\/strong><strong>:<\/strong><\/h4>\n<p>3 Meses<\/p>\n<h3>ATEN\u00c7\u00c3O: Antes de efetuar a compra verifique o c\u00f3digo da sua pe\u00e7a que est\u00e1 instalado no seu ve\u00edculo.<\/h3>\n<h4><strong>O que \u00e9 e para que serve o Tubo do Atuador de Embreagem?<\/strong><\/h4>\n<\/div>\n<\/div>\n<\/div>\n<p>O Tubo do Atuador de embreagem \u00e9 uma parte crucial do sistema de acionamento hidr\u00e1ulico da embreagem em ve\u00edculos equipados com esse tipo de sistema. Sua fun\u00e7\u00e3o \u00e9 transportar o fluido hidr\u00e1ulico pressurizado do cilindro mestre de embreagem at\u00e9 o cilindro escravo de embreagem.<\/p>\n<div class=\"ui-pdp-collapsable ui-pdp-description-collapse\">\n<div class=\"ui-pdp-collapsable__container\">\n<div class=\"ui-pdp-description\">\n<p>&nbsp;<\/p>\n<p>A Casa da Inje\u00e7\u00e3o oferece total garantia nos produtos comprados em nosso site.<\/p>\n<ol>\n<li>Cada item \u00e9 rigorosamente testado antes do envio<\/li>\n<li>Se os itens estiverem danificados ou parcialmente defeituosos, entre em contato conosco.<\/li>\n<\/ol>\n<p>Se houver qualquer defeito, n\u00f3s lhe enviaremos uma substitui\u00e7\u00e3o ap\u00f3s receber o pacote ou devolvemos seu dinheiro.<\/p>\n<p>Leia nossa\u00a0<span style=\"color: #ff0000;\"><a style=\"color: #ff0000;\" href=\"https:\/\/www.casadainjecao.com.br\/loja\/politica-de-devolucao\">pol\u00edtica de devolu\u00e7\u00e3o aqui<\/a><\/span><\/p>\n<p>\u2014\u2014\u2014\u2014\u2014\u2014\u2014\u2014\u2014\u2014\u2014\u2014\u2014\u2014\u2014\u2014\u2014\u2014\u2014\u2013<\/p>\n<p><strong>Tem alguma d\u00favida?<\/strong><\/p>\n<p>Entre em contato que podemos ajudar!<\/p>\n<p>Confira as informa\u00e7\u00f5es adicionais abaixo:<\/p>\n<ul>\n<li>Todos os nossos produtos s\u00e3o novos, semi-novos, originais e paralelos possuem garantia.<\/li>\n<li>Todos os produtos anunciados est\u00e3o dispon\u00edveis em estoque e s\u00e3o enviados com extrema rapidez.<\/li>\n<li>O frete pode ser simulado antes de efetuar a compra, basta clicar em \u201cver custos de envio\u201d.<\/li>\n<li>Verifique o endere\u00e7o de entrega cadastrado e atualize caso necess\u00e1rio.<\/li>\n<li>Confirme se a pe\u00e7a \u00e9 correta para o seu modelo de ve\u00edculo.<\/li>\n<li>Para pe\u00e7as automotivas, recomendamos a instala\u00e7\u00e3o por um profissional especializado.<\/li>\n<\/ul>\n<p>Caso possua outras d\u00favidas, entre em contato.<\/p>\n<\/div>\n<\/div>\n<\/div>\n","protected":false},"excerpt":{"rendered":"<h2>Tubo Flexivel do Atuador de Embreagem GM Novo Corsa &#8211; 24404353<\/h2>\n","protected":false},"featured_media":30245,"template":"","meta":{"_seopress_robots_primary_cat":"none","_seopress_titles_title":"","_seopress_titles_desc":"","_seopress_robots_index":"","_kad_blocks_custom_css":"","_kad_blocks_head_custom_js":"","_kad_blocks_body_custom_js":"","_kad_blocks_footer_custom_js":"","_joinchat":[]},"product_cat":[1802,22],"product_tag":[115,117,296],"berocket_brand":[381],"taxonomy_info":{"product_cat":[{"value":1802,"label":"Embreagem"},{"value":22,"label":"Motor"}],"product_tag":[{"value":115,"label":"Corsa"},{"value":117,"label":"Meriva"},{"value":296,"label":"Montana"}],"berocket_brand":[{"value":381,"label":"Chevrolet"}]},"featured_image_src_large":["https:\/\/www.casadainjecao.com.br\/loja\/wp-content\/uploads\/2024\/04\/Tubo-do-Atuador-de-Embreagem-GM-Novo-Corsa-meriva-montana-original-24404353-1135x920.jpg",640,519,true],"author_info":[],"comment_info":"","_links":{"self":[{"href":"https:\/\/www.casadainjecao.com.br\/loja\/wp-json\/wp\/v2\/product\/30240"}],"collection":[{"href":"https:\/\/www.casadainjecao.com.br\/loja\/wp-json\/wp\/v2\/product"}],"about":[{"href":"https:\/\/www.casadainjecao.com.br\/loja\/wp-json\/wp\/v2\/types\/product"}],"wp:featuredmedia":[{"embeddable":true,"href":"https:\/\/www.casadainjecao.com.br\/loja\/wp-json\/wp\/v2\/media\/30245"}],"wp:attachment":[{"href":"https:\/\/www.casadainjecao.com.br\/loja\/wp-json\/wp\/v2\/media?parent=30240"}],"wp:term":[{"taxonomy":"product_cat","embeddable":true,"href":"https:\/\/www.casadainjecao.com.br\/loja\/wp-json\/wp\/v2\/product_cat?post=30240"},{"taxonomy":"product_tag","embeddable":true,"href":"https:\/\/www.casadainjecao.com.br\/loja\/wp-json\/wp\/v2\/product_tag?post=30240"},{"taxonomy":"berocket_brand","embeddable":true,"href":"https:\/\/www.casadainjecao.com.br\/loja\/wp-json\/wp\/v2\/berocket_brand?post=30240"}],"curies":[{"name":"wp","href":"https:\/\/api.w.org\/{rel}","templated":true}]}}