{"id":30332,"date":"2024-04-16T15:42:36","date_gmt":"2024-04-16T18:42:36","guid":{"rendered":"https:\/\/www.casadainjecao.com.br\/loja\/?post_type=product&#038;p=30332"},"modified":"2026-05-04T11:57:37","modified_gmt":"2026-05-04T14:57:37","slug":"bucha-inferior-garfo-acionamento-embreagem-fiat-46784964","status":"publish","type":"product","link":"https:\/\/www.casadainjecao.com.br\/loja\/autopecas\/transmissao\/embreagem\/bucha-inferior-garfo-acionamento-embreagem-fiat-46784964\/","title":{"rendered":"Bucha Inferior Garfo Acionamento Embreagem Fiat &#8211; 4678"},"content":{"rendered":"<div id=\"description\" class=\"ui-pdp-container__row ui-pdp-container__row--description\">\n<div class=\"ui-pdp-collapsable ui-pdp-description-collapse\">\n<div class=\"ui-pdp-collapsable__container\">\n<div class=\"ui-pdp-description\">\n<h2 class=\"ui-pdp-description__content\">Bucha Inferior Garfo Acionamento Embreagem Original<\/h2>\n<p class=\"ui-pdp-description__content\"><strong>FIAT<\/strong><\/p>\n<p class=\"ui-pdp-description__content\">Fiat Albea 1.8 8v (2009 a 2010)<\/p>\n<p class=\"ui-pdp-description__content\">Fiat Alfa Romeo 147 (2003 a 2004)<\/p>\n<p class=\"ui-pdp-description__content\">Fiat Alfa Romeo 147 (2006 a 2007)<\/p>\n<p class=\"ui-pdp-description__content\">Fiat Argo Drive 1.0 1.3 (2017 a 2020)<\/p>\n<p class=\"ui-pdp-description__content\">Fiat Argo HGT Precision 1.8 (2017 a 2020)<\/p>\n<p class=\"ui-pdp-description__content\">Fiat Cronos Precision, Drive,\u00a0 Entry, Low \u00a0(2018 a 2020)<\/p>\n<p class=\"ui-pdp-description__content\">Fiat Novo Fiorino (2011 a 2020)<\/p>\n<p class=\"ui-pdp-description__content\">Fiat Grand Siena Attractive 1.0 E.e (2016 a 2020)<\/p>\n<p class=\"ui-pdp-description__content\">Fiat Grand Siena Essence 1.6 E.torq 16v (2013 a 2020)<\/p>\n<p class=\"ui-pdp-description__content\">Fiat Grand Siena Essence 1.6 Tritec (2016 a 2020)<\/p>\n<p class=\"ui-pdp-description__content\">Fiat Idea Attractive 1.4 Fire 8v (2011 a 2020)<\/p>\n<p class=\"ui-pdp-description__content\">Fiat Idea Elx 1.4 8v (2007 a 2010)<\/p>\n<p class=\"ui-pdp-description__content\">Fiat Idea Elx 1.4 Fire 8v (2006 a 2010)<\/p>\n<p class=\"ui-pdp-description__content\">Fiat Mobi Easy (2017 a 2020)<\/p>\n<p class=\"ui-pdp-description__content\">Fiat Mobi Fire (2017 a 2020)<\/p>\n<p class=\"ui-pdp-description__content\">Fiat Mobi Way, Like (2017 a 2020)<\/p>\n<p class=\"ui-pdp-description__content\">Fiat Nova Strada Working (2020 a 2020)<\/p>\n<p class=\"ui-pdp-description__content\">Fiat Novo Palio Attractive 1.0 Fire Evo 8v (2012 a 2015)<\/p>\n<p class=\"ui-pdp-description__content\">Fiat Novo Palio Essence 1.6 E.torq 16v (2012 a 2020)<\/p>\n<p class=\"ui-pdp-description__content\">Fiat Novo Palio Sporting 1.6 E.torq 16v (2012 a 2020)<\/p>\n<p class=\"ui-pdp-description__content\">Fiat Novo Uno Attractive (2015 a 2020)<\/p>\n<p class=\"ui-pdp-description__content\">Fiat Novo Uno Attractive 1.4 (2011 a 2012)<\/p>\n<p class=\"ui-pdp-description__content\">Fiat Novo Uno Drive (2016 a 2020)<\/p>\n<p class=\"ui-pdp-description__content\">Fiat Novo Uno Economy 1.4 (2012 a 2014)<\/p>\n<p class=\"ui-pdp-description__content\">Fiat Novo Uno Evolution (2015 a 2016)<\/p>\n<p class=\"ui-pdp-description__content\">Fiat Novo Uno Sporting (2015 a 2016)<\/p>\n<p class=\"ui-pdp-description__content\">Fiat Novo Uno Sporting (2016 a 2020)<\/p>\n<p class=\"ui-pdp-description__content\">Fiat Novo Uno Sporting 1.4 (2011 a 2014)<\/p>\n<p class=\"ui-pdp-description__content\">Fiat Novo Uno Vivace 1.0 (2011 a 2016)<\/p>\n<p class=\"ui-pdp-description__content\">Fiat Novo Uno Way (2016 a 2020)<\/p>\n<p class=\"ui-pdp-description__content\">Fiat Novo Uno Way 1.0 (2011 a 2014)<\/p>\n<p class=\"ui-pdp-description__content\">Fiat Novo Uno Way 1.0 1.4 (2015 a 2016)<\/p>\n<p class=\"ui-pdp-description__content\">Fiat Novo Uno Way 1.4 (2011 a 2014)<\/p>\n<p class=\"ui-pdp-description__content\">Fiat Palio Adventure 1.6 16v (2001 a 2005)<\/p>\n<p class=\"ui-pdp-description__content\">Fiat Palio Adventure 1.6 E.torq 16v (2013 a 2014)<\/p>\n<p class=\"ui-pdp-description__content\">Fiat Palio Adventure 1.7 Turbo 8v (2006 a 2008)<\/p>\n<p class=\"ui-pdp-description__content\">Fiat Palio Adventure 1.8 8v (2005 a 2008)<\/p>\n<p class=\"ui-pdp-description__content\">Fiat Palio Attractive 1.3 Jtd 16v (2011 a 2011)<\/p>\n<p class=\"ui-pdp-description__content\">Fiat Palio Attractive 1.4 8v (2011 a 2012)<\/p>\n<p class=\"ui-pdp-description__content\">Fiat Palio Attractive 1.4 Fire 8v (2011 a 2012)<\/p>\n<p class=\"ui-pdp-description__content\">Fiat Palio Elx 1.0 Fire 16v (2001 a 2003)<\/p>\n<p class=\"ui-pdp-description__content\">Fiat Palio Elx 1.0 Fire 8v (2001 a 2011)<\/p>\n<p class=\"ui-pdp-description__content\">Fiat Palio Elx 1.3 Fire 16v (2001 a 2007)<\/p>\n<p class=\"ui-pdp-description__content\">Fiat Palio Elx 1.3 Jtd 16v (2010 a 2010)<\/p>\n<p class=\"ui-pdp-description__content\">Fiat Palio Elx 1.4 8v (2006 a 2010)<\/p>\n<p class=\"ui-pdp-description__content\">Fiat Palio Elx 1.6 16v (2001 a 2004)<\/p>\n<p class=\"ui-pdp-description__content\">Fiat Palio Elx 1.7 Turbo 8v (2004 a 2007)<\/p>\n<p class=\"ui-pdp-description__content\">Fiat Palio Elx 25 Anos 1.0 Fire 16v (2002 a 2002)<\/p>\n<p class=\"ui-pdp-description__content\">Fiat Palio Ex 1.0 Fire 16v (2002 a 2003)<\/p>\n<p class=\"ui-pdp-description__content\">Fiat Palio Ex 1.0 Fire 8v (2001 a 2007)<\/p>\n<p class=\"ui-pdp-description__content\">Fiat Palio Ex 1.3 Fire 16v (2003 a 2004)<\/p>\n<p class=\"ui-pdp-description__content\">Fiat Palio Fire 1.4 8v (2007 a 2009)<\/p>\n<p class=\"ui-pdp-description__content\">Fiat Palio Fire Economy 1.4 Fire 8v (2014 a 2020)<\/p>\n<p class=\"ui-pdp-description__content\">Fiat Palio Fire Economy Way 1.4 Fire 8v (2015 a 2020)<\/p>\n<p class=\"ui-pdp-description__content\">Fiat Palio Hlx 1.8 8v (2004 a 2007)<\/p>\n<p class=\"ui-pdp-description__content\">Fiat Palio Penta 1.0 Fire 8v (2003)<\/p>\n<p class=\"ui-pdp-description__content\">Fiat Palio Stile 1.6 16v (2001 a 2002)<\/p>\n<p class=\"ui-pdp-description__content\">Fiat Palio Weekend Attractive 1.4 Fire 8v (2011 a 2014)<\/p>\n<p class=\"ui-pdp-description__content\">Fiat Palio Weekend Elx 1.0 Fire 16v (2001 a 2003)<\/p>\n<p class=\"ui-pdp-description__content\">Fiat Palio Weekend Elx 1.3 Fire 16v (2001 a 2005)<\/p>\n<p class=\"ui-pdp-description__content\">Fiat Palio Weekend Elx 1.4 8v (2006 a 2010)<\/p>\n<p class=\"ui-pdp-description__content\">Fiat Palio Weekend Elx 1.6 16v (2004 a 2004)<\/p>\n<p class=\"ui-pdp-description__content\">Fiat Palio Weekend Elx 1.7 Turbo 8v (2004 a 2008)<\/p>\n<p class=\"ui-pdp-description__content\">Fiat Palio Weekend Elx 1.8 8v (2004 a 2008)<\/p>\n<p class=\"ui-pdp-description__content\">Fiat Palio Weekend Ex 1.3 Fire 8v (2003 a 2004)<\/p>\n<p class=\"ui-pdp-description__content\">Fiat Palio Weekend Stile 1.6 16v (2001 a 2003)<\/p>\n<p class=\"ui-pdp-description__content\">Fiat Palio Weekend Trekking 1.4 8v (2009 a 2009)<\/p>\n<p class=\"ui-pdp-description__content\">Fiat Palio Weekend Trekking 1.4 Fire 8v (2009 a 2014)<\/p>\n<p class=\"ui-pdp-description__content\">Fiat Punto Attractive 1.4 2017 E.e (2017 a 2020)<\/p>\n<p class=\"ui-pdp-description__content\">Fiat Punto Attractive 1.4 Fire 8v (2013 a 2020)<\/p>\n<p class=\"ui-pdp-description__content\">Fiat Punto Blackm 1.8 16v 5p Dualogic E.e(2017 a 2020)<\/p>\n<p class=\"ui-pdp-description__content\">Fiat Punto Blackmotion 1.8 16v 2017 E.e (2017 a 2020)<\/p>\n<p class=\"ui-pdp-description__content\">Fiat Punto Blackmotion 1.8 E.torq 16v (2015 a 2020)<\/p>\n<p class=\"ui-pdp-description__content\">Fiat Punto Essence 1.6 16v 2017 E.e (2017 a 2020)<\/p>\n<p class=\"ui-pdp-description__content\">Fiat Punto Essence 1.6 E.torq 16v Dualogic (2015 a 2020)<\/p>\n<p class=\"ui-pdp-description__content\">Fiat Punto Essence Dualogic 1.6 16v 2017 E.e (2017 a 2020)<\/p>\n<p class=\"ui-pdp-description__content\">Fiat Siena Attractive 1.3 Jtd 16v (2011 a 2011)<\/p>\n<p class=\"ui-pdp-description__content\">Fiat Siena Attractive 1.4 8v Tetrafuel (2011 a 2012)<\/p>\n<p class=\"ui-pdp-description__content\">Fiat Siena Attractive 1.4 Fire 8v (2011 a 2012)<\/p>\n<p class=\"ui-pdp-description__content\">Fiat Siena El 1.4 8v (2013 a 2020)<\/p>\n<p class=\"ui-pdp-description__content\">Fiat Siena El 1.4 Fire 8v (2010 a 2020)<\/p>\n<p class=\"ui-pdp-description__content\">Fiat Siena Elx 1.0 Fire 16v (2001 a 2003)<\/p>\n<p class=\"ui-pdp-description__content\">Fiat Siena Elx 1.0 Fire 8v (2005 a 2010)<\/p>\n<p class=\"ui-pdp-description__content\">Fiat Siena Elx 1.3 Fire 16v (2001 a 2008)<\/p>\n<p class=\"ui-pdp-description__content\">Fiat Siena Elx 1.3 Fire 8v (2005 a 2005)<\/p>\n<p class=\"ui-pdp-description__content\">Fiat Siena Elx 1.3 Jtd 16v (2009 a 2010)<\/p>\n<p class=\"ui-pdp-description__content\">Fiat Siena Elx 1.4 8v (2006 a 2007)<\/p>\n<p class=\"ui-pdp-description__content\">Fiat Siena Elx 1.4 8v (2008 a 2009)<\/p>\n<p class=\"ui-pdp-description__content\">Fiat Siena Elx 1.4 8v Tetrafuel (2007 a 2007)<\/p>\n<p class=\"ui-pdp-description__content\">Fiat Siena Elx 1.4 8v Tetrafuel (2007 a 2008)<\/p>\n<p class=\"ui-pdp-description__content\">Fiat Siena Elx 1.4 8v Tetrafuel (2008 a 2010)<\/p>\n<p class=\"ui-pdp-description__content\">Fiat Siena Elx 1.4 Fire 8v (2006 a 2007)<\/p>\n<p class=\"ui-pdp-description__content\">Fiat Siena Elx 1.4 Fire 8v (2008 a 2010)<\/p>\n<p class=\"ui-pdp-description__content\">Fiat Siena Elx 1.4 Fire 8v (2009 a 2012)<\/p>\n<p class=\"ui-pdp-description__content\">Fiat Siena Elx 1.6 16v (2001 a 2003)<\/p>\n<p class=\"ui-pdp-description__content\">Fiat Siena Elx 1.6 16v (2004 a 2004)<\/p>\n<p class=\"ui-pdp-description__content\">Fiat Siena Elx 1.6 16v (2005 a 2005)<\/p>\n<p class=\"ui-pdp-description__content\">Fiat Siena Elx 1.7 Turbo 8v (2004 a 2006)<\/p>\n<p class=\"ui-pdp-description__content\">Fiat Siena Elx 1.7 Turbo 8v (2004 a 2007)<\/p>\n<p class=\"ui-pdp-description__content\">Fiat Siena Elx 1.8 8v (2005 a 2006)<\/p>\n<p class=\"ui-pdp-description__content\">Fiat Siena Elx 25 Anos 1.0 Fire 16v (2002 a 2002)<\/p>\n<p class=\"ui-pdp-description__content\">Fiat Siena Ex 1.0 Fire 16v (2001 a 2002)<\/p>\n<p class=\"ui-pdp-description__content\">Fiat Siena Ex 1.3 Fire 8v (2003 a 2004)<\/p>\n<p class=\"ui-pdp-description__content\">Fiat Siena Fire 1.0 Fire 8v (2002 a 2003)<\/p>\n<p class=\"ui-pdp-description__content\">Fiat Siena Fire 1.4 Fire 8v (2009 a 2013)<\/p>\n<p class=\"ui-pdp-description__content\">Fiat Siena Hlx 1.8 8v (2005 a 2006)<\/p>\n<p class=\"ui-pdp-description__content\">Fiat Siena Hlx 1.8 8v (2005 a 2007)<\/p>\n<p class=\"ui-pdp-description__content\">Fiat Siena Hlx 1.8 8v (2007 a 2008)<\/p>\n<p class=\"ui-pdp-description__content\">Fiat Siena Hlx 1.8 8v (2008 a 2010)<\/p>\n<p class=\"ui-pdp-description__content\">Fiat Siena Hlx 1.8 8v (2008 a 2012)<\/p>\n<p class=\"ui-pdp-description__content\">Fiat Siena Sporting 1.8 8v (2010 a 2010)<\/p>\n<p class=\"ui-pdp-description__content\">Fiat Strada Adventure 1.6 Cabine Dupla (2016 a 2020)<\/p>\n<p class=\"ui-pdp-description__content\">Fiat Strada Adventure 1.8 8v (2005 a 2006)<\/p>\n<p class=\"ui-pdp-description__content\">Fiat Strada Adventure 1.8 8v (2007 a 2008)<\/p>\n<p class=\"ui-pdp-description__content\">Fiat Strada Adventure 1.8 8v (2009 a 2010)<\/p>\n<p class=\"ui-pdp-description__content\">Fiat Strada Adventure 1.8 8v (2009 a 2012)<\/p>\n<p class=\"ui-pdp-description__content\">Fiat Strada Adventure Dupla 1.8 8v (2010 a 2010)<\/p>\n<p class=\"ui-pdp-description__content\">Fiat Strada Fire 1.4 Fire 8v (2007 a 2009)<\/p>\n<p class=\"ui-pdp-description__content\">Fiat Strada Fire 1.4 Fire 8v (2010 a 2012)<\/p>\n<p class=\"ui-pdp-description__content\">Fiat Strada Fire Estendida 1.4 Fire 8v (2007 a 2009)<\/p>\n<p class=\"ui-pdp-description__content\">Fiat Strada Fire Estendida 1.4 Fire 8v (2010 a 2012)<\/p>\n<p class=\"ui-pdp-description__content\">Fiat Strada Sporting Estendida 1.8 8v (2010 a 2010)<\/p>\n<p class=\"ui-pdp-description__content\">Fiat Strada Trekking 1.4 8v (2013 a 2013)<\/p>\n<p class=\"ui-pdp-description__content\">Fiat Strada Trekking 1.4 Fire 8v (2009 a 2012)<\/p>\n<p class=\"ui-pdp-description__content\">Fiat Strada Trekking 1.6 E.torq 16v (2013 a 2013)<\/p>\n<p class=\"ui-pdp-description__content\">Fiat Strada Trekking 1.8 8v (2005 a 2006)<\/p>\n<p class=\"ui-pdp-description__content\">Fiat Strada Trekking 1.8 8v (2005 a 2008)<\/p>\n<p class=\"ui-pdp-description__content\">Fiat Strada Trekking 1.8 8v (2007 a 2008)<\/p>\n<p class=\"ui-pdp-description__content\">Fiat Strada Trekking 1.8 8v (2009 a 2010)<\/p>\n<p class=\"ui-pdp-description__content\">Fiat Strada Trekking 1.8 8v (2009 a 2012)<\/p>\n<p class=\"ui-pdp-description__content\">Fiat Strada Trekking Dupla 1.4 Fire 8v 3p (2014 a 2020)<\/p>\n<p class=\"ui-pdp-description__content\">Fiat Strada Working Estendida 1.4 8v (2009 a 2009)<\/p>\n<p class=\"ui-pdp-description__content\">Fiat Strada Working Estendida 1.4 8v (2010 a 2012)<\/p>\n<p class=\"ui-pdp-description__content\">Fiat Strada Working Estendida 1.4 8v (2013 a 2013)<\/p>\n<p class=\"ui-pdp-description__content\">Fiat Strada Working Estendida 1.4 Fire 8v (2009 a 2012)<\/p>\n<p class=\"ui-pdp-description__content\">Fiat Strada Working Estendida 1.4 Fire 8v (2013 a 2013)<\/p>\n<p class=\"ui-pdp-description__content\">Fiat Strada Working Estendida 1.4 Fire 8v (2014 a 2015)<\/p>\n<p class=\"ui-pdp-description__content\">Fiat Strada Working Estendida 1.4 Fire 8v (2014 a 2020)<\/p>\n<p class=\"ui-pdp-description__content\">Fiat Strada Working Estendida 1.4 Fire 8v (2015 a 2020)<\/p>\n<p class=\"ui-pdp-description__content\">Fiat Weekend Adventure 1.6 E.torq 16v (2015 a 2020)<\/p>\n<p class=\"ui-pdp-description__content\">Fiat Weekend Adventure 1.6 Mt (2016 a 2020)<\/p>\n<p class=\"ui-pdp-description__content\">Fiat Weekend Adventure 1.8 E.torq 16v (2015 a 2015)<\/p>\n<p class=\"ui-pdp-description__content\">Fiat Weekend Adventure 1.8 E.torq 16v (2015 a 2020)<\/p>\n<p class=\"ui-pdp-description__content\">Fiat Weekend Adventure 1.8 E.torq 16v (2016 a 2020)<\/p>\n<p class=\"ui-pdp-description__content\">Fiat Weekend Adventure 1.8 E.torq 16v Mta (2016 a 2020)<\/p>\n<p class=\"ui-pdp-description__content\">Fiat Weekend Attractive 1.4 Fire 8v (2015 a 2015)<\/p>\n<p class=\"ui-pdp-description__content\">Fiat Weekend Attractive 1.4 Fire 8v (2015 a 2020)<\/p>\n<p class=\"ui-pdp-description__content\">Fiat Weekend Attractive 1.4 Fire 8v (2016 a 2020)<\/p>\n<p class=\"ui-pdp-description__content\">Fiat Weekend Trekking 1.4 Fire 8v (2015 a 2020)<\/p>\n<p class=\"ui-pdp-description__content\">Fiat Weekend Trekking 1.6 E.torq 16v (2015 a 2015)<\/p>\n<p class=\"ui-pdp-description__content\">Fiat Weekend Trekking 1.6 E.torq 16v (2015 a 2020)<\/p>\n<h4>C\u00f3digo de Refer\u00eancia:<\/h4>\n<p class=\"ui-pdp-description__content\">46784964<\/p>\n<h4>Condi\u00e7\u00f5es:<\/h4>\n<p>Produto Novo Original \/ Marca Fiat Mopar<\/p>\n<h4>Especifica\u00e7\u00f5es:<\/h4>\n<p>comprimento do garfo de embreagem: 2,0cm \/ di\u00e2metro externo do garfo de embreagem: 2,9cm \/ di\u00e2metro interno do garfo de embreagem: 1,61cm \/ largura do suporte do rolamento: 2,34cm<\/p>\n<h4><strong>Garantia:<\/strong><\/h4>\n<p>3 Meses<\/p>\n<h3>ATEN\u00c7\u00c3O: Antes de efetuar a compra verifique o c\u00f3digo da sua pe\u00e7a que est\u00e1 instalado no seu ve\u00edculo.<\/h3>\n<h4><strong>O que \u00e9 e para que serve a Bucha Inferior Garfo Acionamento Embreagem?<\/strong><\/h4>\n<\/div>\n<\/div>\n<\/div>\n<p>A Bucha Inferior do garfo de acionamento da embreagem \u00e9 uma pe\u00e7a localizada na extremidade inferior do garfo de acionamento da embreagem. Sua fun\u00e7\u00e3o \u00e9 fornecer um ponto de articula\u00e7\u00e3o suave e est\u00e1vel para o garfo de acionamento da embreagem enquanto ele se move para frente e para tr\u00e1s durante a opera\u00e7\u00e3o da embreagem.<\/p>\n<div class=\"ui-pdp-collapsable ui-pdp-description-collapse\">\n<div class=\"ui-pdp-collapsable__container\">\n<div class=\"ui-pdp-description\">\n<p>&nbsp;<\/p>\n<p>A Casa da Inje\u00e7\u00e3o oferece total garantia nos produtos comprados em nosso site.<\/p>\n<ol>\n<li>Cada item \u00e9 rigorosamente testado antes do envio<\/li>\n<li>Se os itens estiverem danificados ou parcialmente defeituosos, entre em contato conosco.<\/li>\n<\/ol>\n<p>Se houver qualquer defeito, n\u00f3s lhe enviaremos uma substitui\u00e7\u00e3o ap\u00f3s receber o pacote ou devolvemos seu dinheiro.<\/p>\n<p>Leia nossa\u00a0<span style=\"color: #ff0000;\"><a style=\"color: #ff0000;\" href=\"https:\/\/www.casadainjecao.com.br\/loja\/politica-de-devolucao\">pol\u00edtica de devolu\u00e7\u00e3o aqui<\/a><\/span><\/p>\n<p>\u2014\u2014\u2014\u2014\u2014\u2014\u2014\u2014\u2014\u2014\u2014\u2014\u2014\u2014\u2014\u2014\u2014\u2014\u2014\u2013<\/p>\n<p><strong>Tem alguma d\u00favida?<\/strong><\/p>\n<p>Entre em contato que podemos ajudar!<\/p>\n<p>Confira as informa\u00e7\u00f5es adicionais abaixo:<\/p>\n<ul>\n<li>Todos os nossos produtos s\u00e3o novos, semi-novos, originais e paralelos possuem garantia.<\/li>\n<li>Todos os produtos anunciados est\u00e3o dispon\u00edveis em estoque e s\u00e3o enviados com extrema rapidez.<\/li>\n<li>O frete pode ser simulado antes de efetuar a compra, basta clicar em \u201cver custos de envio\u201d.<\/li>\n<li>Verifique o endere\u00e7o de entrega cadastrado e atualize caso necess\u00e1rio.<\/li>\n<li>Confirme se a pe\u00e7a \u00e9 correta para o seu modelo de ve\u00edculo.<\/li>\n<li>Para pe\u00e7as automotivas, recomendamos a instala\u00e7\u00e3o por um profissional especializado.<\/li>\n<\/ul>\n<p>Caso possua outras d\u00favidas, entre em contato.<\/p>\n<\/div>\n<\/div>\n<\/div>\n<\/div>\n","protected":false},"excerpt":{"rendered":"<h2>Bucha Inferior Garfo Acionamento Embreagem Fiat &#8211; 46784964<\/h2>\n","protected":false},"featured_media":36705,"template":"","meta":{"_seopress_robots_primary_cat":"none","_seopress_titles_title":"","_seopress_titles_desc":"","_seopress_robots_index":"","_joinchat":[]},"product_cat":[325,326],"product_tag":[1915,1635,1600,119,1892,108,120,121],"berocket_brand":[383],"_links":{"self":[{"href":"https:\/\/www.casadainjecao.com.br\/loja\/wp-json\/wp\/v2\/product\/30332"}],"collection":[{"href":"https:\/\/www.casadainjecao.com.br\/loja\/wp-json\/wp\/v2\/product"}],"about":[{"href":"https:\/\/www.casadainjecao.com.br\/loja\/wp-json\/wp\/v2\/types\/product"}],"wp:featuredmedia":[{"embeddable":true,"href":"https:\/\/www.casadainjecao.com.br\/loja\/wp-json\/wp\/v2\/media\/36705"}],"wp:attachment":[{"href":"https:\/\/www.casadainjecao.com.br\/loja\/wp-json\/wp\/v2\/media?parent=30332"}],"wp:term":[{"taxonomy":"product_cat","embeddable":true,"href":"https:\/\/www.casadainjecao.com.br\/loja\/wp-json\/wp\/v2\/product_cat?post=30332"},{"taxonomy":"product_tag","embeddable":true,"href":"https:\/\/www.casadainjecao.com.br\/loja\/wp-json\/wp\/v2\/product_tag?post=30332"},{"taxonomy":"berocket_brand","embeddable":true,"href":"https:\/\/www.casadainjecao.com.br\/loja\/wp-json\/wp\/v2\/berocket_brand?post=30332"}],"curies":[{"name":"wp","href":"https:\/\/api.w.org\/{rel}","templated":true}]}}