{"id":30340,"date":"2024-04-16T16:08:38","date_gmt":"2024-04-16T19:08:38","guid":{"rendered":"https:\/\/www.casadainjecao.com.br\/loja\/?post_type=product&#038;p=30340"},"modified":"2026-05-06T23:12:48","modified_gmt":"2026-05-07T02:12:48","slug":"bucha-superior-do-garfo-acionamento-embreagem-fiat-46784963","status":"publish","type":"product","link":"https:\/\/www.casadainjecao.com.br\/loja\/autopecas\/transmissao\/embreagem\/bucha-superior-do-garfo-acionamento-embreagem-fiat-46784963\/","title":{"rendered":"Bucha Superior do Garfo Acionamento Embreagem Fiat &#8211;\u00a0"},"content":{"rendered":"<div id=\"description\" class=\"ui-pdp-container__row ui-pdp-container__row--description\">\n<div class=\"ui-pdp-collapsable ui-pdp-description-collapse\">\n<div class=\"ui-pdp-collapsable__container\">\n<div class=\"ui-pdp-description\">\n<h2 class=\"ui-pdp-description__content\">Bucha Superior do Garfo Acionamento Embreagem Original<\/h2>\n<p class=\"ui-pdp-description__content\"><strong>FIAT<\/strong><\/p>\n<p class=\"ui-pdp-description__content\">Fiat Uno Novo 2011 a 2021<\/p>\n<p class=\"ui-pdp-description__content\">Fiat Fiorino Novo 2014 a 2022<\/p>\n<p class=\"ui-pdp-description__content\">Fiat Tempra<\/p>\n<p class=\"ui-pdp-description__content\">Fiat Tipo<\/p>\n<p class=\"ui-pdp-description__content\">Fiat Palio 2001 a 2020<\/p>\n<p class=\"ui-pdp-description__content\">Fiat Palio Weekend 2001 a 2020<\/p>\n<p class=\"ui-pdp-description__content\">Fiat Siena 2001 a 2020<\/p>\n<p class=\"ui-pdp-description__content\">Fiat Strada 2004 a 2020<\/p>\n<p class=\"ui-pdp-description__content\">Fiat Palio Novo Ap\u00f3s 2012<\/p>\n<p class=\"ui-pdp-description__content\">Fiat Grand Siena Ap\u00f3s 2012<\/p>\n<p class=\"ui-pdp-description__content\">Fiat Marea Ap\u00f3s 1999<\/p>\n<p class=\"ui-pdp-description__content\">Fiat Marea Weekend Ap\u00f3s 1999<\/p>\n<p class=\"ui-pdp-description__content\">Fiat Brava Ap\u00f3s 1999<\/p>\n<p class=\"ui-pdp-description__content\">Fiat Mobi Ap\u00f3s 2017<\/p>\n<p class=\"ui-pdp-description__content\">Fiat Argo Ap\u00f3s 2017<\/p>\n<p class=\"ui-pdp-description__content\">Fiat Cronos Ap\u00f3s 2018<\/p>\n<p class=\"ui-pdp-description__content\">Fiat Pulse<\/p>\n<h4>C\u00f3digo de Refer\u00eancia:<\/h4>\n<p class=\"ui-pdp-description__content\">\u00a046784963<\/p>\n<h4>Condi\u00e7\u00f5es:<\/h4>\n<p>Produto Novo Original \/ Marca Fiat Mopar<\/p>\n<h4><strong>Garantia:<\/strong><\/h4>\n<p>3 Meses<\/p>\n<h3>ATEN\u00c7\u00c3O: Antes de efetuar a compra verifique o c\u00f3digo da sua pe\u00e7a que est\u00e1 instalado no seu ve\u00edculo.<\/h3>\n<h4><strong>O que \u00e9 e para que serve a Bucha Superior Garfo Acionamento Embreagem?<\/strong><\/h4>\n<\/div>\n<\/div>\n<\/div>\n<p>A Bucha Superior do garfo de acionamento da embreagem desempenha uma fun\u00e7\u00e3o semelhante \u00e0 bucha inferior. Ela fornece um ponto de articula\u00e7\u00e3o suave e est\u00e1vel para o garfo de acionamento da embreagem enquanto ele se move para frente e para tr\u00e1s durante a opera\u00e7\u00e3o da embreagem.<\/p>\n<div class=\"ui-pdp-collapsable ui-pdp-description-collapse\">\n<div class=\"ui-pdp-collapsable__container\">\n<div class=\"ui-pdp-description\">\n<p>&nbsp;<\/p>\n<p>A Casa da Inje\u00e7\u00e3o oferece total garantia nos produtos comprados em nosso site.<\/p>\n<ol>\n<li>Cada item \u00e9 rigorosamente testado antes do envio<\/li>\n<li>Se os itens estiverem danificados ou parcialmente defeituosos, entre em contato conosco.<\/li>\n<\/ol>\n<p>Se houver qualquer defeito, n\u00f3s lhe enviaremos uma substitui\u00e7\u00e3o ap\u00f3s receber o pacote ou devolvemos seu dinheiro.<\/p>\n<p>Leia nossa\u00a0<span style=\"color: #ff0000;\"><a style=\"color: #ff0000;\" href=\"https:\/\/www.casadainjecao.com.br\/loja\/politica-de-devolucao\">pol\u00edtica de devolu\u00e7\u00e3o aqui<\/a><\/span><\/p>\n<p>\u2014\u2014\u2014\u2014\u2014\u2014\u2014\u2014\u2014\u2014\u2014\u2014\u2014\u2014\u2014\u2014\u2014\u2014\u2014\u2013<\/p>\n<p><strong>Tem alguma d\u00favida?<\/strong><\/p>\n<p>Entre em contato que podemos ajudar!<\/p>\n<p>Confira as informa\u00e7\u00f5es adicionais abaixo:<\/p>\n<ul>\n<li>Todos os nossos produtos s\u00e3o novos, semi-novos, originais e paralelos possuem garantia.<\/li>\n<li>Todos os produtos anunciados est\u00e3o dispon\u00edveis em estoque e s\u00e3o enviados com extrema rapidez.<\/li>\n<li>O frete pode ser simulado antes de efetuar a compra, basta clicar em \u201cver custos de envio\u201d.<\/li>\n<li>Verifique o endere\u00e7o de entrega cadastrado e atualize caso necess\u00e1rio.<\/li>\n<li>Confirme se a pe\u00e7a \u00e9 correta para o seu modelo de ve\u00edculo.<\/li>\n<li>Para pe\u00e7as automotivas, recomendamos a instala\u00e7\u00e3o por um profissional especializado.<\/li>\n<\/ul>\n<p>Caso possua outras d\u00favidas, entre em contato.<\/p>\n<\/div>\n<\/div>\n<\/div>\n<\/div>\n","protected":false},"excerpt":{"rendered":"<h2>Bucha Superior do Garfo Acionamento Embreagem Fiat &#8211;\u00a046784963<\/h2>\n","protected":false},"featured_media":30338,"template":"","meta":{"_seopress_robots_primary_cat":"none","_seopress_titles_title":"","_seopress_titles_desc":"","_seopress_robots_index":"","_kad_blocks_custom_css":"","_kad_blocks_head_custom_js":"","_kad_blocks_body_custom_js":"","_kad_blocks_footer_custom_js":"","_joinchat":[]},"product_cat":[325,326],"product_tag":[1713,1469,2033,1855,119,120,1613,1521,1193],"berocket_brand":[383],"taxonomy_info":{"product_cat":[{"value":325,"label":"Embreagem"},{"value":326,"label":"Engrenagens"}],"product_tag":[{"value":1713,"label":"Grand Siena"},{"value":1469,"label":"Marea"},{"value":2033,"label":"Marea Weekend"},{"value":1855,"label":"Novo Palio"},{"value":119,"label":"Palio"},{"value":120,"label":"Siena"},{"value":1613,"label":"Stilo"},{"value":1521,"label":"Tempra"},{"value":1193,"label":"Tipo"}],"berocket_brand":[{"value":383,"label":"Fiat"}]},"featured_image_src_large":["https:\/\/www.casadainjecao.com.br\/loja\/wp-content\/uploads\/2024\/04\/46784964-2-920x920.jpg",640,640,true],"author_info":[],"comment_info":"","_links":{"self":[{"href":"https:\/\/www.casadainjecao.com.br\/loja\/wp-json\/wp\/v2\/product\/30340"}],"collection":[{"href":"https:\/\/www.casadainjecao.com.br\/loja\/wp-json\/wp\/v2\/product"}],"about":[{"href":"https:\/\/www.casadainjecao.com.br\/loja\/wp-json\/wp\/v2\/types\/product"}],"wp:featuredmedia":[{"embeddable":true,"href":"https:\/\/www.casadainjecao.com.br\/loja\/wp-json\/wp\/v2\/media\/30338"}],"wp:attachment":[{"href":"https:\/\/www.casadainjecao.com.br\/loja\/wp-json\/wp\/v2\/media?parent=30340"}],"wp:term":[{"taxonomy":"product_cat","embeddable":true,"href":"https:\/\/www.casadainjecao.com.br\/loja\/wp-json\/wp\/v2\/product_cat?post=30340"},{"taxonomy":"product_tag","embeddable":true,"href":"https:\/\/www.casadainjecao.com.br\/loja\/wp-json\/wp\/v2\/product_tag?post=30340"},{"taxonomy":"berocket_brand","embeddable":true,"href":"https:\/\/www.casadainjecao.com.br\/loja\/wp-json\/wp\/v2\/berocket_brand?post=30340"}],"curies":[{"name":"wp","href":"https:\/\/api.w.org\/{rel}","templated":true}]}}