{"id":30346,"date":"2024-04-17T09:18:59","date_gmt":"2024-04-17T12:18:59","guid":{"rendered":"https:\/\/www.casadainjecao.com.br\/loja\/?post_type=product&#038;p=30346"},"modified":"2026-03-09T16:33:07","modified_gmt":"2026-03-09T19:33:07","slug":"junta-valvula-termostatica-fiat-fire-1-0-1-4-8v-original-55193766","status":"publish","type":"product","link":"https:\/\/www.casadainjecao.com.br\/loja\/autopecas\/motor\/juntas-motor\/junta-valvula-termostatica-fiat-fire-1-0-1-4-8v-original-55193766\/","title":{"rendered":"Junta V\u00e1lvula Termostatica Fiat Fire 1.0 1.4 8v Original &#"},"content":{"rendered":"<h2>Junta V\u00e1lvula Termostatica<\/h2>\n<p><strong>FIAT<\/strong><\/p>\n<p>Fiat Uno 2004 a 2013 com motores Fire 1.0 8V \/ 1.3 8V e 1.4 8V<\/p>\n<p>Fiat Fiorino 2004 a 2013 com motores Fire 1.0 8V \/ 1.3 8V e 1.4 8V<\/p>\n<p>Fiat Palio com motores Fire 1.0 8V \/ 1.3 8V e 1.4 8V<\/p>\n<p>Fiat Siena com motores Fire 1.0 8V \/ 1.3 8V e 1.4 8V<\/p>\n<p>Fiat Strada com motores Fire 1.0 8V \/ 1.3 8V e 1.4 8V<\/p>\n<p>Fiat Weekend com motores Fire 1.0 8V \/ 1.3 8V e 1.4 8V<\/p>\n<p>Fiat Punto com motor Fire 1.4 8V<\/p>\n<p>Fiat Idea com Motor Fire 1.4 8V<\/p>\n<p>Fiat Doblo com Motor Fire 1.4 8V<\/p>\n<div class=\"ui-pdp-collapsable ui-pdp-description-collapse\">\n<div class=\"ui-pdp-collapsable__container\">\n<div class=\"ui-pdp-description\">\n<h4>C\u00f3digo de Refer\u00eancia:<\/h4>\n<p class=\"ui-pdp-description__content\">55193766<\/p>\n<h4>Condi\u00e7\u00f5es:<\/h4>\n<p>Produto Novo Original \/ Marca Fiat Mopar<\/p>\n<h4><strong>Garantia:<\/strong><\/h4>\n<p>3 Meses<\/p>\n<h3>ATEN\u00c7\u00c3O: Antes de efetuar a compra verifique o c\u00f3digo da sua pe\u00e7a que est\u00e1 instalado no seu ve\u00edculo.<\/h3>\n<h4><strong>O que \u00e9 e para que serve a Junta V\u00e1lvula Termost\u00e1tica?<\/strong><\/h4>\n<\/div>\n<\/div>\n<\/div>\n<p>A Junta da V\u00e1lvula termost\u00e1tica \u00e9 uma pe\u00e7a que serve como veda\u00e7\u00e3o entre a v\u00e1lvula termost\u00e1tica e o bloco do motor. Sua principal fun\u00e7\u00e3o \u00e9 garantir que n\u00e3o haja vazamentos de l\u00edquido de arrefecimento ao redor da v\u00e1lvula termost\u00e1tica, mantendo assim a pressuriza\u00e7\u00e3o adequada do sistema de arrefecimento do motor.<\/p>\n<div class=\"ui-pdp-collapsable ui-pdp-description-collapse\">\n<div class=\"ui-pdp-collapsable__container\">\n<div class=\"ui-pdp-description\">\n<p>&nbsp;<\/p>\n<p>A Casa da Inje\u00e7\u00e3o oferece total garantia nos produtos comprados em nosso site.<\/p>\n<ol>\n<li>Cada item \u00e9 rigorosamente testado antes do envio<\/li>\n<li>Se os itens estiverem danificados ou parcialmente defeituosos, entre em contato conosco.<\/li>\n<\/ol>\n<p>Se houver qualquer defeito, n\u00f3s lhe enviaremos uma substitui\u00e7\u00e3o ap\u00f3s receber o pacote ou devolvemos seu dinheiro.<\/p>\n<p>Leia nossa\u00a0<span style=\"color: #ff0000;\"><a style=\"color: #ff0000;\" href=\"https:\/\/www.casadainjecao.com.br\/loja\/politica-de-devolucao\">pol\u00edtica de devolu\u00e7\u00e3o aqui<\/a><\/span><\/p>\n<p>\u2014\u2014\u2014\u2014\u2014\u2014\u2014\u2014\u2014\u2014\u2014\u2014\u2014\u2014\u2014\u2014\u2014\u2014\u2014\u2013<\/p>\n<p><strong>Tem alguma d\u00favida?<\/strong><\/p>\n<p>Entre em contato que podemos ajudar!<\/p>\n<p>Confira as informa\u00e7\u00f5es adicionais abaixo:<\/p>\n<ul>\n<li>Todos os nossos produtos s\u00e3o novos, semi-novos, originais e paralelos possuem garantia.<\/li>\n<li>Todos os produtos anunciados est\u00e3o dispon\u00edveis em estoque e s\u00e3o enviados com extrema rapidez.<\/li>\n<li>O frete pode ser simulado antes de efetuar a compra, basta clicar em \u201cver custos de envio\u201d.<\/li>\n<li>Verifique o endere\u00e7o de entrega cadastrado e atualize caso necess\u00e1rio.<\/li>\n<li>Confirme se a pe\u00e7a \u00e9 correta para o seu modelo de ve\u00edculo.<\/li>\n<li>Para pe\u00e7as automotivas, recomendamos a instala\u00e7\u00e3o por um profissional especializado.<\/li>\n<\/ul>\n<p>Caso possua outras d\u00favidas, entre em contato.<\/p>\n<\/div>\n<\/div>\n<\/div>\n","protected":false},"excerpt":{"rendered":"<h2>Junta V\u00e1lvula Termostatica Fiat Fire 1.0 1.4 8v Original &#8211; 55193766<\/h2>\n","protected":false},"featured_media":30351,"template":"","meta":{"_seopress_robots_primary_cat":"none","_seopress_titles_title":"","_seopress_titles_desc":"","_seopress_robots_index":"","_joinchat":[]},"product_cat":[222,1104],"product_tag":[247,280,709,119,108,120,121,214],"berocket_brand":[383],"_links":{"self":[{"href":"https:\/\/www.casadainjecao.com.br\/loja\/wp-json\/wp\/v2\/product\/30346"}],"collection":[{"href":"https:\/\/www.casadainjecao.com.br\/loja\/wp-json\/wp\/v2\/product"}],"about":[{"href":"https:\/\/www.casadainjecao.com.br\/loja\/wp-json\/wp\/v2\/types\/product"}],"wp:featuredmedia":[{"embeddable":true,"href":"https:\/\/www.casadainjecao.com.br\/loja\/wp-json\/wp\/v2\/media\/30351"}],"wp:attachment":[{"href":"https:\/\/www.casadainjecao.com.br\/loja\/wp-json\/wp\/v2\/media?parent=30346"}],"wp:term":[{"taxonomy":"product_cat","embeddable":true,"href":"https:\/\/www.casadainjecao.com.br\/loja\/wp-json\/wp\/v2\/product_cat?post=30346"},{"taxonomy":"product_tag","embeddable":true,"href":"https:\/\/www.casadainjecao.com.br\/loja\/wp-json\/wp\/v2\/product_tag?post=30346"},{"taxonomy":"berocket_brand","embeddable":true,"href":"https:\/\/www.casadainjecao.com.br\/loja\/wp-json\/wp\/v2\/berocket_brand?post=30346"}],"curies":[{"name":"wp","href":"https:\/\/api.w.org\/{rel}","templated":true}]}}