{"id":30395,"date":"2024-04-18T09:22:29","date_gmt":"2024-04-18T12:22:29","guid":{"rendered":"https:\/\/www.casadainjecao.com.br\/loja\/?post_type=product&#038;p=30395"},"modified":"2025-01-14T16:04:17","modified_gmt":"2025-01-14T19:04:17","slug":"duto-admissao-filtro-de-ar-kia-bongo-k2700-1998-a-2005-0k60c13330a","status":"publish","type":"product","link":"https:\/\/www.casadainjecao.com.br\/loja\/autopecas\/motor\/filtros\/duto-admissao-filtro-de-ar-kia-bongo-k2700-1998-a-2005-0k60c13330a\/","title":{"rendered":"Duto Admiss\u00e3o Filtro de Ar Kia Bongo K2700 1998 a 2005 &#82"},"content":{"rendered":"<h2>Duto Admiss\u00e3o Filtro de Ar Original<\/h2>\n<p>Kia Bongo K2700 1998 a 2005<\/p>\n<p>K2700 DLX 1998<\/p>\n<p>K2700 DLX 1999<\/p>\n<p>K2700 DLX 2000<\/p>\n<p>K2700 DLX 2001<\/p>\n<p>K2700 DLX UB 2000<\/p>\n<p>K2700 DLX UB 2001<\/p>\n<p>K2700 DLX UB 2002<\/p>\n<p>K2700 DLX UB 2003<\/p>\n<p>K2700 DLX UB 2004<\/p>\n<p>K2700 DLX UB 2005<\/p>\n<p>K2700 II 4X4 LB 2004<\/p>\n<p>K2700 II 4X4 LB 2005<\/p>\n<p>K2700 STD 2000<\/p>\n<p>K2700 STD 2001<\/p>\n<p>K2700 STD 2002<\/p>\n<p>K2700 STD 2003<\/p>\n<p>K2700 STD 2004<\/p>\n<p>K2700 STD 2005<\/p>\n<p>C\u00f3digo de Refer\u00eancia:<\/p>\n<p>91k75613331, 0K60C13330A<\/p>\n<h4>Condi\u00e7\u00f5es:<\/h4>\n<p>Produto Novo Original \/ Marca Kia<\/p>\n<p><strong>Garantia:<\/strong><\/p>\n<p>3 Meses<\/p>\n<h3>ATEN\u00c7\u00c3O: Antes de efetuar a compra verifique o c\u00f3digo da sua pe\u00e7a que est\u00e1 instalado no seu ve\u00edculo.<\/h3>\n<h4><strong>O que \u00e9 e para que serve o Filtro de Ar?<\/strong><\/h4>\n<p>O filtro de ar\u00a0impede que as impurezas existentes na atmosfera entrem e fiquem incrustadas dentro do motor. Essa sujeira pode comprometer a sua for\u00e7a, danificar seus componentes e piorar o consumo. Quanto mais limpo for o conte\u00fado aspirado, mais eficiente ser\u00e1 a queima de combust\u00edvel.<\/p>\n<p>&nbsp;<\/p>\n<p>A Casa da Inje\u00e7\u00e3o oferece total garantia nos produtos comprados em nosso site.<\/p>\n<ol>\n<li>Cada item \u00e9 rigorosamente testado antes do envio<\/li>\n<li>Se os itens estiverem danificados ou parcialmente defeituosos, entre em contato conosco.<\/li>\n<li>Procure um profissional devidamente licenciado para a instala\u00e7\u00e3o e fa\u00e7a revis\u00f5es periodicamente. A empresa n\u00e3o se responsabiliza por problemas oriundos da m\u00e1 instala\u00e7\u00e3o ou com a falta de cuidados peri\u00f3dicos dos componentes.<\/li>\n<\/ol>\n<p>Se houver qualquer defeito, n\u00f3s lhe enviaremos uma substitui\u00e7\u00e3o ap\u00f3s receber o pacote ou devolvemos seu dinheiro.<\/p>\n<p>Leia nossa\u00a0<a href=\"https:\/\/www.casadainjecao.com.br\/loja\/politica-de-devolucao\">pol\u00edtica de devolu\u00e7\u00e3o aqui<\/a><\/p>\n<p>\u2014\u2014\u2014\u2014\u2014\u2014\u2014\u2014\u2014\u2014\u2014\u2014\u2014\u2014\u2014\u2014\u2014\u2014\u2014\u2013<\/p>\n<p><strong>Tem alguma d\u00favida?<\/strong><\/p>\n<p>Entre em contato que podemos ajudar!<\/p>\n<p>Confira as informa\u00e7\u00f5es adicionais abaixo:<\/p>\n<ul>\n<li>Todos os nossos produtos s\u00e3o novos, semi-novos, originais e paralelos possuem garantia.<\/li>\n<li>Todos os produtos anunciados est\u00e3o dispon\u00edveis em estoque e s\u00e3o enviados com extrema rapidez.<\/li>\n<li>O frete pode ser simulado antes de efetuar a compra, basta clicar em \u201cver custos de envio\u201d.<\/li>\n<li>Verifique o endere\u00e7o de entrega cadastrado e atualize caso necess\u00e1rio.<\/li>\n<li>Confirme se a pe\u00e7a \u00e9 correta para o seu modelo de ve\u00edculo.<\/li>\n<li>Para pe\u00e7as automotivas, recomendamos a instala\u00e7\u00e3o por um profissional especializado.<\/li>\n<li>Caso possua outras d\u00favidas, entre em contato.<\/li>\n<\/ul>\n","protected":false},"excerpt":{"rendered":"<h2>Duto Admiss\u00e3o Filtro de Ar Original Kia Bongo K2700 1998 a 2005 &#8211; 0K60C13330A<\/h2>\n","protected":false},"featured_media":30402,"template":"","meta":{"_seopress_robots_primary_cat":"none","_seopress_titles_title":"","_seopress_titles_desc":"","_seopress_robots_index":"","_joinchat":[]},"product_cat":[1376,221,22],"product_tag":[2071],"berocket_brand":[388],"_links":{"self":[{"href":"https:\/\/www.casadainjecao.com.br\/loja\/wp-json\/wp\/v2\/product\/30395"}],"collection":[{"href":"https:\/\/www.casadainjecao.com.br\/loja\/wp-json\/wp\/v2\/product"}],"about":[{"href":"https:\/\/www.casadainjecao.com.br\/loja\/wp-json\/wp\/v2\/types\/product"}],"wp:featuredmedia":[{"embeddable":true,"href":"https:\/\/www.casadainjecao.com.br\/loja\/wp-json\/wp\/v2\/media\/30402"}],"wp:attachment":[{"href":"https:\/\/www.casadainjecao.com.br\/loja\/wp-json\/wp\/v2\/media?parent=30395"}],"wp:term":[{"taxonomy":"product_cat","embeddable":true,"href":"https:\/\/www.casadainjecao.com.br\/loja\/wp-json\/wp\/v2\/product_cat?post=30395"},{"taxonomy":"product_tag","embeddable":true,"href":"https:\/\/www.casadainjecao.com.br\/loja\/wp-json\/wp\/v2\/product_tag?post=30395"},{"taxonomy":"berocket_brand","embeddable":true,"href":"https:\/\/www.casadainjecao.com.br\/loja\/wp-json\/wp\/v2\/berocket_brand?post=30395"}],"curies":[{"name":"wp","href":"https:\/\/api.w.org\/{rel}","templated":true}]}}