{"id":30733,"date":"2024-04-29T11:23:19","date_gmt":"2024-04-29T14:23:19","guid":{"rendered":"https:\/\/www.casadainjecao.com.br\/loja\/?post_type=product&#038;p=30733"},"modified":"2026-04-01T14:33:25","modified_gmt":"2026-04-01T17:33:25","slug":"selo-bloco-motor-inox-fiat-uno-fire-palio-strada-fiorino-55207796","status":"publish","type":"product","link":"https:\/\/www.casadainjecao.com.br\/loja\/autopecas\/motor\/selos-do-motor\/selo-bloco-motor-inox-fiat-uno-fire-palio-strada-fiorino-55207796\/","title":{"rendered":"Selo Bloco Motor Inox Fiat Uno Fire Palio Strada Fiorino &#8"},"content":{"rendered":"<h1>Tamp\u00e3o Selo Bloco Motor Inox 50mm<\/h1>\n<p>Fiat BRAVO T-JET 1.4 TURBO JET 16V GS 4P 1.4 2012\/2016<br \/>\nFiat DOBL\u00d2 ATTRACTIVE 1.4 MPI FIRE 8V FLEX 2P 1.4 2012\/2016<br \/>\nFiat DOBL\u00d2 BASE 1.4 MPI 8V FLEX 2P 1.4 2010\/2011<br \/>\nFiat DOBL\u00d2 CARGO 1.3 MPI FIRE 16V GS 2P 1.3 2002\/2006<br \/>\nFiat DOBL\u00d2 CARGO 1.4 MPI 8V FLEX 2P 1.4 2010\/2016<\/p>\n<p>Fiat DOBL\u00d2 ELX 1.4 MPI 8V FLEX 2P 1.4 2010\/2011<br \/>\nFiat DOBL\u00d2 EX 1.3 MPI FIRE 16V GS 2P 1.3 2002\/2006<br \/>\nFiat FIAT 500 CULT 1.4 MPI FIRE 8V FLEX 2P 1.4 2012\/2013<br \/>\nFiat FIAT 500 CULT CABRIO 1.4 MPI 8V FLEX 2P 1.4 2014<br \/>\nFiat FIAT 500 CULT CABRIO DUALOGIC 1.4 MPI 8V FLEX 2P 1.4 2014<br \/>\nFiat FIAT 500 CULT CABRIO MT 1.4 MPI 8V FLEX 2P 1.4 2015\/2017<br \/>\nFiat FIAT 500 CULT CABRIO MTA 1.4 MPI 8V FLEX 2P 1.4 2015\/2017<br \/>\nFiat FIAT 500 CULT DUALOGIC 1.4 MPI 8V FLEX 2P 1.4 2014<br \/>\nFiat FIAT 500 CULT DUALOGIC 1.4 MPI FIRE 8V FLEX 2P 1.4 2012\/2013<br \/>\nFiat FIAT 500 CULT MT 1.4 MPI 8V FLEX 2P 1.4 2014\/2017<br \/>\nFiat FIAT 500 CULT MTA 1.4 MPI 8V FLEX 2P 1.4 2015\/2017<br \/>\nFiat FIAT 500 LOUNGE 1.4 MPI 16V GS 2P 1.4 2010\/2011<br \/>\nFiat FIAT 500 LOUNGE DUALOGIC 1.4 MPI 16V GS 2P 1.4 2010\/2011<br \/>\nFiat FIAT 500 SPORT 1.4 MPI 16V GS 2P 1.4 2010\/2011<br \/>\nFiat FIAT 500 SPORT DUALOGIC 1.4 MPI 16V GS 2P 1.4 2010\/2011<br \/>\nFiat FIORINO 1.4 1.4 2011\/2013<br \/>\nFiat Fiorino 1.4 Endurance Flex 4p 2022<br \/>\nFiat Fiorino 1.4 Endurance Flex 4p 5 marchas 2021<br \/>\nFiat Fiorino 1.4 Endurance Flex 4p marchas 2021<br \/>\nFiat Fiorino 1.4 Flex 4p 2014\/2020<br \/>\nFiat Fiorino 1.4 Flex 4p 5 marchas 2021<br \/>\nFiat Fiorino 1.4 Flex 4p marchas 2021<br \/>\nFiat Fiorino 1.4 Hard Working Flex 4p 2017\/2020<br \/>\nFiat Fiorino 1.4 Hard Working Flex 4p 5 marchas 2021<br \/>\nFiat Fiorino 1.4 Hard Working Flex 4p marchas 2021<br \/>\nFiat FIORINO 1.4 WORKING 1.4 2022<br \/>\nFiat Fiorino 1.4 Working Flex 4p 5 marchas 2021<br \/>\nFiat Fiorino 1.4 Working Flex 4p marchas 2021<br \/>\nFiat FIORINO ENDURANCE 1.4 2011\/2020<br \/>\nFiat FIORINO FIRE 1.3 MPI FIRE 8V GS 2P 1.3 2004\/2007<br \/>\nFiat FIORINO FIRE AMBUL\u00c2NCIA 1.3 MPI FIRE 8V FLEX 2P 1.3 2007\/2013<br \/>\nFiat FIORINO FIRE AMBUL\u00c2NCIA 1.3 MPI FIRE 8V GS 2P 1.3 2004\/2007<br \/>\nFiat FIORINO FIRE FURG\u00c3O 1.3 MPI FIRE 8V FLEX 2P 1.3 2007\/2013<br \/>\nFiat FIORINO FURG\u00c3O 1.3 MPI FIRE 8V GS 2P 1.3 2003\/2004<br \/>\nFiat FIORINO FURG\u00c3O AMBUL\u00c2NCIA 1.3 MPI FIRE 8V GS 2P 1.3 2003\/2004<br \/>\nFiat FIORINO HARD WORKING 1.4 2011\/2016<br \/>\nFiat FIORINO WORKING 1.4 2011\/2020<br \/>\nFiat Grand Siena 1.0 Attractive Flex 4p 2017\/2021<br \/>\nFiat GRAND SIENA ATTRACTIVE 1.4 MPI FIRE 8V TETRAFUEL 4P 1.4 2013\/2017<br \/>\nFiat GRAND SIENA FIRE FLEX 1.0 1.0 2020\/2021<br \/>\nFiat IDEA ATTRACTIVE 1.4 MPI FIRE 8V FLEX 4P 1.4 2011\/2016<br \/>\nFiat IDEA ELX 1.4 MPI FIRE 8V FLEX 4P 1.4 2006\/2010<br \/>\nFiat LINEA T-JET 1.4 MPI 16V GS 4P 1.4 2009\/2012<br \/>\nFiat MILLE FIRE 1.0 MPI FIRE 8V FLEX 2P 1.0 2006\/2008<br \/>\nFiat MILLE FIRE 1.0 MPI FIRE 8V FLEX 4P 1.0 2006\/2008<br \/>\nFiat MILLE FIRE 1.0 MPI FIRE 8V GS 2P 1.0 2002\/2006<br \/>\nFiat MILLE FIRE 1.0 MPI FIRE 8V GS 4P 1.0 2002\/2006<br \/>\nFiat MILLE FIRE ECONOMY 1.0 MPI FIRE 8V FLEX 2P 1.0 2009\/2013<br \/>\nFiat MILLE FIRE ECONOMY 1.0 MPI FIRE 8V FLEX 4P 1.0 2009\/2013<br \/>\nFiat MILLE WAY ECONOMY 1.0 MPI FIRE 8V FLEX 2P 1.0 2009\/2013<br \/>\nFiat MILLE WAY ECONOMY 1.0 MPI FIRE 8V FLEX 4P 1.0 2009\/2013<br \/>\nFiat MOBI EASY FIRE 1.0 2017<br \/>\nFiat MOBI LIKE FIRE 1.0 2017<br \/>\nFiat MOBI TREKKING FIRE 1.0 2017<br \/>\nFiat MOBI WAY FIRE 1.0 2017<br \/>\nFiat NOVA STRADA ENDURANCE CC 1.4 FLEX 1.4 2020<br \/>\nFiat NOVA STRADA WORKING CC 1.4 FLEX 1.4 2020<br \/>\nFiat NOVO PALIO ATTRACTIVE 1.0 HPP LF FLEX EE 1.0 2016\/2017<br \/>\nFiat NOVO PALIO ATTRACTIVE 1.0 MPI FIRE EVO 8V FLEX 4P 1.0 2012\/2017<br \/>\nFiat NOVO UNO ATTRACTIVE 1.4 EVO 1.4 2016\/2021<br \/>\nFiat NOVO UNO ATTRACTIVE FIRE 1.0 2016\/2021<br \/>\nFiat NOVO UNO SPORTING 1.4 EVO 1.4 2016\/2021<br \/>\nFiat NOVO UNO WAY 1.4 EVO 1.4 2016\/2021<br \/>\nFiat PALIO 1.0 8V FLEX PL6 FIRE GS 5P E.E 1.0 2017<br \/>\nFiat PALIO 1.0 8V FLEX PL6 FIRE ON GS 5P E.E 1.0 2017<br \/>\nFiat PALIO 1.0 8V FLEX PL6 FIRE WAY GS 5P E.E 1.0 2017<br \/>\nFiat PALIO 1.0 8V FLEX PL6 FIRE WAY ON GS 5P E.E 1.0 2017<br \/>\nFiat PALIO ATTRACTIVE 1.0 MPI FIRE 8V FLEX 2P 1.0 2011\/2012<br \/>\nFiat PALIO ATTRACTIVE 1.0 MPI FIRE 8V FLEX 4P 1.0 2011\/2012<br \/>\nFiat PALIO ATTRACTIVE 1.4 MPI FIRE 8V FLEX 4P 1.4 2011\/2012<br \/>\nFiat PALIO CITY (FIRE) 1.3 MPI FIRE 16V GS 4P 1.3 2000<br \/>\nFiat PALIO ELX (FIRE) 1.3 MPI FIRE 16V GS 4P 1.3 2000<br \/>\nFiat PALIO ELX 1.0 MPI FIRE 16V GS 4P 1.0 2001\/2003<br \/>\nFiat PALIO ELX 1.0 MPI FIRE 8V FLEX 2P 1.0 2008\/2010<br \/>\nFiat PALIO ELX 1.0 MPI FIRE 8V FLEX 4P 1.0 2006\/2011<br \/>\nFiat PALIO ELX 1.0 MPI FIRE 8V GS 4P 1.0 2004\/2005<br \/>\nFiat PALIO ELX 1.3 MPI FIRE 16V GS 4P 1.3 2001\/2003<br \/>\nFiat PALIO ELX 1.3 MPI FIRE 8V FLEX 4P 1.3 2004\/2005<br \/>\nFiat PALIO ELX 1.3 MPI FIRE 8V GS 4P 1.3 2004\/2005<br \/>\nFiat PALIO ELX 1.4 MPI FIRE 8V FLEX 4P 1.4 2006\/2010<br \/>\nFiat PALIO ELX 25 ANOS 1.0 MPI FIRE 16V GS 4P 1.0 2002<br \/>\nFiat PALIO EX 1.0 MPI FIRE 16V GS 2P 1.0 2002\/2003<br \/>\nFiat PALIO EX 1.0 MPI FIRE 16V GS 4P 1.0 2002\/2003<br \/>\nFiat PALIO EX 1.0 MPI FIRE 8V FLEX 2P 1.0 2006\/2007<br \/>\nFiat PALIO EX 1.0 MPI FIRE 8V GS 2P 1.0 2001\/2005<br \/>\nFiat PALIO EX 1.0 MPI FIRE 8V GS 4P 1.0 2001\/2003<br \/>\nFiat PALIO EX 1.3 MPI FIRE 8V GS 2P 1.3 2003<br \/>\nFiat PALIO EX 1.3 MPI FIRE 8V GS 4P 1.3 2003<br \/>\nFiat PALIO FIRE 1.0 MPI FIRE 8V FLEX 2P 1.0 2006\/2009<br \/>\nFiat PALIO FIRE 1.0 MPI FIRE 8V FLEX 4P 1.0 2006\/2009<br \/>\nFiat PALIO FIRE 1.0 MPI FIRE 8V GS 2P 1.0 2003\/2006<br \/>\nFiat PALIO FIRE 1.0 MPI FIRE 8V GS 4P 1.0 2003\/2006<br \/>\nFiat PALIO FIRE ECONOMY 1.0 MPI FIRE 8V FLEX 2P 1.0 2010\/2017<br \/>\nFiat PALIO FIRE ECONOMY 1.0 MPI FIRE 8V FLEX 4P 1.0 2010\/2017<br \/>\nFiat PALIO FIRE ECONOMY WAY 1.0 MPI FIRE 8V FLEX 4P 1.0 2015\/2017<br \/>\nFiat PALIO PENTA 1.0 MPI FIRE 8V GS 4P 1.0 2003<br \/>\nFiat PALIO WEEKEND ATTRACTIVE 1.4 MPI FIRE 8V FLEX 4P 1.4 2011\/2014<br \/>\nFiat PALIO WEEKEND CITY (FIRE) 1.3 MPI FIRE 16V GS 4P 1.3 2000<br \/>\nFiat PALIO WEEKEND ELX (FIRE) 1.3 MPI FIRE 16V GS 4P 1.3 2000<br \/>\nFiat PALIO WEEKEND ELX 1.0 MPI FIRE 16V GS 4P 1.0 2001\/2003<br \/>\nFiat PALIO WEEKEND ELX 1.3 MPI FIRE 16V GS 4P 1.3 2001\/2003<br \/>\nFiat PALIO WEEKEND ELX 1.3 MPI FIRE 8V FLEX 4P 1.3 2005<br \/>\nFiat PALIO WEEKEND ELX 1.4 MPI FIRE 8V FLEX 4P 1.4 2006\/2010<br \/>\nFiat PALIO WEEKEND EX 1.3 MPI FIRE 8V GS 4P 1.3 2003\/2004<br \/>\nFiat PALIO WEEKEND TREKKING 1.4 MPI FIRE 8V FLEX 4P 1.4 2009\/2010<br \/>\nFiat PALIO YOUNG 1.0 MPI FIRE 8V GS 2P 1.0 2002<br \/>\nFiat PALIO YOUNG 1.0 MPI FIRE 8V GS 4P ( 1.0 2002<br \/>\nFiat PUNTO 1.4 1.4 MPI FIRE 8V FLEX 4P 1.4 2008\/2010<br \/>\nFiat PUNTO ATTRACTIVE 1.4 MPI FIRE 8V FLEX 4P 1.4 2011\/2012<br \/>\nFiat PUNTO ELX 1.4 MPI FIRE 8V FLEX 4P 1.4 2008\/2010<br \/>\nFiat PUNTO T-JET 1.4 MPI 16V GS 4P 1.4 2010\/2017<br \/>\nFiat SIENA ATTRACTIVE 1.0 MPI FIRE 8V FLEX 4P 1.0 2011<br \/>\nFiat SIENA ATTRACTIVE 1.4 MPI 8V TETRAFUEL 4P 1.4 2011\/2012<br \/>\nFiat SIENA ATTRACTIVE 1.4 MPI FIRE 8V FLEX 4P 1.4 2011<br \/>\nFiat SIENA CITY (FIRE) 1.3 MPI FIRE 16V GS 4P 1.3 2000<br \/>\nFiat SIENA EL 1.0 MPI 8V FLEX 4P 1.0 2013\/2016<br \/>\nFiat SIENA EL 1.0 MPI FIRE 8V FLEX 4P 1.0 2010\/2012<br \/>\nFiat SIENA EL 1.4 MPI FIRE 8V FLEX 4P 1.4 2011\/2016<br \/>\nFiat SIENA ELX (FIRE) 1.3 MPI FIRE 16V GS 4P 1.3 2000<br \/>\nFiat SIENA ELX 1.0 MPI FIRE 16V GS 4P 1.0 2001\/2003<br \/>\nFiat SIENA ELX 1.0 MPI FIRE 8V FLEX 4P 1.0 2006\/2010<br \/>\nFiat SIENA ELX 1.0 MPI FIRE 8V GS 4P 1.0 2005<br \/>\nFiat SIENA ELX 1.3 MPI FIRE 16V GS 4P 1.3 2001\/2003<br \/>\nFiat SIENA ELX 1.3 MPI FIRE 8V FLEX 4P 1.3 2005<br \/>\nFiat SIENA ELX 1.4 MPI 8V TETRAFUEL 4P 1.4 2007\/2012<br \/>\nFiat SIENA ELX 1.4 MPI FIRE 8V FLEX 4P 1.4 2006\/2010<br \/>\nFiat SIENA ELX 25 ANOS 1.0 MPI FIRE 16V GS 4P 1.0 2002<br \/>\nFiat SIENA EX 1.0 MPI FIRE 16V GS 4P 1.0 2001\/2002<br \/>\nFiat SIENA EX 1.3 MPI FIRE 8V GS 4P 1.3 2003\/2004<br \/>\nFiat SIENA FIRE 1.0 MPI FIRE 8V FLEX 4P 1.0 2006\/2012<br \/>\nFiat SIENA FIRE 1.0 MPI FIRE 8V GS 4P 1.0 2002\/2006<br \/>\nFiat Strada 1.4 Endurance Cab. Dupla Flex 4p 2022<br \/>\nFiat Strada 1.4 Endurance Cab. Dupla Flex 4p 5 marchas 2021<br \/>\nFiat Strada 1.4 Endurance Cab. Dupla Flex 4p marchas 2021<br \/>\nFiat Strada 1.4 Freedom Flex 2p 2019\/2020<br \/>\nFiat Strada 1.4 Hard Working Flex 2p 2018\/2020<br \/>\nFiat STRADA FIRE 1.3 MPI FIRE 8V GS 2P 1.3 2003\/2005<br \/>\nFiat STRADA FIRE 1.4 MPI FIRE 8V FLEX 2P 1.4 2006\/2012<br \/>\nFiat STRADA FIRE ESTENDIDA 1.3 MPI FIRE 8V GS 2P 1.3 2003\/2005<br \/>\nFiat STRADA FIRE ESTENDIDA 1.4 MPI FIRE 8V FLEX 2P 1.4 2006\/2012<br \/>\nFiat STRADA FREEDOM 1.4 8V HP GA FREEDOM EVO CABINE DUPLA 1.4 2013\/2020<br \/>\nFiat STRADA TREKKING 1.4 MPI FIRE 8V FLEX 2P 1.4 2006\/2012<br \/>\nFiat STRADA TREKKING ESTENDIDA 1.4 MPI FIRE 8V FLEX 2P 1.4 2006\/2012<br \/>\nFiat STRADA WORK 1.4 C.CURTA FLEX 1.4 2017\/2020<br \/>\nFiat STRADA WORK 1.4 CD FLEX &#8211; BRASIL E.E 1.4 2017\/2020<br \/>\nFiat STRADA WORK 1.4 CE FLEX &#8211; BRASIL E.E 1.4 2017\/2020<br \/>\nFiat STRADA WORKING 1.4 MPI 8V FLEX 2P 1.4 2010\/2012<br \/>\nFiat STRADA WORKING 1.4 MPI FIRE 8V FLEX 2P 1.4 2013\/2016<br \/>\nFiat STRADA WORKING DUPLA 1.4 MPI FIRE 8V FLEX 2P 1.4 2010\/2013<br \/>\nFiat STRADA WORKING DUPLA 1.4 MPI FIRE 8V FLEX 3P 1.4 2014\/2016<br \/>\nFiat STRADA WORKING ESTENDIDA 1.4 MPI 8V FLEX 2P 1.4 2010\/2012<br \/>\nFiat STRADA WORKING ESTENDIDA 1.4 MPI FIRE 8V FLEX 2P 1.4 2013\/2016<br \/>\nFiat STRADA WORKING PLUS 1.4 C.CURTA 8V FLEX 1.4 2017<br \/>\nFiat UNO ATTRACTIVE 1.0 MPI FIRE 8V FLEX 4P 1.0 2015\/2016<br \/>\nFiat UNO ATTRACTIVE 1.4 MPI FIRE EVO 8V FLEX 2P 1.4 2012<br \/>\nFiat UNO ATTRACTIVE 1.4 MPI FIRE EVO 8V FLEX 4P 1.4 2011\/2012<br \/>\nFiat UNO ECONOMY 1.4 MPI FIRE EVO 8V FLEX 2P 1.4 2012\/2013<br \/>\nFiat UNO ECONOMY 1.4 MPI FIRE EVO 8V FLEX 4P 1.4 2012\/2014<br \/>\nFiat UNO EVOLUTION START STOP 1.4 MPI FIRE 8V FLEX 4P 1.4 2015\/2016<br \/>\nFiat UNO FIRE FURG\u00c3O 1.3 MPI FIRE 8V FLEX 2P 1.3 2007\/2013<br \/>\nFiat UNO FIRE FURG\u00c3O 1.3 MPI FIRE 8V GS 2P 1.3 2004\/2007<br \/>\nFiat UNO FURG\u00c3O 1.0 MPI FIRE 8V FLEX 2P 1.0 2014\/2015<br \/>\nFiat UNO FURG\u00c3O 1.3 MPI FIRE 8V GS 2P 1.3 2003\/2004<br \/>\nFiat UNO FURG\u00c3O 1.4 MPI FIRE 8V FLEX 2P 1.4 2014\/2016<br \/>\nFiat UNO SPORTING 1.4 MPI FIRE 8V FLEX 4P 1.4 2015\/2016<br \/>\nFiat UNO SPORTING 1.4 MPI FIRE EVO 8V FLEX 2P 1.4 2012<br \/>\nFiat UNO SPORTING 1.4 MPI FIRE EVO 8V FLEX 4P 1.4 2011\/2014<br \/>\nFiat UNO VIVACE 1.0 MPI FIRE EVO 8V FLEX 2P 1.0 2012\/2016<br \/>\nFiat UNO VIVACE 1.0 MPI FIRE EVO 8V FLEX 4P 1.0 2011\/2015<br \/>\nFiat UNO WAY 1.0 MPI FIRE 8V FLEX 4P 1.0 2015\/2016<br \/>\nFiat UNO WAY 1.0 MPI FIRE EVO 8V FLEX 2P 1.0 2012<br \/>\nFiat UNO WAY 1.0 MPI FIRE EVO 8V FLEX 4P 1.0 2011\/2014<br \/>\nFiat UNO WAY 1.4 MPI FIRE 8V FLEX 4P 1.4 2015\/2016<br \/>\nFiat UNO WAY 1.4 MPI FIRE EVO 8V FLEX 2P 1.4 2012<br \/>\nFiat UNO WAY 1.4 MPI FIRE EVO 8V FLEX 4P 1.4 2011\/2014<br \/>\nFiat Weekend 1.8 16v Adventure Flex 5p 2017\/2018<br \/>\nFiat WEEKEND ATTRACTIVE 1.4 MPI FIRE 8V FLEX 4P 1.4 2015\/2020<\/p>\n<h2>Codigo:- 55207796<\/h2>\n<ul>\n<li>MOPAR\u00ae \u00e9 a marca de pe\u00e7as de reposi\u00e7\u00e3o genu\u00ednas do Grupo Stellantis, respons\u00e1vel pelas marcas Fiat, Jeep, Peugeot, Citro\u00ebn e RAM. As pe\u00e7as e acess\u00f3rios MOPAR\u00ae s\u00e3o criadas pelas mesmas equipes que projetaram seu ve\u00edculo, atendendo a todos os padr\u00f5es de f\u00e1brica, que garantem excelente desempenho.<\/li>\n<\/ul>\n<p><strong>Condi\u00e7\u00f5es:<\/strong><\/p>\n<p>Produto Novo Original<\/p>\n<p><strong>Garantia:<\/strong><\/p>\n<p>3 Meses<\/p>\n<p><strong>ATEN\u00c7\u00c3O: Antes de efetuar a compra verifique o c\u00f3digo da sua pe\u00e7a que est\u00e1 instalado no seu ve\u00edculo.<\/strong><\/p>\n<p>A Casa da Inje\u00e7\u00e3o oferece total garantia nos produtos comprados em nosso site.<\/p>\n<ol>\n<li>Cada item \u00e9 rigorosamente testado antes do envio<\/li>\n<li>Se os itens estiverem danificados ou parcialmente defeituosos, entre em contato conosco.<\/li>\n<li>Procure um profissional devidamente licenciado para a instala\u00e7\u00e3o e fa\u00e7a revis\u00f5es periodicamente. A empresa n\u00e3o se responsabiliza por problemas oriundos da m\u00e1 instala\u00e7\u00e3o ou com a falta de cuidados peri\u00f3dicos dos componentes.<\/li>\n<\/ol>\n<p>Se houver qualquer defeito, n\u00f3s lhe enviaremos uma substitui\u00e7\u00e3o ap\u00f3s receber o pacote ou devolvemos seu dinheiro.<\/p>\n<p>Leia nossa\u00a0<a href=\"https:\/\/www.casadainjecao.com.br\/loja\/politica-de-devolucao\">pol\u00edtica de devolu\u00e7\u00e3o aqui<\/a><\/p>\n<p>\u2014\u2014\u2014\u2014\u2014\u2014\u2014\u2014\u2014\u2014\u2014\u2014\u2014\u2014\u2014\u2014\u2014\u2014\u2014\u2013<\/p>\n<p><strong>Tem alguma d\u00favida?<\/strong><\/p>\n<p>Entre em contato que podemos ajudar!<\/p>\n<p>Confira as informa\u00e7\u00f5es adicionais abaixo:<\/p>\n<ul>\n<li>Todos os nossos produtos s\u00e3o novos, semi-novos, originais e paralelos possuem garantia.<\/li>\n<li>Todos os produtos anunciados est\u00e3o dispon\u00edveis em estoque e s\u00e3o enviados com extrema rapidez.<\/li>\n<li>O frete pode ser simulado antes de efetuar a compra, basta clicar em \u201cver custos de envio\u201d.<\/li>\n<li>Verifique o endere\u00e7o de entrega cadastrado e atualize caso necess\u00e1rio.<\/li>\n<li>Confirme se a pe\u00e7a \u00e9 correta para o seu modelo de ve\u00edculo.<\/li>\n<li>Para pe\u00e7as automotivas, recomendamos a instala\u00e7\u00e3o por um profissional especializado.<\/li>\n<li>Caso possua outras d\u00favidas, entre em contato.<\/li>\n<\/ul>\n","protected":false},"excerpt":{"rendered":"<h2>Selo Bloco Motor Inox 50mm Fiat Uno Fire Palio Strada Fiorino &#8211; 55207796<\/h2>\n","protected":false},"featured_media":30738,"template":"","meta":{"_seopress_robots_primary_cat":"none","_seopress_titles_title":"","_seopress_titles_desc":"","_seopress_robots_index":"","_joinchat":[]},"product_cat":[22,240],"product_tag":[1489,247,280,1814,1859],"berocket_brand":[],"_links":{"self":[{"href":"https:\/\/www.casadainjecao.com.br\/loja\/wp-json\/wp\/v2\/product\/30733"}],"collection":[{"href":"https:\/\/www.casadainjecao.com.br\/loja\/wp-json\/wp\/v2\/product"}],"about":[{"href":"https:\/\/www.casadainjecao.com.br\/loja\/wp-json\/wp\/v2\/types\/product"}],"wp:featuredmedia":[{"embeddable":true,"href":"https:\/\/www.casadainjecao.com.br\/loja\/wp-json\/wp\/v2\/media\/30738"}],"wp:attachment":[{"href":"https:\/\/www.casadainjecao.com.br\/loja\/wp-json\/wp\/v2\/media?parent=30733"}],"wp:term":[{"taxonomy":"product_cat","embeddable":true,"href":"https:\/\/www.casadainjecao.com.br\/loja\/wp-json\/wp\/v2\/product_cat?post=30733"},{"taxonomy":"product_tag","embeddable":true,"href":"https:\/\/www.casadainjecao.com.br\/loja\/wp-json\/wp\/v2\/product_tag?post=30733"},{"taxonomy":"berocket_brand","embeddable":true,"href":"https:\/\/www.casadainjecao.com.br\/loja\/wp-json\/wp\/v2\/berocket_brand?post=30733"}],"curies":[{"name":"wp","href":"https:\/\/api.w.org\/{rel}","templated":true}]}}