{"id":30740,"date":"2024-04-29T12:18:02","date_gmt":"2024-04-29T15:18:02","guid":{"rendered":"https:\/\/www.casadainjecao.com.br\/loja\/?post_type=product&#038;p=30740"},"modified":"2026-04-27T14:45:39","modified_gmt":"2026-04-27T17:45:39","slug":"modulo-comando-vidro-eletrico-renault-logan-sandero-mcv024","status":"publish","type":"product","link":"https:\/\/www.casadainjecao.com.br\/loja\/autopecas\/eletrica\/modulos\/modulo-comando-vidro-eletrico-renault-logan-sandero-mcv024\/","title":{"rendered":"Modulo Comando Vidro El\u00e9trico Renault Logan Sandero &#8211;"},"content":{"rendered":"<h2>Modulo Comando Vidro El\u00e9trico<\/h2>\n<p>Renault Logan<\/p>\n<p>Renault Sandero<\/p>\n<h4>C\u00f3digo de Refer\u00eancia:<\/h4>\n<p>mcv024<\/p>\n<p><strong>Condi\u00e7\u00f5es:<\/strong><\/p>\n<p>Produto Novo Original \/ Marca Iramec<\/p>\n<p><strong>Garantia:<\/strong><\/p>\n<p>3 Meses<\/p>\n<p><strong>ATEN\u00c7\u00c3O: Antes de efetuar a compra verifique o c\u00f3digo da sua pe\u00e7a que est\u00e1 instalado no seu ve\u00edculo.<\/strong><\/p>\n<h4>O que \u00e9 e para que serve M\u00f3dulo Comando Vidro El\u00e9trico?<\/h4>\n<p>O M\u00f3dulo de Comando do Vidro El\u00e9trico \u00e9 um componente essencial nos sistemas de vidros el\u00e9tricos de um ve\u00edculo. Ele serve para controlar o movimento dos vidros das janelas, permitindo que eles sejam levantados e abaixados eletricamente.<\/p>\n<p>&nbsp;<\/p>\n<p>A Casa da Inje\u00e7\u00e3o oferece total garantia nos produtos comprados em nosso site.<\/p>\n<ol>\n<li>Cada item \u00e9 rigorosamente testado antes do envio<\/li>\n<li>Se os itens estiverem danificados ou parcialmente defeituosos, entre em contato conosco.<\/li>\n<li>Procure um profissional devidamente licenciado para a instala\u00e7\u00e3o e fa\u00e7a revis\u00f5es periodicamente. A empresa n\u00e3o se responsabiliza por problemas oriundos da m\u00e1 instala\u00e7\u00e3o ou com a falta de cuidados peri\u00f3dicos dos componentes.<\/li>\n<\/ol>\n<p>Se houver qualquer defeito, n\u00f3s lhe enviaremos uma substitui\u00e7\u00e3o ap\u00f3s receber o pacote ou devolvemos seu dinheiro.<\/p>\n<p>Leia nossa\u00a0<a href=\"https:\/\/www.casadainjecao.com.br\/loja\/politica-de-devolucao\">pol\u00edtica de devolu\u00e7\u00e3o aqui<\/a><\/p>\n<p>\u2014\u2014\u2014\u2014\u2014\u2014\u2014\u2014\u2014\u2014\u2014\u2014\u2014\u2014\u2014\u2014\u2014\u2014\u2014\u2013<\/p>\n<p><strong>Tem alguma d\u00favida?<\/strong><\/p>\n<p>Entre em contato que podemos ajudar!<\/p>\n<p>Confira as informa\u00e7\u00f5es adicionais abaixo:<\/p>\n<ul>\n<li>Todos os nossos produtos s\u00e3o novos, semi-novos, originais e paralelos possuem garantia.<\/li>\n<li>Todos os produtos anunciados est\u00e3o dispon\u00edveis em estoque e s\u00e3o enviados com extrema rapidez.<\/li>\n<li>O frete pode ser simulado antes de efetuar a compra, basta clicar em \u201cver custos de envio\u201d.<\/li>\n<li>Verifique o endere\u00e7o de entrega cadastrado e atualize caso necess\u00e1rio.<\/li>\n<li>Confirme se a pe\u00e7a \u00e9 correta para o seu modelo de ve\u00edculo.<\/li>\n<li>Para pe\u00e7as automotivas, recomendamos a instala\u00e7\u00e3o por um profissional especializado.<\/li>\n<li>Caso possua outras d\u00favidas, entre em contato.<\/li>\n<\/ul>\n","protected":false},"excerpt":{"rendered":"<h2>Modulo Comando Vidro El\u00e9trico Renault Logan Sandero &#8211; mcv024<\/h2>\n","protected":false},"featured_media":30746,"template":"","meta":{"_seopress_robots_primary_cat":"none","_seopress_titles_title":"","_seopress_titles_desc":"","_seopress_robots_index":"","_seopress_analysis_target_kw":"","_kad_blocks_custom_css":"","_kad_blocks_head_custom_js":"","_kad_blocks_body_custom_js":"","_kad_blocks_footer_custom_js":"","_kadence_starter_templates_imported_post":false,"_joinchat":[]},"product_brand":[],"product_cat":[17,138,158],"product_tag":[66,91],"berocket_brand":[394],"class_list":{"0":"post-30740","1":"product","2":"type-product","3":"status-publish","4":"has-post-thumbnail","6":"product_cat-eletrica","7":"product_cat-modulos","8":"product_cat-trava-eletrica","9":"product_tag-logan","10":"product_tag-sandero","11":"berocket_brand-renault","12":"thunk-woo-product-list","13":"big-store-woo-hover-zoom","14":"open-single-product-tab-horizontal","15":"open-shadow-","16":"open-shadow-hover-","18":"first","19":"instock","20":"sale","21":"taxable","22":"shipping-taxable","23":"purchasable","24":"product-type-simple"},"taxonomy_info":{"product_cat":[{"value":17,"label":"El\u00e9trica"},{"value":138,"label":"Modulos"},{"value":158,"label":"Trava El\u00e9trica"}],"product_tag":[{"value":66,"label":"Logan"},{"value":91,"label":"Sandero"}],"berocket_brand":[{"value":394,"label":"Renault"}]},"featured_image_src_large":["https:\/\/www.casadainjecao.com.br\/loja\/wp-content\/uploads\/2024\/04\/Modulo-do-Comando-Vidro-Eletrico-Renault-Logan-Sandero-mcv024-920x920.jpg",640,640,true],"author_info":[],"comment_info":"","_links":{"self":[{"href":"https:\/\/www.casadainjecao.com.br\/loja\/wp-json\/wp\/v2\/product\/30740","targetHints":{"allow":["GET"]}}],"collection":[{"href":"https:\/\/www.casadainjecao.com.br\/loja\/wp-json\/wp\/v2\/product"}],"about":[{"href":"https:\/\/www.casadainjecao.com.br\/loja\/wp-json\/wp\/v2\/types\/product"}],"wp:featuredmedia":[{"embeddable":true,"href":"https:\/\/www.casadainjecao.com.br\/loja\/wp-json\/wp\/v2\/media\/30746"}],"wp:attachment":[{"href":"https:\/\/www.casadainjecao.com.br\/loja\/wp-json\/wp\/v2\/media?parent=30740"}],"wp:term":[{"taxonomy":"product_brand","embeddable":true,"href":"https:\/\/www.casadainjecao.com.br\/loja\/wp-json\/wp\/v2\/product_brand?post=30740"},{"taxonomy":"product_cat","embeddable":true,"href":"https:\/\/www.casadainjecao.com.br\/loja\/wp-json\/wp\/v2\/product_cat?post=30740"},{"taxonomy":"product_tag","embeddable":true,"href":"https:\/\/www.casadainjecao.com.br\/loja\/wp-json\/wp\/v2\/product_tag?post=30740"},{"taxonomy":"berocket_brand","embeddable":true,"href":"https:\/\/www.casadainjecao.com.br\/loja\/wp-json\/wp\/v2\/berocket_brand?post=30740"}],"curies":[{"name":"wp","href":"https:\/\/api.w.org\/{rel}","templated":true}]}}