{"id":30824,"date":"2024-04-30T12:05:25","date_gmt":"2024-04-30T15:05:25","guid":{"rendered":"https:\/\/www.casadainjecao.com.br\/loja\/?post_type=product&#038;p=30824"},"modified":"2025-10-10T10:49:59","modified_gmt":"2025-10-10T13:49:59","slug":"bomba-de-agua-do-limpador-fiat-uno-palio","status":"publish","type":"product","link":"https:\/\/www.casadainjecao.com.br\/loja\/autopecas\/motor\/reservatorio-de-agua\/bomba-de-agua-do-limpador-fiat-uno-palio\/","title":{"rendered":"Bomba de Agua do Limpador Parabrisa Fiat Uno Palio &#8211; 8"},"content":{"rendered":"<h2 class=\"headline-medium product__title\">Bomba Agua Lavador Para-brisa 2 Saidas TSA<\/h2>\n<h3 class=\"headline-medium product__title\">GM<\/h3>\n<h3 class=\"headline-medium product__title\">Agile 2010 Ate 2013<\/h3>\n<h3 class=\"headline-medium product__title\">Astra 1995 Ate 1996<\/h3>\n<h3 class=\"headline-medium product__title\">Calibra 1994 Ate 1995<\/h3>\n<h3 class=\"headline-medium product__title\">Celta 2001 Ate 2016<\/h3>\n<h3 class=\"headline-medium product__title\">Corsa 2002 Ate 2017<\/h3>\n<h3 class=\"headline-medium product__title\">Prisma 2011 Ate 2012<\/h3>\n<h3>Fiat Uno Palio<\/h3>\n<h3 class=\"headline-medium product__title\">Codigo:- 802004A \/90226604 \/ 82491061 \/ T802004A<\/h3>\n<p>&nbsp;<\/p>\n<p><strong>Condi\u00e7\u00f5es:<\/strong><\/p>\n<p>Produto Novo Original<\/p>\n<p><strong>Garantia:<\/strong><\/p>\n<p>3 Meses<\/p>\n<p><strong>ATEN\u00c7\u00c3O: Antes de efetuar a compra verifique o c\u00f3digo da sua pe\u00e7a que est\u00e1 instalado no seu ve\u00edculo.<\/strong><\/p>\n<p>A Casa da Inje\u00e7\u00e3o oferece total garantia nos produtos comprados em nosso site.<\/p>\n<ol>\n<li>Cada item \u00e9 rigorosamente testado antes do envio<\/li>\n<li>Se os itens estiverem danificados ou parcialmente defeituosos, entre em contato conosco.<\/li>\n<li>Procure um profissional devidamente licenciado para a instala\u00e7\u00e3o e fa\u00e7a revis\u00f5es periodicamente. A empresa n\u00e3o se responsabiliza por problemas oriundos da m\u00e1 instala\u00e7\u00e3o ou com a falta de cuidados peri\u00f3dicos dos componentes.<\/li>\n<\/ol>\n<p>Se houver qualquer defeito, n\u00f3s lhe enviaremos uma substitui\u00e7\u00e3o ap\u00f3s receber o pacote ou devolvemos seu dinheiro.<\/p>\n<p>Leia nossa\u00a0<a href=\"https:\/\/www.casadainjecao.com.br\/loja\/politica-de-devolucao\">pol\u00edtica de devolu\u00e7\u00e3o aqui<\/a><\/p>\n<p>\u2014\u2014\u2014\u2014\u2014\u2014\u2014\u2014\u2014\u2014\u2014\u2014\u2014\u2014\u2014\u2014\u2014\u2014\u2014\u2013<\/p>\n<p><strong>Tem alguma d\u00favida?<\/strong><\/p>\n<p>Entre em contato que podemos ajudar!<\/p>\n<p>Confira as informa\u00e7\u00f5es adicionais abaixo:<\/p>\n<ul>\n<li>Todos os nossos produtos s\u00e3o novos, semi-novos, originais e paralelos possuem garantia.<\/li>\n<li>Todos os produtos anunciados est\u00e3o dispon\u00edveis em estoque e s\u00e3o enviados com extrema rapidez.<\/li>\n<li>O frete pode ser simulado antes de efetuar a compra, basta clicar em \u201cver custos de envio\u201d.<\/li>\n<li>Verifique o endere\u00e7o de entrega cadastrado e atualize caso necess\u00e1rio.<\/li>\n<li>Confirme se a pe\u00e7a \u00e9 correta para o seu modelo de ve\u00edculo.<\/li>\n<li>Para pe\u00e7as automotivas, recomendamos a instala\u00e7\u00e3o por um profissional especializado.<\/li>\n<li>Caso possua outras d\u00favidas, entre em contato.<\/li>\n<\/ul>\n<p>&nbsp;<\/p>\n<p>&nbsp;<\/p>\n<p>&nbsp;<\/p>\n","protected":false},"excerpt":{"rendered":"<h2>Bomba de Agua do Limpador de Parabrisa Fiat Gm &#8211; T802004A<\/h2>\n","protected":false},"featured_media":30836,"template":"","meta":{"_seopress_robots_primary_cat":"none","_seopress_titles_title":"","_seopress_titles_desc":"","_seopress_robots_index":"","_kad_blocks_custom_css":"","_kad_blocks_head_custom_js":"","_kad_blocks_body_custom_js":"","_kad_blocks_footer_custom_js":"","_joinchat":[]},"product_cat":[107,17,22,1110],"product_tag":[1410,116,295,115,119,214],"berocket_brand":[383],"taxonomy_info":{"product_cat":[{"value":107,"label":"Bomba Eletrica Limpador"},{"value":17,"label":"El\u00e9trica"},{"value":22,"label":"Motor"},{"value":1110,"label":"Reservatorio de Agua"}],"product_tag":[{"value":1410,"label":"AGile"},{"value":116,"label":"Astra"},{"value":295,"label":"Celta"},{"value":115,"label":"Corsa"},{"value":119,"label":"Palio"},{"value":214,"label":"Uno"}],"berocket_brand":[{"value":383,"label":"Fiat"}]},"featured_image_src_large":["https:\/\/www.casadainjecao.com.br\/loja\/wp-content\/uploads\/2024\/04\/bombinha-de-agua-do-limpador-gm-agile-fiat-t802004a-920x920.jpg",640,640,true],"author_info":[],"comment_info":"","_links":{"self":[{"href":"https:\/\/www.casadainjecao.com.br\/loja\/wp-json\/wp\/v2\/product\/30824"}],"collection":[{"href":"https:\/\/www.casadainjecao.com.br\/loja\/wp-json\/wp\/v2\/product"}],"about":[{"href":"https:\/\/www.casadainjecao.com.br\/loja\/wp-json\/wp\/v2\/types\/product"}],"wp:featuredmedia":[{"embeddable":true,"href":"https:\/\/www.casadainjecao.com.br\/loja\/wp-json\/wp\/v2\/media\/30836"}],"wp:attachment":[{"href":"https:\/\/www.casadainjecao.com.br\/loja\/wp-json\/wp\/v2\/media?parent=30824"}],"wp:term":[{"taxonomy":"product_cat","embeddable":true,"href":"https:\/\/www.casadainjecao.com.br\/loja\/wp-json\/wp\/v2\/product_cat?post=30824"},{"taxonomy":"product_tag","embeddable":true,"href":"https:\/\/www.casadainjecao.com.br\/loja\/wp-json\/wp\/v2\/product_tag?post=30824"},{"taxonomy":"berocket_brand","embeddable":true,"href":"https:\/\/www.casadainjecao.com.br\/loja\/wp-json\/wp\/v2\/berocket_brand?post=30824"}],"curies":[{"name":"wp","href":"https:\/\/api.w.org\/{rel}","templated":true}]}}