{"id":30954,"date":"2024-05-03T07:43:36","date_gmt":"2024-05-03T10:43:36","guid":{"rendered":"https:\/\/www.casadainjecao.com.br\/loja\/?post_type=product&#038;p=30954"},"modified":"2026-03-12T13:18:15","modified_gmt":"2026-03-12T16:18:15","slug":"sensor-de-rotacao-fiat-palio-strada-55187333","status":"publish","type":"product","link":"https:\/\/www.casadainjecao.com.br\/loja\/autopecas\/injecao-eletronica\/sensor-detonacao\/sensor-de-rotacao-fiat-palio-strada-55187333\/","title":{"rendered":"Sensor de Rota\u00e7\u00e3o Fiat Palio Strada &#8211; 55187333"},"content":{"rendered":"<h2>Sensor de Rota\u00e7\u00e3o TSA<\/h2>\n<h3><strong>Sensor de Rota\u00e7\u00e3o &#8211; 61,5 cm<\/strong><\/h3>\n<p><strong>Aplica\u00e7\u00e3o:<\/strong><br \/>\n<u>FIAT<\/u><br \/>\n\u2022 Fiorino Furg\u00e3o Fire 2P 1.3 8V (MPI &#8211; gasolina) 2000 em diante<br \/>\n\u2022 Palio EX Fire 2P\/4P 1.0 8V (MPI &#8211; gasolina) 2001 at\u00e9 2003<br \/>\n\u2022 Palio EX Fire 2P\/4P 1.3 8V (MPI &#8211; gasolina) 2003<\/p>\n<p>\u2022 Palio EX Fire Flex 2P 1.0 8V (MPI &#8211; \u00e1lcool\/gasolina) 2006 em diante<br \/>\n\u2022 Palio ELX Fire Flex 4P 1.0 8V (MPI &#8211; \u00e1lcool\/gasolina) 2006 em diante<br \/>\n\u2022 Palio ELX Fire Flex 4P 1.3 8V (MPI &#8211; \u00e1lcool\/gasolina) 2004\/2005<\/p>\n<p>\u2022 Palio Fire 2P\/4P 1.0 8V (MPI &#8211; gasolina) 2000 at\u00e9 2004<br \/>\n\u2022 Palio Fire Flex 2P\/4P 1.0 8V (MPI &#8211; \u00e1lcool\/gasolina) 2006 em diante<br \/>\n\u2022 Palio Penta Fire 4P 1.0 8V (MPI &#8211; gasolina) 2003<\/p>\n<p>\u2022 Palio Weekend EX Fire 4P 1.3 8V (MPI &#8211; gasolina) 2003\/2004<br \/>\n\u2022 Palio Weekend ELX Fire Flex 4P 1.3 8V (MPI &#8211; \u00e1lcool\/gasolina) 2005<br \/>\n\u2022 Palio Young Fire 2P\/4P 1.0 8V (MPI &#8211; gasolina) 2002<\/p>\n<p>\u2022 Siena ELX Fire Flex 4P 1.0\/1.3 8V (MPI &#8211; \u00e1lcool\/gasolina) 2002\/2003<br \/>\n\u2022 Siena EX Fire 4P 1.3 8V (MPI &#8211; gasolina) 2003\/2004<br \/>\n\u2022 Siena Fire 4P 1.0 8V (MPI &#8211; gasolina) 2005<\/p>\n<p>\u2022 Siena FIre Flex 4P 1.0 8V (MPI &#8211; \u00e1lcool\/gasolina) 2006 em diante<br \/>\n\u2022 Strada Fire 2P 1.3 8V (MPI &#8211; gasolina) 2003 at\u00e9 2005<br \/>\n\u2022 Strada Fire estendida 2P 1.3 8V (MPI &#8211; gasolina) 2003 at\u00e9 2005<\/p>\n<p>\u2022 Uno Furgoneta Fire 2P 1.3 8V (MPI &#8211; gasolina) 2003<br \/>\n\u2022 Uno Mille Fire 2P\/4P 1.0 8V (MPI &#8211; gasolina) 2002 at\u00e9 2006<br \/>\n\u2022 Uno Mille Fire Flex 2P\/4P 1.0 8V (MPI &#8211; \u00e1lcool\/gasolina) 2006 em diante<\/p>\n<p>Codigo:- 46774532, 55187333, 55189517, 55216915, 7777960, 0261210124, T-080023<\/p>\n<p><strong>Condi\u00e7\u00f5es:<\/strong><\/p>\n<p>Produto Novo Original<\/p>\n<p><strong>Garantia:<\/strong><\/p>\n<p>3 Meses<\/p>\n<p><strong>ATEN\u00c7\u00c3O: Antes de efetuar a compra verifique o c\u00f3digo da sua pe\u00e7a que est\u00e1 instalado no seu ve\u00edculo.<\/strong><\/p>\n<p>A Casa da Inje\u00e7\u00e3o oferece total garantia nos produtos comprados em nosso site.<\/p>\n<ol>\n<li>Cada item \u00e9 rigorosamente testado antes do envio<\/li>\n<li>Se os itens estiverem danificados ou parcialmente defeituosos, entre em contato conosco.<\/li>\n<li>Procure um profissional devidamente licenciado para a instala\u00e7\u00e3o e fa\u00e7a revis\u00f5es periodicamente. A empresa n\u00e3o se responsabiliza por problemas oriundos da m\u00e1 instala\u00e7\u00e3o ou com a falta de cuidados peri\u00f3dicos dos componentes.<\/li>\n<\/ol>\n<p>Se houver qualquer defeito, n\u00f3s lhe enviaremos uma substitui\u00e7\u00e3o ap\u00f3s receber o pacote ou devolvemos seu dinheiro.<\/p>\n<p>Leia nossa\u00a0<a href=\"https:\/\/www.casadainjecao.com.br\/loja\/politica-de-devolucao\">pol\u00edtica de devolu\u00e7\u00e3o aqui<\/a><\/p>\n<p>\u2014\u2014\u2014\u2014\u2014\u2014\u2014\u2014\u2014\u2014\u2014\u2014\u2014\u2014\u2014\u2014\u2014\u2014\u2014\u2013<\/p>\n<p><strong>Tem alguma d\u00favida?<\/strong><\/p>\n<p>Entre em contato que podemos ajudar!<\/p>\n<p>Confira as informa\u00e7\u00f5es adicionais abaixo:<\/p>\n<ul>\n<li>Todos os nossos produtos s\u00e3o novos, semi-novos, originais e paralelos possuem garantia.<\/li>\n<li>Todos os produtos anunciados est\u00e3o dispon\u00edveis em estoque e s\u00e3o enviados com extrema rapidez.<\/li>\n<li>O frete pode ser simulado antes de efetuar a compra, basta clicar em \u201cver custos de envio\u201d.<\/li>\n<li>Verifique o endere\u00e7o de entrega cadastrado e atualize caso necess\u00e1rio.<\/li>\n<li>Confirme se a pe\u00e7a \u00e9 correta para o seu modelo de ve\u00edculo.<\/li>\n<li>Para pe\u00e7as automotivas, recomendamos a instala\u00e7\u00e3o por um profissional especializado.<\/li>\n<li>Caso possua outras d\u00favidas, entre em contato.<\/li>\n<\/ul>\n<p>&nbsp;<\/p>\n<p>&nbsp;<\/p>\n","protected":false},"excerpt":{"rendered":"<h2>Sensor de Rota\u00e7\u00e3o Fiat Palio Strada &#8211; 0261210124<\/h2>\n","protected":false},"featured_media":31038,"template":"","meta":{"_seopress_robots_primary_cat":"none","_seopress_titles_title":"","_seopress_titles_desc":"","_seopress_robots_index":"","_joinchat":[]},"product_cat":[21,268],"product_tag":[280,119,120,1814],"berocket_brand":[383],"_links":{"self":[{"href":"https:\/\/www.casadainjecao.com.br\/loja\/wp-json\/wp\/v2\/product\/30954"}],"collection":[{"href":"https:\/\/www.casadainjecao.com.br\/loja\/wp-json\/wp\/v2\/product"}],"about":[{"href":"https:\/\/www.casadainjecao.com.br\/loja\/wp-json\/wp\/v2\/types\/product"}],"wp:featuredmedia":[{"embeddable":true,"href":"https:\/\/www.casadainjecao.com.br\/loja\/wp-json\/wp\/v2\/media\/31038"}],"wp:attachment":[{"href":"https:\/\/www.casadainjecao.com.br\/loja\/wp-json\/wp\/v2\/media?parent=30954"}],"wp:term":[{"taxonomy":"product_cat","embeddable":true,"href":"https:\/\/www.casadainjecao.com.br\/loja\/wp-json\/wp\/v2\/product_cat?post=30954"},{"taxonomy":"product_tag","embeddable":true,"href":"https:\/\/www.casadainjecao.com.br\/loja\/wp-json\/wp\/v2\/product_tag?post=30954"},{"taxonomy":"berocket_brand","embeddable":true,"href":"https:\/\/www.casadainjecao.com.br\/loja\/wp-json\/wp\/v2\/berocket_brand?post=30954"}],"curies":[{"name":"wp","href":"https:\/\/api.w.org\/{rel}","templated":true}]}}