{"id":30995,"date":"2024-05-07T09:12:32","date_gmt":"2024-05-07T12:12:32","guid":{"rendered":"https:\/\/www.casadainjecao.com.br\/loja\/?post_type=product&#038;p=30995"},"modified":"2025-08-27T10:13:57","modified_gmt":"2025-08-27T13:13:57","slug":"rele-auxiliar-ventoinha-40a-12v-renault-clio-megane-8200201150","status":"publish","type":"product","link":"https:\/\/www.casadainjecao.com.br\/loja\/autopecas\/eletrica\/reles\/rele-auxiliar-ventoinha-40a-12v-renault-clio-megane-8200201150\/","title":{"rendered":"Rele Auxiliar Ventoinha 40a 12v Renault Clio Megane &#8211; "},"content":{"rendered":"<h2>Rele da Ventoinha 40a 12v<\/h2>\n<p>Renault Clio II SI, RL, RT, Campus, Clio, Authenique, Expression, Dynamique, Privil\u00e9ge flex, hiflex, power, Alize 1.0 8v 16v 1.6 8v 16v (1998 a 2018)<\/p>\n<p>Renault M\u00e9gane I RN, RT, RXE, Alize, Egeus, Expression 1.6 8 16v 2.0 8v (1995 a 2016)<\/p>\n<p>Renault M\u00e9gane II Expression, Dynamique flex, Extreme, Privil\u00e9ge 1.6 16v (2001 a 2016)<\/p>\n<p>Renault Zo\u00e9 El\u00e9trico (2001 a 2019)<\/p>\n<p>Renault Grand Sc\u00e9nic Dynamique 2.0 16v (2002 a 2018)<\/p>\n<p>Renault Laguna RT, RXE, V6, Executive 2.0 8v 16v 3.0 12v (1993 a 2011)<\/p>\n<p>Renault Laguna II Expression, Privil\u00e9ge V6 2.0 16v 3.0 24v (2000 a 2016)<\/p>\n<p>Renault Safrane RXE (1992 a 2007)<\/p>\n<p>Renault Sandero Authentique, Expression flex, Privil\u00e9ge flex, Stepway flex, Vibe flex, GT Line 1.0 16v 1.6 8v 16v (2002 a 2013)<\/p>\n<p>Renault Sandero II Authentique, Expression flex, Vibe flex, RS flex 1.0 16v 1.0 12v 1.6 8v 16v 2.0 16v (2013 a 2022)<\/p>\n<p>Renault Kangoo Express Authentique flex, Expression flex, RL, RL hiflex 1.0 8v 1.0 16v 1.6 8v 1.6 16v (1997 a 2018)<\/p>\n<p>Renault Master II L1H1, L2H2,L3H2, Furg\u00e3o, Bus L2H2, C.C L2L1 2.5 16v 2.8 8v (1997 a 2018)<\/p>\n<p>Renault Master III 2.3 16v (2001 a 2020)<\/p>\n<p>Renault Kangoo II El\u00e9trico (2001 a 2018)<\/p>\n<p>Renault Duster Expression, Dynamique flex 1.6 16v 2.0 16v (2001 a 2018)<\/p>\n<p>Renault Captur Intense flex, Zen 1.6 16v 2.0 16v (2001 a 2020)<\/p>\n<p>Renault Sc\u00e9nic I RT, RXE, Alize, Authentique, Expression, Privil\u00e9ge, Privil\u00e9ge flex, Sportway 1.6 16v 2.0 8v 16v (1996 a 2017)<\/p>\n<p>Renault Kangoo RN, RT, RL, Sportway, Authentique, Expression 1.0 8v 1.0 16v 1.6 8v 1.6 16v (1997 a 2018)<\/p>\n<h4>C\u00f3digo de Refer\u00eancia:<\/h4>\n<p>8200201150 \/ 7700844253 \/ 20241043<\/p>\n<h4><strong>Condi\u00e7\u00f5es:<\/strong><\/h4>\n<p>Produto Novo Original \/ Marca Renault<\/p>\n<h4><strong>Garantia:<\/strong><\/h4>\n<p>3 Meses<\/p>\n<h3>ATEN\u00c7\u00c3O: Antes de efetuar a compra, verifique o c\u00f3digo da pe\u00e7a instalada em seu ve\u00edculo. Recomendamos a instala\u00e7\u00e3o por um profissional licenciado e revis\u00f5es peri\u00f3dicas. A empresa n\u00e3o se responsabiliza por problemas decorrentes de m\u00e1 instala\u00e7\u00e3o ou falta de cuidados peri\u00f3dicos.<\/h3>\n<h4>O que \u00e9 e para que serve o Rele Auxiliar Ventoinha?<\/h4>\n<p>O Rel\u00e9 auxiliar da ventoinha serve para controlar o funcionamento da ventoinha do radiador no sistema de arrefecimento do ve\u00edculo. Ele atua como um interruptor el\u00e9trico que permite que a ventoinha ligue e desligue automaticamente em resposta a sinais do sensor de temperatura do motor.<\/p>\n<p>&nbsp;<\/p>\n<p>A Casa da Inje\u00e7\u00e3o oferece total garantia nos produtos comprados em nosso site.<\/p>\n<ol>\n<li>Cada item \u00e9 rigorosamente testado antes do envio<\/li>\n<li>Se os itens estiverem danificados ou parcialmente defeituosos, entre em contato conosco.<\/li>\n<li>Procure um profissional devidamente licenciado para a instala\u00e7\u00e3o e fa\u00e7a revis\u00f5es periodicamente. A empresa n\u00e3o se responsabiliza por problemas oriundos da m\u00e1 instala\u00e7\u00e3o ou com a falta de cuidados peri\u00f3dicos dos componentes.<\/li>\n<\/ol>\n<p>Se houver qualquer defeito, n\u00f3s lhe enviaremos uma substitui\u00e7\u00e3o ap\u00f3s receber o pacote ou devolvemos seu dinheiro.<\/p>\n<p>Leia nossa\u00a0<a href=\"https:\/\/www.casadainjecao.com.br\/loja\/politica-de-devolucao\">pol\u00edtica de devolu\u00e7\u00e3o aqui<\/a><\/p>\n<p>\u2014\u2014\u2014\u2014\u2014\u2014\u2014\u2014\u2014\u2014\u2014\u2014\u2014\u2014\u2014\u2014\u2014\u2014\u2014\u2013<\/p>\n<p><strong>Tem alguma d\u00favida?<\/strong><\/p>\n<p>Entre em contato que podemos ajudar!<\/p>\n<p>Confira as informa\u00e7\u00f5es adicionais abaixo:<\/p>\n<ul>\n<li>Todos os nossos produtos s\u00e3o novos, semi-novos, originais e paralelos possuem garantia.<\/li>\n<li>Todos os produtos anunciados est\u00e3o dispon\u00edveis em estoque e s\u00e3o enviados com extrema rapidez.<\/li>\n<li>O frete pode ser simulado antes de efetuar a compra, basta clicar em \u201cver custos de envio\u201d.<\/li>\n<li>Verifique o endere\u00e7o de entrega cadastrado e atualize caso necess\u00e1rio.<\/li>\n<li>Confirme se a pe\u00e7a \u00e9 correta para o seu modelo de ve\u00edculo.<\/li>\n<li>Para pe\u00e7as automotivas, recomendamos a instala\u00e7\u00e3o por um profissional especializado.<\/li>\n<li>Caso possua outras d\u00favidas, entre em contato.<\/li>\n<\/ul>\n","protected":false},"excerpt":{"rendered":"<h2>Rele da Ventoinha 40a Renault Clio Megane &#8211; 8200201150<\/h2>\n","protected":false},"featured_media":31001,"template":"","meta":{"_seopress_robots_primary_cat":"none","_seopress_titles_title":"","_seopress_titles_desc":"","_seopress_robots_index":"","_kad_blocks_custom_css":"","_kad_blocks_head_custom_js":"","_kad_blocks_body_custom_js":"","_kad_blocks_footer_custom_js":"","_joinchat":[]},"product_cat":[17,153],"product_tag":[49,50,51,152],"berocket_brand":[394],"taxonomy_info":{"product_cat":[{"value":17,"label":"El\u00e9trica"},{"value":153,"label":"Reles"}],"product_tag":[{"value":49,"label":"Clio"},{"value":50,"label":"Megane"},{"value":51,"label":"Scenic"},{"value":152,"label":"Trafic"}],"berocket_brand":[{"value":394,"label":"Renault"}]},"featured_image_src_large":["https:\/\/www.casadainjecao.com.br\/loja\/wp-content\/uploads\/2024\/05\/rele-auxiliar-ventoinha-40-a-renault-megane-8200201150-920x920.jpg",640,640,true],"author_info":[],"comment_info":"","_links":{"self":[{"href":"https:\/\/www.casadainjecao.com.br\/loja\/wp-json\/wp\/v2\/product\/30995"}],"collection":[{"href":"https:\/\/www.casadainjecao.com.br\/loja\/wp-json\/wp\/v2\/product"}],"about":[{"href":"https:\/\/www.casadainjecao.com.br\/loja\/wp-json\/wp\/v2\/types\/product"}],"wp:featuredmedia":[{"embeddable":true,"href":"https:\/\/www.casadainjecao.com.br\/loja\/wp-json\/wp\/v2\/media\/31001"}],"wp:attachment":[{"href":"https:\/\/www.casadainjecao.com.br\/loja\/wp-json\/wp\/v2\/media?parent=30995"}],"wp:term":[{"taxonomy":"product_cat","embeddable":true,"href":"https:\/\/www.casadainjecao.com.br\/loja\/wp-json\/wp\/v2\/product_cat?post=30995"},{"taxonomy":"product_tag","embeddable":true,"href":"https:\/\/www.casadainjecao.com.br\/loja\/wp-json\/wp\/v2\/product_tag?post=30995"},{"taxonomy":"berocket_brand","embeddable":true,"href":"https:\/\/www.casadainjecao.com.br\/loja\/wp-json\/wp\/v2\/berocket_brand?post=30995"}],"curies":[{"name":"wp","href":"https:\/\/api.w.org\/{rel}","templated":true}]}}