{"id":31099,"date":"2024-05-09T11:26:15","date_gmt":"2024-05-09T14:26:15","guid":{"rendered":"https:\/\/www.casadainjecao.com.br\/loja\/?post_type=product&#038;p=31099"},"modified":"2024-06-14T16:55:25","modified_gmt":"2024-06-14T19:55:25","slug":"sensor-de-nivel-volkswagem-santana-sn00124","status":"publish","type":"product","link":"https:\/\/www.casadainjecao.com.br\/loja\/autopecas\/injecao-eletronica\/sensor-de-nivel\/sensor-de-nivel-volkswagem-santana-sn00124\/","title":{"rendered":"Sensor de Nivel Volkswagem Santana &#8211; SN00124"},"content":{"rendered":"<h2>Sensor de Nivel Original Magneti Marelli<\/h2>\n<p>VOLKSWAGEN SANTANA 1.8 2.0 1996 em diante<\/p>\n<p>VOLKSWAGEN SANTANA QUANTUM 1.8 2.0 1996 em diante<\/p>\n<p>VOLKSWAGEN GOL G2 HATCH ATLANTA 1.6 1.8 8V AP 1995 &#8211; 1998<\/p>\n<p>VOLKSWAGEN GOL G2 HATCH CL 1.6 1.8 8V AP 1997 &#8211; 1999<\/p>\n<p>VOLKSWAGEN GOL G2 HATCH CLI 1.6 1.8 8V AP 1994 &#8211; 1996<\/p>\n<p>VOLKSWAGEN GOL G2 HATCH COPA 1.6 1.8 8V AP 1995 &#8211; 1996<\/p>\n<p>VOLKSWAGEN GOL G2 HATCH GL 1.6 1.8 8V AP 1995 &#8211; 1999<\/p>\n<p>VOLKSWAGEN GOL G2 HATCH GLI 1.8 8V AP 1993 &#8211; 2001<\/p>\n<p>VOLKSWAGEN GOL G2 HATCH GTI 2.0 16V AP 1995 &#8211; 2000<\/p>\n<p>VOLKSWAGEN\u00a0 GOL G2 HATCH I 1.6 8V AP 1994 &#8211; 1998<\/p>\n<p>VOLSKSWAGEN GOL G2 HATCH MI 1.6 8V AP 1996 &#8211; 2003<\/p>\n<p>VOLKSWAGEN GOL G2 HATCH MI 1.8 8V AP 2000 &#8211; 2008<\/p>\n<p>VOLKSWAGEN GOL G2 HATCH PLUS 1.0 16V EA111 AT L4 GASOLINA 1997 &#8211; 1999<\/p>\n<p>VOLKSWAGEN GOL G2 HATCH PLUS 1.0 8V AT 1993 &#8211; 1999<\/p>\n<p>VOLKSWAGEN GOL G2 HATCH ROLLING STONES 1.6 8V AP 1995 &#8211; 1996<\/p>\n<p>VOLKSWAGEN GOL G2 HATCH SPECIAL 1.0 8V AT 1996 &#8211; 2005<\/p>\n<p>VOLKSWAGEN GOL G2 HATCH STAR 1.6 1.8 8V AP 1996 &#8211; 1998<\/p>\n<p>VOLKSWAGEN GOL G2 HATCH STD 1.6 1.8 8V AP 1995 &#8211; 1999<\/p>\n<p>VOLKSWAGEN GOL G2 HATCH STD 2.0 8V AP 1995 &#8211; 2000<\/p>\n<p>VOLKSWAGEN GOL G2 HATCH TSI 1.8 8V AP 1995 &#8211; 1997<\/p>\n<p>VOLKSWAGEN GOL G2 HATCH TSI 2.0 8V 16V AP 1996 &#8211; 1999<\/p>\n<p>VOLKSWAGEN GOL G3 HATCH CITY 1.0 1.6 8V AT 2002 &#8211; 2005<\/p>\n<p>VOLKSWAGEN GOL G3 HATCH FUN 1.0 16V EA111 AT L4 GASOLINA 2001 &#8211; 2003<\/p>\n<p>VOLKSWAGEN GOL G3 HATCH GTI 2.0 16V AP 2000 &#8211; 2004<\/p>\n<p>VOLKSWAGEN GOL G3 HATCH HIGHWAY 1.0 16V EA111 AT L4 GASOLINA 2001 &#8211; 2004<\/p>\n<p>VOLKSWAGEN GOL G3 HATCH OURO 1.0 8V 16V EA111 AT L4 GASOLINA 2000 &#8211; 2002<\/p>\n<p>VOLKSWAGEN GOL G3 HATCH PLUS 1.0 16V EA111 AT L4 GASOLINA 2000 &#8211; 2005<\/p>\n<p>VOLKSWAGEN GOL G3 HATCH PLUS 1.0 8V AT 2001 &#8211; 2008<\/p>\n<p>VOLKSWAGEN GOL G3 HATCH SPECIAL 1.0 8V AT 2003 &#8211; 2004<\/p>\n<p>VOLKSWAGEN GOL G3 HATCH STD 1.0 16V EA111 AT L4 GASOLINA 2000 &#8211; 2004<\/p>\n<p>VOLKSWAGEN GOL G3 HATCH STD 1.0 1.6 1.8 8V AP 2000 &#8211; 2004<\/p>\n<p>VOLKSWAGEN GOL G3 HATCH STD 2.0 8V AP 2000 &#8211; 2002<\/p>\n<p>VOLKSWAGEN GOL G3 HATCH TURBO 1.0 16V AT TURBO GASOLINA 1999 &#8211; 2003<\/p>\n<p>VOLKSWAGEN GOL G4 HATCH POWER 1.0 8V EA111 FLEX 2006 &#8211; 2008<\/p>\n<p>VOLKSWAGEN GOL G4 HATCH POWER 1.6 8V AP FLEX 2006 &#8211; 2009<\/p>\n<p>VOLKSWAGEN GOL G4 HATCH POWER 1.6 8V EA111 FLEX 2005 \u2013 2014<\/p>\n<p>VOLKSWAGEN PARATI G2 SW ATLANTA 1.6 8V AP 1996 &#8211; 1996<\/p>\n<p>VOLKSWAGEN PARATI G2 SW CL 1.8 8V AP 1996 &#8211; 1999<\/p>\n<p>VOLKSWAGEN PARATI G2 SW CLUB 1.8 8V AP 1996 &#8211; 1999<\/p>\n<p>VOLKSWAGEN PARATI G2 SW GL 1.6 1.8 8V AP 1996 &#8211; 1999<\/p>\n<p>VOLKSWAGEN PARATI G2 SW GTI 2.0 16V AP 1996 &#8211; 2000<\/p>\n<p>VOLKSWAGEN PARATI G2 SW STD 1.0 16V AT TURBO GASOLINA 2000 &#8211; 2004<\/p>\n<p>VOLKSWAGEN PARATI G2 SW STD 1.0 16V EA111 AT L4 GASOLINA 1996 &#8211; 1999<\/p>\n<p>VOLKSWAGEN PARATI G2 SW STD 1.0 1.6 1.8 8V AT 1996 &#8211; 1999<\/p>\n<p>VOLKSWAGEN PARATI G2 SW SURF 1.8 8V AP 1996 &#8211; 1999<\/p>\n<p>VOLKSWAGEN PARATI G3 SW CITY 1.6 8V AP 2000 &#8211; 2004<\/p>\n<p>VOLKSWAGEN PARATI G3 SW CROSSOVER 1.0 2.0 16V EA111 AT L4 GASOLINA 2003 &#8211; 2005<\/p>\n<p>VOLKSWAGEN PARATI G3 SW FUN 1.0 16V EA111 AT L4 GASOLINA 2001 &#8211; 2002<\/p>\n<p>VOLKSWAGEN PARATI G3 SW GTI 2.0 16V AP 2001 &#8211; 2004<\/p>\n<p>VOLKSWAGEN PARATI G3 SW PLUS 1.0 16V EA111 AT L4 GASOLINA 2000 &#8211; 2005<\/p>\n<p>VOLKSWAGEN PARATI G3 SW STD 1.0 16V EA111 AT L4 GASOLINA 2000 &#8211; 2004<\/p>\n<p>VOLKSWAGEN PARATI G3 SW STD 1.0 8V AT 2000 &#8211; 2004<\/p>\n<p>VOLKSWAGEN PARATI G3 SW STD 1.6 1.8 2.0 8V AP 2000 &#8211; 2005<\/p>\n<p>VOLKSWAGEN PARATI G3 SW SUNSET 1.0 16V EA111 AT L4 GASOLINA 2001 &#8211; 2003<\/p>\n<p>VOLKSWAGEN PARATI G3 SW TOUR 2.0 8V AP 2002 &#8211; 2003<\/p>\n<p>VOLKSWAGEN PARATI G3 SW TRACKFIELD 2.0 8V AP 2000 &#8211; 2005<\/p>\n<h4>C\u00f3digo de Refer\u00eancia:<\/h4>\n<p>SN00124 \/ Mam00013 \/ Mam00076<\/p>\n<h4><strong>Condi\u00e7\u00f5es:<\/strong><\/h4>\n<p>Produto Novo Original \/ Marca Magneti Marelli<\/p>\n<p><strong>Garantia:<\/strong><\/p>\n<p>3 Meses<\/p>\n<h3>ATEN\u00c7\u00c3O: Antes de efetuar a compra, verifique o c\u00f3digo da pe\u00e7a instalada em seu ve\u00edculo. Recomendamos a instala\u00e7\u00e3o por um profissional licenciado e revis\u00f5es peri\u00f3dicas. A empresa n\u00e3o se responsabiliza por problemas decorrentes de m\u00e1 instala\u00e7\u00e3o ou falta de cuidados peri\u00f3dicos.<\/h3>\n<h4>O que \u00e9 e para que serve o Sensor de N\u00edvel?<\/h4>\n<p>O Sensor boia de n\u00edvel serve para medir e monitorar o n\u00edvel de um l\u00edquido em um reservat\u00f3rio. Em ve\u00edculos, ele \u00e9 comumente utilizado no tanque de combust\u00edvel para informar ao sistema de medi\u00e7\u00e3o (como o mostrador no painel) a quantidade de combust\u00edvel dispon\u00edvel. Assim, o motorista pode saber quando \u00e9 necess\u00e1rio reabastecer. Este sensor pode ser usado tamb\u00e9m em outros sistemas que requerem monitoramento de n\u00edvel de l\u00edquidos, como reservat\u00f3rios de \u00f3leo ou l\u00edquido de arrefecimento.<\/p>\n<p>&nbsp;<\/p>\n<p>A Casa da Inje\u00e7\u00e3o oferece total garantia nos produtos comprados em nosso site.<\/p>\n<ol>\n<li>Cada item \u00e9 rigorosamente testado antes do envio<\/li>\n<li>Se os itens estiverem danificados ou parcialmente defeituosos, entre em contato conosco.<\/li>\n<li>Procure um profissional devidamente licenciado para a instala\u00e7\u00e3o e fa\u00e7a revis\u00f5es periodicamente. A empresa n\u00e3o se responsabiliza por problemas oriundos da m\u00e1 instala\u00e7\u00e3o ou com a falta de cuidados peri\u00f3dicos dos componentes.<\/li>\n<\/ol>\n<p>Se houver qualquer defeito, n\u00f3s lhe enviaremos uma substitui\u00e7\u00e3o ap\u00f3s receber o pacote ou devolvemos seu dinheiro.<\/p>\n<p>Leia nossa\u00a0<a href=\"https:\/\/www.casadainjecao.com.br\/loja\/politica-de-devolucao\">pol\u00edtica de devolu\u00e7\u00e3o aqui<\/a><\/p>\n<p>\u2014\u2014\u2014\u2014\u2014\u2014\u2014\u2014\u2014\u2014\u2014\u2014\u2014\u2014\u2014\u2014\u2014\u2014\u2014\u2013<\/p>\n<p><strong>Tem alguma d\u00favida?<\/strong><\/p>\n<p>Entre em contato que podemos ajudar!<\/p>\n<p>Confira as informa\u00e7\u00f5es adicionais abaixo:<\/p>\n<ul>\n<li>Todos os nossos produtos s\u00e3o novos, semi-novos, originais e paralelos possuem garantia.<\/li>\n<li>Todos os produtos anunciados est\u00e3o dispon\u00edveis em estoque e s\u00e3o enviados com extrema rapidez.<\/li>\n<li>O frete pode ser simulado antes de efetuar a compra, basta clicar em \u201cver custos de envio\u201d.<\/li>\n<li>Verifique o endere\u00e7o de entrega cadastrado e atualize caso necess\u00e1rio.<\/li>\n<li>Confirme se a pe\u00e7a \u00e9 correta para o seu modelo de ve\u00edculo.<\/li>\n<li>Para pe\u00e7as automotivas, recomendamos a instala\u00e7\u00e3o por um profissional especializado.<\/li>\n<li>Caso possua outras d\u00favidas, entre em contato.<\/li>\n<\/ul>\n","protected":false},"excerpt":{"rendered":"<h2>Sensor de Nivel Volkswagem Santana Quantum &#8211; SN00124<\/h2>\n","protected":false},"featured_media":33021,"template":"","meta":{"_seopress_robots_primary_cat":"none","_seopress_titles_title":"","_seopress_titles_desc":"","_seopress_robots_index":"","_joinchat":[]},"product_cat":[21,1532],"product_tag":[59,232,233,159],"berocket_brand":[396],"_links":{"self":[{"href":"https:\/\/www.casadainjecao.com.br\/loja\/wp-json\/wp\/v2\/product\/31099"}],"collection":[{"href":"https:\/\/www.casadainjecao.com.br\/loja\/wp-json\/wp\/v2\/product"}],"about":[{"href":"https:\/\/www.casadainjecao.com.br\/loja\/wp-json\/wp\/v2\/types\/product"}],"wp:featuredmedia":[{"embeddable":true,"href":"https:\/\/www.casadainjecao.com.br\/loja\/wp-json\/wp\/v2\/media\/33021"}],"wp:attachment":[{"href":"https:\/\/www.casadainjecao.com.br\/loja\/wp-json\/wp\/v2\/media?parent=31099"}],"wp:term":[{"taxonomy":"product_cat","embeddable":true,"href":"https:\/\/www.casadainjecao.com.br\/loja\/wp-json\/wp\/v2\/product_cat?post=31099"},{"taxonomy":"product_tag","embeddable":true,"href":"https:\/\/www.casadainjecao.com.br\/loja\/wp-json\/wp\/v2\/product_tag?post=31099"},{"taxonomy":"berocket_brand","embeddable":true,"href":"https:\/\/www.casadainjecao.com.br\/loja\/wp-json\/wp\/v2\/berocket_brand?post=31099"}],"curies":[{"name":"wp","href":"https:\/\/api.w.org\/{rel}","templated":true}]}}