{"id":31168,"date":"2024-05-10T17:43:04","date_gmt":"2024-05-10T20:43:04","guid":{"rendered":"https:\/\/www.casadainjecao.com.br\/loja\/?post_type=product&#038;p=31168"},"modified":"2026-05-07T18:18:55","modified_gmt":"2026-05-07T21:18:55","slug":"interruptor-pedal-luz-freio-peugeot-206-207-original-453444","status":"publish","type":"product","link":"https:\/\/www.casadainjecao.com.br\/loja\/autopecas\/freios\/interruptor\/interruptor-pedal-luz-freio-peugeot-206-207-original-453444\/","title":{"rendered":"Interruptor Pedal Luz Freio Peugeot 206 207 Original &#8211;"},"content":{"rendered":"<h2>Interruptor Pedal De Freio Original Peugeout<\/h2>\n<p><strong>PEUGEOT<\/strong><\/p>\n<p>Peugeot 206 1.4 8v \/ 1.6 16v<\/p>\n<p>Peugeot 207 1.4 8v \/ 1.6 16v<\/p>\n<p>Peugeot Hoggar 1.4 8v \/ 1.6 16v<\/p>\n<h4>C\u00f3digo de refer\u00eancia:<\/h4>\n<p>453444, 9634667980<\/p>\n<h4>Condi\u00e7\u00f5es:<\/h4>\n<p>Novo Original \/ Fiat Mopar<\/p>\n<h4>Especifica\u00e7\u00f5es:<\/h4>\n<p>2 Pinos<\/p>\n<h4>Garantia:<\/h4>\n<p>3 Meses<\/p>\n<h3><strong>ATEN\u00c7\u00c3O<\/strong>: Antes de efetuar a compra verifique o c\u00f3digo da pe\u00e7a que est\u00e1 instalada no seu ve\u00edculo.<\/h3>\n<h4>O que \u00e9 e para que serve o Interruptor da Luz do Freio?<\/h4>\n<p>O Interruptor da Luz do Freio serve para acionar as luzes sempre que o motorista pisa no pedal de freio. Essas luzes de freio s\u00e3o as luzes vermelhas localizadas na traseira do ve\u00edculo e servem para alertar os motoristas que est\u00e3o atr\u00e1s de voc\u00ea que voc\u00ea est\u00e1 desacelerando ou parando.<\/p>\n<p>&nbsp;<\/p>\n<p>A Casa da Inje\u00e7\u00e3o oferece total garantia nos produtos comprados em nosso site.<\/p>\n<ol>\n<li>Cada item \u00e9 rigorosamente testado antes do envio<\/li>\n<li>Se os itens estiverem danificados ou parcialmente defeituosos, entre em contato conosco.<\/li>\n<\/ol>\n<p>Se houver qualquer defeito, n\u00f3s lhe enviaremos uma substitui\u00e7\u00e3o ap\u00f3s receber o pacote ou devolvemos seu dinheiro.<\/p>\n<p>Leia nossa <span style=\"color: #ff0000;\"><a style=\"color: #ff0000;\" href=\"https:\/\/www.casadainjecao.com.br\/loja\/politica-de-devolucao\">pol\u00edtica de devolu\u00e7\u00e3o aqui<\/a><\/span><\/p>\n<p><span style=\"color: #000000;\">&#8212;&#8212;&#8212;&#8212;&#8212;&#8212;&#8212;&#8212;&#8212;&#8212;&#8212;&#8212;&#8212;&#8212;&#8212;&#8212;&#8212;&#8212;&#8212;&#8212;&#8212;&#8212;&#8212;&#8212;&#8212;&#8212;&#8212;<\/span><\/p>\n<h4>Tem alguma d\u00favida?<\/h4>\n<p>Entre em contato que podemos ajudar!<\/p>\n<p>Confira as informa\u00e7\u00f5es adicionais abaixo:<\/p>\n<ul>\n<li>Todos os nossos produtos s\u00e3o novos, semi-novos, originais, paralelos e possuem garantia.<\/li>\n<li>Todos os produtos anunciados est\u00e3o dispon\u00edveis em estoque e s\u00e3o enviados com extrema rapidez.<\/li>\n<li>O frete pode ser simulado antes de efetuar a compra, basta clicar em \u201cver custos de envio\u201d.<\/li>\n<li>Verifique o endere\u00e7o de entrega cadastrado e atualize caso necess\u00e1rio.<\/li>\n<li>Confirme se a pe\u00e7a \u00e9 correta para o seu modelo de ve\u00edculo.<\/li>\n<li>Para pe\u00e7as automotivas, recomendamos a instala\u00e7\u00e3o por um profissional especializado.<\/li>\n<\/ul>\n<p>Caso possua outras d\u00favidas, entre em contato.<\/p>\n","protected":false},"excerpt":{"rendered":"<h2>Interruptor Pedal Luz Freio Peugeot 206 207 Original &#8211; 453444, 9634667980<\/h2>\n<p>&nbsp;<\/p>\n","protected":false},"featured_media":31204,"template":"","meta":{"_seopress_robots_primary_cat":"none","_seopress_titles_title":"","_seopress_titles_desc":"","_seopress_robots_index":"","_kad_blocks_custom_css":"","_kad_blocks_head_custom_js":"","_kad_blocks_body_custom_js":"","_kad_blocks_footer_custom_js":"","_joinchat":[]},"product_cat":[20,180],"product_tag":[],"berocket_brand":[393],"taxonomy_info":{"product_cat":[{"value":20,"label":"Freios"},{"value":180,"label":"Interruptor"}],"berocket_brand":[{"value":393,"label":"Peugeot"}]},"featured_image_src_large":["https:\/\/www.casadainjecao.com.br\/loja\/wp-content\/uploads\/2024\/05\/453444-4-787x920.jpg",640,748,true],"author_info":[],"comment_info":"","_links":{"self":[{"href":"https:\/\/www.casadainjecao.com.br\/loja\/wp-json\/wp\/v2\/product\/31168"}],"collection":[{"href":"https:\/\/www.casadainjecao.com.br\/loja\/wp-json\/wp\/v2\/product"}],"about":[{"href":"https:\/\/www.casadainjecao.com.br\/loja\/wp-json\/wp\/v2\/types\/product"}],"wp:featuredmedia":[{"embeddable":true,"href":"https:\/\/www.casadainjecao.com.br\/loja\/wp-json\/wp\/v2\/media\/31204"}],"wp:attachment":[{"href":"https:\/\/www.casadainjecao.com.br\/loja\/wp-json\/wp\/v2\/media?parent=31168"}],"wp:term":[{"taxonomy":"product_cat","embeddable":true,"href":"https:\/\/www.casadainjecao.com.br\/loja\/wp-json\/wp\/v2\/product_cat?post=31168"},{"taxonomy":"product_tag","embeddable":true,"href":"https:\/\/www.casadainjecao.com.br\/loja\/wp-json\/wp\/v2\/product_tag?post=31168"},{"taxonomy":"berocket_brand","embeddable":true,"href":"https:\/\/www.casadainjecao.com.br\/loja\/wp-json\/wp\/v2\/berocket_brand?post=31168"}],"curies":[{"name":"wp","href":"https:\/\/api.w.org\/{rel}","templated":true}]}}