{"id":31210,"date":"2024-05-13T17:41:53","date_gmt":"2024-05-13T20:41:53","guid":{"rendered":"https:\/\/www.casadainjecao.com.br\/loja\/?post_type=product&#038;p=31210"},"modified":"2025-03-23T23:08:17","modified_gmt":"2025-03-24T02:08:17","slug":"alca-teto-seguranca-mobi-uno-novo-palio-grand-siena-735362740","status":"publish","type":"product","link":"https:\/\/www.casadainjecao.com.br\/loja\/autopecas\/interior\/alca-de-apoio\/alca-teto-seguranca-mobi-uno-novo-palio-grand-siena-735362740\/","title":{"rendered":"Al\u00e7a Seguran\u00e7a Teto Fiat Mobi Uno Original &#8211; 7353627"},"content":{"rendered":"<h2>Al\u00e7a Teto Seguran\u00e7a\/Al\u00e7a Apoio Seguran\u00e7a Teto<\/h2>\n<p><strong>FIAT<\/strong><\/p>\n<p>FIAT GRAND SIENA de 2012 ate 2018<\/p>\n<p>FIAT MOBI de 2017 ate 2018<\/p>\n<p>FIAT NOVO FIORINO de 2011 ate 2018<\/p>\n<p>FIAT NOVO PALIO de 2012 ate 2018<\/p>\n<p>FIAT NOVO UNO de 2011 ate 2014<\/p>\n<p>FIAT NOVO UNO FASE 1 de 2015 ate 2016<\/p>\n<p>FIAT NOVO UNO FASE 2 de 2016 ate 2018<\/p>\n<p>FIAT NOVO UNO FURGONETA de 2011 ate 2018<\/p>\n<p>FIAT PALIO FASE 1 de 2001 ate 2007<\/p>\n<p>FIAT PALIO FASE 2 de 2004 ate 2018<\/p>\n<p>FIAT PALIO FASE 3 de 2008 ate 2012<\/p>\n<p>FIAT PALIO WEEKEND FASE 2 de 2004 ate 2008<\/p>\n<p>FIAT PALIO WEEKEND FASE 3 de 2008 ate 2012<\/p>\n<p>FIAT PALIO WEEKEND FASE 4 de 2013 ate 2018<\/p>\n<p>FIAT SIENA FASE 1 de 2001 ate 2007<\/p>\n<p>FIAT SIENA FASE 2 de 2004 ate 2013<\/p>\n<p>FIAT SIENA FASE 3 de 2008 ate 2012<\/p>\n<p>FIAT SIENA FASE 4 de 2013 ate 2018<\/p>\n<p>FIAT STRADA FASE 1 de 2001 ate 2007<\/p>\n<p>FIAT STRADA FASE 2 de 2004 ate 2013<\/p>\n<p>FIAT STRADA FASE 3 de 2008 ate 2012<\/p>\n<p>FIAT STRADA FASE 4 de 2013 ate 2018<\/p>\n<p>Recomendamos que a instala\u00e7\u00e3o seja feita com um profissional<\/p>\n<h4>C\u00f3digo de Refer\u00eancia:<\/h4>\n<p>735362740<\/p>\n<h4>Especifica\u00e7\u00f5es:<\/h4>\n<p>Al\u00e7a de seguran\u00e7a do teto Linha Fiat<br \/>\nDianteiro Direito ( Lado do passageiro )<br \/>\nCor: cinza claro<\/p>\n<h4>Condi\u00e7\u00f5es:<\/h4>\n<p>Novo Original \/ Fiat Mopar<\/p>\n<h4>Garantia:<\/h4>\n<p>3 Meses<\/p>\n<h3><strong>ATEN\u00c7\u00c3O<\/strong>: Antes de efetuar a compra verifique o c\u00f3digo da pe\u00e7a que est\u00e1 instalada no seu ve\u00edculo.<\/h3>\n<h4>O que \u00e9 e para que serve a Al\u00e7a de Seguran\u00e7a do Teto?<\/h4>\n<p>A Al\u00e7a de seguran\u00e7a do teto, tamb\u00e9m conhecida como al\u00e7a de teto ou al\u00e7a de apoio, \u00e9 um dispositivo de seguran\u00e7a instalado no interior de ve\u00edculos, principalmente em autom\u00f3veis, \u00f4nibus, vans e outros ve\u00edculos de transporte de passageiros. Sua fun\u00e7\u00e3o principal \u00e9 fornecer um ponto de apoio para os ocupantes do ve\u00edculo se segurarem durante a viagem, especialmente em situa\u00e7\u00f5es de frenagem brusca, curvas acentuadas ou em terrenos acidentados.<\/p>\n<p>&nbsp;<\/p>\n<p>A Casa da Inje\u00e7\u00e3o oferece total garantia nos produtos comprados em nosso site.<\/p>\n<ol>\n<li>Cada item \u00e9 rigorosamente testado antes do envio<\/li>\n<li>Se os itens estiverem danificados ou parcialmente defeituosos, entre em contato conosco.<\/li>\n<\/ol>\n<p>Se houver qualquer defeito, n\u00f3s lhe enviaremos uma substitui\u00e7\u00e3o ap\u00f3s receber o pacote ou devolvemos seu dinheiro.<\/p>\n<p>Leia nossa <span style=\"color: #ff0000;\"><a style=\"color: #ff0000;\" href=\"https:\/\/www.casadainjecao.com.br\/loja\/politica-de-devolucao\">pol\u00edtica de devolu\u00e7\u00e3o aqui<\/a><\/span><\/p>\n<p><span style=\"color: #000000;\">&#8212;&#8212;&#8212;&#8212;&#8212;&#8212;&#8212;&#8212;&#8212;&#8212;&#8212;&#8212;&#8212;&#8212;&#8212;&#8212;&#8212;&#8212;&#8212;&#8212;&#8212;&#8212;&#8212;&#8212;&#8212;&#8212;&#8212;<\/span><\/p>\n<h4>Tem alguma d\u00favida?<\/h4>\n<p>Entre em contato que podemos ajudar!<\/p>\n<p>Confira as informa\u00e7\u00f5es adicionais abaixo:<\/p>\n<ul>\n<li>Todos os nossos produtos s\u00e3o novos, semi-novos, originais, paralelos e possuem garantia.<\/li>\n<li>Todos os produtos anunciados est\u00e3o dispon\u00edveis em estoque e s\u00e3o enviados com extrema rapidez.<\/li>\n<li>O frete pode ser simulado antes de efetuar a compra, basta clicar em \u201cver custos de envio\u201d.<\/li>\n<li>Verifique o endere\u00e7o de entrega cadastrado e atualize caso necess\u00e1rio.<\/li>\n<li>Confirme se a pe\u00e7a \u00e9 correta para o seu modelo de ve\u00edculo.<\/li>\n<li>Para pe\u00e7as automotivas, recomendamos a instala\u00e7\u00e3o por um profissional especializado.<\/li>\n<\/ul>\n<p>Caso possua outras d\u00favidas, entre em contato.<\/p>\n","protected":false},"excerpt":{"rendered":"<h2 class=\"ui-pdp-title\">Al\u00e7a De Teto Retr\u00e1til Fiat Strada Siena Palio Weekend Original<\/h2>\n","protected":false},"featured_media":31211,"template":"","meta":{"_seopress_robots_primary_cat":"none","_seopress_titles_title":"","_seopress_titles_desc":"","_seopress_robots_index":"","_joinchat":[]},"product_cat":[337,24],"product_tag":[1713,1855,1600,1892,120,121],"berocket_brand":[383],"_links":{"self":[{"href":"https:\/\/www.casadainjecao.com.br\/loja\/wp-json\/wp\/v2\/product\/31210"}],"collection":[{"href":"https:\/\/www.casadainjecao.com.br\/loja\/wp-json\/wp\/v2\/product"}],"about":[{"href":"https:\/\/www.casadainjecao.com.br\/loja\/wp-json\/wp\/v2\/types\/product"}],"wp:featuredmedia":[{"embeddable":true,"href":"https:\/\/www.casadainjecao.com.br\/loja\/wp-json\/wp\/v2\/media\/31211"}],"wp:attachment":[{"href":"https:\/\/www.casadainjecao.com.br\/loja\/wp-json\/wp\/v2\/media?parent=31210"}],"wp:term":[{"taxonomy":"product_cat","embeddable":true,"href":"https:\/\/www.casadainjecao.com.br\/loja\/wp-json\/wp\/v2\/product_cat?post=31210"},{"taxonomy":"product_tag","embeddable":true,"href":"https:\/\/www.casadainjecao.com.br\/loja\/wp-json\/wp\/v2\/product_tag?post=31210"},{"taxonomy":"berocket_brand","embeddable":true,"href":"https:\/\/www.casadainjecao.com.br\/loja\/wp-json\/wp\/v2\/berocket_brand?post=31210"}],"curies":[{"name":"wp","href":"https:\/\/api.w.org\/{rel}","templated":true}]}}