{"id":31233,"date":"2024-05-15T15:55:59","date_gmt":"2024-05-15T18:55:59","guid":{"rendered":"https:\/\/www.casadainjecao.com.br\/loja\/?post_type=product&#038;p=31233"},"modified":"2026-05-13T12:46:12","modified_gmt":"2026-05-13T15:46:12","slug":"sonda-lambda-pos-catalisador-onix-prisma-spin-12643708","status":"publish","type":"product","link":"https:\/\/www.casadainjecao.com.br\/loja\/autopecas\/injecao-eletronica\/sonda-lambda\/sonda-lambda-pos-catalisador-onix-prisma-spin-12643708\/","title":{"rendered":"Sonda Lambda P\u00f3s Catalisador Onix Prisma Spin &#8211; 12643"},"content":{"rendered":"<h2>Sonda Lambda P\u00f3s Catalizador<\/h2>\n<p><b>CHEVROLET<\/b><\/p>\n<p>COBALT 1.4 1.8 8V FLEX &#8211;\u00a0 2017 2018 2019 2020 2021<\/p>\n<p>MONTANA 1.4 8V FLEX &#8211;\u00a0 2017 2018 2019 2020 2021<\/p>\n<p>ONIX 1.0 1.4 8V &#8211;\u00a0 2017 2018 2019 2020 2021<\/p>\n<p>PRISMA 1.0 1.4 8V &#8211; 2017 2018 2019 2020 2021<\/p>\n<p>SPIN 1.8 8V\u00a0 &#8211; 2017 2018 2019 2020 2021<\/p>\n<h4>C\u00f3digo de Refer\u00eancia:<\/h4>\n<p>12643708 \/ 24585554 \/ 13503594 \/ 24581407<\/p>\n<p><strong>Condi\u00e7\u00f5es:<\/strong><\/p>\n<p>Novo Paralelo \/ Marca Torken<\/p>\n<h4>Especifica\u00e7\u00f5es:<\/h4>\n<p>P\u00f3s Catalisador: Comprimento total 33 cm , 4 Pinos , 4 Fios (2 brancos 1 preto 1 cinza)<\/p>\n<h4><strong>Garantia:<\/strong><\/h4>\n<p>3 Meses<strong>\u00a0<\/strong><\/p>\n<h3>ATEN\u00c7\u00c3O: Antes de efetuar a compra verifique o c\u00f3digo da sua pe\u00e7a que est\u00e1 instalada no seu ve\u00edculo.<\/h3>\n<h3><strong>APLICA\u00c7\u00c3O:<\/strong><\/h3>\n<p>Linha Chevrolet<\/p>\n<h4><strong>\u00a0O que \u00e9 e para que serve a Sonda Lambda?<\/strong><\/h4>\n<p>A Sonda Lambda \u00e9 um componente importante em sistemas de controle de emiss\u00f5es de ve\u00edculos a combust\u00e3o interna, como carros a gasolina e diesel. Seu principal objetivo \u00e9 medir a quantidade de oxig\u00eanio nos gases de escape do motor. Essa informa\u00e7\u00e3o \u00e9 crucial para otimizar a mistura ar\/combust\u00edvel, garantindo uma combust\u00e3o mais eficiente e reduzindo as emiss\u00f5es de poluentes.<\/p>\n<p>&nbsp;<\/p>\n<p>A Casa da Inje\u00e7\u00e3o oferece total garantia nos produtos comprados em nosso site.<\/p>\n<ol>\n<li>Cada item \u00e9 rigorosamente testado antes do envio<\/li>\n<li>Se os itens estiverem danificados ou parcialmente defeituosos, entre em contato conosco.<\/li>\n<\/ol>\n<p>Se houver qualquer defeito, n\u00f3s lhe enviaremos uma substitui\u00e7\u00e3o ap\u00f3s receber o pacote ou devolvemos seu dinheiro.<\/p>\n<p>Leia nossa\u00a0<span style=\"color: #ff0000;\"><a style=\"color: #ff0000;\" href=\"https:\/\/www.casadainjecao.com.br\/loja\/politica-de-devolucao\">pol\u00edtica de devolu\u00e7\u00e3o aqui<\/a><\/span><\/p>\n<p>\u2014\u2014\u2014\u2014\u2014\u2014\u2014\u2014\u2014\u2014\u2014\u2014\u2014\u2014\u2014\u2014\u2014\u2014\u2014\u2013<\/p>\n<p><strong>Tem alguma d\u00favida?<\/strong><\/p>\n<p>Entre em contato que podemos ajudar!<\/p>\n<p>Confira as informa\u00e7\u00f5es adicionais abaixo:<\/p>\n<ul>\n<li>Todos os nossos produtos s\u00e3o novos, semi-novos, originais e paralelos possuem garantia.<\/li>\n<li>Todos os produtos anunciados est\u00e3o dispon\u00edveis em estoque e s\u00e3o enviados com extrema rapidez.<\/li>\n<li>O frete pode ser simulado antes de efetuar a compra, basta clicar em \u201cver custos de envio\u201d.<\/li>\n<li>Verifique o endere\u00e7o de entrega cadastrado e atualize caso necess\u00e1rio.<\/li>\n<li>Confirme se a pe\u00e7a \u00e9 correta para o seu modelo de ve\u00edculo.<\/li>\n<li>Para pe\u00e7as automotivas, recomendamos a instala\u00e7\u00e3o por um profissional especializado.<\/li>\n<\/ul>\n<p>Caso possua outras d\u00favidas, entre em contato.<\/p>\n","protected":false},"excerpt":{"rendered":"<h2>Sonda Lambda P\u00f3s Catalisador Onix Prisma Cobalt &#8211; 12643708<\/h2>\n","protected":false},"featured_media":44076,"template":"","meta":{"_seopress_robots_primary_cat":"none","_seopress_titles_title":"","_seopress_titles_desc":"","_seopress_robots_index":"","_seopress_analysis_target_kw":"","_kad_blocks_custom_css":"","_kad_blocks_head_custom_js":"","_kad_blocks_body_custom_js":"","_kad_blocks_footer_custom_js":"","_kadence_starter_templates_imported_post":false,"_joinchat":[]},"product_brand":[],"product_cat":[21,270],"product_tag":[112,296,1366,1263,113],"berocket_brand":[381],"class_list":{"0":"post-31233","1":"product","2":"type-product","3":"status-publish","4":"has-post-thumbnail","6":"product_cat-injecao-eletronica","7":"product_cat-sonda-lambda","8":"product_tag-cobalt","9":"product_tag-montana","10":"product_tag-onix","11":"product_tag-prisma","12":"product_tag-spin","13":"berocket_brand-chevrolet","14":"thunk-woo-product-list","15":"big-store-woo-hover-zoom","16":"open-single-product-tab-horizontal","17":"open-shadow-","18":"open-shadow-hover-","20":"first","21":"instock","22":"sale","23":"taxable","24":"shipping-taxable","25":"purchasable","26":"product-type-simple"},"taxonomy_info":{"product_cat":[{"value":21,"label":"Inje\u00e7\u00e3o Eletr\u00f4nica"},{"value":270,"label":"Sonda Lambda"}],"product_tag":[{"value":112,"label":"Cobalt"},{"value":296,"label":"Montana"},{"value":1366,"label":"Onix"},{"value":1263,"label":"Prisma"},{"value":113,"label":"Spin"}],"berocket_brand":[{"value":381,"label":"Chevrolet"}]},"featured_image_src_large":["https:\/\/www.casadainjecao.com.br\/loja\/wp-content\/uploads\/2024\/05\/12643708-1-1-920x920.jpg",640,640,true],"author_info":[],"comment_info":"","_links":{"self":[{"href":"https:\/\/www.casadainjecao.com.br\/loja\/wp-json\/wp\/v2\/product\/31233","targetHints":{"allow":["GET"]}}],"collection":[{"href":"https:\/\/www.casadainjecao.com.br\/loja\/wp-json\/wp\/v2\/product"}],"about":[{"href":"https:\/\/www.casadainjecao.com.br\/loja\/wp-json\/wp\/v2\/types\/product"}],"wp:featuredmedia":[{"embeddable":true,"href":"https:\/\/www.casadainjecao.com.br\/loja\/wp-json\/wp\/v2\/media\/44076"}],"wp:attachment":[{"href":"https:\/\/www.casadainjecao.com.br\/loja\/wp-json\/wp\/v2\/media?parent=31233"}],"wp:term":[{"taxonomy":"product_brand","embeddable":true,"href":"https:\/\/www.casadainjecao.com.br\/loja\/wp-json\/wp\/v2\/product_brand?post=31233"},{"taxonomy":"product_cat","embeddable":true,"href":"https:\/\/www.casadainjecao.com.br\/loja\/wp-json\/wp\/v2\/product_cat?post=31233"},{"taxonomy":"product_tag","embeddable":true,"href":"https:\/\/www.casadainjecao.com.br\/loja\/wp-json\/wp\/v2\/product_tag?post=31233"},{"taxonomy":"berocket_brand","embeddable":true,"href":"https:\/\/www.casadainjecao.com.br\/loja\/wp-json\/wp\/v2\/berocket_brand?post=31233"}],"curies":[{"name":"wp","href":"https:\/\/api.w.org\/{rel}","templated":true}]}}