{"id":31321,"date":"2024-05-17T15:52:35","date_gmt":"2024-05-17T18:52:35","guid":{"rendered":"https:\/\/www.casadainjecao.com.br\/loja\/?post_type=product&#038;p=31321"},"modified":"2026-03-19T09:06:44","modified_gmt":"2026-03-19T12:06:44","slug":"defletor-de-oleo-da-caixa-marchas-renault-r19-7700747976","status":"publish","type":"product","link":"https:\/\/www.casadainjecao.com.br\/loja\/autopecas\/transmissao\/cambio\/defletor-de-oleo-da-caixa-marchas-renault-r19-7700747976\/","title":{"rendered":"Defletor de Oleo da Caixa Marchas Renault Kangoo  &#8211; 77"},"content":{"rendered":"<h1>Canaleta Defletor de Oleo Caixa de Marchas<\/h1>\n<h2>Placa Lubrifica\u00e7\u00e3o Quinta Marcha da Caixa de Engrenagem<\/h2>\n<p>&nbsp;<\/p>\n<p>&nbsp;<\/p>\n<p>&nbsp;<\/p>\n<h3>RENAULT<\/h3>\n<h3>Renault R19 RN, RT, Cabriolet 1.6 8v 1.8 8v 16v &#8211; 1988 1989 1990 1991 1992 1993 1994 1995 1996 1997<\/h3>\n<h3>Renault R21 TXE, GTX, TXI 2.0 8v 2.2 8v &#8211; 1986 1987 1988 1989 1990 1991 1992\u00a0 1993<\/h3>\n<h3>Renault Symbol Expression, Privil\u00e9ge, Connection, Privil\u00e9ge flex 1.6 8v 16v &#8211; 2007 2008 2009 2010 2011 2012 2013 2014 2015 2016 2017 2018<\/h3>\n<h3>Renault M\u00e9gane RN, RT, RXE, Alize, Egeus, Expression 1.6 8v 16v 2.0 8v &#8211; 1995 1996 1997 1998 1999 2000 2001 2002 2003 2004 2005 2006 2007 2008 2009 2010 2011 2012 2013 2014 2015 2016<\/h3>\n<h3>Renault Clio II SI, RL, RN, RT, Campus, Clio, Authentique, Expression, Dynamique, Privil\u00e9ge flex, hiflex, power, Alize 1.0 8v 16v 1.6 8v 16v &#8211; 1998 1999 2000 2001 2002 2003 2004 2005 2006 2007 2008 2009 2010 2011 2012 2013 2014 2015 2016 2017 2018<\/h3>\n<h3>Renault Twingo E2 Pack, E5 Initiale, 22C, 2PK E2 1.0 8v 16v 1.1 8v 1.2 8v &#8211; 1993 1994 1995 1996 1997 1998 1999 2000 2001 2002 2003 2004 2005 2006 2007 2008 2009 2010 2011 2012 2013 2014 2015 2016 2017<\/h3>\n<h3>Renault Kangoo Express RL, RL hiflex, Authentique flex, Expression flex 1.0 8v 16v 1.6 8v 16v &#8211; 1997 1998 1999 2000 2001 2002 2003 2004 2005 2006 2007 2008 2009 2010 2011 2012 2013 2014 2015 2016 2017 2018<\/h3>\n<h3>Renault Kangoo RN, RT, Sportway, Authentique, Expression 1.0 8v 16v 1.6 8v 16v &#8211; 1997 1998 1999 2000 2001 2002 2003 2004 2005 2006 2007 2008 2009 2010 2011 2012 2013 2014 2015 2016 2017 2018<\/h3>\n<h3>Renault Sc\u00e9nic RT, RXE, Egeus, Expression, Privil\u00e9ge, RN, Alize, Authentique, Privil\u00e9ge flex, Sportway 1.6 16v 2.0 8v 16v &#8211; 1996 1997 1998 1999 2000 2001 2002 2003 2004 2005 2006 2007 2008 2009 2010 2011 2012 2013 2014 2015 2016 2017<\/h3>\n<p>&nbsp;<\/p>\n<p>&nbsp;<\/p>\n<p>&nbsp;<\/p>\n<h3>C\u00f3digo de Refer\u00eancia:<\/h3>\n<h3>7700747976, 7700725868, 321079831r, 8200320785, 7700112872, 7700737467<\/h3>\n<h4>Condi\u00e7\u00f5es:<\/h4>\n<h4>Produto Novo Original \/ Marca Renault<\/h4>\n<h4>Garantia:<\/h4>\n<h4>3 Meses<\/h4>\n<h4>ATEN\u00c7\u00c3O: Antes de efetuar a compra verifique o c\u00f3digo da sua pe\u00e7a que est\u00e1 instalada\u00a0 no seu ve\u00edculo.<\/h4>\n<h4><\/h4>\n<h4>A Casa da Inje\u00e7\u00e3o oferece total garantia nos produtos comprados em nosso site.<\/h4>\n<h4>Cada item \u00e9 rigorosamente testado antes do envio<\/h4>\n<h4>Se os itens estiverem danificados ou parcialmente defeituosos, entre em contato conosco.<\/h4>\n<h4>Procure um profissional devidamente licenciado para a instala\u00e7\u00e3o e fa\u00e7a revis\u00f5es periodicamente. A empresa n\u00e3o se responsabiliza por problemas oriundos da m\u00e1 instala\u00e7\u00e3o ou com a falta de cuidados peri\u00f3dicos dos componentes.<\/h4>\n<h4>Se houver qualquer defeito, n\u00f3s lhe enviaremos uma substitui\u00e7\u00e3o ap\u00f3s receber o pacote ou devolvemos seu dinheiro.<\/h4>\n<h4>Leia nossa\u00a0<a href=\"https:\/\/www.casadainjecao.com.br\/loja\/politica-de-devolucao\">pol\u00edtica de devolu\u00e7\u00e3o aqui<\/a><\/h4>\n<h4>\u2014\u2014\u2014\u2014\u2014\u2014\u2014\u2014\u2014\u2014\u2014\u2014\u2014\u2014\u2014\u2014\u2014\u2014\u2014\u2013<\/h4>\n<h4>Tem alguma d\u00favida?<\/h4>\n<h4>Entre em contato que podemos ajudar!<\/h4>\n<h4>Confira as informa\u00e7\u00f5es adicionais abaixo:<\/h4>\n<h4>Todos os nossos produtos s\u00e3o novos, semi-novos, originais e paralelos possuem garantia.<\/h4>\n<h4>Todos os produtos anunciados est\u00e3o dispon\u00edveis em estoque e s\u00e3o enviados com extrema rapidez.<\/h4>\n<h4>O frete pode ser simulado antes de efetuar a compra, basta clicar em \u201cver custos de envio\u201d.<\/h4>\n<h4>Verifique o endere\u00e7o de entrega cadastrado e atualize caso necess\u00e1rio.<\/h4>\n<h4>Confirme se a pe\u00e7a \u00e9 correta para o seu modelo de ve\u00edculo.<\/h4>\n<h4>Para pe\u00e7as automotivas, recomendamos a instala\u00e7\u00e3o por um profissional especializado.<\/h4>\n<p><strong>Caso possua outras d\u00favidas, entre em contato.<\/strong><\/p>\n","protected":false},"excerpt":{"rendered":"<h2>Defletor de Oleo da Caixa Marchas Renault Symbol R19 &#8211; 7700747976<\/h2>\n","protected":false},"featured_media":31325,"template":"","meta":{"_seopress_robots_primary_cat":"none","_seopress_titles_title":"","_seopress_titles_desc":"","_seopress_robots_index":"","_joinchat":[]},"product_cat":[320,26],"product_tag":[216,57,50,90,1158,51,89,53],"berocket_brand":[394],"_links":{"self":[{"href":"https:\/\/www.casadainjecao.com.br\/loja\/wp-json\/wp\/v2\/product\/31321"}],"collection":[{"href":"https:\/\/www.casadainjecao.com.br\/loja\/wp-json\/wp\/v2\/product"}],"about":[{"href":"https:\/\/www.casadainjecao.com.br\/loja\/wp-json\/wp\/v2\/types\/product"}],"wp:featuredmedia":[{"embeddable":true,"href":"https:\/\/www.casadainjecao.com.br\/loja\/wp-json\/wp\/v2\/media\/31325"}],"wp:attachment":[{"href":"https:\/\/www.casadainjecao.com.br\/loja\/wp-json\/wp\/v2\/media?parent=31321"}],"wp:term":[{"taxonomy":"product_cat","embeddable":true,"href":"https:\/\/www.casadainjecao.com.br\/loja\/wp-json\/wp\/v2\/product_cat?post=31321"},{"taxonomy":"product_tag","embeddable":true,"href":"https:\/\/www.casadainjecao.com.br\/loja\/wp-json\/wp\/v2\/product_tag?post=31321"},{"taxonomy":"berocket_brand","embeddable":true,"href":"https:\/\/www.casadainjecao.com.br\/loja\/wp-json\/wp\/v2\/berocket_brand?post=31321"}],"curies":[{"name":"wp","href":"https:\/\/api.w.org\/{rel}","templated":true}]}}