{"id":31553,"date":"2024-05-22T08:11:06","date_gmt":"2024-05-22T11:11:06","guid":{"rendered":"https:\/\/www.casadainjecao.com.br\/loja\/?post_type=product&#038;p=31553"},"modified":"2025-09-09T17:30:08","modified_gmt":"2025-09-09T20:30:08","slug":"manga-eixo-dianteira-direito-renault-duster-captur-8200881829","status":"publish","type":"product","link":"https:\/\/www.casadainjecao.com.br\/loja\/autopecas\/suspencao\/manga-de-eixo-dianteiro\/manga-eixo-dianteira-direito-renault-duster-captur-8200881829\/","title":{"rendered":"Manga de Eixo Dianteira Direito Renault Duster Captur &#8211"},"content":{"rendered":"<h2>Manga Eixo Dianteira Direito sem ABS Original<\/h2>\n<p>Renault Duster Captur<\/p>\n<p>CAPTUR INTENSE 2.0 16V FLEX 5P AUT. 2017 A 2020 GASOLINA<br \/>\nCAPTUR ZEN 1.6 16V FLEX 5P MEC. 2017 A 2020 GASOLINA<br \/>\nCAPTUR INTENSE 1.6 16V FLEX 5P AUT. 2017 A 2020 GASOLINA<br \/>\nCAPTUR ZEN 1.6 16V FLEX 5P AUT. 2018, 2019 GASOLINA<br \/>\nCAPTUR LIFE 1.6 16V FLEX 5P AUT.(PCD) 2018, 2019, 2020 GASOLINA<br \/>\nCAPTUR INTENSE BOSE 1.6 16V FLEX 5P AUT. 2020 GASOLINA<br \/>\nCAPTUR INTENSE BOSE 2.0 16V FLEX 5P AUT. 2020 GASOLINA<\/p>\n<p>DUSTER 1.6 Hi-Flex 16V Mec. 2012 a 2016 Gasolina<br \/>\nDUSTER Dynamique 1.6 Flex 16V Mec. 2012 a 2019 Gasolina<br \/>\nDUSTER Dynamique 2.0 Flex 16V Aut. 2012 a 2019 Gasolina<br \/>\nDUSTER Dynamique 2.0 Hi-Flex 16V Mec. 2012 a 2019 Gasolina<br \/>\nDUSTER Dynamique 4&#215;4 2.0 Hi-Flex 16V Mec 2012 a 2019 Gasolina<br \/>\nDUSTER Expression 1.6 Hi-Flex 16V Mec. 2012 a 2019 Gasolina<br \/>\nDUSTER OROCH Dyna. 1.6 Flex 16V Mec. 2016 a 2019 Gasolina<br \/>\nDUSTER OROCH Dyna. 2.0 Flex 16V Mec. 2016 a 2019 Gasolina<br \/>\nDUSTER OROCH Expression 1.6 Flex 16V Mec 2016 a 2019 Gasolina<br \/>\nDUSTER OROCH Dyna. 2.0 Flex 16V Aut. 2017, 2018, 2019 Gasolina<br \/>\nDUSTER Expression 1.6 Flex 16V Aut. 2018, 2019 Gasolina<br \/>\nDUSTER Dynamique 1.6 Flex 16V Aut. 2018, 2019 Gasolina<br \/>\nDUSTER OROCH Express 1.6 Flex 16V Mec. 2017, 2018, 2019 Gasolina<\/p>\n<p>Codigo:- 8200881829, 400144683r, 400141634r, 820081942, 8200881916<\/p>\n<p>&nbsp;<\/p>\n<p>Condi\u00e7\u00f5es:<\/p>\n<p>Produto Novo Original<\/p>\n<p>Garantia:<\/p>\n<p>3 Meses<\/p>\n<h3><span style=\"font-size: 13.5pt;\">ATEN\u00c7\u00c3O: Antes de efetuar a compra verifique o c\u00f3digo da sua pe\u00e7a que est\u00e1 instalado no seu ve\u00edculo.<\/span><\/h3>\n<p>A Casa da Inje\u00e7\u00e3o oferece total garantia nos produtos comprados em nosso site.<\/p>\n<p>Cada item \u00e9 rigorosamente testado antes do envio<\/p>\n<p>Se os itens estiverem danificados ou parcialmente defeituosos, entre em contato conosco.<\/p>\n<p>Procure um profissional devidamente licenciado para a instala\u00e7\u00e3o e fa\u00e7a revis\u00f5es periodicamente. A empresa n\u00e3o se responsabiliza por problemas oriundos da m\u00e1 instala\u00e7\u00e3o ou com a falta de cuidados peri\u00f3dicos dos componentes.<\/p>\n<p>Se houver qualquer defeito, n\u00f3s lhe enviaremos uma substitui\u00e7\u00e3o ap\u00f3s receber o pacote ou devolvemos seu dinheiro.<\/p>\n<p>Leia nossa\u00a0<a href=\"https:\/\/www.casadainjecao.com.br\/loja\/politica-de-devolucao\"><span style=\"color: blue;\">pol\u00edtica de devolu\u00e7\u00e3o aqui<\/span><\/a><\/p>\n<p>\u2014\u2014\u2014\u2014\u2014\u2014\u2014\u2014\u2014\u2014\u2014\u2014\u2014\u2014\u2014\u2014\u2014\u2014\u2014\u2013<\/p>\n<p>Tem alguma d\u00favida?<\/p>\n<p>Entre em contato que podemos ajudar!<\/p>\n<p>Confira as informa\u00e7\u00f5es adicionais abaixo:<\/p>\n<p>Todos os nossos produtos s\u00e3o novos, semi-novos, originais e paralelos possuem garantia.<\/p>\n<p>Todos os produtos anunciados est\u00e3o dispon\u00edveis em estoque e s\u00e3o enviados com extrema rapidez.<\/p>\n<p>O frete pode ser simulado antes de efetuar a compra, basta clicar em \u201cver custos de envio\u201d.<\/p>\n<p>Verifique o endere\u00e7o de entrega cadastrado e atualize caso necess\u00e1rio.<\/p>\n<p>Confirme se a pe\u00e7a \u00e9 correta para o seu modelo de ve\u00edculo.<\/p>\n<p>Para pe\u00e7as automotivas, recomendamos a instala\u00e7\u00e3o por um profissional especializado. Caso possua outras d\u00favidas, entre em contato.<\/p>\n","protected":false},"excerpt":{"rendered":"<h2>Manga Eixo Dianteira Direito Renault Captur &#8211;<\/h2>\n<h2>8200881829<\/h2>\n","protected":false},"featured_media":33332,"template":"","meta":{"_seopress_robots_primary_cat":"none","_seopress_titles_title":"","_seopress_titles_desc":"","_seopress_robots_index":"","_seopress_analysis_target_kw":"","_kad_blocks_custom_css":"","_kad_blocks_head_custom_js":"","_kad_blocks_body_custom_js":"","_kad_blocks_footer_custom_js":"","_kadence_starter_templates_imported_post":false,"_joinchat":[]},"product_brand":[],"product_cat":[1588,1104],"product_tag":[173,52],"berocket_brand":[394],"class_list":{"0":"post-31553","1":"product","2":"type-product","3":"status-publish","4":"has-post-thumbnail","6":"product_cat-manga-de-eixo-dianteiro","7":"product_cat-suspencao","8":"product_tag-captur","9":"product_tag-duster","10":"berocket_brand-renault","11":"thunk-woo-product-list","12":"big-store-woo-hover-zoom","13":"open-single-product-tab-horizontal","14":"open-shadow-","15":"open-shadow-hover-","17":"first","18":"instock","19":"sale","20":"taxable","21":"shipping-taxable","22":"purchasable","23":"product-type-simple"},"taxonomy_info":{"product_cat":[{"value":1588,"label":"Manga de Eixo"},{"value":1104,"label":"Suspen\u00e7\u00e3o"}],"product_tag":[{"value":173,"label":"Captur"},{"value":52,"label":"Duster"}],"berocket_brand":[{"value":394,"label":"Renault"}]},"featured_image_src_large":["https:\/\/www.casadainjecao.com.br\/loja\/wp-content\/uploads\/2024\/05\/Manga-Eixo-Dianteira-Direito-Captur-\u2013-8200881829-920x920.jpg",640,640,true],"author_info":[],"comment_info":"","_links":{"self":[{"href":"https:\/\/www.casadainjecao.com.br\/loja\/wp-json\/wp\/v2\/product\/31553","targetHints":{"allow":["GET"]}}],"collection":[{"href":"https:\/\/www.casadainjecao.com.br\/loja\/wp-json\/wp\/v2\/product"}],"about":[{"href":"https:\/\/www.casadainjecao.com.br\/loja\/wp-json\/wp\/v2\/types\/product"}],"wp:featuredmedia":[{"embeddable":true,"href":"https:\/\/www.casadainjecao.com.br\/loja\/wp-json\/wp\/v2\/media\/33332"}],"wp:attachment":[{"href":"https:\/\/www.casadainjecao.com.br\/loja\/wp-json\/wp\/v2\/media?parent=31553"}],"wp:term":[{"taxonomy":"product_brand","embeddable":true,"href":"https:\/\/www.casadainjecao.com.br\/loja\/wp-json\/wp\/v2\/product_brand?post=31553"},{"taxonomy":"product_cat","embeddable":true,"href":"https:\/\/www.casadainjecao.com.br\/loja\/wp-json\/wp\/v2\/product_cat?post=31553"},{"taxonomy":"product_tag","embeddable":true,"href":"https:\/\/www.casadainjecao.com.br\/loja\/wp-json\/wp\/v2\/product_tag?post=31553"},{"taxonomy":"berocket_brand","embeddable":true,"href":"https:\/\/www.casadainjecao.com.br\/loja\/wp-json\/wp\/v2\/berocket_brand?post=31553"}],"curies":[{"name":"wp","href":"https:\/\/api.w.org\/{rel}","templated":true}]}}