{"id":31782,"date":"2024-05-25T08:53:30","date_gmt":"2024-05-25T11:53:30","guid":{"rendered":"https:\/\/www.casadainjecao.com.br\/loja\/?post_type=product&#038;p=31782"},"modified":"2026-05-07T12:19:14","modified_gmt":"2026-05-07T15:19:14","slug":"bobina-ignicao-fiat-toro-flex-evo-1-8-16v-original-46344869","status":"publish","type":"product","link":"https:\/\/www.casadainjecao.com.br\/loja\/autopecas\/eletrica\/bobina-de-ignicao\/bobina-ignicao-fiat-toro-flex-evo-1-8-16v-original-46344869\/","title":{"rendered":"Bobina Igni\u00e7\u00e3o Fiat Toro Flex Evo 1.8 16v Original &#8211;"},"content":{"rendered":"<h2>Bobina Igni\u00e7\u00e3o Original<\/h2>\n<h3>FIAT<\/h3>\n<h3>TORO 1.8 16V FLEX 2015 A 2019 E.torQ Evo 370A0011<\/h3>\n<h3>JEEP<\/h3>\n<h3>RENEGADE 1.8 16V FLEX 2015 A 2021 E.torQ Evo 370A0011<\/h3>\n<h3>Codigo:<\/h3>\n<h3>46344869, 0221504039, K68509481A-001, K68509481A, 55242406<\/h3>\n<h5>Condi\u00e7\u00f5es:<\/h5>\n<h5>Produto Novo Original \/ Marca Fiat<\/h5>\n<h5>Garantia:<\/h5>\n<h5>3 Meses<\/h5>\n<h5><strong>MOPAR\u00ae<\/strong> \u00e9 a marca de pe\u00e7as de reposi\u00e7\u00e3o genu\u00ednas do Grupo Stellantis, respons\u00e1vel pelas marcas Fiat, Jeep, Peugeot, Citro\u00ebn e RAM. As pe\u00e7as e acess\u00f3rios MOPAR\u00ae s\u00e3o criadas pelas mesmas equipes que projetaram seu ve\u00edculo, atendendo a todos os padr\u00f5es de f\u00e1brica, que garantem excelente desempenho.<\/h5>\n<h5><span style=\"font-size: 13.5pt;\">ATEN\u00c7\u00c3O: Antes de efetuar a compra verifique o c\u00f3digo da sua pe\u00e7a que est\u00e1 instalado no seu ve\u00edculo.<\/span><\/h5>\n<h5>A Casa da Inje\u00e7\u00e3o oferece total garantia nos produtos comprados em nosso site.<\/h5>\n<h5>Cada item \u00e9 rigorosamente testado antes do envio<\/h5>\n<h5>Se os itens estiverem danificados ou parcialmente defeituosos, entre em contato conosco.<\/h5>\n<h5>Procure um profissional devidamente licenciado para a instala\u00e7\u00e3o e fa\u00e7a revis\u00f5es periodicamente. A empresa n\u00e3o se responsabiliza por problemas oriundos da m\u00e1 instala\u00e7\u00e3o ou com a falta de cuidados peri\u00f3dicos dos componentes.<\/h5>\n<h5>Se houver qualquer defeito, n\u00f3s lhe enviaremos uma substitui\u00e7\u00e3o ap\u00f3s receber o pacote ou devolvemos seu dinheiro.<\/h5>\n<h5>Leia nossa\u00a0<a href=\"https:\/\/www.casadainjecao.com.br\/loja\/politica-de-devolucao\"><span style=\"color: blue;\">pol\u00edtica de devolu\u00e7\u00e3o aqui<\/span><\/a><\/h5>\n<h5>\u2014\u2014\u2014\u2014\u2014\u2014\u2014\u2014\u2014\u2014\u2014\u2014\u2014\u2014\u2014\u2014\u2014\u2014\u2014\u2013<\/h5>\n<h5>Tem alguma d\u00favida?<\/h5>\n<h5>Entre em contato que podemos ajudar!<\/h5>\n<h5>Confira as informa\u00e7\u00f5es adicionais abaixo:<\/h5>\n<h5>Todos os nossos produtos s\u00e3o novos, semi-novos, originais e paralelos possuem garantia.<\/h5>\n<h5>Todos os produtos anunciados est\u00e3o dispon\u00edveis em estoque e s\u00e3o enviados com extrema rapidez.<\/h5>\n<h5>O frete pode ser simulado antes de efetuar a compra, basta clicar em \u201cver custos de envio\u201d.<\/h5>\n<h5>Verifique o endere\u00e7o de entrega cadastrado e atualize caso necess\u00e1rio.<\/h5>\n<h5>Confirme se a pe\u00e7a \u00e9 correta para o seu modelo de ve\u00edculo.<\/h5>\n<h5>Para pe\u00e7as automotivas, recomendamos a instala\u00e7\u00e3o por um profissional especializado.<\/h5>\n<h5>Caso possua outras d\u00favidas, entre em contato.<\/h5>\n","protected":false},"excerpt":{"rendered":"<h1>Bobina Igni\u00e7\u00e3o\u00a0 Jeep Renegade Flex Evo 1.8 16v\u00a0 &#8211; 0221504039<\/h1>\n","protected":false},"featured_media":44162,"template":"","meta":{"_seopress_robots_primary_cat":"none","_seopress_titles_title":"","_seopress_titles_desc":"","_seopress_robots_index":"","_kad_blocks_custom_css":"","_kad_blocks_head_custom_js":"","_kad_blocks_body_custom_js":"","_kad_blocks_footer_custom_js":"","_joinchat":[]},"product_cat":[106,17],"product_tag":[1041],"berocket_brand":[383],"taxonomy_info":{"product_cat":[{"value":106,"label":"Bobina de Igni\u00e7\u00e3o"},{"value":17,"label":"El\u00e9trica"}],"product_tag":[{"value":1041,"label":"Toro"}],"berocket_brand":[{"value":383,"label":"Fiat"}]},"featured_image_src_large":["https:\/\/www.casadainjecao.com.br\/loja\/wp-content\/uploads\/2025\/12\/46344869-2-920x920.jpg",640,640,true],"author_info":[],"comment_info":"","_links":{"self":[{"href":"https:\/\/www.casadainjecao.com.br\/loja\/wp-json\/wp\/v2\/product\/31782"}],"collection":[{"href":"https:\/\/www.casadainjecao.com.br\/loja\/wp-json\/wp\/v2\/product"}],"about":[{"href":"https:\/\/www.casadainjecao.com.br\/loja\/wp-json\/wp\/v2\/types\/product"}],"wp:featuredmedia":[{"embeddable":true,"href":"https:\/\/www.casadainjecao.com.br\/loja\/wp-json\/wp\/v2\/media\/44162"}],"wp:attachment":[{"href":"https:\/\/www.casadainjecao.com.br\/loja\/wp-json\/wp\/v2\/media?parent=31782"}],"wp:term":[{"taxonomy":"product_cat","embeddable":true,"href":"https:\/\/www.casadainjecao.com.br\/loja\/wp-json\/wp\/v2\/product_cat?post=31782"},{"taxonomy":"product_tag","embeddable":true,"href":"https:\/\/www.casadainjecao.com.br\/loja\/wp-json\/wp\/v2\/product_tag?post=31782"},{"taxonomy":"berocket_brand","embeddable":true,"href":"https:\/\/www.casadainjecao.com.br\/loja\/wp-json\/wp\/v2\/berocket_brand?post=31782"}],"curies":[{"name":"wp","href":"https:\/\/api.w.org\/{rel}","templated":true}]}}