{"id":31797,"date":"2024-05-25T09:54:53","date_gmt":"2024-05-25T12:54:53","guid":{"rendered":"https:\/\/www.casadainjecao.com.br\/loja\/?post_type=product&#038;p=31797"},"modified":"2026-05-06T09:12:02","modified_gmt":"2026-05-06T12:12:02","slug":"tampa-oleo-motor-fiat-doblo-strada-siena-55247075","status":"publish","type":"product","link":"https:\/\/www.casadainjecao.com.br\/loja\/autopecas\/motor\/tampa-oleo\/tampa-oleo-motor-fiat-doblo-strada-siena-55247075\/","title":{"rendered":"Tampa Oleo Motor Fiat Doblo Strada Siena &#8211; 55247075"},"content":{"rendered":"<h2>Tampa Oleo Motor Original<\/h2>\n<h2>Fiat<\/h2>\n<div class=\"jss286\"><span class=\"jss285\">ARGO <\/span>83 &#8211; ARGO (2017 em diante)<\/div>\n<div><\/div>\n<div class=\"jss286\"><span class=\"jss285\">BRAVO <\/span>59 &#8211; BRAVO (2011 &#8211; 2015)<\/div>\n<div><\/div>\n<div class=\"jss286\"><span class=\"jss285\">BRAVO <\/span>75 &#8211; BRAVO FASE 1 (2016 &#8211; 2016)<\/div>\n<div><\/div>\n<div class=\"jss286\"><span class=\"jss285\">CRONOS <\/span>86 &#8211; CRONOS (2018 em diante)<\/div>\n<div><\/div>\n<div class=\"jss286\"><span class=\"jss285\">DOBL\u00d2 <\/span>56 &#8211; DUPLO FASE 1 (2010-2021)<\/div>\n<div><\/div>\n<div class=\"jss286\"><span class=\"jss285\">SIENA <\/span>63 &#8211; GRANDE SIENA (2012-2021)<\/div>\n<div><\/div>\n<div class=\"jss286\"><span class=\"jss285\">IDEIA <\/span>58 &#8211; IDEIA FASE 1 (2011-2016)<\/div>\n<div><\/div>\n<div class=\"jss286\"><span class=\"jss285\">LINHA <\/span>54 &#8211; LINHA (2009-2014)<\/div>\n<div><\/div>\n<div class=\"jss286\"><span class=\"jss285\">LINHA <\/span>70 &#8211; LINHA FASE 1 (2015-2016)<\/div>\n<div><\/div>\n<div class=\"jss286\"><span class=\"jss285\">MOBI <\/span>78 &#8211; MOBI (2017 em diante)<\/div>\n<div><\/div>\n<div class=\"jss286\"><span class=\"jss285\">ESTRADA <\/span>91 &#8211; NOVA ESTRADA (2020 em diante)<\/div>\n<div><\/div>\n<div class=\"jss286\"><span class=\"jss285\">PALIO <\/span>60 &#8211; NOVO PALIO (2012 &#8211; 2017)<\/div>\n<div><\/div>\n<div class=\"jss286\"><span class=\"jss285\">PALIO <\/span>66 \u2013 FIM DE SEMANA PALIO FASE 4 (2013-2020)<\/div>\n<div><\/div>\n<div class=\"jss286\"><span class=\"jss285\">PUNTO <\/span>49 &#8211; PONTO (2008-2012)<\/div>\n<div><\/div>\n<div class=\"jss286\"><span class=\"jss285\">PUNTO <\/span>61 &#8211; PONTO FASE 1 (2013-2017)<\/div>\n<div><\/div>\n<div class=\"jss286\"><span class=\"jss285\">SIENA <\/span>65 &#8211; SIENA FASE 4 (2013 &#8211; 2017)<\/div>\n<div><\/div>\n<div class=\"jss286\"><span class=\"jss285\">ESTRADA <\/span>53 &#8211; ESTRADA FASE 3 (2008-2012)<\/div>\n<div><\/div>\n<div class=\"jss286\"><span class=\"jss285\">ESTRADA <\/span>67 &#8211; ESTRADA FASE 4 (2013-2020)<\/div>\n<div><\/div>\n<div class=\"jss286\"><span class=\"jss285\">TOURO <\/span>77 &#8211; TORO (2016 &#8211; 2021)<\/div>\n<div><\/div>\n<div class=\"jss286\"><span class=\"jss285\">TOURO <\/span>94 &#8211; TORO MCA (2021 em diante)<\/div>\n<h4>C\u00f3digo de Refer\u00eancia:<\/h4>\n<p>55247075, K68263492AA<\/p>\n<p><strong>MOPAR\u00ae<\/strong> \u00e9 a marca de pe\u00e7as de reposi\u00e7\u00e3o genu\u00ednas do Grupo Stellantis, respons\u00e1vel pelas marcas Fiat, Jeep, Peugeot, Citro\u00ebn e RAM. As pe\u00e7as e acess\u00f3rios MOPAR\u00ae s\u00e3o criadas pelas mesmas equipes que projetaram seu ve\u00edculo, atendendo a todos os padr\u00f5es de f\u00e1brica, que garantem excelente desempenho.<\/p>\n<h4>Condi\u00e7\u00f5es:<\/h4>\n<p>Produto Novo Original \/ Marca Fiat<\/p>\n<h4>Garantia:<\/h4>\n<p>3 Meses<\/p>\n<h3><span style=\"font-size: 13.5pt;\">ATEN\u00c7\u00c3O: Antes de efetuar a compra verifique o c\u00f3digo da sua pe\u00e7a que est\u00e1 instalada no seu ve\u00edculo.<\/span><\/h3>\n<p>&nbsp;<\/p>\n<p>A Casa da Inje\u00e7\u00e3o oferece total garantia nos produtos comprados em nosso site.<\/p>\n<p>Cada item \u00e9 rigorosamente testado antes do envio<\/p>\n<p>Se os itens estiverem danificados ou parcialmente defeituosos, entre em contato conosco.<\/p>\n<p>Procure um profissional devidamente licenciado para a instala\u00e7\u00e3o e fa\u00e7a revis\u00f5es periodicamente. A empresa n\u00e3o se responsabiliza por problemas oriundos da m\u00e1 instala\u00e7\u00e3o ou com a falta de cuidados peri\u00f3dicos dos componentes.<\/p>\n<p>Se houver qualquer defeito, n\u00f3s lhe enviaremos uma substitui\u00e7\u00e3o ap\u00f3s receber o pacote ou devolvemos seu dinheiro.<\/p>\n<p>Leia nossa\u00a0<a href=\"https:\/\/www.casadainjecao.com.br\/loja\/politica-de-devolucao\"><span style=\"color: blue;\">pol\u00edtica de devolu\u00e7\u00e3o aqui<\/span><\/a><\/p>\n<p>\u2014\u2014\u2014\u2014\u2014\u2014\u2014\u2014\u2014\u2014\u2014\u2014\u2014\u2014\u2014\u2014\u2014\u2014\u2014\u2013<\/p>\n<p>Tem alguma d\u00favida?<\/p>\n<p>Entre em contato que podemos ajudar!<\/p>\n<p>Confira as informa\u00e7\u00f5es adicionais abaixo:<\/p>\n<p>Todos os nossos produtos s\u00e3o novos, semi-novos, originais e paralelos possuem garantia.<\/p>\n<p>Todos os produtos anunciados est\u00e3o dispon\u00edveis em estoque e s\u00e3o enviados com extrema rapidez.<\/p>\n<p>O frete pode ser simulado antes de efetuar a compra, basta clicar em \u201cver custos de envio\u201d.<\/p>\n<p>Verifique o endere\u00e7o de entrega cadastrado e atualize caso necess\u00e1rio.<\/p>\n<p>Confirme se a pe\u00e7a \u00e9 correta para o seu modelo de ve\u00edculo.<\/p>\n<p>Para pe\u00e7as automotivas, recomendamos a instala\u00e7\u00e3o por um profissional especializado.<\/p>\n<p>Caso possua outras d\u00favidas, entre em contato.<\/p>\n","protected":false},"excerpt":{"rendered":"<h2>Tampa Oleo Motor Fiat Doblo Strada Siena Mobi &#8211; 55247075<\/h2>\n","protected":false},"featured_media":31804,"template":"","meta":{"_seopress_robots_primary_cat":"none","_seopress_titles_title":"","_seopress_titles_desc":"","_seopress_robots_index":"","_seopress_analysis_target_kw":"","_kad_blocks_custom_css":"","_kad_blocks_head_custom_js":"","_kad_blocks_body_custom_js":"","_kad_blocks_footer_custom_js":"","_kadence_starter_templates_imported_post":false,"_joinchat":[]},"product_brand":[],"product_cat":[22,1467],"product_tag":[2098,1635,247,709,298,119,120,121,1041],"berocket_brand":[383],"class_list":{"0":"post-31797","1":"product","2":"type-product","3":"status-publish","4":"has-post-thumbnail","6":"product_cat-motor","7":"product_cat-tampa-oleo","8":"product_tag-bravos","9":"product_tag-cronos","10":"product_tag-doblo","11":"product_tag-idea","12":"product_tag-mobi","13":"product_tag-palio","14":"product_tag-siena","15":"product_tag-strada","16":"product_tag-toro","17":"berocket_brand-fiat","18":"thunk-woo-product-list","19":"big-store-woo-hover-zoom","20":"open-single-product-tab-horizontal","21":"open-shadow-","22":"open-shadow-hover-","24":"first","25":"instock","26":"sale","27":"taxable","28":"shipping-taxable","29":"purchasable","30":"product-type-simple"},"taxonomy_info":{"product_cat":[{"value":22,"label":"Motor"},{"value":1467,"label":"Tampa de Oleo"}],"product_tag":[{"value":2098,"label":"Bravos"},{"value":1635,"label":"Cronos"},{"value":247,"label":"Doblo"},{"value":709,"label":"Idea"},{"value":298,"label":"Mobi"},{"value":119,"label":"Palio"},{"value":120,"label":"Siena"},{"value":121,"label":"Strada"},{"value":1041,"label":"Toro"}],"berocket_brand":[{"value":383,"label":"Fiat"}]},"featured_image_src_large":["https:\/\/www.casadainjecao.com.br\/loja\/wp-content\/uploads\/2024\/05\/tampa-oleo-do-motor-fiat-mobi-palio-siena-toro-55247075-920x920.jpg",640,640,true],"author_info":[],"comment_info":"","_links":{"self":[{"href":"https:\/\/www.casadainjecao.com.br\/loja\/wp-json\/wp\/v2\/product\/31797","targetHints":{"allow":["GET"]}}],"collection":[{"href":"https:\/\/www.casadainjecao.com.br\/loja\/wp-json\/wp\/v2\/product"}],"about":[{"href":"https:\/\/www.casadainjecao.com.br\/loja\/wp-json\/wp\/v2\/types\/product"}],"wp:featuredmedia":[{"embeddable":true,"href":"https:\/\/www.casadainjecao.com.br\/loja\/wp-json\/wp\/v2\/media\/31804"}],"wp:attachment":[{"href":"https:\/\/www.casadainjecao.com.br\/loja\/wp-json\/wp\/v2\/media?parent=31797"}],"wp:term":[{"taxonomy":"product_brand","embeddable":true,"href":"https:\/\/www.casadainjecao.com.br\/loja\/wp-json\/wp\/v2\/product_brand?post=31797"},{"taxonomy":"product_cat","embeddable":true,"href":"https:\/\/www.casadainjecao.com.br\/loja\/wp-json\/wp\/v2\/product_cat?post=31797"},{"taxonomy":"product_tag","embeddable":true,"href":"https:\/\/www.casadainjecao.com.br\/loja\/wp-json\/wp\/v2\/product_tag?post=31797"},{"taxonomy":"berocket_brand","embeddable":true,"href":"https:\/\/www.casadainjecao.com.br\/loja\/wp-json\/wp\/v2\/berocket_brand?post=31797"}],"curies":[{"name":"wp","href":"https:\/\/api.w.org\/{rel}","templated":true}]}}