{"id":31810,"date":"2024-05-25T10:21:40","date_gmt":"2024-05-25T13:21:40","guid":{"rendered":"https:\/\/www.casadainjecao.com.br\/loja\/?post_type=product&#038;p=31810"},"modified":"2025-11-06T13:40:23","modified_gmt":"2025-11-06T16:40:23","slug":"bico-injetor-de-combustivel-bmw-320i-citreon-ds3-peugeot-308-1984h5","status":"publish","type":"product","link":"https:\/\/www.casadainjecao.com.br\/loja\/autopecas\/injecao-eletronica\/bico-injetor\/bico-injetor-de-combustivel-bmw-320i-citreon-ds3-peugeot-308-1984h5\/","title":{"rendered":"Bico Injetor de Combustivel Bmw 320i Citreon Ds3 Peugeot 308"},"content":{"rendered":"<h2>Bico Injetor de Combustivel Inje\u00e7\u00e3o Direta<\/h2>\n<p>Aplica\u00e7\u00e3o: Ve\u00edculos motor Thp 1.6 Turbo<\/p>\n<p>BMW<\/p>\n<p>116i 1.6 &#8211; 2010 \u00e0 2015<\/p>\n<p>118i 1.6 &#8211; 2010 \u00e0 2019<\/p>\n<p>120i 1.6 &#8211; 2015 \u00e0 2019<\/p>\n<p>316i 1.6 &#8211; 2012 \u00e0 2016<\/p>\n<p>320i 1.6 &#8211; 2012 \u00e0 2016<\/p>\n<p>CITROEN<\/p>\n<p>C4 1.6 &#8211; 2013 \u00e0 2018<\/p>\n<p>C5 1.6 &#8211; 2013 \u00e0 2018<\/p>\n<p>DS3 1.6 &#8211; 2010 \u00e0 2015<\/p>\n<p>DS4 1.6 &#8211; 2011 \u00e0 2015<\/p>\n<p>DS5 1.6 &#8211; 2011 \u00e0 2015<\/p>\n<p>MINI<\/p>\n<p>Cooper 1.6 &#8211; 2007 \u00e0 2016<\/p>\n<p>PEUGEOT<\/p>\n<p>308 1.6 &#8211; 2012 \u00e0 2017<\/p>\n<p>3008 1.6 &#8211; 2011 \u00e0 2019<\/p>\n<p>RCZ 1.6 &#8211; 2012 \u00e0 2015<\/p>\n<p>C\u00f3digo de Refer\u00eancia: &#8211; 0261500295<\/p>\n<p>0261500494, 0261500073, 13537591623, 13537519623, V759162380, 13538682350, 13647598785, 0261500295, 1984H5, 1984H7<\/p>\n<h4>Condi\u00e7\u00f5es:<\/h4>\n<p>Produto Novo Original \/ Marca Bosch<\/p>\n<h4>Garantia:<\/h4>\n<p>3 Meses<\/p>\n<h3><span style=\"font-size: 13.5pt;\">ATEN\u00c7\u00c3O: Antes de efetuar a compra verifique o c\u00f3digo da sua pe\u00e7a que est\u00e1 instalada no seu ve\u00edculo.<\/span><\/h3>\n<h4><\/h4>\n<p>A Casa da Inje\u00e7\u00e3o oferece total garantia nos produtos comprados em nosso site.<\/p>\n<p>Cada item \u00e9 rigorosamente testado antes do envio<\/p>\n<p>Se os itens estiverem danificados ou parcialmente defeituosos, entre em contato conosco.<\/p>\n<p>Procure um profissional devidamente licenciado para a instala\u00e7\u00e3o e fa\u00e7a revis\u00f5es periodicamente. A empresa n\u00e3o se responsabiliza por problemas oriundos da m\u00e1 instala\u00e7\u00e3o ou com a falta de cuidados peri\u00f3dicos dos componentes.<\/p>\n<p>Se houver qualquer defeito, n\u00f3s lhe enviaremos uma substitui\u00e7\u00e3o ap\u00f3s receber o pacote ou devolvemos seu dinheiro.<\/p>\n<p>Leia nossa\u00a0<a href=\"https:\/\/www.casadainjecao.com.br\/loja\/politica-de-devolucao\"><span style=\"color: blue;\">pol\u00edtica de devolu\u00e7\u00e3o aqui<\/span><\/a><\/p>\n<p>\u2014\u2014\u2014\u2014\u2014\u2014\u2014\u2014\u2014\u2014\u2014\u2014\u2014\u2014\u2014\u2014\u2014\u2014\u2014\u2013<\/p>\n<p>Tem alguma d\u00favida?<\/p>\n<p>Entre em contato que podemos ajudar!<\/p>\n<p>Confira as informa\u00e7\u00f5es adicionais abaixo:<\/p>\n<p>Todos os nossos produtos s\u00e3o novos, semi-novos, originais e paralelos possuem garantia.<\/p>\n<p>Todos os produtos anunciados est\u00e3o dispon\u00edveis em estoque e s\u00e3o enviados com extrema rapidez.<\/p>\n<p>O frete pode ser simulado antes de efetuar a compra, basta clicar em \u201cver custos de envio\u201d.<\/p>\n<p>Verifique o endere\u00e7o de entrega cadastrado e atualize caso necess\u00e1rio.<\/p>\n<p>Confirme se a pe\u00e7a \u00e9 correta para o seu modelo de ve\u00edculo.<\/p>\n<p>Para pe\u00e7as automotivas, recomendamos a instala\u00e7\u00e3o por um profissional especializado.<\/p>\n<p>Caso possua outras d\u00favidas, entre em contato.<\/p>\n","protected":false},"excerpt":{"rendered":"<h2>Bico Injetor de Combustivel Bmw 320i Citreon Ds3 Peugeot 308 &#8211; 0261500295<\/h2>\n","protected":false},"featured_media":31817,"template":"","meta":{"_seopress_robots_primary_cat":"none","_seopress_titles_title":"","_seopress_titles_desc":"","_seopress_robots_index":"","_joinchat":[]},"product_cat":[256,21],"product_tag":[1682,1387,2100,2099,1688],"berocket_brand":[379,382,393],"_links":{"self":[{"href":"https:\/\/www.casadainjecao.com.br\/loja\/wp-json\/wp\/v2\/product\/31810"}],"collection":[{"href":"https:\/\/www.casadainjecao.com.br\/loja\/wp-json\/wp\/v2\/product"}],"about":[{"href":"https:\/\/www.casadainjecao.com.br\/loja\/wp-json\/wp\/v2\/types\/product"}],"wp:featuredmedia":[{"embeddable":true,"href":"https:\/\/www.casadainjecao.com.br\/loja\/wp-json\/wp\/v2\/media\/31817"}],"wp:attachment":[{"href":"https:\/\/www.casadainjecao.com.br\/loja\/wp-json\/wp\/v2\/media?parent=31810"}],"wp:term":[{"taxonomy":"product_cat","embeddable":true,"href":"https:\/\/www.casadainjecao.com.br\/loja\/wp-json\/wp\/v2\/product_cat?post=31810"},{"taxonomy":"product_tag","embeddable":true,"href":"https:\/\/www.casadainjecao.com.br\/loja\/wp-json\/wp\/v2\/product_tag?post=31810"},{"taxonomy":"berocket_brand","embeddable":true,"href":"https:\/\/www.casadainjecao.com.br\/loja\/wp-json\/wp\/v2\/berocket_brand?post=31810"}],"curies":[{"name":"wp","href":"https:\/\/api.w.org\/{rel}","templated":true}]}}