{"id":31820,"date":"2024-05-25T11:14:22","date_gmt":"2024-05-25T14:14:22","guid":{"rendered":"https:\/\/www.casadainjecao.com.br\/loja\/?post_type=product&#038;p=31820"},"modified":"2026-05-10T15:22:22","modified_gmt":"2026-05-10T18:22:22","slug":"tampa-porta-luvas-fiat-idea-palio-strada-siena-7090627","status":"publish","type":"product","link":"https:\/\/www.casadainjecao.com.br\/loja\/autopecas\/interior\/tampa-porta-luva\/tampa-porta-luvas-fiat-idea-palio-strada-siena-7090627\/","title":{"rendered":"Tampa Porta Luvas Fiat Idea Palio Strada Siena &#8211; 70906"},"content":{"rendered":"<h2>Tampa Porta Luvas Cinza Escuro<\/h2>\n<h2>Fiat<\/h2>\n<div class=\"jss7\">\n<div class=\"jss110\">\n<div class=\"jss109\">\n<div class=\"jss232\">\n<div class=\"jss234\">\n<div class=\"jss236\">\n<div>\n<div class=\"scrollbar-container jss238 ps ps--active-y\">\n<div class=\"jss280\">\n<div class=\"jss283\"><span class=\"jss282\">IDEIA<\/span>58 &#8211; IDEIA FASE 1 (2011-2016)<\/div>\n<div class=\"jss283\"><span class=\"jss282\">PALIO<\/span>34 \u2013 PALIO FASE 2 (2004-2017)<\/div>\n<div class=\"jss283\"><span class=\"jss282\">PALIO<\/span>38 &#8211; PALIO FIM DE SEMANA FASE 2 (2004-2008)<\/div>\n<div class=\"jss283\"><span class=\"jss282\">PALIO<\/span>52 &#8211; FIM DE SEMANA PALIO FASE 3 (2008-2012)<\/div>\n<div class=\"jss283\"><span class=\"jss282\">PALIO<\/span>66 \u2013 FIM DE SEMANA PALIO FASE 4 (2013-2020)<\/div>\n<div class=\"jss283\"><span class=\"jss282\">SIENA<\/span>39 &#8211; SIENA FASE 2 (2004-2013)<\/div>\n<div class=\"jss283\"><span class=\"jss282\">SIENA<\/span>51 &#8211; SIENA FASE 3 (2008-2012)<\/div>\n<div class=\"jss283\"><span class=\"jss282\">SIENA<\/span>65 &#8211; SIENA FASE 4 (2013 &#8211; 2017)<\/div>\n<div class=\"jss283\"><span class=\"jss282\">ESTRADA<\/span>53 &#8211; ESTRADA FASE 3 (2008-2012)<\/div>\n<div class=\"jss283\"><span class=\"jss282\">ESTRADA<\/span>67 &#8211; ESTRADA FASE 4 (2013-2020)<\/div>\n<\/div>\n<\/div>\n<\/div>\n<\/div>\n<\/div>\n<\/div>\n<\/div>\n<\/div>\n<\/div>\n<p>Codigo:- 7090627<\/p>\n<p><strong>MOPAR\u00ae<\/strong> \u00e9 a marca de pe\u00e7as de reposi\u00e7\u00e3o genu\u00ednas do Grupo Stellantis, respons\u00e1vel pelas marcas Fiat, Jeep, Peugeot, Citro\u00ebn e RAM. As pe\u00e7as e acess\u00f3rios MOPAR\u00ae s\u00e3o criadas pelas mesmas equipes que projetaram seu ve\u00edculo, atendendo a todos os padr\u00f5es de f\u00e1brica, que garantem excelente desempenho.<\/p>\n<h4>Condi\u00e7\u00f5es:- Produto Novo Original<\/h4>\n<h4>Garantia:- 3 Meses<\/h4>\n<h4><span style=\"font-size: 13.5pt;\">ATEN\u00c7\u00c3O: Antes de efetuar a compra verifique o c\u00f3digo da sua pe\u00e7a que est\u00e1 instalado no seu ve\u00edculo.<\/span><\/h4>\n<h4>A Casa da Inje\u00e7\u00e3o oferece total garantia nos produtos comprados em nosso site.<\/h4>\n<h4>Cada item \u00e9 rigorosamente testado antes do envio<\/h4>\n<h4>Se os itens estiverem danificados ou parcialmente defeituosos, entre em contato conosco.<\/h4>\n<h4>Procure um profissional devidamente licenciado para a instala\u00e7\u00e3o e fa\u00e7a revis\u00f5es periodicamente. A empresa n\u00e3o se responsabiliza por problemas oriundos da m\u00e1 instala\u00e7\u00e3o ou com a falta de cuidados peri\u00f3dicos dos componentes.<\/h4>\n<h4>Se houver qualquer defeito, n\u00f3s lhe enviaremos uma substitui\u00e7\u00e3o ap\u00f3s receber o pacote ou devolvemos seu dinheiro.<\/h4>\n<h4>Leia nossa\u00a0<a href=\"https:\/\/www.casadainjecao.com.br\/loja\/politica-de-devolucao\"><span style=\"color: blue;\">pol\u00edtica de devolu\u00e7\u00e3o aqui<\/span><\/a><\/h4>\n<h4>\u2014\u2014\u2014\u2014\u2014\u2014\u2014\u2014\u2014\u2014\u2014\u2014\u2014\u2014\u2014\u2014\u2014\u2014\u2014\u2013<\/h4>\n<h4>Tem alguma d\u00favida?<\/h4>\n<h4>Entre em contato que podemos ajudar!<\/h4>\n<h4>Confira as informa\u00e7\u00f5es adicionais abaixo:<\/h4>\n<h4>Todos os nossos produtos s\u00e3o novos, semi-novos, originais e paralelos possuem garantia.<\/h4>\n<h4>Todos os produtos anunciados est\u00e3o dispon\u00edveis em estoque e s\u00e3o enviados com extrema rapidez.<\/h4>\n<h4>O frete pode ser simulado antes de efetuar a compra, basta clicar em \u201cver custos de envio\u201d.<\/h4>\n<h4>Verifique o endere\u00e7o de entrega cadastrado e atualize caso necess\u00e1rio.<\/h4>\n<h4>Confirme se a pe\u00e7a \u00e9 correta para o seu modelo de ve\u00edculo.<\/h4>\n<h4>Para pe\u00e7as automotivas, recomendamos a instala\u00e7\u00e3o por um profissional especializado. Caso possua outras d\u00favidas, entre em contato.<\/h4>\n","protected":false},"excerpt":{"rendered":"<h2>Tampa Porta Luvas Cinza Fiat Idea Strada Palio &#8211; 7090627<\/h2>\n","protected":false},"featured_media":31826,"template":"","meta":{"_seopress_robots_primary_cat":"none","_seopress_titles_title":"","_seopress_titles_desc":"","_seopress_robots_index":"","_seopress_analysis_target_kw":"","_kad_blocks_custom_css":"","_kad_blocks_head_custom_js":"","_kad_blocks_body_custom_js":"","_kad_blocks_footer_custom_js":"","_kadence_starter_templates_imported_post":false,"_joinchat":[]},"product_brand":[],"product_cat":[24,374],"product_tag":[2101,119,120,121],"berocket_brand":[383],"class_list":{"0":"post-31820","1":"product","2":"type-product","3":"status-publish","4":"has-post-thumbnail","6":"product_cat-interior","7":"product_cat-tampa-porta-luva","8":"product_tag-ideia","9":"product_tag-palio","10":"product_tag-siena","11":"product_tag-strada","12":"berocket_brand-fiat","13":"thunk-woo-product-list","14":"big-store-woo-hover-zoom","15":"open-single-product-tab-horizontal","16":"open-shadow-","17":"open-shadow-hover-","19":"first","20":"instock","21":"sale","22":"taxable","23":"shipping-taxable","24":"purchasable","25":"product-type-simple"},"taxonomy_info":{"product_cat":[{"value":24,"label":"Interior"},{"value":374,"label":"Tampa Porta Luva"}],"product_tag":[{"value":2101,"label":"Ideia"},{"value":119,"label":"Palio"},{"value":120,"label":"Siena"},{"value":121,"label":"Strada"}],"berocket_brand":[{"value":383,"label":"Fiat"}]},"featured_image_src_large":["https:\/\/www.casadainjecao.com.br\/loja\/wp-content\/uploads\/2024\/05\/Tampa-Porta-Luvas-Fiat-Idea-Palio-Strada-Siena-nova-original-7090627-920x920.jpg",640,640,true],"author_info":[],"comment_info":"","_links":{"self":[{"href":"https:\/\/www.casadainjecao.com.br\/loja\/wp-json\/wp\/v2\/product\/31820","targetHints":{"allow":["GET"]}}],"collection":[{"href":"https:\/\/www.casadainjecao.com.br\/loja\/wp-json\/wp\/v2\/product"}],"about":[{"href":"https:\/\/www.casadainjecao.com.br\/loja\/wp-json\/wp\/v2\/types\/product"}],"wp:featuredmedia":[{"embeddable":true,"href":"https:\/\/www.casadainjecao.com.br\/loja\/wp-json\/wp\/v2\/media\/31826"}],"wp:attachment":[{"href":"https:\/\/www.casadainjecao.com.br\/loja\/wp-json\/wp\/v2\/media?parent=31820"}],"wp:term":[{"taxonomy":"product_brand","embeddable":true,"href":"https:\/\/www.casadainjecao.com.br\/loja\/wp-json\/wp\/v2\/product_brand?post=31820"},{"taxonomy":"product_cat","embeddable":true,"href":"https:\/\/www.casadainjecao.com.br\/loja\/wp-json\/wp\/v2\/product_cat?post=31820"},{"taxonomy":"product_tag","embeddable":true,"href":"https:\/\/www.casadainjecao.com.br\/loja\/wp-json\/wp\/v2\/product_tag?post=31820"},{"taxonomy":"berocket_brand","embeddable":true,"href":"https:\/\/www.casadainjecao.com.br\/loja\/wp-json\/wp\/v2\/berocket_brand?post=31820"}],"curies":[{"name":"wp","href":"https:\/\/api.w.org\/{rel}","templated":true}]}}