{"id":31830,"date":"2024-05-26T08:25:20","date_gmt":"2024-05-26T11:25:20","guid":{"rendered":"https:\/\/www.casadainjecao.com.br\/loja\/?post_type=product&#038;p=31830"},"modified":"2025-05-23T11:35:11","modified_gmt":"2025-05-23T14:35:11","slug":"bobina-de-ignicao-honda-new-civic-hrv-1-8-16v-099700181","status":"publish","type":"product","link":"https:\/\/www.casadainjecao.com.br\/loja\/autopecas\/eletrica\/bobina-de-ignicao\/bobina-de-ignicao-honda-new-civic-hrv-1-8-16v-099700181\/","title":{"rendered":"Bobina de Igni\u00e7\u00e3o Honda Civic HRV 1.8 16v &#8211; 09970018"},"content":{"rendered":"<h2>Bobina de Igni\u00e7\u00e3o Denso Original<\/h2>\n<h2>Honda<\/h2>\n<h2>Civic 2.0 i-VTEC 155cv Flex One &#8211; 2017 em diante<br \/>\nCivic 1.8 &#8211; 2012 em diante<br \/>\nCR-V 2.0 &#8211; 2012 em diante<br \/>\nHR-V 1.8 &#8211; 2016 em diante<\/h2>\n<h2>Codigo:- 099700181<\/h2>\n<h4>Condi\u00e7\u00f5es:- Produto Usado Original<\/h4>\n<h4>Garantia:- 3 Meses<\/h4>\n<h4><span style=\"font-size: 13.5pt;\">ATEN\u00c7\u00c3O: Antes de efetuar a compra verifique o c\u00f3digo da sua pe\u00e7a que est\u00e1 instalado no seu ve\u00edculo.<\/span><\/h4>\n<h4>A Casa da Inje\u00e7\u00e3o oferece total garantia nos produtos comprados em nosso site.<\/h4>\n<h4>Cada item \u00e9 rigorosamente testado antes do envio<\/h4>\n<h4>Se os itens estiverem danificados ou parcialmente defeituosos, entre em contato conosco.<\/h4>\n<h4>Procure um profissional devidamente licenciado para a instala\u00e7\u00e3o e fa\u00e7a revis\u00f5es periodicamente. A empresa n\u00e3o se responsabiliza por problemas oriundos da m\u00e1 instala\u00e7\u00e3o ou com a falta de cuidados peri\u00f3dicos dos componentes.<\/h4>\n<h4>Se houver qualquer defeito, n\u00f3s lhe enviaremos uma substitui\u00e7\u00e3o ap\u00f3s receber o pacote ou devolvemos seu dinheiro.<\/h4>\n<h4>Leia nossa\u00a0<a href=\"https:\/\/www.casadainjecao.com.br\/loja\/politica-de-devolucao\"><span style=\"color: blue;\">pol\u00edtica de devolu\u00e7\u00e3o aqui<\/span><\/a><\/h4>\n<h4>\u2014\u2014\u2014\u2014\u2014\u2014\u2014\u2014\u2014\u2014\u2014\u2014\u2014\u2014\u2014\u2014\u2014\u2014\u2014\u2013<\/h4>\n<h4>Tem alguma d\u00favida?<\/h4>\n<h4>Entre em contato que podemos ajudar!<\/h4>\n<h4>Confira as informa\u00e7\u00f5es adicionais abaixo:<\/h4>\n<h4>Todos os nossos produtos s\u00e3o novos, semi-novos, originais e paralelos possuem garantia.<\/h4>\n<h4>Todos os produtos anunciados est\u00e3o dispon\u00edveis em estoque e s\u00e3o enviados com extrema rapidez.<\/h4>\n<h4>O frete pode ser simulado antes de efetuar a compra, basta clicar em \u201cver custos de envio\u201d.<\/h4>\n<h4>Verifique o endere\u00e7o de entrega cadastrado e atualize caso necess\u00e1rio.<\/h4>\n<h4>Confirme se a pe\u00e7a \u00e9 correta para o seu modelo de ve\u00edculo.<\/h4>\n<h4>Para pe\u00e7as automotivas, recomendamos a instala\u00e7\u00e3o por um profissional especializado. Caso possua outras d\u00favidas, entre em contato.<\/h4>\n","protected":false},"excerpt":{"rendered":"<h2>Bobina de Igni\u00e7\u00e3o Honda Civic HRV 1.8 16v Original &#8211; 099700181<\/h2>\n","protected":false},"featured_media":40208,"template":"","meta":{"_seopress_robots_primary_cat":"none","_seopress_titles_title":"","_seopress_titles_desc":"","_seopress_robots_index":"","_seopress_analysis_target_kw":"","_kad_blocks_custom_css":"","_kad_blocks_head_custom_js":"","_kad_blocks_body_custom_js":"","_kad_blocks_footer_custom_js":"","_kadence_starter_templates_imported_post":false,"_joinchat":[]},"product_brand":[],"product_cat":[106,17],"product_tag":[1625],"berocket_brand":[385],"class_list":{"0":"post-31830","1":"product","2":"type-product","3":"status-publish","4":"has-post-thumbnail","6":"product_cat-bobina-de-ignicao","7":"product_cat-eletrica","8":"product_tag-honda-hrv","9":"berocket_brand-honda","10":"thunk-woo-product-list","11":"big-store-woo-hover-zoom","12":"open-single-product-tab-horizontal","13":"open-shadow-","14":"open-shadow-hover-","16":"first","17":"instock","18":"sale","19":"taxable","20":"shipping-taxable","21":"purchasable","22":"product-type-simple"},"taxonomy_info":{"product_cat":[{"value":106,"label":"Bobina de Igni\u00e7\u00e3o"},{"value":17,"label":"El\u00e9trica"}],"product_tag":[{"value":1625,"label":"Honda HRV"}],"berocket_brand":[{"value":385,"label":"Honda"}]},"featured_image_src_large":["https:\/\/www.casadainjecao.com.br\/loja\/wp-content\/uploads\/2024\/05\/BBU117-1-920x920.jpg",640,640,true],"author_info":[],"comment_info":"","_links":{"self":[{"href":"https:\/\/www.casadainjecao.com.br\/loja\/wp-json\/wp\/v2\/product\/31830","targetHints":{"allow":["GET"]}}],"collection":[{"href":"https:\/\/www.casadainjecao.com.br\/loja\/wp-json\/wp\/v2\/product"}],"about":[{"href":"https:\/\/www.casadainjecao.com.br\/loja\/wp-json\/wp\/v2\/types\/product"}],"wp:featuredmedia":[{"embeddable":true,"href":"https:\/\/www.casadainjecao.com.br\/loja\/wp-json\/wp\/v2\/media\/40208"}],"wp:attachment":[{"href":"https:\/\/www.casadainjecao.com.br\/loja\/wp-json\/wp\/v2\/media?parent=31830"}],"wp:term":[{"taxonomy":"product_brand","embeddable":true,"href":"https:\/\/www.casadainjecao.com.br\/loja\/wp-json\/wp\/v2\/product_brand?post=31830"},{"taxonomy":"product_cat","embeddable":true,"href":"https:\/\/www.casadainjecao.com.br\/loja\/wp-json\/wp\/v2\/product_cat?post=31830"},{"taxonomy":"product_tag","embeddable":true,"href":"https:\/\/www.casadainjecao.com.br\/loja\/wp-json\/wp\/v2\/product_tag?post=31830"},{"taxonomy":"berocket_brand","embeddable":true,"href":"https:\/\/www.casadainjecao.com.br\/loja\/wp-json\/wp\/v2\/berocket_brand?post=31830"}],"curies":[{"name":"wp","href":"https:\/\/api.w.org\/{rel}","templated":true}]}}