{"id":31878,"date":"2024-05-27T09:03:13","date_gmt":"2024-05-27T12:03:13","guid":{"rendered":"https:\/\/www.casadainjecao.com.br\/loja\/?post_type=product&#038;p=31878"},"modified":"2025-12-03T15:15:14","modified_gmt":"2025-12-03T18:15:14","slug":"presilha-plastica-saca-fusivel-renault-master-7703397303","status":"publish","type":"product","link":"https:\/\/www.casadainjecao.com.br\/loja\/autopecas\/eletrica\/fusiveis\/presilha-plastica-saca-fusivel-renault-master-7703397303\/","title":{"rendered":"Presilha Plastica Saca Fusivel Renault Master &#8211; 770339"},"content":{"rendered":"<h2>Presilha Plastica Saca Fusivel<\/h2>\n<p>Renault Zo\u00e9 El\u00e9trico (2001 a 2019)<\/p>\n<p>Renault Clio II RN, RT, RL, Expression, Dynamique, Privil\u00e9ge flex, hiflex, power, Alize 1.0 8v 16v 1.6 16v (1998 a 2018)<\/p>\n<p>Renault Master II L1H1, L2H2, L3H2, Furg\u00e3o, Bus L2H2, C.C L2H1 2.5 16v 2.8 8v (1997 a 2018)<\/p>\n<p>Renault Grand Sc\u00e9nic Dynamique 2.0 16v (2002 a 2018)<\/p>\n<p>Renault Master III 2.3 16v (2001 a 2020)<\/p>\n<p>Renault Duster Expression, Dynamique flex 1.6 16v 2.0 16v (2001 a 2018)<\/p>\n<p>Renault Logan Authentique, Expression flex, Privil\u00e9ge flex 1.0 16v 1.6 8v 16v (2002 a 2013)<\/p>\n<p>Renault Symbol Expression, Privil\u00e9ge, Privil\u00e9ge flex, Connection 1.6 8v 16v (2007 a 2018)<\/p>\n<p>Renault Captur Intense flex, Zen 1.6 16v 2.0 16v (2001 a 2020)<\/p>\n<p>Renault R-19 RN, RT, Cabriolet 1.6 8v 1.8 8v 16v (1988 a 1997)<\/p>\n<p>Renault Laguna Nevada RXE 2.0 16v (1993 a 2011)<\/p>\n<p>Renault M\u00e9gane I Sedan Egeus, RT, RXE, Alize, Privil\u00e9ge 1.6 16v 2.0 8v 16v (1996 a 2017)<\/p>\n<p>Renault Sandero Authentique, Expression flex, Privil\u00e9ge flex, Stepway flex, Vibe flex, GT Line 1.0 16v 1.6 8v 16v (2002 a 2013)<\/p>\n<p>Renault Kangoo Authentique, Expression, Sportway, RN, RT, RL 1.0 8v 16v 1.6 16v (1997 a 2018)<\/p>\n<p>Renault M\u00e9gane I RN, RT, RXE, Alize, Egeus, Expression 1.6 8v 16v 2.0 8v (1995 a 2016)<\/p>\n<p>Renault M\u00e9gane II Expression, Privil\u00e9ge, Dynamique flex, Extreme 1.6 16v (2001 a 2016)<\/p>\n<p>Renault Sc\u00e9nic I Expression, Sportway, Alize, Privil\u00e9ge flex, Privil\u00e9ge, Egeus, RXE, RT, RN, Authentique 1.6 16v 2.08v 16v (1996 a 2017)<\/p>\n<p>Renault Laguna II Expression, Privil\u00e9ge V6 2.0 16v 3.0 24v (2000 a 2016)<\/p>\n<p>Renault Safrane RXE (1992 a 2007)<\/p>\n<p>Renault Laguna RT, RXE, V6, Executive 2.0 8v 16v 3.0 12v (1993 a 2011)<\/p>\n<p>Renault Twingo E2 Pack, E5 initiale, 22C, 2PK E2 1.0 8v 16v 1.1 8v 1.2 8v (1993 a 2017)<\/p>\n<p>Renault Kangoo Express RL, RL hiflex, Authentique flex, Expression flex 1.0 8v 16v 1.6 16v (1997 a 2018)<\/p>\n<h4>C\u00f3digo de Refer\u00eancia:<\/h4>\n<p>7703397303, 7700760157<\/p>\n<h4>Condi\u00e7\u00f5es:<\/h4>\n<p>Produto Novo Original \/ Marca Renault<\/p>\n<h4>Garantia:<\/h4>\n<p>3 Meses<\/p>\n<h4><span style=\"font-size: 13.5pt;\">ATEN\u00c7\u00c3O: Antes de efetuar a compra verifique o c\u00f3digo da sua pe\u00e7a que est\u00e1 instalada no seu ve\u00edculo.<\/span><\/h4>\n<h4>O que \u00e9 e para que serve a Presilha Pl\u00e1stica Saca?<\/h4>\n<p>A Presilha pl\u00e1stica saca, tamb\u00e9m conhecida como presilha de reten\u00e7\u00e3o ou grampo de fixa\u00e7\u00e3o, \u00e9 um componente utilizado para fixar e prender pe\u00e7as ou componentes em ve\u00edculos e outros equipamentos.<\/p>\n<h4><\/h4>\n<p>A Casa da Inje\u00e7\u00e3o oferece total garantia nos produtos comprados em nosso site.<\/p>\n<p>Cada item \u00e9 rigorosamente testado antes do envio<\/p>\n<p>Se os itens estiverem danificados ou parcialmente defeituosos, entre em contato conosco.<\/p>\n<p>Procure um profissional devidamente licenciado para a instala\u00e7\u00e3o e fa\u00e7a revis\u00f5es periodicamente. A empresa n\u00e3o se responsabiliza por problemas oriundos da m\u00e1 instala\u00e7\u00e3o ou com a falta de cuidados peri\u00f3dicos dos componentes.<\/p>\n<p>Se houver qualquer defeito, n\u00f3s lhe enviaremos uma substitui\u00e7\u00e3o ap\u00f3s receber o pacote ou devolvemos seu dinheiro.<\/p>\n<p>Leia nossa\u00a0<a href=\"https:\/\/www.casadainjecao.com.br\/loja\/politica-de-devolucao\"><span style=\"color: blue;\">pol\u00edtica de devolu\u00e7\u00e3o aqui<\/span><\/a><\/p>\n<p>\u2014\u2014\u2014\u2014\u2014\u2014\u2014\u2014\u2014\u2014\u2014\u2014\u2014\u2014\u2014\u2014\u2014\u2014\u2014\u2013<\/p>\n<p>Tem alguma d\u00favida?<\/p>\n<p>Entre em contato que podemos ajudar!<\/p>\n<p>Confira as informa\u00e7\u00f5es adicionais abaixo:<\/p>\n<p>Todos os nossos produtos s\u00e3o novos, semi-novos, originais e paralelos possuem garantia.<\/p>\n<p>Todos os produtos anunciados est\u00e3o dispon\u00edveis em estoque e s\u00e3o enviados com extrema rapidez.<\/p>\n<p>O frete pode ser simulado antes de efetuar a compra, basta clicar em \u201cver custos de envio\u201d.<\/p>\n<p>Verifique o endere\u00e7o de entrega cadastrado e atualize caso necess\u00e1rio.<\/p>\n<p>Confirme se a pe\u00e7a \u00e9 correta para o seu modelo de ve\u00edculo.<\/p>\n<p>Para pe\u00e7as automotivas, recomendamos a instala\u00e7\u00e3o por um profissional especializado.<\/p>\n<p>Caso possua outras d\u00favidas, entre em contato.<\/p>\n","protected":false},"excerpt":{"rendered":"<h2>Presilha Plastica Saca Fusivel Renault Clio &#8211; 7703397303<\/h2>\n","protected":false},"featured_media":31883,"template":"","meta":{"_seopress_robots_primary_cat":"none","_seopress_titles_title":"","_seopress_titles_desc":"","_seopress_robots_index":"","_seopress_analysis_target_kw":"","_kad_blocks_custom_css":"","_kad_blocks_head_custom_js":"","_kad_blocks_body_custom_js":"","_kad_blocks_footer_custom_js":"","_kadence_starter_templates_imported_post":false,"_joinchat":[]},"product_brand":[],"product_cat":[17,136],"product_tag":[49,52,128,66,81,50,91,51,2103,53],"berocket_brand":[394],"class_list":{"0":"post-31878","1":"product","2":"type-product","3":"status-publish","4":"has-post-thumbnail","6":"product_cat-eletrica","7":"product_cat-fusiveis","8":"product_tag-clio","9":"product_tag-duster","10":"product_tag-laguna","11":"product_tag-logan","12":"product_tag-master","13":"product_tag-megane","14":"product_tag-sandero","15":"product_tag-scenic","16":"product_tag-sym-bol","17":"product_tag-twingo","18":"berocket_brand-renault","19":"thunk-woo-product-list","20":"big-store-woo-hover-zoom","21":"open-single-product-tab-horizontal","22":"open-shadow-","23":"open-shadow-hover-","25":"first","26":"instock","27":"taxable","28":"shipping-taxable","29":"purchasable","30":"product-type-simple"},"taxonomy_info":{"product_cat":[{"value":17,"label":"El\u00e9trica"},{"value":136,"label":"Fusiveis"}],"product_tag":[{"value":49,"label":"Clio"},{"value":52,"label":"Duster"},{"value":128,"label":"Laguna"},{"value":66,"label":"Logan"},{"value":81,"label":"Master"},{"value":50,"label":"Megane"},{"value":91,"label":"Sandero"},{"value":51,"label":"Scenic"},{"value":2103,"label":"Sym bol"},{"value":53,"label":"Twingo"}],"berocket_brand":[{"value":394,"label":"Renault"}]},"featured_image_src_large":["https:\/\/www.casadainjecao.com.br\/loja\/wp-content\/uploads\/2024\/05\/presilha-plastica-saca-fusivel-limha-renault-duster-megane-7703397303-1024x920.jpg",640,575,true],"author_info":[],"comment_info":"","_links":{"self":[{"href":"https:\/\/www.casadainjecao.com.br\/loja\/wp-json\/wp\/v2\/product\/31878","targetHints":{"allow":["GET"]}}],"collection":[{"href":"https:\/\/www.casadainjecao.com.br\/loja\/wp-json\/wp\/v2\/product"}],"about":[{"href":"https:\/\/www.casadainjecao.com.br\/loja\/wp-json\/wp\/v2\/types\/product"}],"wp:featuredmedia":[{"embeddable":true,"href":"https:\/\/www.casadainjecao.com.br\/loja\/wp-json\/wp\/v2\/media\/31883"}],"wp:attachment":[{"href":"https:\/\/www.casadainjecao.com.br\/loja\/wp-json\/wp\/v2\/media?parent=31878"}],"wp:term":[{"taxonomy":"product_brand","embeddable":true,"href":"https:\/\/www.casadainjecao.com.br\/loja\/wp-json\/wp\/v2\/product_brand?post=31878"},{"taxonomy":"product_cat","embeddable":true,"href":"https:\/\/www.casadainjecao.com.br\/loja\/wp-json\/wp\/v2\/product_cat?post=31878"},{"taxonomy":"product_tag","embeddable":true,"href":"https:\/\/www.casadainjecao.com.br\/loja\/wp-json\/wp\/v2\/product_tag?post=31878"},{"taxonomy":"berocket_brand","embeddable":true,"href":"https:\/\/www.casadainjecao.com.br\/loja\/wp-json\/wp\/v2\/berocket_brand?post=31878"}],"curies":[{"name":"wp","href":"https:\/\/api.w.org\/{rel}","templated":true}]}}