{"id":32035,"date":"2024-05-29T09:52:58","date_gmt":"2024-05-29T12:52:58","guid":{"rendered":"https:\/\/www.casadainjecao.com.br\/loja\/?post_type=product&#038;p=32035"},"modified":"2025-08-16T21:57:24","modified_gmt":"2025-08-17T00:57:24","slug":"jogo-de-velas-ngk-fiat-motor-fire-uno-palio-siena-46480362","status":"publish","type":"product","link":"https:\/\/www.casadainjecao.com.br\/loja\/autopecas\/motor\/jogo-de-velas-ngk-fiat-motor-fire-uno-palio-siena-46480362\/","title":{"rendered":"Jogo de Velas NGK Fiat Motor Fire Uno Palio Siena &#8211; BK"},"content":{"rendered":"<h1>Jogo de Velas NGK Original<\/h1>\n<h3>Equivalencia:-\u00a0Fiat\u00a0Peugeot Renault GM Honda Citroen Chery<\/h3>\n<p><strong>Aplica\u00e7\u00e3o:<\/strong><br \/>\nFiat Brava 1.8 16v Gasolina De 2000 a 2003<br \/>\nFiat Doblo 1.4 8\/ Flex (85cv gas.\/ 86cv eta.) Flex Desde 2007<br \/>\nFiat Fiorino 1.3 8v\/ Furg\u00e3o Fire (65cv) Gasolina Desde 2003<br \/>\nFiat Fiorino 1.3 8v MPI\/ Furg\u00e3o Fire Flex (70cv gas.\/ 71cv eta.) Flex Desde 2007<br \/>\nFiat Fiorino 1.0 8v\/ MPI Gasolina Desde 1996<br \/>\nFiat Idea 1.4 8v\/ ELX Flex (80cv Gas. 81cv eta.) Flex Desde 2005<br \/>\nFiat Marea 1.6 16v\/ SX (106CV) Gasolina Desde 2005<br \/>\nFiat Marea 1.8 16v Gasolina<br \/>\nFiat Marea 2.0 20v Gasolina<br \/>\nFiat Marea 2.4 20v Gasolina<br \/>\nFiat Marea Weekend 1.8 16v Gasolina<br \/>\nFiat Marea Weekend 2.0 20v Gasolina<br \/>\nFiat Marea Weekend 2.4 20v Gasolina<br \/>\nFiat Mobi 1.0 8v\/ Fire Evo (73cv gas.\/ 75cv eta.) Flex Desde 2016<br \/>\nFiat Palio 1.0 8v\/ Mpi Gasolina Desde 1996<br \/>\nFiat Palio 1.0 8v \/ Fire &#8211; dois transformadores separados Gasolina Desde 2001<br \/>\nFiat Palio 1.0 8v \/ Fire &#8211; Transformador de um s\u00f3 copo Gasolina Desde 2004<br \/>\nFiat Palio 1.0 8v \/ Fire Flex (65cv gas. \/ 66cv eta.) Flex 2005<br \/>\nFiat Palio 1.0 8v \/ Fire Economy (75cv eta.\/ 73cv gas.) Flex Desde 2009<br \/>\nFiat Palio 1.0 8v \/ Fire EVO (73cv gas.\/ 75cv eta.) Flex Desde 2012<br \/>\nFiat Palio 1.3 8v\/ Fire Gasolina Desde 2003<br \/>\nFiat Palio 1.3 8v\/ Fire Flex Desde 2004<br \/>\nFiat Palio 1.4 8v\/ Fire Flex (80cv gas.\/ 81cv eta.) Flex Desde 2005<br \/>\nFiat Palio 1.4 8v\/ Flex (85cv gas. \/ 86cv eta.) Desde 2007<br \/>\nFiat Palio 1.6 16v\/ Mpi Gasolina At\u00e9 1999<br \/>\nFiat Palio Weekend 1.0 8v Gasolina Desde 1996<br \/>\nFiat Palio Weekend 1.3 8v\/ Fire Gasolina<br \/>\nFiat Palio Weekend 1.3 8v\/ Fire Flex<br \/>\nFiat Palio Weekend 1.4 8v\/ Flex (80cv gas.\/ 81cv eta.) Desde 2005<br \/>\nFiat Palio Weekend 1.4 8v Flex (85cv gas.\/ 85cc eta.) Desde 2007<br \/>\nFiat Palio 1.6 16v\/ Mpi Gasolina At\u00e9 1999<br \/>\nFiat Punto 1.4 8v Mpi\/ Fire Flex (85cv gas.\/ 86cv eta.) Desde2007<br \/>\nFiat Siena 1.0 8v Mpi Gasolina Desde 1996<br \/>\nFiat Siena 1.0 8v\/ Fire &#8211; Transformador de um s\u00f3 copo Gasolina Desde 2004<br \/>\nFiat Siena 1.0 8v\/ Fire Flex (65cv gas. \/ 66cv eta.) Desde 2005<br \/>\nFiat Siena 1.0 8v\/ Fire Flex (73cv gas. 75cv eta.) Desde 2007<br \/>\nFiat Siena 1.3 8v\/ Fire Gasolina<br \/>\nFiat Siena 1.3 8v\/ Fire Flex<br \/>\nFiat Siena 1.4 8v\/ ELX Flex (80cv gas. \/ 81cv eta.) Desde 2005<br \/>\nFiat Siena 1.4 8v\/ Fire Flex (85cv gas. \/ 86cv eta.) Desde 2007<br \/>\nFiat Siena 1.6 16v\/ mpi Gasolina Desde 2005<br \/>\nFiat Siena Tetrafuel 1.4 8v (68cv gnv\/ 80cv gas. \/ 81cv eta.) Desde 2006<br \/>\nFiat Stilo 1.8 16v Gasolina Desde 2002<br \/>\nFiat Stilo 2.4 20v Gasolina Desde 2002<br \/>\nFiat Strada 1.3 8v \/ Fire Gasolina<br \/>\nFiat Strada 1.4 8v\/ Fire Flex (80cv gas.\/ 81cv eta.) Desde 2005<br \/>\nFiat Strada 1.4 8v\/ Flex (85cv gas. \/ 86cv eta.) Desde 2007<br \/>\nFiat Strada 1.6 16v mpi Gasolina At\u00e9 1999<br \/>\nFiat Uno 1.0 8v\/ Mille Fire Gasolina<br \/>\nFiat Uno 1.0 8v\/ Mille Fire Flex (65cv gas.\/ 66cv eta.) Desde 2006<br \/>\nFiat Uno 1.0 8v\/ Mille Fire Flex (dois transformadores separados) Desde 2005<br \/>\nFiat Uno 1.0 8v\/ Mille Fire Economy Flex (65cv gas. \/ 66cv eta.) Desde 2008<br \/>\nFiat Uno 1.0\/ Fire Evo (73cv gas. \/ 75cv eta.) Flex De 2010 a 2016<br \/>\nFiat Uno 10\/ Fire Evo Attractive \/ Way (73cv gas. \/ 75cv eta.) Flex De 2015 a 2016<br \/>\nFiat Uno Furgoneta 1.3 8v\/ Fire (65cv) Gasolina De 2004<br \/>\nFiat Uno Furgoneta 1.3 8v Mpi\/ Fire Flex (70cv gas.\/ 71cv eta.) Desde 2007<\/p>\n<h2>Codigo:- 46480362\/BKR6E<\/h2>\n<h4>Condi\u00e7\u00f5es:<\/h4>\n<h4>Produto Novo Original<\/h4>\n<h4>Garantia:<\/h4>\n<h4>3 Meses<\/h4>\n<h4><span style=\"font-size: 13.5pt;\">ATEN\u00c7\u00c3O: Antes de efetuar a compra verifique o c\u00f3digo da sua pe\u00e7a que est\u00e1 instalado no seu ve\u00edculo.<\/span><\/h4>\n<h4>A Casa da Inje\u00e7\u00e3o oferece total garantia nos produtos comprados em nosso site.<\/h4>\n<h4>Cada item \u00e9 rigorosamente testado antes do envio<\/h4>\n<h4>Se os itens estiverem danificados ou parcialmente defeituosos, entre em contato conosco.<\/h4>\n<h4>Procure um profissional devidamente licenciado para a instala\u00e7\u00e3o e fa\u00e7a revis\u00f5es periodicamente. A empresa n\u00e3o se responsabiliza por problemas oriundos da m\u00e1 instala\u00e7\u00e3o ou com a falta de cuidados peri\u00f3dicos dos componentes.<\/h4>\n<h4>Se houver qualquer defeito, n\u00f3s lhe enviaremos uma substitui\u00e7\u00e3o ap\u00f3s receber o pacote ou devolvemos seu dinheiro.<\/h4>\n<h4>Leia nossa\u00a0<a href=\"https:\/\/www.casadainjecao.com.br\/loja\/politica-de-devolucao\"><span style=\"color: blue;\">pol\u00edtica de devolu\u00e7\u00e3o aqui<\/span><\/a><\/h4>\n<h4>\u2014\u2014\u2014\u2014\u2014\u2014\u2014\u2014\u2014\u2014\u2014\u2014\u2014\u2014\u2014\u2014\u2014\u2014\u2014\u2013<\/h4>\n<h4>Tem alguma d\u00favida?<\/h4>\n<h4>Entre em contato que podemos ajudar!<\/h4>\n<h4>Confira as informa\u00e7\u00f5es adicionais abaixo:<\/h4>\n<h4>Todos os nossos produtos s\u00e3o novos, semi-novos, originais e paralelos possuem garantia.<\/h4>\n<h4>Todos os produtos anunciados est\u00e3o dispon\u00edveis em estoque e s\u00e3o enviados com extrema rapidez.<\/h4>\n<h4>O frete pode ser simulado antes de efetuar a compra, basta clicar em \u201cver custos de envio\u201d.<\/h4>\n<h4>Verifique o endere\u00e7o de entrega cadastrado e atualize caso necess\u00e1rio.<\/h4>\n<h4>Confirme se a pe\u00e7a \u00e9 correta para o seu modelo de ve\u00edculo.<\/h4>\n<h4>Para pe\u00e7as automotivas, recomendamos a instala\u00e7\u00e3o por um profissional especializado. Caso possua outras d\u00favidas, entre em contato.<\/h4>\n<p>&nbsp;<\/p>\n","protected":false},"excerpt":{"rendered":"<h2>Jogo de Velas NGK Fiat Honda GM Peugeot Citroen Renault &#8211; BKR6E<\/h2>\n","protected":false},"featured_media":32042,"template":"","meta":{"_seopress_robots_primary_cat":"none","_seopress_titles_title":"","_seopress_titles_desc":"","_seopress_robots_index":"","_joinchat":[]},"product_cat":[22],"product_tag":[1469,119,108,120,1613,121,214],"berocket_brand":[381,382,1644,383,384,385,386,388,393,394],"_links":{"self":[{"href":"https:\/\/www.casadainjecao.com.br\/loja\/wp-json\/wp\/v2\/product\/32035"}],"collection":[{"href":"https:\/\/www.casadainjecao.com.br\/loja\/wp-json\/wp\/v2\/product"}],"about":[{"href":"https:\/\/www.casadainjecao.com.br\/loja\/wp-json\/wp\/v2\/types\/product"}],"wp:featuredmedia":[{"embeddable":true,"href":"https:\/\/www.casadainjecao.com.br\/loja\/wp-json\/wp\/v2\/media\/32042"}],"wp:attachment":[{"href":"https:\/\/www.casadainjecao.com.br\/loja\/wp-json\/wp\/v2\/media?parent=32035"}],"wp:term":[{"taxonomy":"product_cat","embeddable":true,"href":"https:\/\/www.casadainjecao.com.br\/loja\/wp-json\/wp\/v2\/product_cat?post=32035"},{"taxonomy":"product_tag","embeddable":true,"href":"https:\/\/www.casadainjecao.com.br\/loja\/wp-json\/wp\/v2\/product_tag?post=32035"},{"taxonomy":"berocket_brand","embeddable":true,"href":"https:\/\/www.casadainjecao.com.br\/loja\/wp-json\/wp\/v2\/berocket_brand?post=32035"}],"curies":[{"name":"wp","href":"https:\/\/api.w.org\/{rel}","templated":true}]}}