{"id":32105,"date":"2024-05-30T12:40:42","date_gmt":"2024-05-30T15:40:42","guid":{"rendered":"https:\/\/www.casadainjecao.com.br\/loja\/?post_type=product&#038;p=32105"},"modified":"2024-05-30T12:40:42","modified_gmt":"2024-05-30T15:40:42","slug":"sensor-abs-roda-traseira-direita-pajero-full-4670a192","status":"publish","type":"product","link":"https:\/\/www.casadainjecao.com.br\/loja\/autopecas\/exterior\/rodas\/sensor-abs-roda-traseira-direita-pajero-full-4670a192\/","title":{"rendered":"Sensor ABS Roda Traseira Direita Pajero Full &#8211; 4670A19"},"content":{"rendered":"<h1>Sensor ABS Roda Traseira Direita (Semi Novo)<\/h1>\n<h2>Pajero Full 2006&#8230;<br \/>\nPajero Sport 2007&#8230;<\/h2>\n<h2>Codigo:- 4670A192\/7208\/11278<\/h2>\n","protected":false},"excerpt":{"rendered":"<h2>Sensor ABS Roda Traseira Direita Pajero Full &#8211; 4670A192<\/h2>\n","protected":false},"featured_media":0,"template":"","meta":{"_seopress_robots_primary_cat":"none","_seopress_titles_title":"","_seopress_titles_desc":"","_seopress_robots_index":"","_seopress_analysis_target_kw":"","_kad_blocks_custom_css":"","_kad_blocks_head_custom_js":"","_kad_blocks_body_custom_js":"","_kad_blocks_footer_custom_js":"","_kadence_starter_templates_imported_post":false,"_joinchat":[]},"product_brand":[],"product_cat":[17,23,20,21,313,189,269,314,155],"product_tag":[1538,2107],"berocket_brand":[391],"class_list":{"0":"post-32105","1":"product","2":"type-product","3":"status-publish","5":"product_cat-eletrica","6":"product_cat-exterior","7":"product_cat-freios","8":"product_cat-injecao-eletronica","9":"product_cat-rodas","10":"product_cat-sensor-abs","11":"product_cat-sensores-injecao-eletronica","12":"product_cat-sensores-exterior","13":"product_cat-sensores","14":"product_tag-pajero-full","15":"product_tag-pajero-sport","16":"berocket_brand-mitsubishi","17":"thunk-woo-product-list","18":"big-store-woo-hover-zoom","19":"open-single-product-tab-horizontal","20":"open-shadow-","21":"open-shadow-hover-","23":"first","24":"instock","25":"sale","26":"taxable","27":"shipping-taxable","28":"purchasable","29":"product-type-simple"},"taxonomy_info":{"product_cat":[{"value":17,"label":"El\u00e9trica"},{"value":23,"label":"Exterior"},{"value":20,"label":"Freios"},{"value":21,"label":"Inje\u00e7\u00e3o Eletr\u00f4nica"},{"value":313,"label":"Rodas"},{"value":189,"label":"Sensor ABS"},{"value":269,"label":"Sensores"},{"value":314,"label":"Sensores"},{"value":155,"label":"Sensores"}],"product_tag":[{"value":1538,"label":"Pajero Full"},{"value":2107,"label":"Pajero Sport"}],"berocket_brand":[{"value":391,"label":"Mitsubishi"}]},"featured_image_src_large":false,"author_info":[],"comment_info":"","_links":{"self":[{"href":"https:\/\/www.casadainjecao.com.br\/loja\/wp-json\/wp\/v2\/product\/32105","targetHints":{"allow":["GET"]}}],"collection":[{"href":"https:\/\/www.casadainjecao.com.br\/loja\/wp-json\/wp\/v2\/product"}],"about":[{"href":"https:\/\/www.casadainjecao.com.br\/loja\/wp-json\/wp\/v2\/types\/product"}],"wp:attachment":[{"href":"https:\/\/www.casadainjecao.com.br\/loja\/wp-json\/wp\/v2\/media?parent=32105"}],"wp:term":[{"taxonomy":"product_brand","embeddable":true,"href":"https:\/\/www.casadainjecao.com.br\/loja\/wp-json\/wp\/v2\/product_brand?post=32105"},{"taxonomy":"product_cat","embeddable":true,"href":"https:\/\/www.casadainjecao.com.br\/loja\/wp-json\/wp\/v2\/product_cat?post=32105"},{"taxonomy":"product_tag","embeddable":true,"href":"https:\/\/www.casadainjecao.com.br\/loja\/wp-json\/wp\/v2\/product_tag?post=32105"},{"taxonomy":"berocket_brand","embeddable":true,"href":"https:\/\/www.casadainjecao.com.br\/loja\/wp-json\/wp\/v2\/berocket_brand?post=32105"}],"curies":[{"name":"wp","href":"https:\/\/api.w.org\/{rel}","templated":true}]}}