{"id":32144,"date":"2024-05-31T14:15:22","date_gmt":"2024-05-31T17:15:22","guid":{"rendered":"https:\/\/www.casadainjecao.com.br\/loja\/?post_type=product&#038;p=32144"},"modified":"2024-06-01T09:16:18","modified_gmt":"2024-06-01T12:16:18","slug":"arruela-pressao-aco-bico-injetor-renault-master-i-7703057002","status":"publish","type":"product","link":"https:\/\/www.casadainjecao.com.br\/loja\/autopecas\/injecao-eletronica\/bico-injetor\/arruela-pressao-aco-bico-injetor-renault-master-i-7703057002\/","title":{"rendered":"Arruela Press\u00e3o A\u00e7o Bico Injetor Renault Master I &#8211; "},"content":{"rendered":"<h1>Arruela Press\u00e3o A\u00e7o Bico Injetor<\/h1>\n<h2>Renault Master I<\/h2>\n<h2>Renault Trafic<\/h2>\n<h2>Codigo:- 7703057002<\/h2>\n<h4>Condi\u00e7\u00f5es:<\/h4>\n<h4>Produto Novo Original<\/h4>\n<h4>Garantia:<\/h4>\n<h4>3 Meses<\/h4>\n<h4><span style=\"font-size: 13.5pt;\">ATEN\u00c7\u00c3O: Antes de efetuar a compra verifique o c\u00f3digo da sua pe\u00e7a que est\u00e1 instalado no seu ve\u00edculo.<\/span><\/h4>\n<h4>A Casa da Inje\u00e7\u00e3o oferece total garantia nos produtos comprados em nosso site.<\/h4>\n<h4>Cada item \u00e9 rigorosamente testado antes do envio<\/h4>\n<h4>Se os itens estiverem danificados ou parcialmente defeituosos, entre em contato conosco.<\/h4>\n<h4>Procure um profissional devidamente licenciado para a instala\u00e7\u00e3o e fa\u00e7a revis\u00f5es periodicamente. A empresa n\u00e3o se responsabiliza por problemas oriundos da m\u00e1 instala\u00e7\u00e3o ou com a falta de cuidados peri\u00f3dicos dos componentes.<\/h4>\n<h4>Se houver qualquer defeito, n\u00f3s lhe enviaremos uma substitui\u00e7\u00e3o ap\u00f3s receber o pacote ou devolvemos seu dinheiro.<\/h4>\n<h4>Leia nossa\u00a0<a href=\"https:\/\/www.casadainjecao.com.br\/loja\/politica-de-devolucao\"><span style=\"color: blue;\">pol\u00edtica de devolu\u00e7\u00e3o aqui<\/span><\/a><\/h4>\n<h4>\u2014\u2014\u2014\u2014\u2014\u2014\u2014\u2014\u2014\u2014\u2014\u2014\u2014\u2014\u2014\u2014\u2014\u2014\u2014\u2013<\/h4>\n<h4>Tem alguma d\u00favida?<\/h4>\n<h4>Entre em contato que podemos ajudar!<\/h4>\n<h4>Confira as informa\u00e7\u00f5es adicionais abaixo:<\/h4>\n<h4>Todos os nossos produtos s\u00e3o novos, semi-novos, originais e paralelos possuem garantia.<\/h4>\n<h4>Todos os produtos anunciados est\u00e3o dispon\u00edveis em estoque e s\u00e3o enviados com extrema rapidez.<\/h4>\n<h4>O frete pode ser simulado antes de efetuar a compra, basta clicar em \u201cver custos de envio\u201d.<\/h4>\n<h4>Verifique o endere\u00e7o de entrega cadastrado e atualize caso necess\u00e1rio.<\/h4>\n<h4>Confirme se a pe\u00e7a \u00e9 correta para o seu modelo de ve\u00edculo.<\/h4>\n<h4>Para pe\u00e7as automotivas, recomendamos a instala\u00e7\u00e3o por um profissional especializado. Caso possua outras d\u00favidas, entre em contato.<\/h4>\n","protected":false},"excerpt":{"rendered":"<h2>Arruela Press\u00e3o A\u00e7o Bico Injetor Renault Master II &#8211; 7703057002<\/h2>\n","protected":false},"featured_media":32160,"template":"","meta":{"_seopress_robots_primary_cat":"none","_seopress_titles_title":"","_seopress_titles_desc":"","_seopress_robots_index":"","_joinchat":[]},"product_cat":[256,21],"product_tag":[2110],"berocket_brand":[394],"_links":{"self":[{"href":"https:\/\/www.casadainjecao.com.br\/loja\/wp-json\/wp\/v2\/product\/32144"}],"collection":[{"href":"https:\/\/www.casadainjecao.com.br\/loja\/wp-json\/wp\/v2\/product"}],"about":[{"href":"https:\/\/www.casadainjecao.com.br\/loja\/wp-json\/wp\/v2\/types\/product"}],"wp:featuredmedia":[{"embeddable":true,"href":"https:\/\/www.casadainjecao.com.br\/loja\/wp-json\/wp\/v2\/media\/32160"}],"wp:attachment":[{"href":"https:\/\/www.casadainjecao.com.br\/loja\/wp-json\/wp\/v2\/media?parent=32144"}],"wp:term":[{"taxonomy":"product_cat","embeddable":true,"href":"https:\/\/www.casadainjecao.com.br\/loja\/wp-json\/wp\/v2\/product_cat?post=32144"},{"taxonomy":"product_tag","embeddable":true,"href":"https:\/\/www.casadainjecao.com.br\/loja\/wp-json\/wp\/v2\/product_tag?post=32144"},{"taxonomy":"berocket_brand","embeddable":true,"href":"https:\/\/www.casadainjecao.com.br\/loja\/wp-json\/wp\/v2\/berocket_brand?post=32144"}],"curies":[{"name":"wp","href":"https:\/\/api.w.org\/{rel}","templated":true}]}}