{"id":32518,"date":"2024-06-06T08:57:21","date_gmt":"2024-06-06T11:57:21","guid":{"rendered":"https:\/\/www.casadainjecao.com.br\/loja\/?post_type=product&#038;p=32518"},"modified":"2026-03-14T14:47:21","modified_gmt":"2026-03-14T17:47:21","slug":"acabamento-retrovisor-direito-renault-scenic-i-7700431663","status":"publish","type":"product","link":"https:\/\/www.casadainjecao.com.br\/loja\/autopecas\/interior\/forros-de-porta\/acabamento-retrovisor-direito-renault-scenic-i-7700431663\/","title":{"rendered":"Acabamento Retrovisor Direito Renault Scenic I &#8211; 77004"},"content":{"rendered":"<h2>Guarni\u00e7\u00e3o Porta Direita = Acabamento Retrovisor<\/h2>\n<p>Renault Sc\u00e9nic I RT, RXE, Egeus, Expression, Privil\u00e9ge, RN, Alize, Authentique, Privil\u00e9ge flex, Sportaway 1.6 16v 2.0 8v 16v (1996 a 2017)<\/p>\n<h4>C\u00f3digo de Refer\u00eancia:<\/h4>\n<p>7700431663<\/p>\n<h4>Condi\u00e7\u00f5es:<\/h4>\n<p>Produto Novo Original \/ Marca Renault<\/p>\n<h4>Garantia:<\/h4>\n<p>3 Meses<\/p>\n<h4><span style=\"font-size: 13.5pt;\">ATEN\u00c7\u00c3O: Antes de efetuar a compra verifique o c\u00f3digo da sua pe\u00e7a que est\u00e1 instalada no seu ve\u00edculo.<\/span><\/h4>\n<h4>O que \u00e9 e para que serve o Acabamento Retrovisor?<\/h4>\n<p>O Acabamento do retrovisor serve para proteger os componentes internos, melhorar a est\u00e9tica e a aerodin\u00e2mica do ve\u00edculo, integrar fun\u00e7\u00f5es adicionais e facilitar a manuten\u00e7\u00e3o e substitui\u00e7\u00e3o em caso de danos.<\/p>\n<p>&nbsp;<\/p>\n<p>A Casa da Inje\u00e7\u00e3o oferece total garantia nos produtos comprados em nosso site.<\/p>\n<p>Cada item \u00e9 rigorosamente testado antes do envio<\/p>\n<p>Se os itens estiverem danificados ou parcialmente defeituosos, entre em contato conosco.<\/p>\n<p>Procure um profissional devidamente licenciado para a instala\u00e7\u00e3o e fa\u00e7a revis\u00f5es periodicamente. A empresa n\u00e3o se responsabiliza por problemas oriundos da m\u00e1 instala\u00e7\u00e3o ou com a falta de cuidados peri\u00f3dicos dos componentes.<\/p>\n<p>Se houver qualquer defeito, n\u00f3s lhe enviaremos uma substitui\u00e7\u00e3o ap\u00f3s receber o pacote ou devolvemos seu dinheiro.<\/p>\n<p>Leia nossa\u00a0<a href=\"https:\/\/www.casadainjecao.com.br\/loja\/politica-de-devolucao\"><span style=\"color: blue;\">pol\u00edtica de devolu\u00e7\u00e3o aqui<\/span><\/a><\/p>\n<p>\u2014\u2014\u2014\u2014\u2014\u2014\u2014\u2014\u2014\u2014\u2014\u2014\u2014\u2014\u2014\u2014\u2014\u2014\u2014\u2013<\/p>\n<p>Tem alguma d\u00favida?<\/p>\n<p>Entre em contato que podemos ajudar!<\/p>\n<p>Confira as informa\u00e7\u00f5es adicionais abaixo:<\/p>\n<p>Todos os nossos produtos s\u00e3o novos, semi-novos, originais e paralelos possuem garantia.<\/p>\n<p>Todos os produtos anunciados est\u00e3o dispon\u00edveis em estoque e s\u00e3o enviados com extrema rapidez.<\/p>\n<p>O frete pode ser simulado antes de efetuar a compra, basta clicar em \u201cver custos de envio\u201d.<\/p>\n<p>Verifique o endere\u00e7o de entrega cadastrado e atualize caso necess\u00e1rio.<\/p>\n<p>Confirme se a pe\u00e7a \u00e9 correta para o seu modelo de ve\u00edculo.<\/p>\n<p>Para pe\u00e7as automotivas, recomendamos a instala\u00e7\u00e3o por um profissional especializado.<\/p>\n<p>Caso possua outras d\u00favidas, entre em contato.<\/p>\n","protected":false},"excerpt":{"rendered":"<h2>Acabamento Retrovisor Direito Renault Scenic I &#8211; 7700431663<\/h2>\n","protected":false},"featured_media":32522,"template":"","meta":{"_seopress_robots_primary_cat":"none","_seopress_titles_title":"","_seopress_titles_desc":"","_seopress_robots_index":"","_joinchat":[]},"product_cat":[364,23,350,24,1126],"product_tag":[1843],"berocket_brand":[394],"_links":{"self":[{"href":"https:\/\/www.casadainjecao.com.br\/loja\/wp-json\/wp\/v2\/product\/32518"}],"collection":[{"href":"https:\/\/www.casadainjecao.com.br\/loja\/wp-json\/wp\/v2\/product"}],"about":[{"href":"https:\/\/www.casadainjecao.com.br\/loja\/wp-json\/wp\/v2\/types\/product"}],"wp:featuredmedia":[{"embeddable":true,"href":"https:\/\/www.casadainjecao.com.br\/loja\/wp-json\/wp\/v2\/media\/32522"}],"wp:attachment":[{"href":"https:\/\/www.casadainjecao.com.br\/loja\/wp-json\/wp\/v2\/media?parent=32518"}],"wp:term":[{"taxonomy":"product_cat","embeddable":true,"href":"https:\/\/www.casadainjecao.com.br\/loja\/wp-json\/wp\/v2\/product_cat?post=32518"},{"taxonomy":"product_tag","embeddable":true,"href":"https:\/\/www.casadainjecao.com.br\/loja\/wp-json\/wp\/v2\/product_tag?post=32518"},{"taxonomy":"berocket_brand","embeddable":true,"href":"https:\/\/www.casadainjecao.com.br\/loja\/wp-json\/wp\/v2\/berocket_brand?post=32518"}],"curies":[{"name":"wp","href":"https:\/\/api.w.org\/{rel}","templated":true}]}}