{"id":32660,"date":"2024-06-07T14:31:15","date_gmt":"2024-06-07T17:31:15","guid":{"rendered":"https:\/\/www.casadainjecao.com.br\/loja\/?post_type=product&#038;p=32660"},"modified":"2025-10-01T16:57:15","modified_gmt":"2025-10-01T19:57:15","slug":"reservatorio-agua-radiador-fiat-doblo-1-8-16v-51951812","status":"publish","type":"product","link":"https:\/\/www.casadainjecao.com.br\/loja\/autopecas\/motor\/reservatorio-de-agua\/reservatorio-agua-radiador-fiat-doblo-1-8-16v-51951812\/","title":{"rendered":"Reservatorio Agua Radiador Fiat Doblo 1.8 16v &#8211; 519518"},"content":{"rendered":"<h2>Reservatorio Agua Radiador com Tampa Original<\/h2>\n<h2>Reservat\u00f3rio de Expans\u00e3o<\/h2>\n<p>Fiat Doblo 1.8 16v<\/p>\n<p>Aplica\u00e7\u00e3o :<br \/>\nMVS119.209.1.0 &#8211; MVS:DOBL\u00d2 HLX 1.8 E.torQ 16V FLEX 2P &#8211; 2011 &#8211; 2011<br \/>\nMVS119.409.1.0 &#8211; MVS:DOBL\u00d2 ADVENTURE 1.8 E.torQ 16V FLEX 2P &#8211; 2011 &#8211; 2015<br \/>\nMVS119.40S.1.0 &#8211; MVS:DOBL\u00d2 ADVENTURE 1.8 E.torQ 16V FLEX 2P &#8211; 2015 &#8211; &#8230;<br \/>\nMVS119.609.1.0 &#8211; MVS:DOBL\u00d2 ESSENCE 1.8 E.torQ 16V FLEX 2P &#8211; 2012 &#8211; 2015<br \/>\nMVS119.60S.1.0 &#8211; MVS:DOBL\u00d2 ESSENCE 1.8 E.torQ 16V FLEX 2P &#8211; 2015 &#8211; &#8230;<br \/>\nMVS223.156.1.0 &#8211; MVS:DOBL\u00d2 CARGO 1.8 E.torQ 16V FLEX 2P &#8211; 2011 &#8211; 2015<br \/>\nMVS223.15S.1.0 &#8211; MVS:DOBL\u00d2 CARGO 1.8 E.torQ 16V FLEX 2P &#8211; 2015 &#8211; &#8230;<br \/>\nMVS223.246.1.0 &#8211; MVS:DOBL\u00d2 CARGO AMBUL\u00c2NCIA 1.8 E.torQ 16V FLEX 2P &#8211; 2010 &#8211; 2015<br \/>\nMVS223.24S.1.0 &#8211; MVS:DOBL\u00d2 CARGO AMBUL\u00c2NCIA 1.8 E.torQ 16V FLEX 2P &#8211; 2015 &#8211; &#8230;<br \/>\nMVS119.60D.1.0 &#8211; MVS:DOBLO ESSENC 1.8 16V FLEX 2 P PL6 &#8211; 2017 &#8211; &#8230;<br \/>\nMVS119.6GD.1.0 &#8211; MVS:DOBLO ESSENC 1.8 16V FLEX 2P PL6 7 LUGARES &#8211; 2017 &#8211; &#8230;.<br \/>\nMVS119.40D.1.0 &#8211; MVS:DOBLO ADVENT 1.8 16V FLEX 2P PL6 &#8211; 2017 &#8211; &#8230;<\/p>\n<p>Codigo:- 51951812<\/p>\n<p>Condi\u00e7\u00f5es:<\/p>\n<p>Produto Novo Original<\/p>\n<p>Garantia:<\/p>\n<p>3 Meses<\/p>\n<p>MOPAR\u00ae \u00e9 a marca de pe\u00e7as de reposi\u00e7\u00e3o genu\u00ednas do Grupo Stellantis, respons\u00e1vel pelas marcas Fiat, Jeep, Peugeot, Citro\u00ebn e RAM. As pe\u00e7as e acess\u00f3rios MOPAR\u00ae s\u00e3o criadas pelas mesmas equipes que projetaram seu ve\u00edculo, atendendo a todos os padr\u00f5es de f\u00e1brica, que garantem excelente desempenho.<\/p>\n<p><span style=\"font-size: 13.5pt;\">ATEN\u00c7\u00c3O: Antes de efetuar a compra verifique o c\u00f3digo da sua pe\u00e7a que est\u00e1 instalado no seu ve\u00edculo.<\/span><\/p>\n<p>A Casa da Inje\u00e7\u00e3o oferece total garantia nos produtos comprados em nosso site.<\/p>\n<p>Cada item \u00e9 rigorosamente testado antes do envio<\/p>\n<p>Se os itens estiverem danificados ou parcialmente defeituosos, entre em contato conosco.<\/p>\n<p>Procure um profissional devidamente licenciado para a instala\u00e7\u00e3o e fa\u00e7a revis\u00f5es periodicamente. A empresa n\u00e3o se responsabiliza por problemas oriundos da m\u00e1 instala\u00e7\u00e3o ou com a falta de cuidados peri\u00f3dicos dos componentes.<\/p>\n<p>Se houver qualquer defeito, n\u00f3s lhe enviaremos uma substitui\u00e7\u00e3o ap\u00f3s receber o pacote ou devolvemos seu dinheiro.<\/p>\n<p>Leia nossa\u00a0<a href=\"https:\/\/www.casadainjecao.com.br\/loja\/politica-de-devolucao\"><span style=\"color: blue;\">pol\u00edtica de devolu\u00e7\u00e3o aqui<\/span><\/a><\/p>\n<p>\u2014\u2014\u2014\u2014\u2014\u2014\u2014\u2014\u2014\u2014\u2014\u2014\u2014\u2014\u2014\u2014\u2014\u2014\u2014\u2013<\/p>\n<p>Tem alguma d\u00favida?<\/p>\n<p>Entre em contato que podemos ajudar!<\/p>\n<p>Confira as informa\u00e7\u00f5es adicionais abaixo:<\/p>\n<p>Todos os nossos produtos s\u00e3o novos, semi-novos, originais e paralelos possuem garantia.<\/p>\n<p>Todos os produtos anunciados est\u00e3o dispon\u00edveis em estoque e s\u00e3o enviados com extrema rapidez.<\/p>\n<p>O frete pode ser simulado antes de efetuar a compra, basta clicar em \u201cver custos de envio\u201d.<\/p>\n<p>Verifique o endere\u00e7o de entrega cadastrado e atualize caso necess\u00e1rio.<\/p>\n<p>Confirme se a pe\u00e7a \u00e9 correta para o seu modelo de ve\u00edculo.<\/p>\n<p>Para pe\u00e7as automotivas, recomendamos a instala\u00e7\u00e3o por um profissional especializado. Caso possua outras d\u00favidas, entre em contato.<\/p>\n","protected":false},"excerpt":{"rendered":"<h2>Reservatorio Agua Radiador com Tampa Fiat Doblo 1.8 16v &#8211; 51951812<\/h2>\n","protected":false},"featured_media":32669,"template":"","meta":{"_seopress_robots_primary_cat":"none","_seopress_titles_title":"","_seopress_titles_desc":"","_seopress_robots_index":"","_joinchat":[]},"product_cat":[22,1110,1887],"product_tag":[247],"berocket_brand":[383],"_links":{"self":[{"href":"https:\/\/www.casadainjecao.com.br\/loja\/wp-json\/wp\/v2\/product\/32660"}],"collection":[{"href":"https:\/\/www.casadainjecao.com.br\/loja\/wp-json\/wp\/v2\/product"}],"about":[{"href":"https:\/\/www.casadainjecao.com.br\/loja\/wp-json\/wp\/v2\/types\/product"}],"wp:featuredmedia":[{"embeddable":true,"href":"https:\/\/www.casadainjecao.com.br\/loja\/wp-json\/wp\/v2\/media\/32669"}],"wp:attachment":[{"href":"https:\/\/www.casadainjecao.com.br\/loja\/wp-json\/wp\/v2\/media?parent=32660"}],"wp:term":[{"taxonomy":"product_cat","embeddable":true,"href":"https:\/\/www.casadainjecao.com.br\/loja\/wp-json\/wp\/v2\/product_cat?post=32660"},{"taxonomy":"product_tag","embeddable":true,"href":"https:\/\/www.casadainjecao.com.br\/loja\/wp-json\/wp\/v2\/product_tag?post=32660"},{"taxonomy":"berocket_brand","embeddable":true,"href":"https:\/\/www.casadainjecao.com.br\/loja\/wp-json\/wp\/v2\/berocket_brand?post=32660"}],"curies":[{"name":"wp","href":"https:\/\/api.w.org\/{rel}","templated":true}]}}