{"id":32715,"date":"2024-06-09T10:06:50","date_gmt":"2024-06-09T13:06:50","guid":{"rendered":"https:\/\/www.casadainjecao.com.br\/loja\/?post_type=product&#038;p=32715"},"modified":"2026-04-23T20:12:44","modified_gmt":"2026-04-23T23:12:44","slug":"reservatorio-fluido-oleo-freio-fiat-idea-51948325","status":"publish","type":"product","link":"https:\/\/www.casadainjecao.com.br\/loja\/autopecas\/motor\/oleo\/reservatorio-fluido-oleo-freio-fiat-idea-51948325\/","title":{"rendered":"Reservat\u00f3rio Fluido Oleo Freio Completo Fiat Palio &#8211; "},"content":{"rendered":"<h2>Reservat\u00f3rio Fluido Oleo Freio Completo Mopar<\/h2>\n<p>Fiat GRAND SIENA ATTRACTIVE 1.4 MPI FIRE 8V FLEX 4P 1.4 2013\/2015<\/p>\n<p>Fiat GRAND SIENA ATTRACTIVE 1.4 MPI FIRE 8V TETRAFUEL 4P 1.4 2013\/2015<\/p>\n<p>Fiat GRAND SIENA ESSENCE 1.6 E.torQ 16V FLEX 4P 1.6 2013\/2015<\/p>\n<p>Fiat GRAND SIENA ESSENCE DUALOGIC 1.6 E.torQ 16V FLEX 4P 1.6 2013\/2014<\/p>\n<p>Fiat IDEA ADVENTURE 1.8 E.torQ 16V FLEX 4P 1.8 2011\/2016<\/p>\n<p>Fiat IDEA ADVENTURE DUALOGIC 1.8 E.torQ 16V FLEX 4P 1.8 2011\/2013<\/p>\n<p>Fiat IDEA ESSENCE 1.6 E.torQ 16V FLEX 4P 1.6 2011\/2016<\/p>\n<p>Fiat IDEA ESSENCE DUALOGIC 1.6 E.torQ 16V FLEX 4P 1.6 2011\/2013<\/p>\n<p>Fiat IDEA ESSENCE DUALOGIC SERIE ESPECIAL 1.6 E.torQ 16V FLEX 4P 1.6 2012<\/p>\n<p>Fiat IDEA ESSENCE SERIE ESPECIAL 1.6 E.torQ 16V FLEX 4P 1.6 2012<\/p>\n<p>Fiat IDEA ESSENCE SERIE ESPECIAL 1.6 E.torQ 16V FLEX 4P 1.6 2015\/2016<\/p>\n<p>Fiat IDEA SPORTING DUALOGIC 1.8 E.torQ 16V FLEX 4P 1.8 2011\/2012<\/p>\n<p>Fiat NOVO PALIO ATTRACTIVE 1.0 MPI FIRE EVO 8V FLEX 4P 1.0 2012\/2015<\/p>\n<p>Fiat NOVO PALIO ATTRACTIVE 1.4 MPI 8V FLEX 4P 1.4 2012\/2015<\/p>\n<p>Fiat NOVO PALIO ESSENCE 1.6 E.torQ 16V FLEX 4P 1.6 2012\/2015<\/p>\n<p>Fiat NOVO PALIO ESSENCE DUALOGIC 1.6 E.torQ 16V FLEX 4P 1.6 2012\/2014<\/p>\n<p>Fiat NOVO PALIO SPORTING 1.6 E.torQ 16V FLEX 4P 1.6 2012\/2015<\/p>\n<p>Fiat NOVO PALIO SPORTING DUALOGIC 1.6 E.torQ 16V FLEX 4P 1.6 2012\/2014<\/p>\n<p>Fiat PALIO ADVENTURE 1.8 E.torQ 16V FLEX 4P 1.8 2013\/2014<\/p>\n<p>Fiat PALIO ADVENTURE DUALOGIC 1.8 E.torQ 16V FLEX 4P 1.8 2011\/2013<\/p>\n<p>Fiat PALIO ADVENTURE DUALOGIC 1.8 MPI 8V FLEX 4P 1.8 2010<\/p>\n<p>Fiat PALIO ESSENCE DUALOGIC 1.6 E.torQ 16V FLEX 4P 1.6 2011<\/p>\n<p>Fiat SIENA ESSENCE DUALOGIC 1.6 E.torQ 16V FLEX 4P 1.6 2011\/2012<\/p>\n<p>Fiat SIENA SPORTING DUALOGIC 1.6 E.torQ 16V FLEX 4P 1.6 2010\/2011<\/p>\n<p>Fiat Strada 1.4 Hard Working Ce Flex 2p 2017\/2020<\/p>\n<p>Fiat STRADA ADVENTURE 1.8 E.torQ 16V FLEX 2P 1.8 2011\/2016<\/p>\n<p>Fiat STRADA ADVENTURE DUALOGIC 1.8 E.torQ 16V FLEX 2P 1.8 2012\/2013<\/p>\n<p>Fiat STRADA ADVENTURE DUPLA 1.8 E.torQ 16V FLEX 2P 1.8 2013<\/p>\n<p>Fiat STRADA ADVENTURE DUPLA 1.8 E.torQ 16V FLEX 3P 1.8 2014\/2015<\/p>\n<p>Fiat STRADA ADVENTURE DUPLA DUALOGIC 1.8 E.torQ 16V FLEX 2P 1.8 2012\/2013<\/p>\n<p>Fiat STRADA FREEDOM 1.4 8V HP GA FREEDOM EVO 1.4 2013\/2020<\/p>\n<p>Fiat STRADA FREEDOM 1.4 CABINE SIMPLES 1.4 2018<\/p>\n<p>Fiat STRADA TREKKING 1.6 2P 1.6 2015\/2016<\/p>\n<p>Fiat STRADA TREKKING 1.6 E.torQ 16V FLEX 2P 1.6 2013\/2015<\/p>\n<p>Fiat STRADA TREKKING 1.6 ESTENDIDA 4P 1.6 2015\/2016<\/p>\n<p>Fiat STRADA TREKKING DUPLA 1.6 E.torQ 16V FLEX 2P 1.6 2013<\/p>\n<p>Fiat STRADA TREKKING DUPLA 1.6 E.torQ 16V FLEX 3P 1.6 2014\/2016<\/p>\n<p>Fiat STRADA TREKKING ESTENDIDA 1.6 E.torQ 16V FLEX 2P 1.6 2013\/2015<\/p>\n<p>Fiat STRADA WORK 1.4 C.CURTA FLEX 1.4 2017<\/p>\n<p>Fiat STRADA WORK 1.4 CD FLEX &#8211; BRASIL E.E 1.4 2013\/2020<\/p>\n<p>Fiat STRADA WORK 1.4 CE FLEX &#8211; BRASIL E.E 1.4 2013\/2020<\/p>\n<p>Fiat Weekend 1.8 16v Adventure Flex 5p 2017\/2018<\/p>\n<p>Fiat WEEKEND ADVENTURE 1.8 E.torQ 16V FLEX 4P 1.8 2015\/2020<\/p>\n<p>Fiat WEEKEND ADVENTURE 1.8 E.torQ 16V FLEX MTA 4P 1.8 2016\/2018<\/p>\n<h4>C\u00f3digo de Refer\u00eancia:<\/h4>\n<p>51948325<\/p>\n<h4>Condi\u00e7\u00f5es:<\/h4>\n<p>Produto Novo Original \/ Marca Mopar<\/p>\n<h4>Garantia:<\/h4>\n<p>3 Meses<\/p>\n<h3><span style=\"font-size: 13.5pt;\">ATEN\u00c7\u00c3O: Antes de efetuar a compra verifique o c\u00f3digo da sua pe\u00e7a que est\u00e1 instalada no seu ve\u00edculo.<\/span><\/h3>\n<h3>MOPAR\u00ae \u00e9 a marca de pe\u00e7as de reposi\u00e7\u00e3o genu\u00ednas do Grupo Stellantis, respons\u00e1vel pelas marcas Fiat, Jeep, Peugeot, Citro\u00ebn e RAM. As pe\u00e7as e acess\u00f3rios MOPAR\u00ae s\u00e3o criadas pelas mesmas equipes que projetaram seu ve\u00edculo, atendendo a todos os padr\u00f5es de f\u00e1brica, que garantem excelente desempenho.<\/h3>\n<h3><\/h3>\n<p>A Casa da Inje\u00e7\u00e3o oferece total garantia nos produtos comprados em nosso site.<\/p>\n<p>Cada item \u00e9 rigorosamente testado antes do envio<\/p>\n<p>Se os itens estiverem danificados ou parcialmente defeituosos, entre em contato conosco.<\/p>\n<p>Procure um profissional devidamente licenciado para a instala\u00e7\u00e3o e fa\u00e7a revis\u00f5es periodicamente. A empresa n\u00e3o se responsabiliza por problemas oriundos da m\u00e1 instala\u00e7\u00e3o ou com a falta de cuidados peri\u00f3dicos dos componentes.<\/p>\n<p>Se houver qualquer defeito, n\u00f3s lhe enviaremos uma substitui\u00e7\u00e3o ap\u00f3s receber o pacote ou devolvemos seu dinheiro.<\/p>\n<p>Leia nossa\u00a0<a href=\"https:\/\/www.casadainjecao.com.br\/loja\/politica-de-devolucao\"><span style=\"color: blue;\">pol\u00edtica de devolu\u00e7\u00e3o aqui<\/span><\/a><\/p>\n<p>\u2014\u2014\u2014\u2014\u2014\u2014\u2014\u2014\u2014\u2014\u2014\u2014\u2014\u2014\u2014\u2014\u2014\u2014\u2014\u2013<\/p>\n<p>Tem alguma d\u00favida?<\/p>\n<p>Entre em contato que podemos ajudar!<\/p>\n<p>Confira as informa\u00e7\u00f5es adicionais abaixo:<\/p>\n<p>Todos os nossos produtos s\u00e3o novos, semi-novos, originais e paralelos possuem garantia.<\/p>\n<p>Todos os produtos anunciados est\u00e3o dispon\u00edveis em estoque e s\u00e3o enviados com extrema rapidez.<\/p>\n<p>O frete pode ser simulado antes de efetuar a compra, basta clicar em \u201cver custos de envio\u201d.<\/p>\n<p>Verifique o endere\u00e7o de entrega cadastrado e atualize caso necess\u00e1rio.<\/p>\n<p>Confirme se a pe\u00e7a \u00e9 correta para o seu modelo de ve\u00edculo.<\/p>\n<p>Para pe\u00e7as automotivas, recomendamos a instala\u00e7\u00e3o por um profissional especializado.<\/p>\n<p>Caso possua outras d\u00favidas, entre em contato.<\/p>\n","protected":false},"excerpt":{"rendered":"<h2>Reservat\u00f3rio Fluido Oleo Freio Completo Fiat Palio &#8211; 51948325<\/h2>\n","protected":false},"featured_media":32721,"template":"","meta":{"_seopress_robots_primary_cat":"none","_seopress_titles_title":"","_seopress_titles_desc":"","_seopress_robots_index":"","_kad_blocks_custom_css":"","_kad_blocks_head_custom_js":"","_kad_blocks_body_custom_js":"","_kad_blocks_footer_custom_js":"","_joinchat":[]},"product_cat":[20,22,228,1215],"product_tag":[709,119,120,121],"berocket_brand":[383],"taxonomy_info":{"product_cat":[{"value":20,"label":"Freios"},{"value":22,"label":"Motor"},{"value":228,"label":"Oleo"},{"value":1215,"label":"Reservatorio"}],"product_tag":[{"value":709,"label":"Idea"},{"value":119,"label":"Palio"},{"value":120,"label":"Siena"},{"value":121,"label":"Strada"}],"berocket_brand":[{"value":383,"label":"Fiat"}]},"featured_image_src_large":["https:\/\/www.casadainjecao.com.br\/loja\/wp-content\/uploads\/2024\/06\/Reservatorio-Fluido-Oleo-Freio-Fiat-Idea-siena-strada-palio-51948325-920x920.jpg",640,640,true],"author_info":[],"comment_info":"","_links":{"self":[{"href":"https:\/\/www.casadainjecao.com.br\/loja\/wp-json\/wp\/v2\/product\/32715"}],"collection":[{"href":"https:\/\/www.casadainjecao.com.br\/loja\/wp-json\/wp\/v2\/product"}],"about":[{"href":"https:\/\/www.casadainjecao.com.br\/loja\/wp-json\/wp\/v2\/types\/product"}],"wp:featuredmedia":[{"embeddable":true,"href":"https:\/\/www.casadainjecao.com.br\/loja\/wp-json\/wp\/v2\/media\/32721"}],"wp:attachment":[{"href":"https:\/\/www.casadainjecao.com.br\/loja\/wp-json\/wp\/v2\/media?parent=32715"}],"wp:term":[{"taxonomy":"product_cat","embeddable":true,"href":"https:\/\/www.casadainjecao.com.br\/loja\/wp-json\/wp\/v2\/product_cat?post=32715"},{"taxonomy":"product_tag","embeddable":true,"href":"https:\/\/www.casadainjecao.com.br\/loja\/wp-json\/wp\/v2\/product_tag?post=32715"},{"taxonomy":"berocket_brand","embeddable":true,"href":"https:\/\/www.casadainjecao.com.br\/loja\/wp-json\/wp\/v2\/berocket_brand?post=32715"}],"curies":[{"name":"wp","href":"https:\/\/api.w.org\/{rel}","templated":true}]}}