{"id":32750,"date":"2024-06-10T07:23:37","date_gmt":"2024-06-10T10:23:37","guid":{"rendered":"https:\/\/www.casadainjecao.com.br\/loja\/?post_type=product&#038;p=32750"},"modified":"2026-01-22T08:18:06","modified_gmt":"2026-01-22T11:18:06","slug":"lanterna-dianteira-direita-kia-ceres-0k82551060b","status":"publish","type":"product","link":"https:\/\/www.casadainjecao.com.br\/loja\/autopecas\/exterior\/iluminacao\/lanterna-dianteira-direita-kia-ceres-0k82551060b\/","title":{"rendered":"Lanterna Dianteira Direita Kia Ceres &#8211; 0K82551060B"},"content":{"rendered":"<h1>Lanterna Dianteira Direita Mando Semi Novo<\/h1>\n<h3>Kia Ceres 1995<\/h3>\n<h3>Codigo:- 0K82551060B<\/h3>\n<h4>Condi\u00e7\u00f5es:<\/h4>\n<h4>Produto Semi Novo Original<\/h4>\n<h4>Garantia:<\/h4>\n<h4>3 Meses<\/h4>\n<h4><span style=\"font-size: 13.5pt;\">ATEN\u00c7\u00c3O: Antes de efetuar a compra verifique o c\u00f3digo da sua pe\u00e7a que est\u00e1 instalado no seu ve\u00edculo.<\/span><\/h4>\n<h4>A Casa da Inje\u00e7\u00e3o oferece total garantia nos produtos comprados em nosso site.<\/h4>\n<h4>Cada item \u00e9 rigorosamente testado antes do envio<\/h4>\n<h4>Se os itens estiverem danificados ou parcialmente defeituosos, entre em contato conosco.<\/h4>\n<h4>Procure um profissional devidamente licenciado para a instala\u00e7\u00e3o e fa\u00e7a revis\u00f5es periodicamente. A empresa n\u00e3o se responsabiliza por problemas oriundos da m\u00e1 instala\u00e7\u00e3o ou com a falta de cuidados peri\u00f3dicos dos componentes.<\/h4>\n<h4>Se houver qualquer defeito, n\u00f3s lhe enviaremos uma substitui\u00e7\u00e3o ap\u00f3s receber o pacote ou devolvemos seu dinheiro.<\/h4>\n<h4>Leia nossa\u00a0<a href=\"https:\/\/www.casadainjecao.com.br\/loja\/politica-de-devolucao\"><span style=\"color: blue;\">pol\u00edtica de devolu\u00e7\u00e3o aqui<\/span><\/a><\/h4>\n<h4>\u2014\u2014\u2014\u2014\u2014\u2014\u2014\u2014\u2014\u2014\u2014\u2014\u2014\u2014\u2014\u2014\u2014\u2014\u2014\u2013<\/h4>\n<h4>Tem alguma d\u00favida?<\/h4>\n<h4>Entre em contato que podemos ajudar!<\/h4>\n<h4>Confira as informa\u00e7\u00f5es adicionais abaixo:<\/h4>\n<h4>Todos os nossos produtos s\u00e3o novos, semi-novos, originais e paralelos possuem garantia.<\/h4>\n<h4>Todos os produtos anunciados est\u00e3o dispon\u00edveis em estoque e s\u00e3o enviados com extrema rapidez.<\/h4>\n<h4>O frete pode ser simulado antes de efetuar a compra, basta clicar em \u201cver custos de envio\u201d.<\/h4>\n<h4>Verifique o endere\u00e7o de entrega cadastrado e atualize caso necess\u00e1rio.<\/h4>\n<h4>Confirme se a pe\u00e7a \u00e9 correta para o seu modelo de ve\u00edculo.<\/h4>\n<h4>Para pe\u00e7as automotivas, recomendamos a instala\u00e7\u00e3o por um profissional especializado. Caso possua outras d\u00favidas, entre em contato.<\/h4>\n","protected":false},"excerpt":{"rendered":"<h2>Lanterna Dianteira Direita Kia Ceres &#8211; 0K82551060B<\/h2>\n","protected":false},"featured_media":32754,"template":"","meta":{"_seopress_robots_primary_cat":"none","_seopress_titles_title":"","_seopress_titles_desc":"","_seopress_robots_index":"","_seopress_analysis_target_kw":"","_kad_blocks_custom_css":"","_kad_blocks_head_custom_js":"","_kad_blocks_body_custom_js":"","_kad_blocks_footer_custom_js":"","_kadence_starter_templates_imported_post":false,"_joinchat":[]},"product_brand":[],"product_cat":[23,1095,308,1592],"product_tag":[2118],"berocket_brand":[388],"class_list":{"0":"post-32750","1":"product","2":"type-product","3":"status-publish","4":"has-post-thumbnail","6":"product_cat-exterior","7":"product_cat-iluminacao","8":"product_cat-lanterna","9":"product_cat-lanterna-pisca-traseiro","10":"product_tag-kia-ceres","11":"berocket_brand-kia","12":"thunk-woo-product-list","13":"big-store-woo-hover-zoom","14":"open-single-product-tab-horizontal","15":"open-shadow-","16":"open-shadow-hover-","18":"first","19":"outofstock","20":"sale","21":"taxable","22":"shipping-taxable","23":"purchasable","24":"product-type-simple"},"taxonomy_info":{"product_cat":[{"value":23,"label":"Exterior"},{"value":1095,"label":"Ilumina\u00e7\u00e3o"},{"value":308,"label":"Lanterna"},{"value":1592,"label":"Pisca"}],"product_tag":[{"value":2118,"label":"Kia Ceres"}],"berocket_brand":[{"value":388,"label":"Kia"}]},"featured_image_src_large":["https:\/\/www.casadainjecao.com.br\/loja\/wp-content\/uploads\/2024\/06\/lanterna-dianteira-direita-kia-ceres-mando-0k82551060b-920x920.jpg",640,640,true],"author_info":[],"comment_info":"","_links":{"self":[{"href":"https:\/\/www.casadainjecao.com.br\/loja\/wp-json\/wp\/v2\/product\/32750","targetHints":{"allow":["GET"]}}],"collection":[{"href":"https:\/\/www.casadainjecao.com.br\/loja\/wp-json\/wp\/v2\/product"}],"about":[{"href":"https:\/\/www.casadainjecao.com.br\/loja\/wp-json\/wp\/v2\/types\/product"}],"wp:featuredmedia":[{"embeddable":true,"href":"https:\/\/www.casadainjecao.com.br\/loja\/wp-json\/wp\/v2\/media\/32754"}],"wp:attachment":[{"href":"https:\/\/www.casadainjecao.com.br\/loja\/wp-json\/wp\/v2\/media?parent=32750"}],"wp:term":[{"taxonomy":"product_brand","embeddable":true,"href":"https:\/\/www.casadainjecao.com.br\/loja\/wp-json\/wp\/v2\/product_brand?post=32750"},{"taxonomy":"product_cat","embeddable":true,"href":"https:\/\/www.casadainjecao.com.br\/loja\/wp-json\/wp\/v2\/product_cat?post=32750"},{"taxonomy":"product_tag","embeddable":true,"href":"https:\/\/www.casadainjecao.com.br\/loja\/wp-json\/wp\/v2\/product_tag?post=32750"},{"taxonomy":"berocket_brand","embeddable":true,"href":"https:\/\/www.casadainjecao.com.br\/loja\/wp-json\/wp\/v2\/berocket_brand?post=32750"}],"curies":[{"name":"wp","href":"https:\/\/api.w.org\/{rel}","templated":true}]}}