{"id":32878,"date":"2024-06-11T16:50:02","date_gmt":"2024-06-11T19:50:02","guid":{"rendered":"https:\/\/www.casadainjecao.com.br\/loja\/?post_type=product&#038;p=32878"},"modified":"2026-04-23T16:36:02","modified_gmt":"2026-04-23T19:36:02","slug":"garfo-3-4-e-re-com-eixo-master-tds-2002-a-2024-cambio-5-6m","status":"publish","type":"product","link":"https:\/\/www.casadainjecao.com.br\/loja\/autopecas\/transmissao\/cambio\/garfo-3-4-e-re-com-eixo-master-tds-2002-a-2024-cambio-5-6m\/","title":{"rendered":"Garfo 3\u00aa 4\u00aa e R\u00e9 Com Eixo Renault Master II &#8211; 82002"},"content":{"rendered":"<h1>Garfo 3 4 e R\u00e9 Com Eixo Original<\/h1>\n<h3>Renault Master II 2002 a 2024<\/h3>\n<h3>Renault Laguna II 2000 a 2016<\/h3>\n<h3>Codigo:- 328089608r,8200253733<\/h3>\n<p>RENAULT MASTER 2.8 8V ASPIRADO 2000 2001 2002 MOTOR S8W<\/p>\n<p>RENAULT MASTER 2.8 8V TURBO 2002 2003 2004 MOTOR S9W<\/p>\n<p>RENAULT MASTER 2.5 16V ELETRONICA 2005 2006 2007 2008 2009 MOTOR G9U 724 \/ 754<\/p>\n<p>RENAULT MASTER 2.5 16V ELETRONICA 2010 2011 2012 MOTOR G9U 632<\/p>\n<p>RENAULT MASTER 2.3 16V ELETRONICA 2013 2014 2015 2016 2017 2018 2019 2020 2021 2022 2023 2024 MOTOR M9T 670<\/p>\n<p>CAMBIO PK5\/PK6\/PF6 \/ 5 E 6 MARCHAS 2002 A 2020<br \/>\nMOTOR: S8W \/ S9W \/ G9U 724 \/ 754 \/ G9U 632 \/ M9T 670<\/p>\n<h4>Condi\u00e7\u00f5es:<\/h4>\n<h4>Produto Novo Original<\/h4>\n<h4>Garantia:<\/h4>\n<h4>3 Meses<\/h4>\n<h4><span style=\"font-size: 13.5pt;\">ATEN\u00c7\u00c3O: Antes de efetuar a compra verifique o c\u00f3digo da sua pe\u00e7a que est\u00e1 instalado no seu ve\u00edculo.<\/span><\/h4>\n<h4>A Casa da Inje\u00e7\u00e3o oferece total garantia nos produtos comprados em nosso site.<\/h4>\n<h4>Cada item \u00e9 rigorosamente testado antes do envio<\/h4>\n<h4>Se os itens estiverem danificados ou parcialmente defeituosos, entre em contato conosco.<\/h4>\n<h4>Procure um profissional devidamente licenciado para a instala\u00e7\u00e3o e fa\u00e7a revis\u00f5es periodicamente. A empresa n\u00e3o se responsabiliza por problemas oriundos da m\u00e1 instala\u00e7\u00e3o ou com a falta de cuidados peri\u00f3dicos dos componentes.<\/h4>\n<h4>Se houver qualquer defeito, n\u00f3s lhe enviaremos uma substitui\u00e7\u00e3o ap\u00f3s receber o pacote ou devolvemos seu dinheiro.<\/h4>\n<h4>Leia nossa\u00a0<a href=\"https:\/\/www.casadainjecao.com.br\/loja\/politica-de-devolucao\"><span style=\"color: blue;\">pol\u00edtica de devolu\u00e7\u00e3o aqui<\/span><\/a><\/h4>\n<h4>\u2014\u2014\u2014\u2014\u2014\u2014\u2014\u2014\u2014\u2014\u2014\u2014\u2014\u2014\u2014\u2014\u2014\u2014\u2014\u2013<\/h4>\n<h4>Tem alguma d\u00favida?<\/h4>\n<h4>Entre em contato que podemos ajudar!<\/h4>\n<h4>Confira as informa\u00e7\u00f5es adicionais abaixo:<\/h4>\n<h4>Todos os nossos produtos s\u00e3o novos, semi-novos, originais e paralelos possuem garantia.<\/h4>\n<h4>Todos os produtos anunciados est\u00e3o dispon\u00edveis em estoque e s\u00e3o enviados com extrema rapidez.<\/h4>\n<h4>O frete pode ser simulado antes de efetuar a compra, basta clicar em \u201cver custos de envio\u201d.<\/h4>\n<h4>Verifique o endere\u00e7o de entrega cadastrado e atualize caso necess\u00e1rio.<\/h4>\n<h4>Confirme se a pe\u00e7a \u00e9 correta para o seu modelo de ve\u00edculo.<\/h4>\n<h4>Para pe\u00e7as automotivas, recomendamos a instala\u00e7\u00e3o por um profissional especializado. Caso possua outras d\u00favidas, entre em contato.<\/h4>\n","protected":false},"excerpt":{"rendered":"<h2>Garfo 3\u00aa 4\u00aa e R\u00e9 Com Eixo Renault Master II Original\u00a0 &#8211; 8200253733<\/h2>\n","protected":false},"featured_media":32885,"template":"","meta":{"_seopress_robots_primary_cat":"none","_seopress_titles_title":"","_seopress_titles_desc":"","_seopress_robots_index":"","_joinchat":[]},"product_cat":[320,2126,26],"product_tag":[150,193],"berocket_brand":[394],"_links":{"self":[{"href":"https:\/\/www.casadainjecao.com.br\/loja\/wp-json\/wp\/v2\/product\/32878"}],"collection":[{"href":"https:\/\/www.casadainjecao.com.br\/loja\/wp-json\/wp\/v2\/product"}],"about":[{"href":"https:\/\/www.casadainjecao.com.br\/loja\/wp-json\/wp\/v2\/types\/product"}],"wp:featuredmedia":[{"embeddable":true,"href":"https:\/\/www.casadainjecao.com.br\/loja\/wp-json\/wp\/v2\/media\/32885"}],"wp:attachment":[{"href":"https:\/\/www.casadainjecao.com.br\/loja\/wp-json\/wp\/v2\/media?parent=32878"}],"wp:term":[{"taxonomy":"product_cat","embeddable":true,"href":"https:\/\/www.casadainjecao.com.br\/loja\/wp-json\/wp\/v2\/product_cat?post=32878"},{"taxonomy":"product_tag","embeddable":true,"href":"https:\/\/www.casadainjecao.com.br\/loja\/wp-json\/wp\/v2\/product_tag?post=32878"},{"taxonomy":"berocket_brand","embeddable":true,"href":"https:\/\/www.casadainjecao.com.br\/loja\/wp-json\/wp\/v2\/berocket_brand?post=32878"}],"curies":[{"name":"wp","href":"https:\/\/api.w.org\/{rel}","templated":true}]}}