{"id":33053,"date":"2024-06-15T08:17:21","date_gmt":"2024-06-15T11:17:21","guid":{"rendered":"https:\/\/www.casadainjecao.com.br\/loja\/?post_type=product&#038;p=33053"},"modified":"2025-09-07T17:52:25","modified_gmt":"2025-09-07T20:52:25","slug":"bobina-iginicao-fiesta-courier-ecosport-ce20119","status":"publish","type":"product","link":"https:\/\/www.casadainjecao.com.br\/loja\/autopecas\/eletrica\/bobina-de-ignicao\/bobina-iginicao-fiesta-courier-ecosport-ce20119\/","title":{"rendered":"Bobina Igini\u00e7\u00e3o Fiesta Courier Ecosport &#8211; CE20119"},"content":{"rendered":"<h2 class=\"ui-pdp-title\">Bobina Ignicao = Produto Usado com Garantia<\/h2>\n<p class=\"ui-pdp-title\"><strong>FORD<\/strong><\/p>\n<p class=\"ui-pdp-title\">Ford Courier 1.6 8v (Motor Rocam) Gasolina 1999 a 2007<\/p>\n<p class=\"ui-pdp-title\">Ford Courier 1.6 8v (Motor Rocam) Flex 2005 a 2007<\/p>\n<p class=\"ui-pdp-title\">Ford EcoSport 1.0 8v (Motor Rocam) Gasolina 2003 a 2007<\/p>\n<p class=\"ui-pdp-title\">Ford EcoSport 1.6 8v (Motor Rocam) Gasolina 2003 a 2007<\/p>\n<p class=\"ui-pdp-title\">Ford Fiesta 1.0 8v (Motor Rocam) Gasolina 1999 a 2007<\/p>\n<p class=\"ui-pdp-title\">Ford Fiesta 1.0 8v (Motor Rocam) Flex 2005 a 2007<\/p>\n<p class=\"ui-pdp-title\">Ford Fiesta 1.6 8v (Motor Rocam) Gasolina 1999 a 2007<\/p>\n<p class=\"ui-pdp-title\">Ford Fiesta 1.6 8v (Motor Rocam) Flex 2005 a 2007<\/p>\n<p class=\"ui-pdp-title\">Ford Focus 1.8 8v (Motor Rocam) Gasolina 2001 a 2007<\/p>\n<p class=\"ui-pdp-title\">Ford Focus 2.0 8v (Motor Rocam) Gasolina 2001 a 2007<\/p>\n<p class=\"ui-pdp-title\">Ford Ka 1.0 8v (Motor Rocam) Gasolina 1999 a 2007<\/p>\n<p class=\"ui-pdp-title\">Ford Ka 1.0 8v (Motor Rocam) Flex 2005 a 2007<\/p>\n<p class=\"ui-pdp-title\">Ford Ka 1.6 8v (Motor Rocam) Gasolina 1999 a 2007<\/p>\n<p class=\"ui-pdp-title\">Ford Ka 1.6 8v (Motor Rocam) Flex\u00a0 2005 a 2007<\/p>\n<p class=\"ui-pdp-title\">Ford Mondeo 1.8 16v Gasolina 1997 a 2001<\/p>\n<p class=\"ui-pdp-title\">Ford Mondeo 2.0 16v Gasolina 1997 a 2001<\/p>\n<h3>C\u00f3digo de Refer\u00eancia:<\/h3>\n<p>BI0020MM, CE20119, 988F12029AD, 988F12029BA, 988F12029AC, 1S7G12029AC, 1S7G12029AB, 988F12029AB, 988F12029BA<\/p>\n<h4>Condi\u00e7\u00f5es:<\/h4>\n<p>Produto\u00a0 Usado \/ Marca Delphi<\/p>\n<h4>Especifica\u00e7\u00f5es:<\/h4>\n<p>Motor Ford Zetec Rocan<\/p>\n<h4>Garantia:<\/h4>\n<p>3 Meses<\/p>\n<h3><span style=\"font-size: 13.5pt;\">ATEN\u00c7\u00c3O: Antes de efetuar a compra verifique o c\u00f3digo da sua pe\u00e7a que est\u00e1 instalada no seu ve\u00edculo.<\/span><\/h3>\n<h4>O que \u00e9 e para que serve a Bobina Igini\u00e7\u00e3o?<\/h4>\n<p>A Bobina de igni\u00e7\u00e3o \u00e9 um componente essencial no sistema de igni\u00e7\u00e3o de um ve\u00edculo. Sua fun\u00e7\u00e3o principal \u00e9 transformar a baixa tens\u00e3o da bateria (geralmente 12 volts) em alta tens\u00e3o (at\u00e9 45.000 volts ou mais) necess\u00e1ria para criar a fa\u00edsca que inflama a mistura de ar e combust\u00edvel dentro dos cilindros do motor. Essa fa\u00edsca \u00e9 gerada nas velas de igni\u00e7\u00e3o e \u00e9 crucial para o funcionamento do motor a combust\u00e3o interna.<\/p>\n<h4><\/h4>\n<p>A Casa da Inje\u00e7\u00e3o oferece total garantia nos produtos comprados em nosso site.<\/p>\n<p>Cada item \u00e9 rigorosamente testado antes do envio<\/p>\n<p>Se os itens estiverem danificados ou parcialmente defeituosos, entre em contato conosco.<\/p>\n<p>Procure um profissional devidamente licenciado para a instala\u00e7\u00e3o e fa\u00e7a revis\u00f5es periodicamente. A empresa n\u00e3o se responsabiliza por problemas oriundos da m\u00e1 instala\u00e7\u00e3o ou com a falta de cuidados peri\u00f3dicos dos componentes.<\/p>\n<p>Se houver qualquer defeito, n\u00f3s lhe enviaremos uma substitui\u00e7\u00e3o ap\u00f3s receber o pacote ou devolvemos seu dinheiro.<\/p>\n<p>Leia nossa\u00a0<a href=\"https:\/\/www.casadainjecao.com.br\/loja\/politica-de-devolucao\"><span style=\"color: blue;\">pol\u00edtica de devolu\u00e7\u00e3o aqui<\/span><\/a><\/p>\n<p>\u2014\u2014\u2014\u2014\u2014\u2014\u2014\u2014\u2014\u2014\u2014\u2014\u2014\u2014\u2014\u2014\u2014\u2014\u2014\u2013<\/p>\n<p>Tem alguma d\u00favida?<\/p>\n<p>Entre em contato que podemos ajudar!<\/p>\n<p>Confira as informa\u00e7\u00f5es adicionais abaixo:<\/p>\n<p>Todos os nossos produtos s\u00e3o novos, semi-novos, originais e paralelos possuem garantia.<\/p>\n<p>Todos os produtos anunciados est\u00e3o dispon\u00edveis em estoque e s\u00e3o enviados com extrema rapidez.<\/p>\n<p>O frete pode ser simulado antes de efetuar a compra, basta clicar em \u201cver custos de envio\u201d.<\/p>\n<p>Verifique o endere\u00e7o de entrega cadastrado e atualize caso necess\u00e1rio.<\/p>\n<p>Confirme se a pe\u00e7a \u00e9 correta para o seu modelo de ve\u00edculo.<\/p>\n<p>Para pe\u00e7as automotivas, recomendamos a instala\u00e7\u00e3o por um profissional especializado.<\/p>\n<p>Caso possua outras d\u00favidas, entre em contato.<\/p>\n","protected":false},"excerpt":{"rendered":"<h2>Bobina Igini\u00e7\u00e3o Fiesta Courier Ecosport &#8211; CE20119<\/h2>\n","protected":false},"featured_media":33954,"template":"","meta":{"_seopress_robots_primary_cat":"none","_seopress_titles_title":"","_seopress_titles_desc":"","_seopress_robots_index":"","_joinchat":[]},"product_cat":[106,17],"product_tag":[695,274,276,122,429,1616],"berocket_brand":[384],"_links":{"self":[{"href":"https:\/\/www.casadainjecao.com.br\/loja\/wp-json\/wp\/v2\/product\/33053"}],"collection":[{"href":"https:\/\/www.casadainjecao.com.br\/loja\/wp-json\/wp\/v2\/product"}],"about":[{"href":"https:\/\/www.casadainjecao.com.br\/loja\/wp-json\/wp\/v2\/types\/product"}],"wp:featuredmedia":[{"embeddable":true,"href":"https:\/\/www.casadainjecao.com.br\/loja\/wp-json\/wp\/v2\/media\/33954"}],"wp:attachment":[{"href":"https:\/\/www.casadainjecao.com.br\/loja\/wp-json\/wp\/v2\/media?parent=33053"}],"wp:term":[{"taxonomy":"product_cat","embeddable":true,"href":"https:\/\/www.casadainjecao.com.br\/loja\/wp-json\/wp\/v2\/product_cat?post=33053"},{"taxonomy":"product_tag","embeddable":true,"href":"https:\/\/www.casadainjecao.com.br\/loja\/wp-json\/wp\/v2\/product_tag?post=33053"},{"taxonomy":"berocket_brand","embeddable":true,"href":"https:\/\/www.casadainjecao.com.br\/loja\/wp-json\/wp\/v2\/berocket_brand?post=33053"}],"curies":[{"name":"wp","href":"https:\/\/api.w.org\/{rel}","templated":true}]}}