{"id":33485,"date":"2024-06-27T11:45:06","date_gmt":"2024-06-27T14:45:06","guid":{"rendered":"https:\/\/www.casadainjecao.com.br\/loja\/?post_type=product&#038;p=33485"},"modified":"2025-12-26T13:27:15","modified_gmt":"2025-12-26T16:27:15","slug":"resistencia-ventoinha-fiat-novo-uno-moby-51846314","status":"publish","type":"product","link":"https:\/\/www.casadainjecao.com.br\/loja\/autopecas\/motor\/radiadores\/resistencia-ventoinha-fiat-novo-uno-moby-51846314\/","title":{"rendered":"Resistencia Ventoinha Fiat Novo Uno Moby &#8211; 51846314"},"content":{"rendered":"<h2 class=\"ui-pdp-title\">Resistencia Da Ventoinha = Resistencia do Eletroventilador<\/h2>\n<p class=\"ui-pdp-title\">Fiat Novo Uno,Fiorino,Siena,Novo Palio,Mobi<\/p>\n<p>Fiat FIORINO 1.4 1.4 2011\/2021<br \/>\nFiat FIORINO 1.4 ENDURANCE 1.4 2022<br \/>\nFiat Fiorino 1.4 Endurance Flex 4p 5 marchas 2021<br \/>\nFiat Fiorino 1.4 Hard Working Flex 4p 2017\/2020<br \/>\nFiat Fiorino 1.4 Hard Working Flex 4p 5 marchas 2021<br \/>\nFiat FIORINO 1.4 WORKING 1.4 2022<br \/>\nFiat Fiorino 1.4 Working Flex 4p 5 marchas 2021<br \/>\nFiat FIORINO ENDURANCE 1.4 2011\/2020<br \/>\nFiat FIORINO HARD WORKING 1.4 2011\/2016<br \/>\nFiat FIORINO WORKING 1.4 2011\/2020<br \/>\nFiat Grand Siena 1.0 Attractive Flex 4p 2017\/2021<br \/>\nFiat Grand Siena 1.4 Attractive Flex 4p 2016\/2021<br \/>\nFiat Grand Siena 1.6 16v Essence Flex 4p 2016\/2018<br \/>\nFiat GRAND SIENA ATTRACTIVE 1.4 MPI FIRE 8V BZ 4P 1.4 2013<br \/>\nFiat GRAND SIENA ATTRACTIVE 1.4 MPI FIRE 8V FLEX 4P 1.4 2013\/2017<br \/>\nFiat GRAND SIENA ATTRACTIVE 1.4 MPI FIRE 8V TETRAFUEL 4P 1.4 2013\/2017<br \/>\nFiat GRAND SIENA ESSENCE 1.6 E.torQ 16V BZ 4P 1.6 2013\/2017<br \/>\nFiat GRAND SIENA ESSENCE 1.6 E.torQ 16V FLEX 4P 1.6 2013\/2018<br \/>\nFiat GRAND SIENA ESSENCE 1.6 E.torQ BZ. 1.6 2016\/2018<br \/>\nFiat GRAND SIENA ESSENCE DUALOGIC 1.6 E.torQ 16V BZ 4P 1.6 2013\/2014<br \/>\nFiat GRAND SIENA ESSENCE DUALOGIC 1.6 E.torQ 16V FLEX 4P 1.6 2013\/2014<br \/>\nFiat GRAND SIENA FIRE FLEX 1.0 1.0 2020<br \/>\nFiat GRAND SIENA FIRE FLEX 1.4 1.4 2020<br \/>\nFiat MOBI EASY FIRE 1.0 2017<br \/>\nFiat MOBI LIKE FIRE 1.0 2017<br \/>\nFiat MOBI TREKKING FIRE 1.0 2017<br \/>\nFiat MOBI WAY FIRE 1.0 2017<br \/>\nFiat NOVO PALIO ATTRACTIVE 1.0 HPP LF FLEX EE 1.0 2016\/2017<br \/>\nFiat NOVO PALIO ATTRACTIVE 1.0 MPI FIRE EVO 8V FLEX 4P 1.0 2012\/2017<br \/>\nFiat NOVO PALIO ATTRACTIVE 1.4 EVO FLEX EE 1.4 2015\/2017<br \/>\nFiat NOVO PALIO ATTRACTIVE 1.4 MPI 8V FLEX 4P 1.4 2012\/2017<br \/>\nFiat NOVO PALIO ATTRACTIVE 1.4 MPI FIRE 8V BZ 4P 1.4 2012\/2017<br \/>\nFiat NOVO PALIO ESSENCE 1.6 E.torQ 16V BZ 4P 1.6 2012\/2017<br \/>\nFiat NOVO PALIO ESSENCE 1.6 E.torQ 16V FLEX 4P 1.6 2012\/2017<br \/>\nFiat NOVO PALIO ESSENCE 1.6 ETORQ BZ NPM 1.6 2015\/2017<br \/>\nFiat NOVO PALIO ESSENCE DUALOGIC 1.6 E.torQ 16V BZ 4P 1.6 2012\/2014<br \/>\nFiat NOVO PALIO ESSENCE DUALOGIC 1.6 E.torQ 16V FLEX 4P 1.6 2012\/2014<br \/>\nFiat NOVO PALIO SPORTING 1.6 E.torQ 16V BZ 4P 1.6 2012\/2017<br \/>\nFiat NOVO PALIO SPORTING 1.6 E.torQ 16V FLEX 4P 1.6 2012\/2017<br \/>\nFiat NOVO PALIO SPORTING 1.6 ETORQ BZ NPM 1.6 2015\/2017<br \/>\nFiat NOVO PALIO SPORTING 1.6 ETORQ MTA FLEX 1.6 2015\/2017<br \/>\nFiat NOVO PALIO SPORTING DUALOGIC 1.6 E.torQ 16V BZ 4P 1.6 2012\/2014<br \/>\nFiat NOVO PALIO SPORTING DUALOGIC 1.6 E.torQ 16V FLEX 4P 1.6 2012\/2014<br \/>\nFiat NOVO UNO ATTRACTIVE 1.0 2016\/2021<br \/>\nFiat NOVO UNO ATTRACTIVE 1.4 EVO 1.4 2016\/2021<br \/>\nFiat NOVO UNO DRIVE 1.0 2016\/2021<br \/>\nFiat NOVO UNO DRIVE 1.3 2016\/2021<br \/>\nFiat NOVO UNO SPORTING 1.3 2016\/2021<br \/>\nFiat NOVO UNO SPORTING 1.4 EVO 1.4 2016\/2021<br \/>\nFiat NOVO UNO WAY 1.0 2016\/2021<br \/>\nFiat NOVO UNO WAY 1.3 2016\/2021<br \/>\nFiat NOVO UNO WAY 1.4 EVO 1.4 2016\/2021<br \/>\nFiat UNO ATTRACTIVE 1.0 MPI FIRE 8V FLEX 4P 1.0 2015\/2016<br \/>\nFiat UNO ATTRACTIVE 1.4 MPI 8V BZ 4P 1.4 2012<br \/>\nFiat UNO ATTRACTIVE 1.4 MPI FIRE 8V BZ 4P 1.4 2015\/2016<br \/>\nFiat UNO ATTRACTIVE 1.4 MPI FIRE EVO 8V FLEX 2P 1.4 2012<br \/>\nFiat UNO ATTRACTIVE 1.4 MPI FIRE EVO 8V FLEX 4P 1.4 2011\/2012<br \/>\nFiat UNO ECONOMY 1.4 MPI FIRE EVO 8V FLEX 2P 1.4 2012\/2013<br \/>\nFiat UNO ECONOMY 1.4 MPI FIRE EVO 8V FLEX 4P 1.4 2012\/2014<br \/>\nFiat UNO EVOLUTION START STOP 1.4 MPI FIRE 8V FLEX 4P 1.4 2015\/2016<br \/>\nFiat UNO FURG\u00c3O 1.0 FLEX 1.0 2011\/2014<br \/>\nFiat Uno Furg\u00e3o 1.0 Flex 2p 2015\/2016<br \/>\nFiat UNO FURG\u00c3O 1.0 MPI FIRE 8V FLEX 2P 1.0 2014\/2015<br \/>\nFiat UNO FURG\u00c3O 1.4 MPI 8V BZ 2P 1.4 2014<br \/>\nFiat UNO FURG\u00c3O 1.4 MPI FIRE 8V FLEX 2P 1.4 2014<br \/>\nFiat UNO SPORTING 1.4 MPI 8V BZ 2P 1.4 2012<br \/>\nFiat UNO SPORTING 1.4 MPI 8V BZ 4P 1.4 2011\/2014<br \/>\nFiat UNO SPORTING 1.4 MPI FIRE 8V BZ 4P 1.4 2015\/2016<br \/>\nFiat UNO SPORTING 1.4 MPI FIRE 8V FLEX 4P 1.4 2015\/2016<br \/>\nFiat UNO SPORTING 1.4 MPI FIRE EVO 8V FLEX 2P 1.4 2012<br \/>\nFiat UNO SPORTING 1.4 MPI FIRE EVO 8V FLEX 4P 1.4 2011\/2014<br \/>\nFiat UNO VIVACE 1.0 MPI FIRE EVO 8V FLEX 2P 1.0 2012\/2016<br \/>\nFiat UNO VIVACE 1.0 MPI FIRE EVO 8V FLEX 4P 1.0 2011\/2015<br \/>\nFiat UNO VIVACE 1.4 MPI 8V BZ 2P 1.4 2012\/2014<br \/>\nFiat UNO VIVACE 1.4 MPI 8V BZ 4P 1.4 2011\/2016<br \/>\nFiat UNO VIVACE 1.4 MPI FIRE 8V BZ 4P 1.4 2013\/2015<br \/>\nFiat UNO WAY 1.0 MPI FIRE 8V FLEX 4P 1.0 2015\/2016<br \/>\nFiat UNO WAY 1.0 MPI FIRE EVO 8V FLEX 2P 1.0 2012<br \/>\nFiat UNO WAY 1.0 MPI FIRE EVO 8V FLEX 4P 1.0 2011\/2014<br \/>\nFiat UNO WAY 1.4 MPI 8V BZ 2P 1.4 2012<br \/>\nFiat UNO WAY 1.4 MPI 8V BZ 4P 1.4 2011\/2014<br \/>\nFiat UNO WAY 1.4 MPI FIRE 8V BZ 4P 1.4 2015\/2016<br \/>\nFiat UNO WAY 1.4 MPI FIRE 8V FLEX 4P 1.4 2015\/2016<br \/>\nFiat UNO WAY 1.4 MPI FIRE EVO 8V FLEX 2P 1.4 2012<br \/>\nFiat UNO WAY 1.4 MPI FIRE EVO 8V FLEX 4P 1.4 2011\/2014<br \/>\nPeugeot PARTNER RAPID BUSINESS 1.4 2022<br \/>\nPeugeot PARTNER RAPID BUSINESS PACK 1.4 2022<\/p>\n<h3 class=\"ui-pdp-title\">Codigo:- 51846314,68198261AA<\/h3>\n<h4>Condi\u00e7\u00f5es:- Produto Novo Original<\/h4>\n<h4>Garantia:- 3 Meses<\/h4>\n<h4><span style=\"font-size: 13.5pt;\">ATEN\u00c7\u00c3O: Antes de efetuar a compra verifique o c\u00f3digo da sua pe\u00e7a que est\u00e1 instalado no seu ve\u00edculo.<\/span><\/h4>\n<h4>A Casa da Inje\u00e7\u00e3o oferece total garantia nos produtos comprados em nosso site.<\/h4>\n<h4>Cada item \u00e9 rigorosamente testado antes do envio<\/h4>\n<h4>Se os itens estiverem danificados ou parcialmente defeituosos, entre em contato conosco.<\/h4>\n<h4>Procure um profissional devidamente licenciado para a instala\u00e7\u00e3o e fa\u00e7a revis\u00f5es periodicamente. A empresa n\u00e3o se responsabiliza por problemas oriundos da m\u00e1 instala\u00e7\u00e3o ou com a falta de cuidados peri\u00f3dicos dos componentes.<\/h4>\n<h4>Se houver qualquer defeito, n\u00f3s lhe enviaremos uma substitui\u00e7\u00e3o ap\u00f3s receber o pacote ou devolvemos seu dinheiro.<\/h4>\n<h4>Leia nossa\u00a0<a href=\"https:\/\/www.casadainjecao.com.br\/loja\/politica-de-devolucao\"><span style=\"color: blue;\">pol\u00edtica de devolu\u00e7\u00e3o aqui<\/span><\/a><\/h4>\n<h4>\u2014\u2014\u2014\u2014\u2014\u2014\u2014\u2014\u2014\u2014\u2014\u2014\u2014\u2014\u2014\u2014\u2014\u2014\u2014\u2013<\/h4>\n<h4>Tem alguma d\u00favida?<\/h4>\n<h4>Entre em contato que podemos ajudar!<\/h4>\n<h4>Confira as informa\u00e7\u00f5es adicionais abaixo:<\/h4>\n<h4>Todos os nossos produtos s\u00e3o novos, semi-novos, originais e paralelos possuem garantia.<\/h4>\n<h4>Todos os produtos anunciados est\u00e3o dispon\u00edveis em estoque e s\u00e3o enviados com extrema rapidez.<\/h4>\n<h4>O frete pode ser simulado antes de efetuar a compra, basta clicar em \u201cver custos de envio\u201d.<\/h4>\n<h4>Verifique o endere\u00e7o de entrega cadastrado e atualize caso necess\u00e1rio.<\/h4>\n<h4>Confirme se a pe\u00e7a \u00e9 correta para o seu modelo de ve\u00edculo.<\/h4>\n<h4>Para pe\u00e7as automotivas, recomendamos a instala\u00e7\u00e3o por um profissional especializado. Caso possua outras d\u00favidas, entre em contato.<\/h4>\n<div class=\"jss3302\"><\/div>\n","protected":false},"excerpt":{"rendered":"<h2 class=\"ui-pdp-title\">Resistencia Da Ventoinha Fiat Novo Uno Moby &#8211; 51846314<\/h2>\n","protected":false},"featured_media":33490,"template":"","meta":{"_seopress_robots_primary_cat":"none","_seopress_titles_title":"","_seopress_titles_desc":"","_seopress_robots_index":"","_joinchat":[]},"product_cat":[16,71,22,74,237,79,253],"product_tag":[280,2145,1855,1600,120],"berocket_brand":[383],"_links":{"self":[{"href":"https:\/\/www.casadainjecao.com.br\/loja\/wp-json\/wp\/v2\/product\/33485"}],"collection":[{"href":"https:\/\/www.casadainjecao.com.br\/loja\/wp-json\/wp\/v2\/product"}],"about":[{"href":"https:\/\/www.casadainjecao.com.br\/loja\/wp-json\/wp\/v2\/types\/product"}],"wp:featuredmedia":[{"embeddable":true,"href":"https:\/\/www.casadainjecao.com.br\/loja\/wp-json\/wp\/v2\/media\/33490"}],"wp:attachment":[{"href":"https:\/\/www.casadainjecao.com.br\/loja\/wp-json\/wp\/v2\/media?parent=33485"}],"wp:term":[{"taxonomy":"product_cat","embeddable":true,"href":"https:\/\/www.casadainjecao.com.br\/loja\/wp-json\/wp\/v2\/product_cat?post=33485"},{"taxonomy":"product_tag","embeddable":true,"href":"https:\/\/www.casadainjecao.com.br\/loja\/wp-json\/wp\/v2\/product_tag?post=33485"},{"taxonomy":"berocket_brand","embeddable":true,"href":"https:\/\/www.casadainjecao.com.br\/loja\/wp-json\/wp\/v2\/berocket_brand?post=33485"}],"curies":[{"name":"wp","href":"https:\/\/api.w.org\/{rel}","templated":true}]}}