{"id":33975,"date":"2024-07-08T20:46:55","date_gmt":"2024-07-08T23:46:55","guid":{"rendered":"https:\/\/www.casadainjecao.com.br\/loja\/autopecas\/sem%20categoria\/sensor-de-temperatura-ka-fiesta-courier-1-0-1-6-xs6f12a6\/"},"modified":"2024-07-08T20:58:04","modified_gmt":"2024-07-08T23:58:04","slug":"sensor-de-temperatura-ka-fiesta-courier-1-0-1-6-xs6f12a6","status":"publish","type":"product","link":"https:\/\/www.casadainjecao.com.br\/loja\/autopecas\/motor\/sensores-motor\/sensor-de-temperatura-ka-fiesta-courier-1-0-1-6-xs6f12a6\/","title":{"rendered":"Sensor De Temperatura Ka Fiesta Courier 1.0 1.6 &#8211; XS6F"},"content":{"rendered":"<h2 style=\"margin-top: 0cm; line-height: 21.75pt;\"><strong><span lang=\"PT\"><span style=\"color: #666666; font-family: Proxima Nova, -apple-system, Roboto, Arial, sans-serif;\"><span style=\"font-size: 20px;\">Sensor De Temperatura Ford<\/span><\/span><\/span><\/strong><\/h2>\n<h4 style=\"margin-top: 0cm; line-height: 21.75pt;\"><span lang=\"PT\" style=\"font-size: 13.5pt; color: #1c1d1e; font-style: normal;\"><span style=\"color: #666666; font-family: 'Proxima Nova', -apple-system, Roboto, Arial, sans-serif; font-size: 20px; font-weight: 400;\">APLICA\u00c7\u00d5ES:<\/span><br style=\"color: #666666; font-family: 'Proxima Nova', -apple-system, Roboto, Arial, sans-serif; font-size: 20px; font-weight: 400;\" \/><br style=\"color: #666666; font-family: 'Proxima Nova', -apple-system, Roboto, Arial, sans-serif; font-size: 20px; font-weight: 400;\" \/><span style=\"color: #666666; font-family: 'Proxima Nova', -apple-system, Roboto, Arial, sans-serif; font-size: 20px; font-weight: 400;\">FORD:<\/span><br style=\"color: #666666; font-family: 'Proxima Nova', -apple-system, Roboto, Arial, sans-serif; font-size: 20px; font-weight: 400;\" \/><span style=\"color: #666666; font-family: 'Proxima Nova', -apple-system, Roboto, Arial, sans-serif; font-size: 20px; font-weight: 400;\">&#8211; Courier 1.6 8v Zetec Rocam &#8211; Todos.<\/span><br style=\"color: #666666; font-family: 'Proxima Nova', -apple-system, Roboto, Arial, sans-serif; font-size: 20px; font-weight: 400;\" \/><span style=\"color: #666666; font-family: 'Proxima Nova', -apple-system, Roboto, Arial, sans-serif; font-size: 20px; font-weight: 400;\">&#8211; Ecosport 1.0 e 1.6 8v Zetec Rocam &#8211; Todos.<\/span><br style=\"color: #666666; font-family: 'Proxima Nova', -apple-system, Roboto, Arial, sans-serif; font-size: 20px; font-weight: 400;\" \/><span style=\"color: #666666; font-family: 'Proxima Nova', -apple-system, Roboto, Arial, sans-serif; font-size: 20px; font-weight: 400;\">&#8211; Fiesta 1.0 e 1.6 8v Zetec Rocam &#8211; Todos.<\/span><br style=\"color: #666666; font-family: 'Proxima Nova', -apple-system, Roboto, Arial, sans-serif; font-size: 20px; font-weight: 400;\" \/><span style=\"color: #666666; font-family: 'Proxima Nova', -apple-system, Roboto, Arial, sans-serif; font-size: 20px; font-weight: 400;\">&#8211; Ka 1.0 e 1.6 8v Zetec Rocam &#8211; Todos.<\/span><br style=\"color: #666666; font-family: 'Proxima Nova', -apple-system, Roboto, Arial, sans-serif; font-size: 20px; font-weight: 400;\" \/><span style=\"color: #666666; font-family: 'Proxima Nova', -apple-system, Roboto, Arial, sans-serif; font-size: 20px; font-weight: 400;\">&#8211; Focus 1.0 e 1.6 8v Zetec Rocam &#8211; Todos.<\/span><br style=\"color: #666666; font-family: 'Proxima Nova', -apple-system, Roboto, Arial, sans-serif; font-size: 20px; font-weight: 400;\" \/><span style=\"color: #666666; font-family: 'Proxima Nova', -apple-system, Roboto, Arial, sans-serif; font-size: 20px; font-weight: 400;\">&#8211; Escort 1.0 e 1.6 8v Zetec Rocam &#8211; Todos.<\/span><\/span><\/h4>\n<h4 style=\"margin-top: 0cm; line-height: 21.75pt;\"><span lang=\"PT\" style=\"font-size: 13.5pt; color: #1c1d1e; font-style: normal;\">C\u00f3digo de Refer\u00eancia: &#8211;\u00a0XS6F12A6,XS6f12a648,\u00a0xs6f-12a648<\/span><\/h4>\n<p class=\"MsoNormal\" style=\"margin-bottom: 18.75pt;\"><span lang=\"PT\" style=\"font-size: 13.5pt; line-height: 107%; color: #1c1d1e;\">Especifica\u00e7\u00f5es:\u00a0<\/span><\/p>\n<p class=\"MsoNormal\" style=\"margin-bottom: 18.75pt;\"><span lang=\"PT\" style=\"font-size: 13.5pt; line-height: 107%; color: #1c1d1e;\"><span style=\"color: #666666; font-family: 'Proxima Nova', -apple-system, Roboto, Arial, sans-serif; font-size: 20px;\">01 Sensor de temperatura.<\/span><\/span><\/p>\n<p class=\"MsoNormal\" style=\"margin-bottom: 18.75pt;\"><span lang=\"PT\" style=\"font-size: 13.5pt; line-height: 107%; color: #1c1d1e;\"><span style=\"font-size: 16px;\">Produto Novo Paralelo \/ Marca Torken<\/span><\/span><\/p>\n<h4 style=\"margin-top: 0cm; line-height: 21.75pt;\"><span lang=\"PT\" style=\"font-size: 13.5pt; color: #1c1d1e; font-style: normal;\">Garantia:<\/span><\/h4>\n<p class=\"MsoNormal\" style=\"margin-bottom: 18.75pt;\"><span lang=\"PT\" style=\"font-size: 12.0pt; line-height: 107%; color: #1c1d1e;\">3 meses<\/span><\/p>\n<h3 style=\"margin-top: 0cm; line-height: 24.0pt;\"><span lang=\"PT\" style=\"font-size: 15.0pt; font-family: 'Calibri',sans-serif; color: #1c1d1e;\">ATEN\u00c7\u00c3O: Antes de efetuar a compra verifique o c\u00f3digo da sua pe\u00e7a que est\u00e1 instalado no seu ve\u00edculo.<\/span><\/h3>\n<p>A Casa da Inje\u00e7\u00e3o oferece total garantia nos produtos comprados em nosso site.<\/p>\n<ol>\n<li>Cada item \u00e9 rigorosamente testado antes do envio<\/li>\n<li>Se os itens estiverem danificados ou parcialmente defeituosos, entre em contato conosco.<\/li>\n<\/ol>\n<p>Se houver qualquer defeito, n\u00f3s lhe enviaremos uma substitui\u00e7\u00e3o ap\u00f3s receber o pacote ou devolvemos seu dinheiro.<\/p>\n<p>Leia nossa <a href=\"https:\/\/www.casadainjecao.com.br\/loja\/politica-de-devolucao\">pol\u00edtica de devolu\u00e7\u00e3o aqui<\/a><\/p>\n<p>\u2014\u2014\u2014\u2014\u2014\u2014\u2014\u2014\u2014\u2014\u2014\u2014\u2014\u2014\u2014\u2014\u2014\u2014\u2014\u2013<\/p>\n<p>Tem alguma d\u00favida?<\/p>\n<p>Entre em contato que podemos ajudar!<\/p>\n<p>Confira as informa\u00e7\u00f5es adicionais abaixo:<\/p>\n<ul>\n<li>Todos os nossos produtos s\u00e3o novos, semi-novos, originais e paralelos possuem garantia.<\/li>\n<li>Todos os produtos anunciados est\u00e3o dispon\u00edveis em estoque e s\u00e3o enviados com extrema rapidez.<\/li>\n<li>O frete pode ser simulado antes de efetuar a compra, basta clicar em \u201cver custos de envio\u201d.<\/li>\n<li>Verifique o endere\u00e7o de entrega cadastrado e atualize caso necess\u00e1rio.<\/li>\n<li>Confirme se a pe\u00e7a \u00e9 correta para o seu modelo de ve\u00edculo.<\/li>\n<li>Para pe\u00e7as automotivas, recomendamos a instala\u00e7\u00e3o por um profissional especializado.<\/li>\n<\/ul>\n<p>Caso possua outras d\u00favidas, entre em contato.<\/p>\n","protected":false},"excerpt":{"rendered":"<h2>Sensor De Temperatura Ka Fiesta Courier 1.0 1.6 &#8211; XS6F12A6<\/h2>\n","protected":false},"featured_media":33971,"template":"","meta":{"_seopress_robots_primary_cat":"none","_seopress_titles_title":"","_seopress_titles_desc":"","_seopress_robots_index":"","_joinchat":[]},"product_cat":[22,241],"product_tag":[],"berocket_brand":[],"_links":{"self":[{"href":"https:\/\/www.casadainjecao.com.br\/loja\/wp-json\/wp\/v2\/product\/33975"}],"collection":[{"href":"https:\/\/www.casadainjecao.com.br\/loja\/wp-json\/wp\/v2\/product"}],"about":[{"href":"https:\/\/www.casadainjecao.com.br\/loja\/wp-json\/wp\/v2\/types\/product"}],"wp:featuredmedia":[{"embeddable":true,"href":"https:\/\/www.casadainjecao.com.br\/loja\/wp-json\/wp\/v2\/media\/33971"}],"wp:attachment":[{"href":"https:\/\/www.casadainjecao.com.br\/loja\/wp-json\/wp\/v2\/media?parent=33975"}],"wp:term":[{"taxonomy":"product_cat","embeddable":true,"href":"https:\/\/www.casadainjecao.com.br\/loja\/wp-json\/wp\/v2\/product_cat?post=33975"},{"taxonomy":"product_tag","embeddable":true,"href":"https:\/\/www.casadainjecao.com.br\/loja\/wp-json\/wp\/v2\/product_tag?post=33975"},{"taxonomy":"berocket_brand","embeddable":true,"href":"https:\/\/www.casadainjecao.com.br\/loja\/wp-json\/wp\/v2\/berocket_brand?post=33975"}],"curies":[{"name":"wp","href":"https:\/\/api.w.org\/{rel}","templated":true}]}}