{"id":33991,"date":"2024-07-08T21:34:40","date_gmt":"2024-07-09T00:34:40","guid":{"rendered":"https:\/\/www.casadainjecao.com.br\/loja\/autopecas\/sem%20categoria\/bico-injetor-audi-passat-tiguan-2-0-tsi-06h906036g\/"},"modified":"2025-09-30T11:39:00","modified_gmt":"2025-09-30T14:39:00","slug":"bico-injetor-audi-passat-tiguan-2-0-tsi-06h906036g","status":"publish","type":"product","link":"https:\/\/www.casadainjecao.com.br\/loja\/autopecas\/injecao-eletronica\/bico-injetor\/bico-injetor-audi-passat-tiguan-2-0-tsi-06h906036g\/","title":{"rendered":"Bico Injetor Jetta Tiguan Audi Tsfi &#8211; 06h906036g"},"content":{"rendered":"<h2>Bico Injetor\/ V\u00e1lvula Inje\u00e7\u00e3o<\/h2>\n<p>AUDI<br \/>\nA3 2.0 TFSi Sportback 2008 \u00e0 2013<br \/>\nA4 2.0 TFSi Avant 2008<br \/>\nA5 2.0 TFSI Cabriolet 2009 \u00e0 2013<br \/>\nQ3 2.0 TFSI Quattro 2011 \u00e0 2015<br \/>\nQ5 2.0 TFSi Quattro 2009 \u00e0 2012<\/p>\n<p>VOLKSWAGEN<br \/>\nVW FUSCA 2.0 TSi Ano: 04.2011 em diante<br \/>\nVW CC 2.0 TSi Ano: 11.2011 em diante<br \/>\nVW EOS 2.0 TFSi Ano: 03.2006 em diante<br \/>\nVW EOS 2.0 TFSi Ano: 03.2006 em diante<br \/>\nVW EOS 2.0 TFSi Ano: 03.2006 em diante<br \/>\nVW EOS 2.0 TSi Ano: 11.2009 em diante<br \/>\nVW JETTA 2.0 TSi Ano: 2011 2012 2013 2014 2015 2016 2017<br \/>\nVW PASSAT 2.0 TSi Ano: 2011 2012 2013 2014<br \/>\nVW PASSAT 2.0 FSi Ano: 08.2007 &gt; 07.2010<br \/>\nVW PASSAT 2.0 FSi Ano: 07.2005 &gt; 07.2010<br \/>\nVW PASSAT 2.0 TSi Ano: 06.2008 &gt; 01.2012<br \/>\nVW PASSAT 2.0 TSi Ano: 06.2008 &gt; 01.2012<br \/>\nVW PASSAT 2.0 TSi Ano: 06.2008 &gt; 01.2012<br \/>\nVW PASSAT 2.0 TSi Ano: 11.2010 &gt; 01.2012<br \/>\nVW PASSAT Variant 2.0 TSi Ano: 11.2010 &gt; 12.2014<br \/>\nVW PASSAT Variant 2.0 FSi Ano: 08.2007 &gt; 11.2010<br \/>\nVW PASSAT Variant 2.0 FSi Ano: 08.2005 &gt; 11.2010<br \/>\nVW SCIROCCO 2.0 TSi\u00a0 em diante<br \/>\nVW TIGUAN 2.0 TSi 2009 2010 2011 2012 2013 2014 2015 2016<\/p>\n<h4>C\u00f3digo de Refer\u00eancia:<\/h4>\n<p>0261500162, 0261500163, 0261500168, 026150062, 0261500076, 026150001A, 02615001A, 06H906036G, 06H906036E, 06H906036P, 06J906036G<\/p>\n<h4>Condi\u00e7\u00f5es:<\/h4>\n<p>Novo Importado \/ Marca: Torken<\/p>\n<h4>Garantia:<\/h4>\n<p>3 Meses<\/p>\n<h3 class=\"western\">ATEN\u00c7\u00c3O: Antes de efetuar a compra verifique o c\u00f3digo da sua pe\u00e7a que est\u00e1 instalada no seu ve\u00edculo.<\/h3>\n<p>&nbsp;<\/p>\n<p>A Casa da Inje\u00e7\u00e3o oferece total garantia nos produtos comprados em nosso site.<\/p>\n<ol>\n<li>Cada item \u00e9 rigorosamente testado antes do envio<\/li>\n<li>Se os itens estiverem danificados ou parcialmente defeituosos, entre em contato conosco.<\/li>\n<\/ol>\n<p>Se houver qualquer defeito, n\u00f3s lhe enviaremos uma substitui\u00e7\u00e3o ap\u00f3s receber o pacote ou devolvemos seu dinheiro.<\/p>\n<p>Leia nossa\u00a0<a href=\"https:\/\/www.casadainjecao.com.br\/loja\/politica-de-devolucao\">pol\u00edtica de devolu\u00e7\u00e3o aqui<\/a><\/p>\n<p>\u2014\u2014\u2014\u2014\u2014\u2014\u2014\u2014\u2014\u2014\u2014\u2014\u2014\u2014\u2014\u2014\u2014\u2014\u2014\u2013<\/p>\n<p>Tem alguma d\u00favida?<\/p>\n<p>Entre em contato que podemos ajudar!<\/p>\n<p>Confira as informa\u00e7\u00f5es adicionais abaixo:<\/p>\n<ul>\n<li>Todos os nossos produtos s\u00e3o novos, semi-novos, originais e paralelos possuem garantia.<\/li>\n<li>Todos os produtos anunciados est\u00e3o dispon\u00edveis em estoque e s\u00e3o enviados com extrema rapidez.<\/li>\n<li>O frete pode ser simulado antes de efetuar a compra, basta clicar em \u201cver custos de envio\u201d.<\/li>\n<li>Verifique o endere\u00e7o de entrega cadastrado e atualize caso necess\u00e1rio.<\/li>\n<li>Confirme se a pe\u00e7a \u00e9 correta para o seu modelo de ve\u00edculo.<\/li>\n<li>Para pe\u00e7as automotivas, recomendamos a instala\u00e7\u00e3o por um profissional especializado.<\/li>\n<\/ul>\n<p>Caso possua outras d\u00favidas, entre em contato.<\/p>\n","protected":false},"excerpt":{"rendered":"<h2>Bico Injetor Audi Passat Tiguan 2.0 Tsi &#8211; 06h906036g<\/h2>\n","protected":false},"featured_media":33993,"template":"","meta":{"_seopress_robots_primary_cat":"none","_seopress_titles_title":"","_seopress_titles_desc":"","_seopress_robots_index":"","_seopress_analysis_target_kw":"","_kad_blocks_custom_css":"","_kad_blocks_head_custom_js":"","_kad_blocks_body_custom_js":"","_kad_blocks_footer_custom_js":"","_kadence_starter_templates_imported_post":false,"_joinchat":[]},"product_brand":[],"product_cat":[256,21],"product_tag":[1934,1875,848,1975],"berocket_brand":[],"class_list":{"0":"post-33991","1":"product","2":"type-product","3":"status-publish","4":"has-post-thumbnail","6":"product_cat-bico-injetor","7":"product_cat-injecao-eletronica","8":"product_tag-a3","9":"product_tag-a5","10":"product_tag-jetta","11":"product_tag-passati","12":"thunk-woo-product-list","13":"big-store-woo-hover-zoom","14":"open-single-product-tab-horizontal","15":"open-shadow-","16":"open-shadow-hover-","18":"first","19":"instock","20":"sale","21":"taxable","22":"shipping-taxable","23":"purchasable","24":"product-type-simple"},"taxonomy_info":{"product_cat":[{"value":256,"label":"Bico Injetor"},{"value":21,"label":"Inje\u00e7\u00e3o Eletr\u00f4nica"}],"product_tag":[{"value":1934,"label":"A3"},{"value":1875,"label":"A5"},{"value":848,"label":"Jetta"},{"value":1975,"label":"Passati"}]},"featured_image_src_large":["https:\/\/www.casadainjecao.com.br\/loja\/wp-content\/uploads\/2024\/07\/Bico-Injetor-Audi-Passat-Tiguan-06h906036g-orig-920x920.jpg",640,640,true],"author_info":[],"comment_info":"","_links":{"self":[{"href":"https:\/\/www.casadainjecao.com.br\/loja\/wp-json\/wp\/v2\/product\/33991","targetHints":{"allow":["GET"]}}],"collection":[{"href":"https:\/\/www.casadainjecao.com.br\/loja\/wp-json\/wp\/v2\/product"}],"about":[{"href":"https:\/\/www.casadainjecao.com.br\/loja\/wp-json\/wp\/v2\/types\/product"}],"wp:featuredmedia":[{"embeddable":true,"href":"https:\/\/www.casadainjecao.com.br\/loja\/wp-json\/wp\/v2\/media\/33993"}],"wp:attachment":[{"href":"https:\/\/www.casadainjecao.com.br\/loja\/wp-json\/wp\/v2\/media?parent=33991"}],"wp:term":[{"taxonomy":"product_brand","embeddable":true,"href":"https:\/\/www.casadainjecao.com.br\/loja\/wp-json\/wp\/v2\/product_brand?post=33991"},{"taxonomy":"product_cat","embeddable":true,"href":"https:\/\/www.casadainjecao.com.br\/loja\/wp-json\/wp\/v2\/product_cat?post=33991"},{"taxonomy":"product_tag","embeddable":true,"href":"https:\/\/www.casadainjecao.com.br\/loja\/wp-json\/wp\/v2\/product_tag?post=33991"},{"taxonomy":"berocket_brand","embeddable":true,"href":"https:\/\/www.casadainjecao.com.br\/loja\/wp-json\/wp\/v2\/berocket_brand?post=33991"}],"curies":[{"name":"wp","href":"https:\/\/api.w.org\/{rel}","templated":true}]}}