{"id":34005,"date":"2024-07-09T09:58:47","date_gmt":"2024-07-09T12:58:47","guid":{"rendered":"https:\/\/www.casadainjecao.com.br\/loja\/autopecas\/sem%20categoria\/kit-4-bicos-injetor-audi-passat-tiguan-2-0-tsi-06h906036g\/"},"modified":"2026-04-28T14:12:22","modified_gmt":"2026-04-28T17:12:22","slug":"kit-4-bicos-injetor-audi-passat-tiguan-2-0-tsi-06h906036g","status":"publish","type":"product","link":"https:\/\/www.casadainjecao.com.br\/loja\/autopecas\/injecao-eletronica\/bico-injetor\/kit-4-bicos-injetor-audi-passat-tiguan-2-0-tsi-06h906036g\/","title":{"rendered":"Kit 4 Bicos Injetores Audi Passat Tiguan 2.0 Tsi &#8211; 06h"},"content":{"rendered":"<p>Kit 4 Bicos Injetores\/ V\u00e1lvula Inje\u00e7\u00e3o<\/p>\n<p>Aplica\u00e7\u00e3o:<br \/>\nAUDI<br \/>\nA3 2.0 TFSi Sportback 2008 \u00e0 2013<br \/>\nA4 2.0 TFSi Avant 2008<br \/>\nA5 2.0 TFSI Cabriolet 2009 \u00e0 2013<br \/>\nQ3 2.0 TFSI Quattro 2011 \u00e0 2015<br \/>\nQ5 2.0 TFSi Quattro 2009 \u00e0 2012<\/p>\n<p>VOLKSWAGEN<br \/>\nVW Fusca 2.0 TSi Ano: 04.2011 &gt;<br \/>\nVW CC 2.0 TSi Ano: 11.2011 &gt;<br \/>\nVW Eos 2.0 TFSi Ano: 03.2006 &gt;<br \/>\nVW Eos\u00a02.0 TFSi Ano: 03.2006 &gt;<\/p>\n<p>VW Eos 2.0 TFSi Ano: 03.2006 &gt;<br \/>\nVW Eos 2.0 TSi Ano: 11.2009 &gt;<br \/>\nVW Jetta 2.0 TSi Ano: 2011 2012 2013 2014 2015 2016 2017<br \/>\nVW Passat 2.0 TSi Ano: 2011 2012 2013 2014<br \/>\nVW Passat 2.0 FSi Ano: 08.2007 &gt; 07.2010<br \/>\nVW Passat 2.0 FSi Ano: 07.2005 &gt; 07.2010<br \/>\nVW Passat 2.0 TSi Ano: 06.2008 &gt; 01.2012<br \/>\nVW Passat 2.0 TSi Ano: 06.2008 &gt; 01.2012<br \/>\nVW Passat 2.0 TSi Ano: 06.2008 &gt; 01.2012<br \/>\nVW Passat 2.0 TSi Ano: 11.2010 &gt; 01.2012<br \/>\nVW Passat Variant 2.0 TSi Ano: 11.2010 &gt; 12.2014<br \/>\nVW Passat Variant 2.0 FSi Ano: 08.2007 &gt; 11.2010<br \/>\nVW Passat Variant 2.0 FSi Ano: 08.2005 &gt; 11.2010<br \/>\nVW Scirocco 2.0 TSi &gt;<br \/>\nVW Tiguan 2.0 TSi 2009 2010 2011 2012 2013 2014 2015 2016<\/p>\n<p>Especifica\u00e7\u00f5es T\u00e9cnicas:<\/p>\n<p>\u2013 Marca: Torken<br \/>\n\u2013 Condi\u00e7\u00e3o do item: Novo<br \/>\n\u2013 Modelo: Bico Injetor<br \/>\n\u2212 C\u00f3digo: \u2013 0261500162, 0261500163, 0261500168, 026150062, 0261500076, 026150001A, 02615001A, 06H906036G, 06H906036H, 06H906036E, 06H906036P, 06J906036G<\/p>\n<h3>ATEN\u00c7\u00c3O: Antes de efetuar a compra verifique o c\u00f3digo da sua pe\u00e7a que est\u00e1 instalado no seu ve\u00edculo.<\/h3>\n<p>&nbsp;<\/p>\n<p>A Casa da Inje\u00e7\u00e3o oferece total garantia nos produtos comprados em nosso site.<\/p>\n<ol>\n<li>Cada item \u00e9 rigorosamente testado antes do envio<\/li>\n<li>Se os itens estiverem danificados ou parcialmente defeituosos, entre em contato conosco.<\/li>\n<\/ol>\n<p>Se houver qualquer defeito, n\u00f3s lhe enviaremos uma substitui\u00e7\u00e3o ap\u00f3s receber o pacote ou devolvemos seu dinheiro.<\/p>\n<p>Leia nossa <a href=\"https:\/\/www.casadainjecao.com.br\/loja\/politica-de-devolucao\">pol\u00edtica de devolu\u00e7\u00e3o aqui<\/a><\/p>\n<p>\u2014\u2014\u2014\u2014\u2014\u2014\u2014\u2014\u2014\u2014\u2014\u2014\u2014\u2014\u2014\u2014\u2014\u2014\u2014\u2013<\/p>\n<p>Tem alguma d\u00favida?<\/p>\n<p>Entre em contato que podemos ajudar!<\/p>\n<p>Confira as informa\u00e7\u00f5es adicionais abaixo:<\/p>\n<ul>\n<li>Todos os nossos produtos s\u00e3o novos, semi-novos, originais e paralelos possuem garantia.<\/li>\n<li>Todos os produtos anunciados est\u00e3o dispon\u00edveis em estoque e s\u00e3o enviados com extrema rapidez.<\/li>\n<li>O frete pode ser simulado antes de efetuar a compra, basta clicar em \u201cver custos de envio\u201d.<\/li>\n<li>Verifique o endere\u00e7o de entrega cadastrado e atualize caso necess\u00e1rio.<\/li>\n<li>Confirme se a pe\u00e7a \u00e9 correta para o seu modelo de ve\u00edculo.<\/li>\n<li>Para pe\u00e7as automotivas, recomendamos a instala\u00e7\u00e3o por um profissional especializado.<\/li>\n<\/ul>\n<p>Caso possua outras d\u00favidas, entre em contato.<\/p>\n","protected":false},"excerpt":{"rendered":"<h2>Kit 4 Bicos Injetores Audi Passat Tiguan 2.0 Tsi &#8211; 06h906036g<\/h2>\n","protected":false},"featured_media":34035,"template":"","meta":{"_seopress_robots_primary_cat":"none","_seopress_titles_title":"","_seopress_titles_desc":"","_seopress_robots_index":"","_joinchat":[]},"product_cat":[256,261,21],"product_tag":[77,1604,1475,2153],"berocket_brand":[396],"_links":{"self":[{"href":"https:\/\/www.casadainjecao.com.br\/loja\/wp-json\/wp\/v2\/product\/34005"}],"collection":[{"href":"https:\/\/www.casadainjecao.com.br\/loja\/wp-json\/wp\/v2\/product"}],"about":[{"href":"https:\/\/www.casadainjecao.com.br\/loja\/wp-json\/wp\/v2\/types\/product"}],"wp:featuredmedia":[{"embeddable":true,"href":"https:\/\/www.casadainjecao.com.br\/loja\/wp-json\/wp\/v2\/media\/34035"}],"wp:attachment":[{"href":"https:\/\/www.casadainjecao.com.br\/loja\/wp-json\/wp\/v2\/media?parent=34005"}],"wp:term":[{"taxonomy":"product_cat","embeddable":true,"href":"https:\/\/www.casadainjecao.com.br\/loja\/wp-json\/wp\/v2\/product_cat?post=34005"},{"taxonomy":"product_tag","embeddable":true,"href":"https:\/\/www.casadainjecao.com.br\/loja\/wp-json\/wp\/v2\/product_tag?post=34005"},{"taxonomy":"berocket_brand","embeddable":true,"href":"https:\/\/www.casadainjecao.com.br\/loja\/wp-json\/wp\/v2\/berocket_brand?post=34005"}],"curies":[{"name":"wp","href":"https:\/\/api.w.org\/{rel}","templated":true}]}}