{"id":34058,"date":"2024-07-09T14:45:39","date_gmt":"2024-07-09T17:45:39","guid":{"rendered":"https:\/\/www.casadainjecao.com.br\/loja\/?post_type=product&#038;p=34058"},"modified":"2026-04-10T17:54:53","modified_gmt":"2026-04-10T20:54:53","slug":"kit-bico-injetor-hyundai-santa-fe-3531037150","status":"publish","type":"product","link":"https:\/\/www.casadainjecao.com.br\/loja\/autopecas\/injecao-eletronica\/bico-injetor\/kit-bico-injetor-hyundai-santa-fe-3531037150\/","title":{"rendered":"6 Bicos Injetores Santa F\u00e9 Tucson Kia Sportage 2.7 V6- 3531"},"content":{"rendered":"<h2>Torken do Brasil Refer\u00eancia em qualidade e Confian\u00e7a em Pe\u00e7as Automotivas<\/h2>\n<h2><strong>Jogo de Bicos Injetores de Combust\u00edvel\u00a0<\/strong><\/h2>\n<p><strong>APLICA\u00c7\u00c3O<\/strong><\/p>\n<p><strong>HYUNDAI<\/strong><br \/>\nSANTA F\u00c9 2.7 V6 (1999 2000 2001 2002 2003 2004 2005 2006 2007)<br \/>\nTUCSON 2.7 V6 (1999 2000 2001 2002 2003 2004 2005 2006 2007)<br \/>\nSONATA 2.7 V6 (2002 2003 2004 2005)<\/p>\n<p><strong>KIA<\/strong><br \/>\nSPORTAGE 2.7 V6 (2006 2007 2008 2009 2010)<br \/>\nOPTIMA 2.4 6C (2013 \u00a02024)<\/p>\n<p>ESPECIFICA\u00c7\u00d5ES T\u00c9CNICAS<\/p>\n<p>Marca: Torken<br \/>\nCondi\u00e7\u00e3o: Novo<br \/>\nModelo: Bico Injetor<br \/>\nConte\u00fado da embalagem: 6 unidades<\/p>\n<p>C\u00f3digos equivalentes:<br \/>\n3531037150<br \/>\n0250930004<\/p>\n<p>35310-37150<br \/>\n9260930004<br \/>\n10621<\/p>\n<p><strong>GARANTIA<\/strong><\/p>\n<p>3 meses de garantia contra defeitos de fabrica\u00e7\u00e3o<\/p>\n<p><strong>ATEN\u00c7\u00c3O<\/strong><\/p>\n<p>Verifique o c\u00f3digo da pe\u00e7a instalada no seu ve\u00edculo antes da compra<br \/>\nConfirme a compatibilidade com seu modelo<br \/>\nRecomendamos instala\u00e7\u00e3o por profissional especializado<\/p>\n<h3>ATEN\u00c7\u00c3O: Antes de efetuar a compra verifique o c\u00f3digo da sua pe\u00e7a que est\u00e1 instalada no seu ve\u00edculo.<\/h3>\n<p>A Casa da Inje\u00e7\u00e3o oferece total garantia nos produtos comprados em nosso site.<\/p>\n<p>Cada item \u00e9 rigorosamente testado antes do envio<\/p>\n<p>Se os itens estiverem danificados ou parcialmente defeituosos, entre em contato conosco.<\/p>\n<p>Procure um profissional devidamente licenciado para a instala\u00e7\u00e3o e fa\u00e7a revis\u00f5es periodicamente. A empresa n\u00e3o se responsabiliza por problemas oriundos da m\u00e1 instala\u00e7\u00e3o ou com a falta de cuidados peri\u00f3dicos dos componentes.<\/p>\n<p>Se houver qualquer defeito, n\u00f3s lhe enviaremos uma substitui\u00e7\u00e3o ap\u00f3s receber o pacote ou devolvemos seu dinheiro.<\/p>\n<p>Leia nossa\u00a0<a href=\"https:\/\/www.casadainjecao.com.br\/loja\/politica-de-devolucao\">pol\u00edtica de devolu\u00e7\u00e3o aqui<\/a><\/p>\n<p>\u2014\u2014\u2014\u2014\u2014\u2014\u2014\u2014\u2014\u2014\u2014\u2014\u2014\u2014\u2014\u2014\u2014\u2014\u2014\u2013<\/p>\n<p>Tem alguma d\u00favida?<\/p>\n<p>Entre em contato que podemos ajudar!<\/p>\n<p>Confira as informa\u00e7\u00f5es adicionais abaixo:<\/p>\n<p>Todos os nossos produtos s\u00e3o novos, semi-novos, originais e paralelos possuem garantia.<\/p>\n<p>Todos os produtos anunciados est\u00e3o dispon\u00edveis em estoque e s\u00e3o enviados com extrema rapidez.<\/p>\n<p>O frete pode ser simulado antes de efetuar a compra, basta clicar em \u201cver custos de envio\u201d.<\/p>\n<p>Verifique o endere\u00e7o de entrega cadastrado e atualize caso necess\u00e1rio.<\/p>\n<p>Confirme se a pe\u00e7a \u00e9 correta para o seu modelo de ve\u00edculo.<\/p>\n<p>Para pe\u00e7as automotivas, recomendamos a instala\u00e7\u00e3o por um profissional especializado.<\/p>\n<p>Caso possua outras d\u00favidas, entre em contato.<\/p>\n","protected":false},"excerpt":{"rendered":"<h2 data-store=\"product-name-247749763\">6 Bicos Injetores\u00a0 Santa F\u00e9 Tucson Sonata Kia Sportage 2.7 V6<\/h2>\n<h2 data-store=\"product-name-247749763\"><\/h2>\n<h2 class=\"js-product-name h2 h1-md \" data-store=\"product-name-247749763\"><\/h2>\n","protected":false},"featured_media":0,"template":"","meta":{"_seopress_robots_primary_cat":"none","_seopress_titles_title":"","_seopress_titles_desc":"","_seopress_robots_index":"","_joinchat":[]},"product_cat":[256,261,21,266],"product_tag":[292,1340],"berocket_brand":[386],"_links":{"self":[{"href":"https:\/\/www.casadainjecao.com.br\/loja\/wp-json\/wp\/v2\/product\/34058"}],"collection":[{"href":"https:\/\/www.casadainjecao.com.br\/loja\/wp-json\/wp\/v2\/product"}],"about":[{"href":"https:\/\/www.casadainjecao.com.br\/loja\/wp-json\/wp\/v2\/types\/product"}],"wp:attachment":[{"href":"https:\/\/www.casadainjecao.com.br\/loja\/wp-json\/wp\/v2\/media?parent=34058"}],"wp:term":[{"taxonomy":"product_cat","embeddable":true,"href":"https:\/\/www.casadainjecao.com.br\/loja\/wp-json\/wp\/v2\/product_cat?post=34058"},{"taxonomy":"product_tag","embeddable":true,"href":"https:\/\/www.casadainjecao.com.br\/loja\/wp-json\/wp\/v2\/product_tag?post=34058"},{"taxonomy":"berocket_brand","embeddable":true,"href":"https:\/\/www.casadainjecao.com.br\/loja\/wp-json\/wp\/v2\/berocket_brand?post=34058"}],"curies":[{"name":"wp","href":"https:\/\/api.w.org\/{rel}","templated":true}]}}