{"id":34103,"date":"2024-07-10T12:01:11","date_gmt":"2024-07-10T15:01:11","guid":{"rendered":"https:\/\/www.casadainjecao.com.br\/loja\/?post_type=product&#038;p=34103"},"modified":"2026-04-01T00:18:17","modified_gmt":"2026-04-01T03:18:17","slug":"bico-injetor-hyundai-santa-fe-3531004090","status":"publish","type":"product","link":"https:\/\/www.casadainjecao.com.br\/loja\/autopecas\/injecao-eletronica\/bico-injetor\/bico-injetor-hyundai-santa-fe-3531004090\/","title":{"rendered":"Bico Injetor Combustivel Hyundai HB20 Kia Picanto &#8211; 35"},"content":{"rendered":"<section class=\"text-token-text-primary w-full focus:outline-none [--shadow-height:45px] has-data-writing-block:pointer-events-none has-data-writing-block:-mt-(--shadow-height) has-data-writing-block:pt-(--shadow-height) [&amp;:has([data-writing-block])&gt;*]:pointer-events-auto scroll-mt-(--header-height)\" dir=\"auto\" data-turn-id=\"efcc35a4-2f2d-4550-aed1-202dee7fc908\" data-testid=\"conversation-turn-1\" data-scroll-anchor=\"false\" data-turn=\"user\"><\/section>\n<section class=\"text-token-text-primary w-full focus:outline-none [--shadow-height:45px] has-data-writing-block:pointer-events-none has-data-writing-block:-mt-(--shadow-height) has-data-writing-block:pt-(--shadow-height) [&amp;:has([data-writing-block])&gt;*]:pointer-events-auto scroll-mt-[calc(var(--header-height)+min(200px,max(70px,20svh)))]\" dir=\"auto\" data-turn-id=\"request-WEB:925b5549-e704-41b2-9343-8d7b3001361a-0\" data-testid=\"conversation-turn-2\" data-scroll-anchor=\"true\" data-turn=\"assistant\">\n<div class=\"text-base my-auto mx-auto pb-10 [--thread-content-margin:var(--thread-content-margin-xs,calc(var(--spacing)*4))] @w-sm\/main:[--thread-content-margin:var(--thread-content-margin-sm,calc(var(--spacing)*6))] @w-lg\/main:[--thread-content-margin:var(--thread-content-margin-lg,calc(var(--spacing)*16))] px-(--thread-content-margin)\">\n<div class=\"[--thread-content-max-width:40rem] @w-lg\/main:[--thread-content-max-width:48rem] mx-auto max-w-(--thread-content-max-width) flex-1 group\/turn-messages focus-visible:outline-hidden relative flex w-full min-w-0 flex-col agent-turn\">\n<div class=\"flex max-w-full flex-col gap-4 grow\">\n<div class=\"min-h-8 text-message relative flex w-full flex-col items-end gap-2 text-start break-words whitespace-normal outline-none keyboard-focused:focus-ring [.text-message+&amp;]:mt-1\" dir=\"auto\" tabindex=\"0\" data-message-author-role=\"assistant\" data-message-id=\"536b085c-3cad-4a00-a483-15c61ca44bef\" data-turn-start-message=\"true\" data-message-model-slug=\"gpt-5-3\">\n<div class=\"flex w-full flex-col gap-1 empty:hidden\">\n<div class=\"markdown prose dark:prose-invert w-full wrap-break-word dark markdown-new-styling\">\n<p data-start=\"0\" data-end=\"38\">BICO INJETORE \/ V\u00c1LVULA DE INJE\u00c7\u00c3O<\/p>\n<p data-start=\"40\" data-end=\"53\">APLICA\u00c7\u00d5ES:<\/p>\n<p data-start=\"55\" data-end=\"64\">HYUNDAI<\/p>\n<p data-start=\"66\" data-end=\"120\">HB20 1.0 12V FLEX 2012 2013 2014 2015 2016 2017 2018<\/p>\n<p data-start=\"122\" data-end=\"127\">KIA<\/p>\n<p data-start=\"129\" data-end=\"186\">PICANTO 1.0 12V FLEX 2012 2013 2014 2015 2016 2017 2018<\/p>\n<p data-start=\"188\" data-end=\"197\">C\u00d3DIGO:<\/p>\n<p data-start=\"199\" data-end=\"232\">3531004090, 35310-04090, 701052<\/p>\n<p data-start=\"234\" data-end=\"246\">CONDI\u00c7\u00d5ES:<\/p>\n<p data-start=\"248\" data-end=\"277\">PRODUTO NOVO \/ MARCA TORKEN<\/p>\n<p data-start=\"279\" data-end=\"290\">GARANTIA:<\/p>\n<p data-start=\"292\" data-end=\"301\">3 MESES<\/p>\n<p data-start=\"303\" data-end=\"501\">ATEN\u00c7\u00c3O:<br data-start=\"311\" data-end=\"314\" \/>ANTES DE EFETUAR A COMPRA, VERIFIQUE O C\u00d3DIGO DO BICO INJETOR QUE EST\u00c1 INSTALADO NO SEU VE\u00cdCULO. A PE\u00c7A SER\u00c1 COMPAT\u00cdVEL SE O C\u00d3DIGO DA PE\u00c7A DO AN\u00daNCIO FOR IGUAL AO DA PE\u00c7A DO SEU CARRO.<\/p>\n<p data-start=\"503\" data-end=\"532\" data-is-last-node=\"\" data-is-only-node=\"\">GARANTIA DO VENDEDOR: 3 MESES<\/p>\n<\/div>\n<\/div>\n<\/div>\n<\/div>\n<\/div>\n<\/div>\n<\/section>\n","protected":false},"excerpt":{"rendered":"<h2>Bico Injetor Combustivel Hyundai HB20 Kia Picanto &#8211; 353104090<\/h2>\n","protected":false},"featured_media":44850,"template":"","meta":{"_seopress_robots_primary_cat":"none","_seopress_titles_title":"","_seopress_titles_desc":"","_seopress_robots_index":"","_joinchat":[]},"product_cat":[256,261,21],"product_tag":[316,1827],"berocket_brand":[386,388],"_links":{"self":[{"href":"https:\/\/www.casadainjecao.com.br\/loja\/wp-json\/wp\/v2\/product\/34103"}],"collection":[{"href":"https:\/\/www.casadainjecao.com.br\/loja\/wp-json\/wp\/v2\/product"}],"about":[{"href":"https:\/\/www.casadainjecao.com.br\/loja\/wp-json\/wp\/v2\/types\/product"}],"wp:featuredmedia":[{"embeddable":true,"href":"https:\/\/www.casadainjecao.com.br\/loja\/wp-json\/wp\/v2\/media\/44850"}],"wp:attachment":[{"href":"https:\/\/www.casadainjecao.com.br\/loja\/wp-json\/wp\/v2\/media?parent=34103"}],"wp:term":[{"taxonomy":"product_cat","embeddable":true,"href":"https:\/\/www.casadainjecao.com.br\/loja\/wp-json\/wp\/v2\/product_cat?post=34103"},{"taxonomy":"product_tag","embeddable":true,"href":"https:\/\/www.casadainjecao.com.br\/loja\/wp-json\/wp\/v2\/product_tag?post=34103"},{"taxonomy":"berocket_brand","embeddable":true,"href":"https:\/\/www.casadainjecao.com.br\/loja\/wp-json\/wp\/v2\/berocket_brand?post=34103"}],"curies":[{"name":"wp","href":"https:\/\/api.w.org\/{rel}","templated":true}]}}