{"id":34308,"date":"2024-07-14T12:57:00","date_gmt":"2024-07-14T15:57:00","guid":{"rendered":"https:\/\/www.casadainjecao.com.br\/loja\/?post_type=product&#038;p=34308"},"modified":"2024-10-04T09:37:11","modified_gmt":"2024-10-04T12:37:11","slug":"bomba-dagua-kia-besta-bongo-carnival-md212","status":"publish","type":"product","link":"https:\/\/www.casadainjecao.com.br\/loja\/autopecas\/motor\/bomba-dagua\/bomba-dagua-kia-besta-bongo-carnival-md212\/","title":{"rendered":"Bomba D&#8217;agua Kia Besta Bongo Carnival &#8211; MD212"},"content":{"rendered":"<h2>Bomba D&#8217;agua Diesel<\/h2>\n<h2>Kia Besta Bongo Carnival<\/h2>\n<div class=\"short-description\">\n<div>BESTA 10P GS 1999<br \/>\nBESTA 12P GS 1998<br \/>\nBESTA 12P GS 1999<br \/>\nBESTA 12P GS 2000<br \/>\nBESTA 12P GS 2001<br \/>\nBESTA 12P GS 2002<br \/>\nBESTA GS GRAND 2000<br \/>\nBESTA GS GRAND 2001<br \/>\nBESTA GS GRAND 2002<br \/>\nK2700 DLX 1998<br \/>\nK2700 DLX 1999<br \/>\nK2700 DLX 2000<br \/>\nK2700 DLX 2001<br \/>\nK2700 DLX UB 2000<br \/>\nK2700 DLX UB 2001<br \/>\nK2700 DLX UB 2002<br \/>\nK2700 DLX UB 2003<br \/>\nK2700 DLX UB 2004<br \/>\nK2700 DLX UB 2005<br \/>\nK2700 DLX UB 2006<br \/>\nK2700 II 4X4 LB 2004<br \/>\nK2700 II 4X4 LB 2005<br \/>\nK2700 II 4X4 LB 2006<br \/>\nK2700 II 4X4 LB 2007<br \/>\nK2700 II 4X4 LB 2008<br \/>\nK2700 II 4X4 LB 2009<br \/>\nK2700 II 4X4 LB 2010<br \/>\nK2700 II 4X4 LB 2011<br \/>\nK2700 II 4X4 LB DC 2005<br \/>\nK2700 II 4X4 LB DC 2006<br \/>\nK2700 II 4X4 LB DC 2007<br \/>\nK2700 II 4X4 LB DC 2008<br \/>\nK2700 II 4X4 LB DC 2009<br \/>\nK2700 II 4X4 LB DC 2010<br \/>\nK2700 II 4X4 LB DC 2011<br \/>\nK2700 II HD BA 2007<br \/>\nK2700 II HD LB 2006<br \/>\nK2700 II HD LB 2007<br \/>\nK2700 II HD LB 2008<br \/>\nK2700 II LD UB 2006<br \/>\nK2700 II LD UB 2007<br \/>\nK2700 II LD UB 2008<br \/>\nK2700 STD 2000<br \/>\nK2700 STD 2001<br \/>\nK2700 STD 2002<br \/>\nK2700 STD 2003<br \/>\nK2700 STD 2004<br \/>\nK2700 STD 2005<br \/>\nK2700 STD 2006<\/div>\n<\/div>\n<h4>C\u00f3digo de Refer\u00eancia:<\/h4>\n<p>MD212<\/p>\n<h4>Condi\u00e7\u00f5es:<\/h4>\n<p>Produto Novo Original \/ Marca MD<\/p>\n<h4>Garantia:<\/h4>\n<p>3 Meses<\/p>\n<h3><span style=\"font-size: 13.5pt;\">ATEN\u00c7\u00c3O: Antes de efetuar a compra verifique o c\u00f3digo da sua pe\u00e7a que est\u00e1 instalada no seu ve\u00edculo.<\/span><\/h3>\n<h4><\/h4>\n<p>A Casa da Inje\u00e7\u00e3o oferece total garantia nos produtos comprados em nosso site.<\/p>\n<p>Cada item \u00e9 rigorosamente testado antes do envio<\/p>\n<p>Se os itens estiverem danificados ou parcialmente defeituosos, entre em contato conosco.<\/p>\n<p>Procure um profissional devidamente licenciado para a instala\u00e7\u00e3o e fa\u00e7a revis\u00f5es periodicamente. A empresa n\u00e3o se responsabiliza por problemas oriundos da m\u00e1 instala\u00e7\u00e3o ou com a falta de cuidados peri\u00f3dicos dos componentes.<\/p>\n<p>Se houver qualquer defeito, n\u00f3s lhe enviaremos uma substitui\u00e7\u00e3o ap\u00f3s receber o pacote ou devolvemos seu dinheiro.<\/p>\n<p>Leia nossa\u00a0<a href=\"https:\/\/www.casadainjecao.com.br\/loja\/politica-de-devolucao\"><span style=\"color: blue;\">pol\u00edtica de devolu\u00e7\u00e3o aqui<\/span><\/a><\/p>\n<p>\u2014\u2014\u2014\u2014\u2014\u2014\u2014\u2014\u2014\u2014\u2014\u2014\u2014\u2014\u2014\u2014\u2014\u2014\u2014\u2013<\/p>\n<p>Tem alguma d\u00favida?<\/p>\n<p>Entre em contato que podemos ajudar!<\/p>\n<p>Confira as informa\u00e7\u00f5es adicionais abaixo:<\/p>\n<p>Todos os nossos produtos s\u00e3o novos, semi-novos, originais e paralelos possuem garantia.<\/p>\n<p>Todos os produtos anunciados est\u00e3o dispon\u00edveis em estoque e s\u00e3o enviados com extrema rapidez.<\/p>\n<p>O frete pode ser simulado antes de efetuar a compra, basta clicar em \u201cver custos de envio\u201d.<\/p>\n<p>Verifique o endere\u00e7o de entrega cadastrado e atualize caso necess\u00e1rio.<\/p>\n<p>Confirme se a pe\u00e7a \u00e9 correta para o seu modelo de ve\u00edculo.<\/p>\n<p>Para pe\u00e7as automotivas, recomendamos a instala\u00e7\u00e3o por um profissional especializado.<\/p>\n<p>Caso possua outras d\u00favidas, entre em contato.<\/p>\n","protected":false},"excerpt":{"rendered":"<h2>Bomba D&#8217;agua Diesel Kia Besta Bongo Carnival &#8211; MD212<\/h2>\n","protected":false},"featured_media":34312,"template":"","meta":{"_seopress_robots_primary_cat":"none","_seopress_titles_title":"","_seopress_titles_desc":"","_seopress_robots_index":"","_joinchat":[]},"product_cat":[2161,22],"product_tag":[124,207,714],"berocket_brand":[388],"_links":{"self":[{"href":"https:\/\/www.casadainjecao.com.br\/loja\/wp-json\/wp\/v2\/product\/34308"}],"collection":[{"href":"https:\/\/www.casadainjecao.com.br\/loja\/wp-json\/wp\/v2\/product"}],"about":[{"href":"https:\/\/www.casadainjecao.com.br\/loja\/wp-json\/wp\/v2\/types\/product"}],"wp:featuredmedia":[{"embeddable":true,"href":"https:\/\/www.casadainjecao.com.br\/loja\/wp-json\/wp\/v2\/media\/34312"}],"wp:attachment":[{"href":"https:\/\/www.casadainjecao.com.br\/loja\/wp-json\/wp\/v2\/media?parent=34308"}],"wp:term":[{"taxonomy":"product_cat","embeddable":true,"href":"https:\/\/www.casadainjecao.com.br\/loja\/wp-json\/wp\/v2\/product_cat?post=34308"},{"taxonomy":"product_tag","embeddable":true,"href":"https:\/\/www.casadainjecao.com.br\/loja\/wp-json\/wp\/v2\/product_tag?post=34308"},{"taxonomy":"berocket_brand","embeddable":true,"href":"https:\/\/www.casadainjecao.com.br\/loja\/wp-json\/wp\/v2\/berocket_brand?post=34308"}],"curies":[{"name":"wp","href":"https:\/\/api.w.org\/{rel}","templated":true}]}}