{"id":34405,"date":"2024-07-16T16:13:44","date_gmt":"2024-07-16T19:13:44","guid":{"rendered":"https:\/\/www.casadainjecao.com.br\/loja\/?post_type=product&#038;p=34405"},"modified":"2026-04-09T15:32:41","modified_gmt":"2026-04-09T18:32:41","slug":"helice-radiador-iveco-daily-49-e-12-2-8d-93813264","status":"publish","type":"product","link":"https:\/\/www.casadainjecao.com.br\/loja\/autopecas\/motor\/ventoinha-motor\/helice-radiador-iveco-daily-49-e-12-2-8d-93813264\/","title":{"rendered":"H\u00e9lice Radiador Iveco Daily 49 Mk2 Mt 2.8D (7 Pas) Original"},"content":{"rendered":"<h2 class=\"ui-pdp-title\">H\u00e9lice Radiador Iveco Daily 49 E 12 Mk2 Mt 2.8 D= H\u00e9lice Radiador Iveco Daily 49 E 12 2.8d 7 Pas\u00a0 Original<\/h2>\n<p>APLICA\u00c7\u00c3O:<br \/>\nIveco Daily MK2 1989 a 1999 MT 2.8 D<\/p>\n<p>&#8211; Condi\u00e7\u00e3o do item: Novo<br \/>\n&#8211; Modelo: H\u00e9lice Radiador<br \/>\n&#8211; C\u00f3digo de Refer\u00eancia: &#8211; 93813264<\/p>\n<p>Especifica\u00e7\u00f5es T\u00e9cnicas:<br \/>\nTipo: H\u00e9lice da ventoinha do radiador<\/p>\n<p>C\u00f3digo Original: 93813264<\/p>\n<p>Fixa\u00e7\u00e3o: 3 furos<\/p>\n<p>N\u00famero de p\u00e1s: 7<\/p>\n<p>Material: Pl\u00e1stico t\u00e9cnico de alta resist\u00eancia t\u00e9rmica<\/p>\n<p>ATEN\u00c7\u00c3O<br \/>\n* IMPORTANTE confirmar a numera\u00e7\u00e3o antes da compra, e se a mesma bate com o C\u00d3DIGO ORIG do carro. C\u00f3digo igual pe\u00e7a correta, caso seja diferente entre em contato conosco para confirma\u00e7\u00e3o do mesmo e para tirar suas duvidas.<\/p>\n<h4>Garantia:<\/h4>\n<p>3 meses<\/p>\n<p>A Casa da Inje\u00e7\u00e3o oferece total garantia nos produtos comprados em nosso site.<\/p>\n<ol>\n<li>Cada item \u00e9 rigorosamente testado antes do envio<\/li>\n<li>Se os itens estiverem danificados ou parcialmente defeituosos, entre em contato conosco.<\/li>\n<\/ol>\n<p>Se houver qualquer defeito, n\u00f3s lhe enviaremos uma substitui\u00e7\u00e3o ap\u00f3s receber o pacote ou devolvemos seu dinheiro.<\/p>\n<p>Leia nossa <a href=\"https:\/\/www.casadainjecao.com.br\/loja\/politica-de-devolucao\">pol\u00edtica de devolu\u00e7\u00e3o aqui<\/a><\/p>\n<p>\u2014\u2014\u2014\u2014\u2014\u2014\u2014\u2014\u2014\u2014\u2014\u2014\u2014\u2014\u2014\u2014\u2014\u2014\u2014\u2013<\/p>\n<p>Tem alguma d\u00favida?<\/p>\n<p>Entre em contato que podemos ajudar!<\/p>\n<p>Confira as informa\u00e7\u00f5es adicionais abaixo:<\/p>\n<ul>\n<li>Todos os nossos produtos s\u00e3o novos, semi-novos, originais e paralelos possuem garantia.<\/li>\n<li>Todos os produtos anunciados est\u00e3o dispon\u00edveis em estoque e s\u00e3o enviados com extrema rapidez.<\/li>\n<li>O frete pode ser simulado antes de efetuar a compra, basta clicar em \u201cver custos de envio\u201d.<\/li>\n<li>Verifique o endere\u00e7o de entrega cadastrado e atualize caso necess\u00e1rio.<\/li>\n<li>Confirme se a pe\u00e7a \u00e9 correta para o seu modelo de ve\u00edculo.<\/li>\n<li>Para pe\u00e7as automotivas, recomendamos a instala\u00e7\u00e3o por um profissional especializado.<\/li>\n<\/ul>\n<p>Caso possua outras d\u00favidas, entre em contato.<\/p>\n<p>&nbsp;<\/p>\n","protected":false},"excerpt":{"rendered":"<h2 class=\"ui-pdp-title\">H\u00e9lice Radiador Iveco Daily MK2 2.8 Diesel \u2013 3 Furos \/ 7 P\u00e1s \u2013 C\u00f3d. 93813264<\/h2>\n","protected":false},"featured_media":41212,"template":"","meta":{"_seopress_robots_primary_cat":"none","_seopress_titles_title":"","_seopress_titles_desc":"","_seopress_robots_index":"","_joinchat":[]},"product_cat":[16,1393,71,22,82,253],"product_tag":[1867],"berocket_brand":[1143],"_links":{"self":[{"href":"https:\/\/www.casadainjecao.com.br\/loja\/wp-json\/wp\/v2\/product\/34405"}],"collection":[{"href":"https:\/\/www.casadainjecao.com.br\/loja\/wp-json\/wp\/v2\/product"}],"about":[{"href":"https:\/\/www.casadainjecao.com.br\/loja\/wp-json\/wp\/v2\/types\/product"}],"wp:featuredmedia":[{"embeddable":true,"href":"https:\/\/www.casadainjecao.com.br\/loja\/wp-json\/wp\/v2\/media\/41212"}],"wp:attachment":[{"href":"https:\/\/www.casadainjecao.com.br\/loja\/wp-json\/wp\/v2\/media?parent=34405"}],"wp:term":[{"taxonomy":"product_cat","embeddable":true,"href":"https:\/\/www.casadainjecao.com.br\/loja\/wp-json\/wp\/v2\/product_cat?post=34405"},{"taxonomy":"product_tag","embeddable":true,"href":"https:\/\/www.casadainjecao.com.br\/loja\/wp-json\/wp\/v2\/product_tag?post=34405"},{"taxonomy":"berocket_brand","embeddable":true,"href":"https:\/\/www.casadainjecao.com.br\/loja\/wp-json\/wp\/v2\/berocket_brand?post=34405"}],"curies":[{"name":"wp","href":"https:\/\/api.w.org\/{rel}","templated":true}]}}