{"id":34856,"date":"2024-07-27T12:35:50","date_gmt":"2024-07-27T15:35:50","guid":{"rendered":"https:\/\/www.casadainjecao.com.br\/loja\/?post_type=product&#038;p=34856"},"modified":"2026-04-28T15:37:09","modified_gmt":"2026-04-28T18:37:09","slug":"tampa-bomba-modulo-de-combustivel-fiat-doblo-linea-8641003","status":"publish","type":"product","link":"https:\/\/www.casadainjecao.com.br\/loja\/autopecas\/injecao-eletronica\/bomba-de-combustivel\/tampa-bomba-modulo-de-combustivel-fiat-doblo-linea-8641003\/","title":{"rendered":"Tampa Bomba Modulo de Combustivel Fiat Doblo Linea &#8211; 8"},"content":{"rendered":"<h2>Tampa Bomba Modulo de Combustivel Original<\/h2>\n<h3>FIAT<\/h3>\n<p>Fiat 500 (2010 &#8211; 2018)<\/p>\n<p>Fiat\u00a0BRAVO (2011 &#8211; 2015)<\/p>\n<p>Fiat\u00a0BRAVO FASE 1 (2016 &#8211; 2016)<\/p>\n<p>Fiat\u00a0DOBL\u00d2 (2002-2009)<\/p>\n<p>Fiat DOBL\u00d2 FASE 1 (2010-2021)<\/p>\n<p>Fiat\u00a0LINEA (2009-2014)<\/p>\n<p>Fiat LINEA FASE 1 (2015-2016)<\/p>\n<p>Fiat\u00a0PUNTO (2008-2012)<\/p>\n<p>Fiat\u00a0PUNTO FASE 1 (2013-2017)<\/p>\n<p>Fiat\u00a0STILO (2003-2007)<\/p>\n<p>Fiat\u00a0STILO FASE 1 (2008-2011)<\/p>\n<h3>C\u00f3digo de Refer\u00eancia:<\/h3>\n<p>8641003<\/p>\n<p><strong>Condi\u00e7\u00f5es:<\/strong><\/p>\n<p>Produto Novo Original \/ Marca Torken<\/p>\n<p><strong>Garantia:<\/strong><\/p>\n<p>3 Meses<\/p>\n<h3><strong>ATEN\u00c7\u00c3O: Antes de efetuar a compra verifique o c\u00f3digo da sua pe\u00e7a que est\u00e1 instalada no seu ve\u00edculo.<\/strong><\/h3>\n<p>&nbsp;<\/p>\n<p>A Casa da Inje\u00e7\u00e3o oferece total garantia nos produtos comprados em nosso site.<\/p>\n<ol>\n<li>Cada item \u00e9 rigorosamente testado antes do envio<\/li>\n<li>Se os itens estiverem danificados ou parcialmente defeituosos, entre em contato conosco.<\/li>\n<li>Procure um profissional devidamente licenciado para a instala\u00e7\u00e3o e fa\u00e7a revis\u00f5es periodicamente. A empresa n\u00e3o se responsabiliza por problemas oriundos da m\u00e1 instala\u00e7\u00e3o ou com a falta de cuidados peri\u00f3dicos dos componentes.<\/li>\n<\/ol>\n<p>Se houver qualquer defeito, n\u00f3s lhe enviaremos uma substitui\u00e7\u00e3o ap\u00f3s receber o pacote ou devolvemos seu dinheiro.<\/p>\n<p>Leia nossa\u00a0<a href=\"https:\/\/www.casadainjecao.com.br\/loja\/politica-de-devolucao\">pol\u00edtica de devolu\u00e7\u00e3o aqui<\/a><\/p>\n<p>\u2014\u2014\u2014\u2014\u2014\u2014\u2014\u2014\u2014\u2014\u2014\u2014\u2014\u2014\u2014\u2014\u2014\u2014\u2014\u2013<\/p>\n<p><strong>Tem alguma d\u00favida?<\/strong><\/p>\n<p>Entre em contato que podemos ajudar!<\/p>\n<p>Confira as informa\u00e7\u00f5es adicionais abaixo:<\/p>\n<ul>\n<li>Todos os nossos produtos s\u00e3o novos, semi-novos, originais e paralelos possuem garantia.<\/li>\n<li>Todos os produtos anunciados est\u00e3o dispon\u00edveis em estoque e s\u00e3o enviados com extrema rapidez.<\/li>\n<li>O frete pode ser simulado antes de efetuar a compra, basta clicar em \u201cver custos de envio\u201d.<\/li>\n<li>Verifique o endere\u00e7o de entrega cadastrado e atualize caso necess\u00e1rio.<\/li>\n<li>Confirme se a pe\u00e7a \u00e9 correta para o seu modelo de ve\u00edculo.<\/li>\n<li>Para pe\u00e7as automotivas, recomendamos a instala\u00e7\u00e3o por um profissional especializado.<\/li>\n<li>Caso possua outras d\u00favidas, entre em contato.<\/li>\n<\/ul>\n","protected":false},"excerpt":{"rendered":"<h2>Tampa Bomba Modulo de Combustivel Fiat Doblo Linea &#8211; 8641003<\/h2>\n","protected":false},"featured_media":34861,"template":"","meta":{"_seopress_robots_primary_cat":"none","_seopress_titles_title":"","_seopress_titles_desc":"","_seopress_robots_index":"","_kad_blocks_custom_css":"","_kad_blocks_head_custom_js":"","_kad_blocks_body_custom_js":"","_kad_blocks_footer_custom_js":"","_joinchat":[]},"product_cat":[1514,257,17,21],"product_tag":[2182,1489,247,1100,108,1613],"berocket_brand":[383],"taxonomy_info":{"product_cat":[{"value":1514,"label":"Bomba Combustibel"},{"value":257,"label":"Bomba de Combustivel"},{"value":17,"label":"El\u00e9trica"},{"value":21,"label":"Inje\u00e7\u00e3o Eletr\u00f4nica"}],"product_tag":[{"value":2182,"label":"500"},{"value":1489,"label":"Bravo"},{"value":247,"label":"Doblo"},{"value":1100,"label":"Linea"},{"value":108,"label":"Punto"},{"value":1613,"label":"Stilo"}],"berocket_brand":[{"value":383,"label":"Fiat"}]},"featured_image_src_large":["https:\/\/www.casadainjecao.com.br\/loja\/wp-content\/uploads\/2024\/07\/Tampa-Bomba-Modulo-de-Combustivel-Fiat-Doblo-Linea-original-8641003-920x920.jpg",640,640,true],"author_info":[],"comment_info":"","_links":{"self":[{"href":"https:\/\/www.casadainjecao.com.br\/loja\/wp-json\/wp\/v2\/product\/34856"}],"collection":[{"href":"https:\/\/www.casadainjecao.com.br\/loja\/wp-json\/wp\/v2\/product"}],"about":[{"href":"https:\/\/www.casadainjecao.com.br\/loja\/wp-json\/wp\/v2\/types\/product"}],"wp:featuredmedia":[{"embeddable":true,"href":"https:\/\/www.casadainjecao.com.br\/loja\/wp-json\/wp\/v2\/media\/34861"}],"wp:attachment":[{"href":"https:\/\/www.casadainjecao.com.br\/loja\/wp-json\/wp\/v2\/media?parent=34856"}],"wp:term":[{"taxonomy":"product_cat","embeddable":true,"href":"https:\/\/www.casadainjecao.com.br\/loja\/wp-json\/wp\/v2\/product_cat?post=34856"},{"taxonomy":"product_tag","embeddable":true,"href":"https:\/\/www.casadainjecao.com.br\/loja\/wp-json\/wp\/v2\/product_tag?post=34856"},{"taxonomy":"berocket_brand","embeddable":true,"href":"https:\/\/www.casadainjecao.com.br\/loja\/wp-json\/wp\/v2\/berocket_brand?post=34856"}],"curies":[{"name":"wp","href":"https:\/\/api.w.org\/{rel}","templated":true}]}}