{"id":34905,"date":"2024-07-29T07:47:30","date_gmt":"2024-07-29T10:47:30","guid":{"rendered":"https:\/\/www.casadainjecao.com.br\/loja\/?post_type=product&#038;p=34905"},"modified":"2024-10-08T08:27:19","modified_gmt":"2024-10-08T11:27:19","slug":"bomba-motor-esguicho-limpador-parabrisa-honda-fit-ew08","status":"publish","type":"product","link":"https:\/\/www.casadainjecao.com.br\/loja\/autopecas\/eletrica\/motor-do-limpador\/bomba-motor-esguicho-limpador-parabrisa-honda-fit-ew08\/","title":{"rendered":"Bomba Motor Esguicho Limpador Parabrisa Honda Fit &#8211; Ew"},"content":{"rendered":"<h2 class=\"ui-pdp-title\">Bomba Motor Esguicho Limpador Parabrisa 12V<\/h2>\n<p><strong>HONDA<\/strong><\/p>\n<p>Honda CRV 2009 a 2014<\/p>\n<p>Honda New Fit 2009 a 2014<\/p>\n<p><strong>MITSUBISHI<\/strong><\/p>\n<p>Mitsubishi ASX 2014 a 2019<\/p>\n<p>Mitsubishi Oulander 2014 a 2019<\/p>\n<p><strong>NISSAN<\/strong><\/p>\n<p>Nissan Frontier 2.5 LE Attack 2012 em diante<\/p>\n<h4 class=\"ui-pdp-title\">C\u00f3digo de Refer\u00eancia:<\/h4>\n<p class=\"ui-pdp-title\">EW08, 8260A217, 2224655A, 76806smaa01, 76806-sma-j01<\/p>\n<p><strong>Condi\u00e7\u00f5es:<\/strong><\/p>\n<p>Novo Original \/ Marca Mitsuba<\/p>\n<p><strong>Garantia:<\/strong><\/p>\n<p>3 Meses<\/p>\n<h3 class=\"ui-pdp-description__content\">ATEN\u00c7\u00c3O: Antes de efetuar a compra verifique o c\u00f3digo da pe\u00e7a que est\u00e1 instalada no seu ve\u00edculo.<\/h3>\n<h4><strong>O que \u00e9 e para que serve Bomba Motor Limpador Parabrisa?<\/strong><\/h4>\n<p>O Motor limpador de parabrisa \u00e9 a pe\u00e7a fundamental para garantir o funcionamento e o acionamento dos limpadores, dessa forma ele impulsiona as hastes e suas palhetas em movimentos para eliminar o excesso de \u00e1gua e sujeiras que prejudiquem a visibilidade do motorista do ve\u00edculo.<\/p>\n<p>&nbsp;<\/p>\n<ol>\n<li>Cada item \u00e9 rigorosamente testado antes do envio<\/li>\n<li>Se os itens estiverem danificados ou parcialmente defeituosos, entre em contato conosco.<\/li>\n<\/ol>\n<p>Se houver qualquer defeito, n\u00f3s lhe enviaremos uma substitui\u00e7\u00e3o ap\u00f3s receber o pacote ou devolvemos seu dinheiro.<\/p>\n<p>Leia nossa<span style=\"color: #ff0000;\"> <a style=\"color: #ff0000;\" href=\"https:\/\/www.casadainjecao.com.br\/loja\/politica-de-devolucao\">pol\u00edtica de devolu\u00e7\u00e3o aqui<\/a><\/span><\/p>\n<p>&#8212;&#8212;&#8212;&#8212;&#8212;&#8212;&#8212;&#8212;&#8212;&#8212;&#8212;&#8212;&#8212;&#8212;&#8212;&#8212;&#8212;&#8212;&#8212;&#8211;<\/p>\n<p><strong>ATEN\u00c7\u00c3O<\/strong>: Antes de efetuar a compra verifique o c\u00f3digo da sua pe\u00e7a que est\u00e1 instalado no seu ve\u00edculo.<\/p>\n<p><strong>Tem alguma d\u00favida?<\/strong><\/p>\n<p>Entre em contato que podemos ajudar!<\/p>\n<p>Confira as informa\u00e7\u00f5es adicionais abaixo:<\/p>\n<ul>\n<li>Todos os nossos produtos s\u00e3o novos, originais e possuem garantia.<\/li>\n<li>Todos os produtos anunciados est\u00e3o dispon\u00edveis em estoque e s\u00e3o enviados com extrema rapidez.<\/li>\n<li>O frete pode ser simulado antes de efetuar a compra, basta clicar em \u201cver custos de envio\u201d.<\/li>\n<li>Verifique o endere\u00e7o de entrega cadastrado e atualize caso necess\u00e1rio.<\/li>\n<li>Confirme se a pe\u00e7a \u00e9 correta para o seu modelo de ve\u00edculo.<\/li>\n<li>Para pe\u00e7as automotivas, recomendamos a instala\u00e7\u00e3o por um profissional especializado.<\/li>\n<\/ul>\n<p>Caso possua outras d\u00favidas, entre em contato.<\/p>\n","protected":false},"excerpt":{"rendered":"<h2>Bomba Motor Esguicho Limpador Parabrisa Honda Fit &#8211; Ew08<\/h2>\n","protected":false},"featured_media":34911,"template":"","meta":{"_seopress_robots_primary_cat":"none","_seopress_titles_title":"","_seopress_titles_desc":"","_seopress_robots_index":"","_kad_blocks_custom_css":"","_kad_blocks_head_custom_js":"","_kad_blocks_body_custom_js":"","_kad_blocks_footer_custom_js":"","_joinchat":[]},"product_cat":[17,149],"product_tag":[1629,1664,2185,1763,1172,1928],"berocket_brand":[385,391,392],"taxonomy_info":{"product_cat":[{"value":17,"label":"El\u00e9trica"},{"value":149,"label":"Motor do Limpador"}],"product_tag":[{"value":1629,"label":"ASX"},{"value":1664,"label":"CRV"},{"value":2185,"label":"Frontier Attack"},{"value":1763,"label":"New Fit"},{"value":1172,"label":"Nissan March"},{"value":1928,"label":"Outlander"}],"berocket_brand":[{"value":385,"label":"Honda"},{"value":391,"label":"Mitsubishi"},{"value":392,"label":"Nissan"}]},"featured_image_src_large":["https:\/\/www.casadainjecao.com.br\/loja\/wp-content\/uploads\/2024\/07\/Bomba-Motor-Esguicho-Limpador-Parabrisa-Honda-Fit-Ew08-920x920.jpg",640,640,true],"author_info":[],"comment_info":"","_links":{"self":[{"href":"https:\/\/www.casadainjecao.com.br\/loja\/wp-json\/wp\/v2\/product\/34905"}],"collection":[{"href":"https:\/\/www.casadainjecao.com.br\/loja\/wp-json\/wp\/v2\/product"}],"about":[{"href":"https:\/\/www.casadainjecao.com.br\/loja\/wp-json\/wp\/v2\/types\/product"}],"wp:featuredmedia":[{"embeddable":true,"href":"https:\/\/www.casadainjecao.com.br\/loja\/wp-json\/wp\/v2\/media\/34911"}],"wp:attachment":[{"href":"https:\/\/www.casadainjecao.com.br\/loja\/wp-json\/wp\/v2\/media?parent=34905"}],"wp:term":[{"taxonomy":"product_cat","embeddable":true,"href":"https:\/\/www.casadainjecao.com.br\/loja\/wp-json\/wp\/v2\/product_cat?post=34905"},{"taxonomy":"product_tag","embeddable":true,"href":"https:\/\/www.casadainjecao.com.br\/loja\/wp-json\/wp\/v2\/product_tag?post=34905"},{"taxonomy":"berocket_brand","embeddable":true,"href":"https:\/\/www.casadainjecao.com.br\/loja\/wp-json\/wp\/v2\/berocket_brand?post=34905"}],"curies":[{"name":"wp","href":"https:\/\/api.w.org\/{rel}","templated":true}]}}