{"id":35124,"date":"2024-07-31T14:25:32","date_gmt":"2024-07-31T17:25:32","guid":{"rendered":"https:\/\/www.casadainjecao.com.br\/loja\/?post_type=product&#038;p=35124"},"modified":"2024-12-10T11:01:04","modified_gmt":"2024-12-10T14:01:04","slug":"motor-de-passo-renaul-clio-megane-scenic-b28-00","status":"publish","type":"product","link":"https:\/\/www.casadainjecao.com.br\/loja\/autopecas\/injecao-eletronica\/motor-de-passo\/motor-de-passo-renaul-clio-megane-scenic-b28-00\/","title":{"rendered":"Motor de Passo Renault Clio Megane  Scenic &#8211; B28\/00"},"content":{"rendered":"<h1>Motor de Passo Magneti Marelli Original c\/ Detalhes<\/h1>\n<p><strong>RENAULT<\/strong><\/p>\n<p>Renault\u00a0Clio 1.6 16v<\/p>\n<p>Renault\u00a0Megane 2.0 16v motor k4m<\/p>\n<p>Renault\u00a0Sc\u00e9nic 1.6 2.0 16v<\/p>\n<h4>C\u00f3digo de Refer\u00eancia:<\/h4>\n<p>B28\/00, 40480202<\/p>\n<h4><strong>Condi\u00e7\u00f5es:<\/strong><\/h4>\n<p>Produto Novo Original \/ Marca Magnet Marelli<\/p>\n<h4><strong>Garantia:<\/strong><\/h4>\n<p>3 Meses<\/p>\n<h3><strong>ATEN\u00c7\u00c3O: Antes de efetuar a compra verifique o c\u00f3digo da sua pe\u00e7a que est\u00e1 instalada\u00a0 no seu ve\u00edculo.<\/strong><\/h3>\n<h5><\/h5>\n<h5><strong>A Casa da Inje\u00e7\u00e3o oferece total garantia nos produtos comprados em nosso site.<\/strong><\/h5>\n<h5><strong>Cada item \u00e9 rigorosamente testado antes do envio<\/strong><\/h5>\n<h5><strong>Se os itens estiverem danificados ou parcialmente defeituosos, entre em contato conosco.<\/strong><\/h5>\n<h5><strong>Procure um profissional devidamente licenciado para a instala\u00e7\u00e3o e fa\u00e7a revis\u00f5es periodicamente. A empresa n\u00e3o se responsabiliza por problemas oriundos da m\u00e1 instala\u00e7\u00e3o ou com a falta de cuidados peri\u00f3dicos dos componentes.<\/strong><\/h5>\n<h5><strong>Se houver qualquer defeito, n\u00f3s lhe enviaremos uma substitui\u00e7\u00e3o ap\u00f3s receber o pacote ou devolvemos seu dinheiro.<\/strong><\/h5>\n<h5><strong>Leia nossa\u00a0<a href=\"https:\/\/www.casadainjecao.com.br\/loja\/politica-de-devolucao\">pol\u00edtica de devolu\u00e7\u00e3o aqui<\/a><\/strong><\/h5>\n<h5><strong>\u2014\u2014\u2014\u2014\u2014\u2014\u2014\u2014\u2014\u2014\u2014\u2014\u2014\u2014\u2014\u2014\u2014\u2014\u2014\u2013<\/strong><\/h5>\n<h5><strong>Tem alguma d\u00favida?<\/strong><\/h5>\n<h5><strong>Entre em contato que podemos ajudar!<\/strong><\/h5>\n<h5><strong>Confira as informa\u00e7\u00f5es adicionais abaixo:<\/strong><\/h5>\n<h5><strong>Todos os nossos produtos s\u00e3o novos, semi-novos, originais e paralelos possuem garantia.<\/strong><\/h5>\n<h5><strong>Todos os produtos anunciados est\u00e3o dispon\u00edveis em estoque e s\u00e3o enviados com extrema rapidez.<\/strong><\/h5>\n<h5><strong>O frete pode ser simulado antes de efetuar a compra, basta clicar em \u201cver custos de envio\u201d.<\/strong><\/h5>\n<h5><strong>Verifique o endere\u00e7o de entrega cadastrado e atualize caso necess\u00e1rio.<\/strong><\/h5>\n<h5><strong>Confirme se a pe\u00e7a \u00e9 correta para o seu modelo de ve\u00edculo.<\/strong><\/h5>\n<h5><strong>Para pe\u00e7as automotivas, recomendamos a instala\u00e7\u00e3o por um profissional especializado.<\/strong><\/h5>\n<h5><strong>Caso possua outras d\u00favidas, entre em contato.<\/strong><\/h5>\n","protected":false},"excerpt":{"rendered":"<h2>Motor de Passo Renaul Clio Megane Scenic &#8211; B28\/00<\/h2>\n","protected":false},"featured_media":35130,"template":"","meta":{"_seopress_robots_primary_cat":"none","_seopress_titles_title":"","_seopress_titles_desc":"","_seopress_robots_index":"","_kad_blocks_custom_css":"","_kad_blocks_head_custom_js":"","_kad_blocks_body_custom_js":"","_kad_blocks_footer_custom_js":"","_joinchat":[]},"product_cat":[21,265],"product_tag":[49,50,51],"berocket_brand":[394],"taxonomy_info":{"product_cat":[{"value":21,"label":"Inje\u00e7\u00e3o Eletr\u00f4nica"},{"value":265,"label":"Motor de Passo"}],"product_tag":[{"value":49,"label":"Clio"},{"value":50,"label":"Megane"},{"value":51,"label":"Scenic"}],"berocket_brand":[{"value":394,"label":"Renault"}]},"featured_image_src_large":["https:\/\/www.casadainjecao.com.br\/loja\/wp-content\/uploads\/2024\/07\/motor-de-passo-renault-clio-megane-b28-00-920x920.jpg",640,640,true],"author_info":[],"comment_info":"","_links":{"self":[{"href":"https:\/\/www.casadainjecao.com.br\/loja\/wp-json\/wp\/v2\/product\/35124"}],"collection":[{"href":"https:\/\/www.casadainjecao.com.br\/loja\/wp-json\/wp\/v2\/product"}],"about":[{"href":"https:\/\/www.casadainjecao.com.br\/loja\/wp-json\/wp\/v2\/types\/product"}],"wp:featuredmedia":[{"embeddable":true,"href":"https:\/\/www.casadainjecao.com.br\/loja\/wp-json\/wp\/v2\/media\/35130"}],"wp:attachment":[{"href":"https:\/\/www.casadainjecao.com.br\/loja\/wp-json\/wp\/v2\/media?parent=35124"}],"wp:term":[{"taxonomy":"product_cat","embeddable":true,"href":"https:\/\/www.casadainjecao.com.br\/loja\/wp-json\/wp\/v2\/product_cat?post=35124"},{"taxonomy":"product_tag","embeddable":true,"href":"https:\/\/www.casadainjecao.com.br\/loja\/wp-json\/wp\/v2\/product_tag?post=35124"},{"taxonomy":"berocket_brand","embeddable":true,"href":"https:\/\/www.casadainjecao.com.br\/loja\/wp-json\/wp\/v2\/berocket_brand?post=35124"}],"curies":[{"name":"wp","href":"https:\/\/api.w.org\/{rel}","templated":true}]}}